{"id":3916,"date":"2025-12-10T17:55:43","date_gmt":"2025-12-10T15:55:43","guid":{"rendered":"https:\/\/oodima.be\/?post_type=product&#038;p=3916"},"modified":"2025-12-10T18:15:21","modified_gmt":"2025-12-10T16:15:21","slug":"geschenkset-lichaam-500-ml-handen-250-ml-copie","status":"publish","type":"product","link":"https:\/\/oodima.be\/nl\/produit\/geschenkset-lichaam-500-ml-handen-250-ml-copie\/","title":{"rendered":"Geschenkset &#8211; Lichaam 500 ml + Handen 250 ml (Copie)"},"content":{"rendered":"<p><strong>Een ontdekkingsdoos om cadeau te geven<\/strong><\/p>\n<p>Stel je geschenkpakket samen door te kiezen uit onze authentieke geuren: <strong>Pepermunt &#8211; Citroen, Sinaasappel &#8211; Kaneel &#8211; Kruidnagel, Geranium &#8211; Ylang-Ylang, Lavendel<\/strong> of <strong>Geurvrij<\/strong>. Een uniek cadeau om een moment van zachtheid en natuurlijke verzorging te geven (of om jezelf mee te verwennen)! <\/p>\n<p>&nbsp;<\/p>\n","protected":false},"excerpt":{"rendered":"<p>Ingredi\u00ebnten handzeep: Aqua, kaliumzonnebloemzaad (hybride)**, kaliumcocosaat**, kalium castorate**, kaliumhennepzaad**, mineraalzout, glycerine**, cocoglucoside, citroenzuur, geperste schilolie van citrus sinensis*, pelargonium graveolens olie*, cananga odorata bloemolie*. Bevat citronellol***, geraniol***, linalool***, limoneen***. <\/p>\n<p>Ingredi\u00ebnten Lichaamszeep: Aqua, kaliumzonnebloemzaad (hybride)**, kaliumcocosaat**, kalium castorate**, kaliumhennepzaad**, mineraalzout, glycerine**, cocoglucoside, citroenzuur, citrus sinensisschilolie uitgedrukt*, eugenia caryophyllus kruidnagelolie*, cinnamomum zeylanicumbladolie*. Bevat limoneen*** en eugenol***. <\/p>\n<p>* Ingredi\u00ebnten van biologische landbouw.<br \/>\n** Bewerkt met biologische ingredi\u00ebnten.<br \/>\n*** Van nature aanwezig in essenti\u00eble oli\u00ebn.<\/p>\n","protected":false},"featured_media":4013,"comment_status":"open","ping_status":"closed","template":"","meta":[],"product_brand":[],"product_cat":[65,57],"product_tag":[],"class_list":{"0":"post-3916","1":"product","2":"type-product","3":"status-publish","4":"has-post-thumbnail","6":"product_cat-duo-verpakkingen","7":"product_cat-kerstcadeau","9":"first","10":"instock","11":"taxable","12":"shipping-taxable","13":"purchasable","14":"product-type-simple"},"yoast_head":"<!-- This site is optimized with the Yoast SEO Premium plugin v27.2 (Yoast SEO v27.3) - https:\/\/yoast.com\/product\/yoast-seo-premium-wordpress\/ -->\n<title>Oodima - Geschenkset - Lichaam 500 ml + Handen 250 ml (Copie)<\/title>\n<meta name=\"description\" content=\"Ons essenti\u00eble cadeaupakket. De perfecte manier om jezelf en de planeet tegelijkertijd te verwennen. \ud83c\udf0d\ud83c\udf81\" \/>\n<meta name=\"robots\" content=\"index, follow, max-snippet:-1, max-image-preview:large, max-video-preview:-1\" \/>\n<link rel=\"canonical\" href=\"https:\/\/oodima.be\/nl\/produit\/geschenkset-lichaam-500-ml-handen-250-ml-copie\/\" \/>\n<meta property=\"og:locale\" content=\"nl_NL\" \/>\n<meta property=\"og:type\" content=\"article\" \/>\n<meta property=\"og:title\" content=\"Geschenkset - Lichaam 500 ml + Handen 250 ml (Copie)\" \/>\n<meta property=\"og:description\" content=\"Ons essenti\u00eble cadeaupakket. De perfecte manier om jezelf en de planeet tegelijkertijd te verwennen. \ud83c\udf0d\ud83c\udf81\" \/>\n<meta property=\"og:url\" content=\"https:\/\/oodima.be\/nl\/produit\/geschenkset-lichaam-500-ml-handen-250-ml-copie\/\" \/>\n<meta property=\"og:site_name\" content=\"Oodima\" \/>\n<meta property=\"article:publisher\" content=\"https:\/\/www.facebook.com\/oodima.be\" \/>\n<meta property=\"article:modified_time\" content=\"2025-12-10T16:15:21+00:00\" \/>\n<meta property=\"og:image\" content=\"https:\/\/oodima.be\/wp-content\/uploads\/2025\/12\/Cof1-scaled.webp\" \/>\n\t<meta property=\"og:image:width\" content=\"1084\" \/>\n\t<meta property=\"og:image:height\" content=\"1920\" \/>\n\t<meta property=\"og:image:type\" content=\"image\/webp\" \/>\n<meta name=\"twitter:card\" content=\"summary_large_image\" \/>\n<script type=\"application\/ld+json\" class=\"yoast-schema-graph\">{\"@context\":\"https:\\\/\\\/schema.org\",\"@graph\":[{\"@type\":\"WebPage\",\"@id\":\"https:\\\/\\\/oodima.be\\\/nl\\\/produit\\\/geschenkset-lichaam-500-ml-handen-250-ml-copie\\\/\",\"url\":\"https:\\\/\\\/oodima.be\\\/nl\\\/produit\\\/geschenkset-lichaam-500-ml-handen-250-ml-copie\\\/\",\"name\":\"Oodima - Geschenkset - Lichaam 500 ml + Handen 250 ml (Copie)\",\"isPartOf\":{\"@id\":\"https:\\\/\\\/oodima.be\\\/nl\\\/#website\"},\"primaryImageOfPage\":{\"@id\":\"https:\\\/\\\/oodima.be\\\/nl\\\/produit\\\/geschenkset-lichaam-500-ml-handen-250-ml-copie\\\/#primaryimage\"},\"image\":{\"@id\":\"https:\\\/\\\/oodima.be\\\/nl\\\/produit\\\/geschenkset-lichaam-500-ml-handen-250-ml-copie\\\/#primaryimage\"},\"thumbnailUrl\":\"https:\\\/\\\/oodima.be\\\/wp-content\\\/uploads\\\/2025\\\/12\\\/Cof4-scaled.webp\",\"datePublished\":\"2025-12-10T15:55:43+00:00\",\"dateModified\":\"2025-12-10T16:15:21+00:00\",\"description\":\"Ons essenti\u00eble cadeaupakket. De perfecte manier om jezelf en de planeet tegelijkertijd te verwennen. \ud83c\udf0d\ud83c\udf81\",\"breadcrumb\":{\"@id\":\"https:\\\/\\\/oodima.be\\\/nl\\\/produit\\\/geschenkset-lichaam-500-ml-handen-250-ml-copie\\\/#breadcrumb\"},\"inLanguage\":\"nl-NL\",\"potentialAction\":[{\"@type\":\"ReadAction\",\"target\":[\"https:\\\/\\\/oodima.be\\\/nl\\\/produit\\\/geschenkset-lichaam-500-ml-handen-250-ml-copie\\\/\"]}]},{\"@type\":\"ImageObject\",\"inLanguage\":\"nl-NL\",\"@id\":\"https:\\\/\\\/oodima.be\\\/nl\\\/produit\\\/geschenkset-lichaam-500-ml-handen-250-ml-copie\\\/#primaryimage\",\"url\":\"https:\\\/\\\/oodima.be\\\/wp-content\\\/uploads\\\/2025\\\/12\\\/Cof4-scaled.webp\",\"contentUrl\":\"https:\\\/\\\/oodima.be\\\/wp-content\\\/uploads\\\/2025\\\/12\\\/Cof4-scaled.webp\",\"width\":2560,\"height\":2560},{\"@type\":\"BreadcrumbList\",\"@id\":\"https:\\\/\\\/oodima.be\\\/nl\\\/produit\\\/geschenkset-lichaam-500-ml-handen-250-ml-copie\\\/#breadcrumb\",\"itemListElement\":[{\"@type\":\"ListItem\",\"position\":1,\"name\":\"Accueil\",\"item\":\"https:\\\/\\\/oodima.be\\\/nl\\\/home\\\/\"},{\"@type\":\"ListItem\",\"position\":2,\"name\":\"Winkel\",\"item\":\"https:\\\/\\\/oodima.be\\\/boutique\\\/\"},{\"@type\":\"ListItem\",\"position\":3,\"name\":\"Geschenkset &#8211; Lichaam 500 ml + Handen 250 ml (Copie)\"}]},{\"@type\":\"WebSite\",\"@id\":\"https:\\\/\\\/oodima.be\\\/nl\\\/#website\",\"url\":\"https:\\\/\\\/oodima.be\\\/nl\\\/\",\"name\":\"Oodima\",\"description\":\"La douce caresse d&#039;un v\u00e9ritable savon liquide\",\"publisher\":{\"@id\":\"https:\\\/\\\/oodima.be\\\/nl\\\/#organization\"},\"potentialAction\":[{\"@type\":\"SearchAction\",\"target\":{\"@type\":\"EntryPoint\",\"urlTemplate\":\"https:\\\/\\\/oodima.be\\\/nl\\\/?s={search_term_string}\"},\"query-input\":{\"@type\":\"PropertyValueSpecification\",\"valueRequired\":true,\"valueName\":\"search_term_string\"}}],\"inLanguage\":\"nl-NL\"},{\"@type\":\"Organization\",\"@id\":\"https:\\\/\\\/oodima.be\\\/nl\\\/#organization\",\"name\":\"Oodima\",\"url\":\"https:\\\/\\\/oodima.be\\\/nl\\\/\",\"logo\":{\"@type\":\"ImageObject\",\"inLanguage\":\"nl-NL\",\"@id\":\"https:\\\/\\\/oodima.be\\\/nl\\\/#\\\/schema\\\/logo\\\/image\\\/\",\"url\":\"https:\\\/\\\/oodima.be\\\/wp-content\\\/uploads\\\/2026\\\/01\\\/logo-oodima-seul-carre.webp\",\"contentUrl\":\"https:\\\/\\\/oodima.be\\\/wp-content\\\/uploads\\\/2026\\\/01\\\/logo-oodima-seul-carre.webp\",\"width\":567,\"height\":567,\"caption\":\"Oodima\"},\"image\":{\"@id\":\"https:\\\/\\\/oodima.be\\\/nl\\\/#\\\/schema\\\/logo\\\/image\\\/\"},\"sameAs\":[\"https:\\\/\\\/www.facebook.com\\\/oodima.be\",\"https:\\\/\\\/www.instagram.com\\\/oodima_\\\/\"],\"description\":\"Artisans savonniers, producteur de savons liquides hydratants saponifi\u00e9s \u00e0 froid, 100% d'origine naturelle et certifi\u00e9s BIO\",\"email\":\"info@oodima.be\",\"telephone\":\"019600100\",\"legalName\":\"The Good Soap\",\"foundingDate\":\"2021-12-20\",\"vatID\":\"BE0778866646\",\"numberOfEmployees\":{\"@type\":\"QuantitativeValue\",\"minValue\":\"1\",\"maxValue\":\"10\"},\"publishingPrinciples\":\"https:\\\/\\\/oodima.be\\\/engagements\\\/\",\"ownershipFundingInfo\":\"https:\\\/\\\/oodima.be\\\/engagements\\\/\",\"correctionsPolicy\":\"https:\\\/\\\/oodima.be\\\/remboursements_retours-2\\\/\",\"ethicsPolicy\":\"https:\\\/\\\/oodima.be\\\/engagements\\\/\"}]}<\/script>\n<!-- \/ Yoast SEO Premium plugin. -->","yoast_head_json":{"title":"Oodima - Geschenkset - Lichaam 500 ml + Handen 250 ml (Copie)","description":"Ons essenti\u00eble cadeaupakket. De perfecte manier om jezelf en de planeet tegelijkertijd te verwennen. \ud83c\udf0d\ud83c\udf81","robots":{"index":"index","follow":"follow","max-snippet":"max-snippet:-1","max-image-preview":"max-image-preview:large","max-video-preview":"max-video-preview:-1"},"canonical":"https:\/\/oodima.be\/nl\/produit\/geschenkset-lichaam-500-ml-handen-250-ml-copie\/","og_locale":"nl_NL","og_type":"article","og_title":"Geschenkset - Lichaam 500 ml + Handen 250 ml (Copie)","og_description":"Ons essenti\u00eble cadeaupakket. De perfecte manier om jezelf en de planeet tegelijkertijd te verwennen. \ud83c\udf0d\ud83c\udf81","og_url":"https:\/\/oodima.be\/nl\/produit\/geschenkset-lichaam-500-ml-handen-250-ml-copie\/","og_site_name":"Oodima","article_publisher":"https:\/\/www.facebook.com\/oodima.be","article_modified_time":"2025-12-10T16:15:21+00:00","og_image":[{"width":1084,"height":1920,"url":"https:\/\/oodima.be\/wp-content\/uploads\/2025\/12\/Cof1-scaled.webp","type":"image\/webp"}],"twitter_card":"summary_large_image","schema":{"@context":"https:\/\/schema.org","@graph":[{"@type":"WebPage","@id":"https:\/\/oodima.be\/nl\/produit\/geschenkset-lichaam-500-ml-handen-250-ml-copie\/","url":"https:\/\/oodima.be\/nl\/produit\/geschenkset-lichaam-500-ml-handen-250-ml-copie\/","name":"Oodima - Geschenkset - Lichaam 500 ml + Handen 250 ml (Copie)","isPartOf":{"@id":"https:\/\/oodima.be\/nl\/#website"},"primaryImageOfPage":{"@id":"https:\/\/oodima.be\/nl\/produit\/geschenkset-lichaam-500-ml-handen-250-ml-copie\/#primaryimage"},"image":{"@id":"https:\/\/oodima.be\/nl\/produit\/geschenkset-lichaam-500-ml-handen-250-ml-copie\/#primaryimage"},"thumbnailUrl":"https:\/\/oodima.be\/wp-content\/uploads\/2025\/12\/Cof4-scaled.webp","datePublished":"2025-12-10T15:55:43+00:00","dateModified":"2025-12-10T16:15:21+00:00","description":"Ons essenti\u00eble cadeaupakket. De perfecte manier om jezelf en de planeet tegelijkertijd te verwennen. \ud83c\udf0d\ud83c\udf81","breadcrumb":{"@id":"https:\/\/oodima.be\/nl\/produit\/geschenkset-lichaam-500-ml-handen-250-ml-copie\/#breadcrumb"},"inLanguage":"nl-NL","potentialAction":[{"@type":"ReadAction","target":["https:\/\/oodima.be\/nl\/produit\/geschenkset-lichaam-500-ml-handen-250-ml-copie\/"]}]},{"@type":"ImageObject","inLanguage":"nl-NL","@id":"https:\/\/oodima.be\/nl\/produit\/geschenkset-lichaam-500-ml-handen-250-ml-copie\/#primaryimage","url":"https:\/\/oodima.be\/wp-content\/uploads\/2025\/12\/Cof4-scaled.webp","contentUrl":"https:\/\/oodima.be\/wp-content\/uploads\/2025\/12\/Cof4-scaled.webp","width":2560,"height":2560},{"@type":"BreadcrumbList","@id":"https:\/\/oodima.be\/nl\/produit\/geschenkset-lichaam-500-ml-handen-250-ml-copie\/#breadcrumb","itemListElement":[{"@type":"ListItem","position":1,"name":"Accueil","item":"https:\/\/oodima.be\/nl\/home\/"},{"@type":"ListItem","position":2,"name":"Winkel","item":"https:\/\/oodima.be\/boutique\/"},{"@type":"ListItem","position":3,"name":"Geschenkset &#8211; Lichaam 500 ml + Handen 250 ml (Copie)"}]},{"@type":"WebSite","@id":"https:\/\/oodima.be\/nl\/#website","url":"https:\/\/oodima.be\/nl\/","name":"Oodima","description":"La douce caresse d&#039;un v\u00e9ritable savon liquide","publisher":{"@id":"https:\/\/oodima.be\/nl\/#organization"},"potentialAction":[{"@type":"SearchAction","target":{"@type":"EntryPoint","urlTemplate":"https:\/\/oodima.be\/nl\/?s={search_term_string}"},"query-input":{"@type":"PropertyValueSpecification","valueRequired":true,"valueName":"search_term_string"}}],"inLanguage":"nl-NL"},{"@type":"Organization","@id":"https:\/\/oodima.be\/nl\/#organization","name":"Oodima","url":"https:\/\/oodima.be\/nl\/","logo":{"@type":"ImageObject","inLanguage":"nl-NL","@id":"https:\/\/oodima.be\/nl\/#\/schema\/logo\/image\/","url":"https:\/\/oodima.be\/wp-content\/uploads\/2026\/01\/logo-oodima-seul-carre.webp","contentUrl":"https:\/\/oodima.be\/wp-content\/uploads\/2026\/01\/logo-oodima-seul-carre.webp","width":567,"height":567,"caption":"Oodima"},"image":{"@id":"https:\/\/oodima.be\/nl\/#\/schema\/logo\/image\/"},"sameAs":["https:\/\/www.facebook.com\/oodima.be","https:\/\/www.instagram.com\/oodima_\/"],"description":"Artisans savonniers, producteur de savons liquides hydratants saponifi\u00e9s \u00e0 froid, 100% d'origine naturelle et certifi\u00e9s BIO","email":"info@oodima.be","telephone":"019600100","legalName":"The Good Soap","foundingDate":"2021-12-20","vatID":"BE0778866646","numberOfEmployees":{"@type":"QuantitativeValue","minValue":"1","maxValue":"10"},"publishingPrinciples":"https:\/\/oodima.be\/engagements\/","ownershipFundingInfo":"https:\/\/oodima.be\/engagements\/","correctionsPolicy":"https:\/\/oodima.be\/remboursements_retours-2\/","ethicsPolicy":"https:\/\/oodima.be\/engagements\/"}]}},"jetpack_sharing_enabled":true,"_links":{"self":[{"href":"https:\/\/oodima.be\/nl\/wp-json\/wp\/v2\/product\/3916","targetHints":{"allow":["GET"]}}],"collection":[{"href":"https:\/\/oodima.be\/nl\/wp-json\/wp\/v2\/product"}],"about":[{"href":"https:\/\/oodima.be\/nl\/wp-json\/wp\/v2\/types\/product"}],"replies":[{"embeddable":true,"href":"https:\/\/oodima.be\/nl\/wp-json\/wp\/v2\/comments?post=3916"}],"wp:featuredmedia":[{"embeddable":true,"href":"https:\/\/oodima.be\/nl\/wp-json\/wp\/v2\/media\/4013"}],"wp:attachment":[{"href":"https:\/\/oodima.be\/nl\/wp-json\/wp\/v2\/media?parent=3916"}],"wp:term":[{"taxonomy":"product_brand","embeddable":true,"href":"https:\/\/oodima.be\/nl\/wp-json\/wp\/v2\/product_brand?post=3916"},{"taxonomy":"product_cat","embeddable":true,"href":"https:\/\/oodima.be\/nl\/wp-json\/wp\/v2\/product_cat?post=3916"},{"taxonomy":"product_tag","embeddable":true,"href":"https:\/\/oodima.be\/nl\/wp-json\/wp\/v2\/product_tag?post=3916"}],"curies":[{"name":"wp","href":"https:\/\/api.w.org\/{rel}","templated":true}]}}