{"id":3179,"date":"2023-09-21T10:07:52","date_gmt":"2023-09-21T08:07:52","guid":{"rendered":"http:\/\/oodima.be\/produit\/handzeep-ylang-ylang-en-geranium\/"},"modified":"2026-01-29T20:16:44","modified_gmt":"2026-01-29T18:16:44","slug":"handzeep-ylang-ylang-en-geranium","status":"publish","type":"product","link":"https:\/\/oodima.be\/nl\/produit\/handzeep-ylang-ylang-en-geranium\/","title":{"rendered":"Handzeep &#8211; Ylang Ylang en geranium &#8211; 250 ml"},"content":{"rendered":"<p><span style=\"font-weight: 400;\">Onze Geranium Ylang Ylang vloeibare handzeep brengt je een voorproefje van de lente. Een moment van bloemige frisheid die &#8217;s ochtends goed aanvoelt en op je huid blijft zitten elke keer dat je je handen wast!   <\/span><\/p>\n<p><span style=\"font-weight: 400;\">Essenti\u00eble olie van Ylang-Ylang laat een doffe, vermoeide huid weer stralen. Essenti\u00eble olie van Rose Geranium wordt vooral aanbevolen om huidveroudering tegen te gaan. <\/span><\/p>\n<p>&nbsp;<\/p>\n","protected":false},"excerpt":{"rendered":"<div class=\"page\" title=\"Pagina 1\">\n<div class=\"section\">\n<div class=\"layoutArea\">\n<div class=\"column\">\n<p>Aqua, kaliumzonnebloemzaad (hybride)**, kaliumcocosaat**, kalium castorate**, kaliumhennepzaad**, mineraalzout, glycerine**, cocoglucoside, citroenzuur, geperste schilolie van citrus sinensis*, pelargonium graveolens olie*, cananga odorata bloemolie*. Bevat citronellol***, geraniol***, linalool***, limoneen***. <\/p>\n<\/div>\n<\/div>\n<\/div>\n<\/div>\n<div class=\"page\" title=\"Pagina 1\">\n<div class=\"section\">\n<div class=\"layoutArea\">\n<div class=\"column\">\n<div class=\"page\" title=\"Pagina 1\">\n<div class=\"section\">\n<div class=\"layoutArea\">\n<div class=\"column\">\n<p>* Ingredi\u00ebnten van biologische landbouw.<\/p>\n<\/div>\n<\/div>\n<\/div>\n<\/div>\n<p>** Bewerkt met biologische ingredi\u00ebnten.<br \/>\n*** Van nature aanwezig in essenti\u00eble oli\u00ebn.<\/p>\n<p>&nbsp;<\/p>\n<\/div>\n<\/div>\n<\/div>\n<\/div>\n<p>&nbsp;<\/p>\n","protected":false},"featured_media":2604,"comment_status":"open","ping_status":"closed","template":"","meta":[],"product_brand":[],"product_cat":[71,59],"product_tag":[],"class_list":{"0":"post-3179","1":"product","2":"type-product","3":"status-publish","4":"has-post-thumbnail","6":"product_cat-handzepen","7":"product_cat-zeep","9":"first","10":"instock","11":"taxable","12":"shipping-taxable","13":"purchasable","14":"product-type-simple"},"yoast_head":"<!-- This site is optimized with the Yoast SEO Premium plugin v27.2 (Yoast SEO v27.3) - https:\/\/yoast.com\/product\/yoast-seo-premium-wordpress\/ -->\n<title>Geranium Ylang-Ylang bloemige vloeibare handzeep,100% natuurlijk ORGANISCH Bloemenzeep<\/title>\n<meta name=\"description\" content=\"Proef de lente met onze Geranium Ylang Ylang vloeibare handzeep. Een bloemige frisheid die bij elke wasbeurt op je huid blijft!\" \/>\n<meta name=\"robots\" content=\"index, follow, max-snippet:-1, max-image-preview:large, max-video-preview:-1\" \/>\n<link rel=\"canonical\" href=\"https:\/\/oodima.be\/nl\/produit\/handzeep-ylang-ylang-en-geranium\/\" \/>\n<meta property=\"og:locale\" content=\"nl_NL\" \/>\n<meta property=\"og:type\" content=\"article\" \/>\n<meta property=\"og:title\" content=\"Handzeep - Ylang Ylang en geranium - 250 ml\" \/>\n<meta property=\"og:description\" content=\"Proef de lente met onze Geranium Ylang Ylang vloeibare handzeep. Een bloemige frisheid die bij elke wasbeurt op je huid blijft!\" \/>\n<meta property=\"og:url\" content=\"https:\/\/oodima.be\/nl\/produit\/handzeep-ylang-ylang-en-geranium\/\" \/>\n<meta property=\"og:site_name\" content=\"Oodima\" \/>\n<meta property=\"article:publisher\" content=\"https:\/\/www.facebook.com\/oodima.be\" \/>\n<meta property=\"article:modified_time\" content=\"2026-01-29T18:16:44+00:00\" \/>\n<meta property=\"og:image\" content=\"https:\/\/oodima.be\/wp-content\/uploads\/2023\/09\/Oodima-4-scaled.jpg\" \/>\n\t<meta property=\"og:image:width\" content=\"2560\" \/>\n\t<meta property=\"og:image:height\" content=\"2560\" \/>\n\t<meta property=\"og:image:type\" content=\"image\/jpeg\" \/>\n<meta name=\"twitter:card\" content=\"summary_large_image\" \/>\n<script type=\"application\/ld+json\" class=\"yoast-schema-graph\">{\"@context\":\"https:\\\/\\\/schema.org\",\"@graph\":[{\"@type\":\"WebPage\",\"@id\":\"https:\\\/\\\/oodima.be\\\/nl\\\/produit\\\/handzeep-ylang-ylang-en-geranium\\\/\",\"url\":\"https:\\\/\\\/oodima.be\\\/nl\\\/produit\\\/handzeep-ylang-ylang-en-geranium\\\/\",\"name\":\"Geranium Ylang-Ylang bloemige vloeibare handzeep,100% natuurlijk ORGANISCH Bloemenzeep\",\"isPartOf\":{\"@id\":\"https:\\\/\\\/oodima.be\\\/nl\\\/#website\"},\"primaryImageOfPage\":{\"@id\":\"https:\\\/\\\/oodima.be\\\/nl\\\/produit\\\/handzeep-ylang-ylang-en-geranium\\\/#primaryimage\"},\"image\":{\"@id\":\"https:\\\/\\\/oodima.be\\\/nl\\\/produit\\\/handzeep-ylang-ylang-en-geranium\\\/#primaryimage\"},\"thumbnailUrl\":\"https:\\\/\\\/oodima.be\\\/wp-content\\\/uploads\\\/2023\\\/09\\\/Oodima-4-scaled.jpg\",\"datePublished\":\"2023-09-21T08:07:52+00:00\",\"dateModified\":\"2026-01-29T18:16:44+00:00\",\"description\":\"Proef de lente met onze Geranium Ylang Ylang vloeibare handzeep. Een bloemige frisheid die bij elke wasbeurt op je huid blijft!\",\"breadcrumb\":{\"@id\":\"https:\\\/\\\/oodima.be\\\/nl\\\/produit\\\/handzeep-ylang-ylang-en-geranium\\\/#breadcrumb\"},\"inLanguage\":\"nl-NL\",\"potentialAction\":[{\"@type\":\"ReadAction\",\"target\":[\"https:\\\/\\\/oodima.be\\\/nl\\\/produit\\\/handzeep-ylang-ylang-en-geranium\\\/\"]}]},{\"@type\":\"ImageObject\",\"inLanguage\":\"nl-NL\",\"@id\":\"https:\\\/\\\/oodima.be\\\/nl\\\/produit\\\/handzeep-ylang-ylang-en-geranium\\\/#primaryimage\",\"url\":\"https:\\\/\\\/oodima.be\\\/wp-content\\\/uploads\\\/2023\\\/09\\\/Oodima-4-scaled.jpg\",\"contentUrl\":\"https:\\\/\\\/oodima.be\\\/wp-content\\\/uploads\\\/2023\\\/09\\\/Oodima-4-scaled.jpg\",\"width\":2560,\"height\":2560,\"caption\":\"Onze Geranium Ylang Ylang vloeibare handzeep brengt je een voorproefje van de lente. Een moment van bloemige frisheid die 's ochtends goed aanvoelt en op je huid blijft zitten elke keer dat je je handen wast! De essenti\u00eble olie van Ylang-Ylang laat een doffe, vermoeide huid weer stralen. Essenti\u00eble olie van Rose Geranium wordt vooral aanbevolen om huidveroudering tegen te gaan.\"},{\"@type\":\"BreadcrumbList\",\"@id\":\"https:\\\/\\\/oodima.be\\\/nl\\\/produit\\\/handzeep-ylang-ylang-en-geranium\\\/#breadcrumb\",\"itemListElement\":[{\"@type\":\"ListItem\",\"position\":1,\"name\":\"Accueil\",\"item\":\"https:\\\/\\\/oodima.be\\\/nl\\\/home\\\/\"},{\"@type\":\"ListItem\",\"position\":2,\"name\":\"Winkel\",\"item\":\"https:\\\/\\\/oodima.be\\\/boutique\\\/\"},{\"@type\":\"ListItem\",\"position\":3,\"name\":\"Handzeep &#8211; Ylang Ylang en geranium &#8211; 250 ml\"}]},{\"@type\":\"WebSite\",\"@id\":\"https:\\\/\\\/oodima.be\\\/nl\\\/#website\",\"url\":\"https:\\\/\\\/oodima.be\\\/nl\\\/\",\"name\":\"Oodima\",\"description\":\"La douce caresse d&#039;un v\u00e9ritable savon liquide\",\"publisher\":{\"@id\":\"https:\\\/\\\/oodima.be\\\/nl\\\/#organization\"},\"potentialAction\":[{\"@type\":\"SearchAction\",\"target\":{\"@type\":\"EntryPoint\",\"urlTemplate\":\"https:\\\/\\\/oodima.be\\\/nl\\\/?s={search_term_string}\"},\"query-input\":{\"@type\":\"PropertyValueSpecification\",\"valueRequired\":true,\"valueName\":\"search_term_string\"}}],\"inLanguage\":\"nl-NL\"},{\"@type\":\"Organization\",\"@id\":\"https:\\\/\\\/oodima.be\\\/nl\\\/#organization\",\"name\":\"Oodima\",\"url\":\"https:\\\/\\\/oodima.be\\\/nl\\\/\",\"logo\":{\"@type\":\"ImageObject\",\"inLanguage\":\"nl-NL\",\"@id\":\"https:\\\/\\\/oodima.be\\\/nl\\\/#\\\/schema\\\/logo\\\/image\\\/\",\"url\":\"https:\\\/\\\/oodima.be\\\/wp-content\\\/uploads\\\/2026\\\/01\\\/logo-oodima-seul-carre.webp\",\"contentUrl\":\"https:\\\/\\\/oodima.be\\\/wp-content\\\/uploads\\\/2026\\\/01\\\/logo-oodima-seul-carre.webp\",\"width\":567,\"height\":567,\"caption\":\"Oodima\"},\"image\":{\"@id\":\"https:\\\/\\\/oodima.be\\\/nl\\\/#\\\/schema\\\/logo\\\/image\\\/\"},\"sameAs\":[\"https:\\\/\\\/www.facebook.com\\\/oodima.be\",\"https:\\\/\\\/www.instagram.com\\\/oodima_\\\/\"],\"description\":\"Artisans savonniers, producteur de savons liquides hydratants saponifi\u00e9s \u00e0 froid, 100% d'origine naturelle et certifi\u00e9s BIO\",\"email\":\"info@oodima.be\",\"telephone\":\"019600100\",\"legalName\":\"The Good Soap\",\"foundingDate\":\"2021-12-20\",\"vatID\":\"BE0778866646\",\"numberOfEmployees\":{\"@type\":\"QuantitativeValue\",\"minValue\":\"1\",\"maxValue\":\"10\"},\"publishingPrinciples\":\"https:\\\/\\\/oodima.be\\\/engagements\\\/\",\"ownershipFundingInfo\":\"https:\\\/\\\/oodima.be\\\/engagements\\\/\",\"correctionsPolicy\":\"https:\\\/\\\/oodima.be\\\/remboursements_retours-2\\\/\",\"ethicsPolicy\":\"https:\\\/\\\/oodima.be\\\/engagements\\\/\"}]}<\/script>\n<!-- \/ Yoast SEO Premium plugin. -->","yoast_head_json":{"title":"Geranium Ylang-Ylang bloemige vloeibare handzeep,100% natuurlijk ORGANISCH Bloemenzeep","description":"Proef de lente met onze Geranium Ylang Ylang vloeibare handzeep. Een bloemige frisheid die bij elke wasbeurt op je huid blijft!","robots":{"index":"index","follow":"follow","max-snippet":"max-snippet:-1","max-image-preview":"max-image-preview:large","max-video-preview":"max-video-preview:-1"},"canonical":"https:\/\/oodima.be\/nl\/produit\/handzeep-ylang-ylang-en-geranium\/","og_locale":"nl_NL","og_type":"article","og_title":"Handzeep - Ylang Ylang en geranium - 250 ml","og_description":"Proef de lente met onze Geranium Ylang Ylang vloeibare handzeep. Een bloemige frisheid die bij elke wasbeurt op je huid blijft!","og_url":"https:\/\/oodima.be\/nl\/produit\/handzeep-ylang-ylang-en-geranium\/","og_site_name":"Oodima","article_publisher":"https:\/\/www.facebook.com\/oodima.be","article_modified_time":"2026-01-29T18:16:44+00:00","og_image":[{"width":2560,"height":2560,"url":"https:\/\/oodima.be\/wp-content\/uploads\/2023\/09\/Oodima-4-scaled.jpg","type":"image\/jpeg"}],"twitter_card":"summary_large_image","schema":{"@context":"https:\/\/schema.org","@graph":[{"@type":"WebPage","@id":"https:\/\/oodima.be\/nl\/produit\/handzeep-ylang-ylang-en-geranium\/","url":"https:\/\/oodima.be\/nl\/produit\/handzeep-ylang-ylang-en-geranium\/","name":"Geranium Ylang-Ylang bloemige vloeibare handzeep,100% natuurlijk ORGANISCH Bloemenzeep","isPartOf":{"@id":"https:\/\/oodima.be\/nl\/#website"},"primaryImageOfPage":{"@id":"https:\/\/oodima.be\/nl\/produit\/handzeep-ylang-ylang-en-geranium\/#primaryimage"},"image":{"@id":"https:\/\/oodima.be\/nl\/produit\/handzeep-ylang-ylang-en-geranium\/#primaryimage"},"thumbnailUrl":"https:\/\/oodima.be\/wp-content\/uploads\/2023\/09\/Oodima-4-scaled.jpg","datePublished":"2023-09-21T08:07:52+00:00","dateModified":"2026-01-29T18:16:44+00:00","description":"Proef de lente met onze Geranium Ylang Ylang vloeibare handzeep. Een bloemige frisheid die bij elke wasbeurt op je huid blijft!","breadcrumb":{"@id":"https:\/\/oodima.be\/nl\/produit\/handzeep-ylang-ylang-en-geranium\/#breadcrumb"},"inLanguage":"nl-NL","potentialAction":[{"@type":"ReadAction","target":["https:\/\/oodima.be\/nl\/produit\/handzeep-ylang-ylang-en-geranium\/"]}]},{"@type":"ImageObject","inLanguage":"nl-NL","@id":"https:\/\/oodima.be\/nl\/produit\/handzeep-ylang-ylang-en-geranium\/#primaryimage","url":"https:\/\/oodima.be\/wp-content\/uploads\/2023\/09\/Oodima-4-scaled.jpg","contentUrl":"https:\/\/oodima.be\/wp-content\/uploads\/2023\/09\/Oodima-4-scaled.jpg","width":2560,"height":2560,"caption":"Onze Geranium Ylang Ylang vloeibare handzeep brengt je een voorproefje van de lente. Een moment van bloemige frisheid die 's ochtends goed aanvoelt en op je huid blijft zitten elke keer dat je je handen wast! De essenti\u00eble olie van Ylang-Ylang laat een doffe, vermoeide huid weer stralen. Essenti\u00eble olie van Rose Geranium wordt vooral aanbevolen om huidveroudering tegen te gaan."},{"@type":"BreadcrumbList","@id":"https:\/\/oodima.be\/nl\/produit\/handzeep-ylang-ylang-en-geranium\/#breadcrumb","itemListElement":[{"@type":"ListItem","position":1,"name":"Accueil","item":"https:\/\/oodima.be\/nl\/home\/"},{"@type":"ListItem","position":2,"name":"Winkel","item":"https:\/\/oodima.be\/boutique\/"},{"@type":"ListItem","position":3,"name":"Handzeep &#8211; Ylang Ylang en geranium &#8211; 250 ml"}]},{"@type":"WebSite","@id":"https:\/\/oodima.be\/nl\/#website","url":"https:\/\/oodima.be\/nl\/","name":"Oodima","description":"La douce caresse d&#039;un v\u00e9ritable savon liquide","publisher":{"@id":"https:\/\/oodima.be\/nl\/#organization"},"potentialAction":[{"@type":"SearchAction","target":{"@type":"EntryPoint","urlTemplate":"https:\/\/oodima.be\/nl\/?s={search_term_string}"},"query-input":{"@type":"PropertyValueSpecification","valueRequired":true,"valueName":"search_term_string"}}],"inLanguage":"nl-NL"},{"@type":"Organization","@id":"https:\/\/oodima.be\/nl\/#organization","name":"Oodima","url":"https:\/\/oodima.be\/nl\/","logo":{"@type":"ImageObject","inLanguage":"nl-NL","@id":"https:\/\/oodima.be\/nl\/#\/schema\/logo\/image\/","url":"https:\/\/oodima.be\/wp-content\/uploads\/2026\/01\/logo-oodima-seul-carre.webp","contentUrl":"https:\/\/oodima.be\/wp-content\/uploads\/2026\/01\/logo-oodima-seul-carre.webp","width":567,"height":567,"caption":"Oodima"},"image":{"@id":"https:\/\/oodima.be\/nl\/#\/schema\/logo\/image\/"},"sameAs":["https:\/\/www.facebook.com\/oodima.be","https:\/\/www.instagram.com\/oodima_\/"],"description":"Artisans savonniers, producteur de savons liquides hydratants saponifi\u00e9s \u00e0 froid, 100% d'origine naturelle et certifi\u00e9s BIO","email":"info@oodima.be","telephone":"019600100","legalName":"The Good Soap","foundingDate":"2021-12-20","vatID":"BE0778866646","numberOfEmployees":{"@type":"QuantitativeValue","minValue":"1","maxValue":"10"},"publishingPrinciples":"https:\/\/oodima.be\/engagements\/","ownershipFundingInfo":"https:\/\/oodima.be\/engagements\/","correctionsPolicy":"https:\/\/oodima.be\/remboursements_retours-2\/","ethicsPolicy":"https:\/\/oodima.be\/engagements\/"}]}},"jetpack_sharing_enabled":true,"_links":{"self":[{"href":"https:\/\/oodima.be\/nl\/wp-json\/wp\/v2\/product\/3179","targetHints":{"allow":["GET"]}}],"collection":[{"href":"https:\/\/oodima.be\/nl\/wp-json\/wp\/v2\/product"}],"about":[{"href":"https:\/\/oodima.be\/nl\/wp-json\/wp\/v2\/types\/product"}],"replies":[{"embeddable":true,"href":"https:\/\/oodima.be\/nl\/wp-json\/wp\/v2\/comments?post=3179"}],"wp:featuredmedia":[{"embeddable":true,"href":"https:\/\/oodima.be\/nl\/wp-json\/wp\/v2\/media\/2604"}],"wp:attachment":[{"href":"https:\/\/oodima.be\/nl\/wp-json\/wp\/v2\/media?parent=3179"}],"wp:term":[{"taxonomy":"product_brand","embeddable":true,"href":"https:\/\/oodima.be\/nl\/wp-json\/wp\/v2\/product_brand?post=3179"},{"taxonomy":"product_cat","embeddable":true,"href":"https:\/\/oodima.be\/nl\/wp-json\/wp\/v2\/product_cat?post=3179"},{"taxonomy":"product_tag","embeddable":true,"href":"https:\/\/oodima.be\/nl\/wp-json\/wp\/v2\/product_tag?post=3179"}],"curies":[{"name":"wp","href":"https:\/\/api.w.org\/{rel}","templated":true}]}}