{"id":3150,"date":"2023-09-21T10:07:51","date_gmt":"2023-09-21T10:07:51","guid":{"rendered":"http:\/\/oodima.be\/produit\/lichaamszeep-pepermunt-en-citroen\/"},"modified":"2026-01-29T19:56:48","modified_gmt":"2026-01-29T17:56:48","slug":"lichaamszeep-pepermunt-en-citroen","status":"publish","type":"product","link":"https:\/\/oodima.be\/nl\/produit\/lichaamszeep-pepermunt-en-citroen\/","title":{"rendered":"Lichaamszeep &#8211; Citroen Pepermunt &#8211; 500 ml"},"content":{"rendered":"<p><span style=\"font-weight: 400;\">Op zoek naar vakantie? Zin in een Mojito op het strand? Met onze Lemon &#8211; Peppermint toning liquid body soap kun je tijdens het douchen heerlijk wegdromen. De frisheid van munt in combinatie met het zuur van citroen zorgt voor een getonifieerde en licht geparfumeerde huid.   <\/span><\/p>\n<p><span style=\"font-weight: 400;\">Essenti\u00eble olie van pepermunt, met zijn schimmelwerende eigenschappen, is perfect voor de atopische huid die snel rood en ge\u00efrriteerd wordt.  <\/span><span style=\"font-weight: 400;\"><br \/>\n<\/span><\/p>\n","protected":false},"excerpt":{"rendered":"<div class=\"page\" title=\"Pagina 1\">\n<div class=\"section\">\n<div class=\"layoutArea\">\n<div class=\"column\">\n<div class=\"page\" title=\"Pagina 1\">\n<div class=\"section\">\n<div class=\"layoutArea\">\n<div class=\"column\">\n<p style=\"text-align: left;\">Aqua, kaliumzonnebloemzaad (hybride)**, kaliumcocosaat**, kalium castorate**, kaliumhennepzaad**, mineraalzout, glycerine**, cocoglucoside, citroenzuur, citrus limon schilolie*, pinus sylvestris bladolie*, mentha piperita olie*, cymbopogonmartinii kruidolie*. Bevat limoneen ***. <\/p>\n<p style=\"text-align: left;\">* Ingredi\u00ebnten van biologische landbouw.<\/p>\n<p style=\"text-align: left;\">** Bewerkt met biologische ingredi\u00ebnten.<\/p>\n<p style=\"text-align: left;\">*** Van nature aanwezig in essenti\u00eble oli\u00ebn.<\/p>\n<\/div>\n<\/div>\n<\/div>\n<\/div>\n<p>&nbsp;<\/p>\n<\/div>\n<\/div>\n<\/div>\n<\/div>\n","protected":false},"featured_media":2616,"comment_status":"open","ping_status":"closed","template":"","meta":[],"product_brand":[],"product_cat":[68,59],"product_tag":[],"class_list":{"0":"post-3150","1":"product","2":"type-product","3":"status-publish","4":"has-post-thumbnail","6":"product_cat-lichaamszepen","7":"product_cat-zeep","9":"first","10":"instock","11":"taxable","12":"shipping-taxable","13":"purchasable","14":"product-type-simple"},"yoast_head":"<!-- This site is optimized with the Yoast SEO Premium plugin v27.2 (Yoast SEO v27.3) - https:\/\/yoast.com\/product\/yoast-seo-premium-wordpress\/ -->\n<title>Hydraterende, tonifi\u00ebrende, vloeibare lichaamszeep, 100% natuurlijk, ORGANISCH, handgemaakt<\/title>\n<meta name=\"description\" content=\"Zin in een Mojito op het strand? Met onze Lemon - Peppermint tonifi\u00ebrende vloeibare lichaamszeep, kun je jezelf laten dromen terwijl je doucht.\" \/>\n<meta name=\"robots\" content=\"index, follow, max-snippet:-1, max-image-preview:large, max-video-preview:-1\" \/>\n<link rel=\"canonical\" href=\"https:\/\/oodima.be\/nl\/produit\/lichaamszeep-pepermunt-en-citroen\/\" \/>\n<meta property=\"og:locale\" content=\"nl_NL\" \/>\n<meta property=\"og:type\" content=\"article\" \/>\n<meta property=\"og:title\" content=\"Lichaamszeep - Citroen Pepermunt - 500 ml\" \/>\n<meta property=\"og:description\" content=\"Zin in een Mojito op het strand? Met onze Lemon - Peppermint tonifi\u00ebrende vloeibare lichaamszeep, kun je jezelf laten dromen terwijl je doucht.\" \/>\n<meta property=\"og:url\" content=\"https:\/\/oodima.be\/nl\/produit\/lichaamszeep-pepermunt-en-citroen\/\" \/>\n<meta property=\"og:site_name\" content=\"Oodima\" \/>\n<meta property=\"article:publisher\" content=\"https:\/\/www.facebook.com\/oodima.be\" \/>\n<meta property=\"article:modified_time\" content=\"2026-01-29T17:56:48+00:00\" \/>\n<meta property=\"og:image\" content=\"https:\/\/oodima.be\/wp-content\/uploads\/2023\/09\/Oodima-8-scaled.jpg\" \/>\n\t<meta property=\"og:image:width\" content=\"2560\" \/>\n\t<meta property=\"og:image:height\" content=\"2560\" \/>\n\t<meta property=\"og:image:type\" content=\"image\/jpeg\" \/>\n<meta name=\"twitter:card\" content=\"summary_large_image\" \/>\n<script type=\"application\/ld+json\" class=\"yoast-schema-graph\">{\"@context\":\"https:\\\/\\\/schema.org\",\"@graph\":[{\"@type\":\"WebPage\",\"@id\":\"https:\\\/\\\/oodima.be\\\/nl\\\/produit\\\/lichaamszeep-pepermunt-en-citroen\\\/\",\"url\":\"https:\\\/\\\/oodima.be\\\/nl\\\/produit\\\/lichaamszeep-pepermunt-en-citroen\\\/\",\"name\":\"Hydraterende, tonifi\u00ebrende, vloeibare lichaamszeep, 100% natuurlijk, ORGANISCH, handgemaakt\",\"isPartOf\":{\"@id\":\"https:\\\/\\\/oodima.be\\\/nl\\\/#website\"},\"primaryImageOfPage\":{\"@id\":\"https:\\\/\\\/oodima.be\\\/nl\\\/produit\\\/lichaamszeep-pepermunt-en-citroen\\\/#primaryimage\"},\"image\":{\"@id\":\"https:\\\/\\\/oodima.be\\\/nl\\\/produit\\\/lichaamszeep-pepermunt-en-citroen\\\/#primaryimage\"},\"thumbnailUrl\":\"https:\\\/\\\/oodima.be\\\/wp-content\\\/uploads\\\/2023\\\/09\\\/Oodima-8-scaled.jpg\",\"datePublished\":\"2023-09-21T10:07:51+00:00\",\"dateModified\":\"2026-01-29T17:56:48+00:00\",\"description\":\"Zin in een Mojito op het strand? Met onze Lemon - Peppermint tonifi\u00ebrende vloeibare lichaamszeep, kun je jezelf laten dromen terwijl je doucht.\",\"breadcrumb\":{\"@id\":\"https:\\\/\\\/oodima.be\\\/nl\\\/produit\\\/lichaamszeep-pepermunt-en-citroen\\\/#breadcrumb\"},\"inLanguage\":\"nl-NL\",\"potentialAction\":[{\"@type\":\"ReadAction\",\"target\":[\"https:\\\/\\\/oodima.be\\\/nl\\\/produit\\\/lichaamszeep-pepermunt-en-citroen\\\/\"]}]},{\"@type\":\"ImageObject\",\"inLanguage\":\"nl-NL\",\"@id\":\"https:\\\/\\\/oodima.be\\\/nl\\\/produit\\\/lichaamszeep-pepermunt-en-citroen\\\/#primaryimage\",\"url\":\"https:\\\/\\\/oodima.be\\\/wp-content\\\/uploads\\\/2023\\\/09\\\/Oodima-8-scaled.jpg\",\"contentUrl\":\"https:\\\/\\\/oodima.be\\\/wp-content\\\/uploads\\\/2023\\\/09\\\/Oodima-8-scaled.jpg\",\"width\":2560,\"height\":2560,\"caption\":\"Op zoek naar vakantie? Zin in een Mojito op het strand? Met onze Lemon - Peppermint toning liquid body soap kun je tijdens het douchen heerlijk wegdromen. De frisheid van munt in combinatie met het zuur van citroen zorgt voor een getonifieerde en licht geparfumeerde huid.\"},{\"@type\":\"BreadcrumbList\",\"@id\":\"https:\\\/\\\/oodima.be\\\/nl\\\/produit\\\/lichaamszeep-pepermunt-en-citroen\\\/#breadcrumb\",\"itemListElement\":[{\"@type\":\"ListItem\",\"position\":1,\"name\":\"Accueil\",\"item\":\"https:\\\/\\\/oodima.be\\\/nl\\\/home\\\/\"},{\"@type\":\"ListItem\",\"position\":2,\"name\":\"Winkel\",\"item\":\"https:\\\/\\\/oodima.be\\\/boutique\\\/\"},{\"@type\":\"ListItem\",\"position\":3,\"name\":\"Lichaamszeep &#8211; Citroen Pepermunt &#8211; 500 ml\"}]},{\"@type\":\"WebSite\",\"@id\":\"https:\\\/\\\/oodima.be\\\/nl\\\/#website\",\"url\":\"https:\\\/\\\/oodima.be\\\/nl\\\/\",\"name\":\"Oodima\",\"description\":\"La douce caresse d&#039;un v\u00e9ritable savon liquide\",\"publisher\":{\"@id\":\"https:\\\/\\\/oodima.be\\\/nl\\\/#organization\"},\"potentialAction\":[{\"@type\":\"SearchAction\",\"target\":{\"@type\":\"EntryPoint\",\"urlTemplate\":\"https:\\\/\\\/oodima.be\\\/nl\\\/?s={search_term_string}\"},\"query-input\":{\"@type\":\"PropertyValueSpecification\",\"valueRequired\":true,\"valueName\":\"search_term_string\"}}],\"inLanguage\":\"nl-NL\"},{\"@type\":\"Organization\",\"@id\":\"https:\\\/\\\/oodima.be\\\/nl\\\/#organization\",\"name\":\"Oodima\",\"url\":\"https:\\\/\\\/oodima.be\\\/nl\\\/\",\"logo\":{\"@type\":\"ImageObject\",\"inLanguage\":\"nl-NL\",\"@id\":\"https:\\\/\\\/oodima.be\\\/nl\\\/#\\\/schema\\\/logo\\\/image\\\/\",\"url\":\"https:\\\/\\\/oodima.be\\\/wp-content\\\/uploads\\\/2026\\\/01\\\/logo-oodima-seul-carre.webp\",\"contentUrl\":\"https:\\\/\\\/oodima.be\\\/wp-content\\\/uploads\\\/2026\\\/01\\\/logo-oodima-seul-carre.webp\",\"width\":567,\"height\":567,\"caption\":\"Oodima\"},\"image\":{\"@id\":\"https:\\\/\\\/oodima.be\\\/nl\\\/#\\\/schema\\\/logo\\\/image\\\/\"},\"sameAs\":[\"https:\\\/\\\/www.facebook.com\\\/oodima.be\",\"https:\\\/\\\/www.instagram.com\\\/oodima_\\\/\"],\"description\":\"Artisans savonniers, producteur de savons liquides hydratants saponifi\u00e9s \u00e0 froid, 100% d'origine naturelle et certifi\u00e9s BIO\",\"email\":\"info@oodima.be\",\"telephone\":\"019600100\",\"legalName\":\"The Good Soap\",\"foundingDate\":\"2021-12-20\",\"vatID\":\"BE0778866646\",\"numberOfEmployees\":{\"@type\":\"QuantitativeValue\",\"minValue\":\"1\",\"maxValue\":\"10\"},\"publishingPrinciples\":\"https:\\\/\\\/oodima.be\\\/engagements\\\/\",\"ownershipFundingInfo\":\"https:\\\/\\\/oodima.be\\\/engagements\\\/\",\"correctionsPolicy\":\"https:\\\/\\\/oodima.be\\\/remboursements_retours-2\\\/\",\"ethicsPolicy\":\"https:\\\/\\\/oodima.be\\\/engagements\\\/\"}]}<\/script>\n<!-- \/ Yoast SEO Premium plugin. -->","yoast_head_json":{"title":"Hydraterende, tonifi\u00ebrende, vloeibare lichaamszeep, 100% natuurlijk, ORGANISCH, handgemaakt","description":"Zin in een Mojito op het strand? Met onze Lemon - Peppermint tonifi\u00ebrende vloeibare lichaamszeep, kun je jezelf laten dromen terwijl je doucht.","robots":{"index":"index","follow":"follow","max-snippet":"max-snippet:-1","max-image-preview":"max-image-preview:large","max-video-preview":"max-video-preview:-1"},"canonical":"https:\/\/oodima.be\/nl\/produit\/lichaamszeep-pepermunt-en-citroen\/","og_locale":"nl_NL","og_type":"article","og_title":"Lichaamszeep - Citroen Pepermunt - 500 ml","og_description":"Zin in een Mojito op het strand? Met onze Lemon - Peppermint tonifi\u00ebrende vloeibare lichaamszeep, kun je jezelf laten dromen terwijl je doucht.","og_url":"https:\/\/oodima.be\/nl\/produit\/lichaamszeep-pepermunt-en-citroen\/","og_site_name":"Oodima","article_publisher":"https:\/\/www.facebook.com\/oodima.be","article_modified_time":"2026-01-29T17:56:48+00:00","og_image":[{"width":2560,"height":2560,"url":"https:\/\/oodima.be\/wp-content\/uploads\/2023\/09\/Oodima-8-scaled.jpg","type":"image\/jpeg"}],"twitter_card":"summary_large_image","schema":{"@context":"https:\/\/schema.org","@graph":[{"@type":"WebPage","@id":"https:\/\/oodima.be\/nl\/produit\/lichaamszeep-pepermunt-en-citroen\/","url":"https:\/\/oodima.be\/nl\/produit\/lichaamszeep-pepermunt-en-citroen\/","name":"Hydraterende, tonifi\u00ebrende, vloeibare lichaamszeep, 100% natuurlijk, ORGANISCH, handgemaakt","isPartOf":{"@id":"https:\/\/oodima.be\/nl\/#website"},"primaryImageOfPage":{"@id":"https:\/\/oodima.be\/nl\/produit\/lichaamszeep-pepermunt-en-citroen\/#primaryimage"},"image":{"@id":"https:\/\/oodima.be\/nl\/produit\/lichaamszeep-pepermunt-en-citroen\/#primaryimage"},"thumbnailUrl":"https:\/\/oodima.be\/wp-content\/uploads\/2023\/09\/Oodima-8-scaled.jpg","datePublished":"2023-09-21T10:07:51+00:00","dateModified":"2026-01-29T17:56:48+00:00","description":"Zin in een Mojito op het strand? Met onze Lemon - Peppermint tonifi\u00ebrende vloeibare lichaamszeep, kun je jezelf laten dromen terwijl je doucht.","breadcrumb":{"@id":"https:\/\/oodima.be\/nl\/produit\/lichaamszeep-pepermunt-en-citroen\/#breadcrumb"},"inLanguage":"nl-NL","potentialAction":[{"@type":"ReadAction","target":["https:\/\/oodima.be\/nl\/produit\/lichaamszeep-pepermunt-en-citroen\/"]}]},{"@type":"ImageObject","inLanguage":"nl-NL","@id":"https:\/\/oodima.be\/nl\/produit\/lichaamszeep-pepermunt-en-citroen\/#primaryimage","url":"https:\/\/oodima.be\/wp-content\/uploads\/2023\/09\/Oodima-8-scaled.jpg","contentUrl":"https:\/\/oodima.be\/wp-content\/uploads\/2023\/09\/Oodima-8-scaled.jpg","width":2560,"height":2560,"caption":"Op zoek naar vakantie? Zin in een Mojito op het strand? Met onze Lemon - Peppermint toning liquid body soap kun je tijdens het douchen heerlijk wegdromen. De frisheid van munt in combinatie met het zuur van citroen zorgt voor een getonifieerde en licht geparfumeerde huid."},{"@type":"BreadcrumbList","@id":"https:\/\/oodima.be\/nl\/produit\/lichaamszeep-pepermunt-en-citroen\/#breadcrumb","itemListElement":[{"@type":"ListItem","position":1,"name":"Accueil","item":"https:\/\/oodima.be\/nl\/home\/"},{"@type":"ListItem","position":2,"name":"Winkel","item":"https:\/\/oodima.be\/boutique\/"},{"@type":"ListItem","position":3,"name":"Lichaamszeep &#8211; Citroen Pepermunt &#8211; 500 ml"}]},{"@type":"WebSite","@id":"https:\/\/oodima.be\/nl\/#website","url":"https:\/\/oodima.be\/nl\/","name":"Oodima","description":"La douce caresse d&#039;un v\u00e9ritable savon liquide","publisher":{"@id":"https:\/\/oodima.be\/nl\/#organization"},"potentialAction":[{"@type":"SearchAction","target":{"@type":"EntryPoint","urlTemplate":"https:\/\/oodima.be\/nl\/?s={search_term_string}"},"query-input":{"@type":"PropertyValueSpecification","valueRequired":true,"valueName":"search_term_string"}}],"inLanguage":"nl-NL"},{"@type":"Organization","@id":"https:\/\/oodima.be\/nl\/#organization","name":"Oodima","url":"https:\/\/oodima.be\/nl\/","logo":{"@type":"ImageObject","inLanguage":"nl-NL","@id":"https:\/\/oodima.be\/nl\/#\/schema\/logo\/image\/","url":"https:\/\/oodima.be\/wp-content\/uploads\/2026\/01\/logo-oodima-seul-carre.webp","contentUrl":"https:\/\/oodima.be\/wp-content\/uploads\/2026\/01\/logo-oodima-seul-carre.webp","width":567,"height":567,"caption":"Oodima"},"image":{"@id":"https:\/\/oodima.be\/nl\/#\/schema\/logo\/image\/"},"sameAs":["https:\/\/www.facebook.com\/oodima.be","https:\/\/www.instagram.com\/oodima_\/"],"description":"Artisans savonniers, producteur de savons liquides hydratants saponifi\u00e9s \u00e0 froid, 100% d'origine naturelle et certifi\u00e9s BIO","email":"info@oodima.be","telephone":"019600100","legalName":"The Good Soap","foundingDate":"2021-12-20","vatID":"BE0778866646","numberOfEmployees":{"@type":"QuantitativeValue","minValue":"1","maxValue":"10"},"publishingPrinciples":"https:\/\/oodima.be\/engagements\/","ownershipFundingInfo":"https:\/\/oodima.be\/engagements\/","correctionsPolicy":"https:\/\/oodima.be\/remboursements_retours-2\/","ethicsPolicy":"https:\/\/oodima.be\/engagements\/"}]}},"jetpack_sharing_enabled":true,"_links":{"self":[{"href":"https:\/\/oodima.be\/nl\/wp-json\/wp\/v2\/product\/3150","targetHints":{"allow":["GET"]}}],"collection":[{"href":"https:\/\/oodima.be\/nl\/wp-json\/wp\/v2\/product"}],"about":[{"href":"https:\/\/oodima.be\/nl\/wp-json\/wp\/v2\/types\/product"}],"replies":[{"embeddable":true,"href":"https:\/\/oodima.be\/nl\/wp-json\/wp\/v2\/comments?post=3150"}],"wp:featuredmedia":[{"embeddable":true,"href":"https:\/\/oodima.be\/nl\/wp-json\/wp\/v2\/media\/2616"}],"wp:attachment":[{"href":"https:\/\/oodima.be\/nl\/wp-json\/wp\/v2\/media?parent=3150"}],"wp:term":[{"taxonomy":"product_brand","embeddable":true,"href":"https:\/\/oodima.be\/nl\/wp-json\/wp\/v2\/product_brand?post=3150"},{"taxonomy":"product_cat","embeddable":true,"href":"https:\/\/oodima.be\/nl\/wp-json\/wp\/v2\/product_cat?post=3150"},{"taxonomy":"product_tag","embeddable":true,"href":"https:\/\/oodima.be\/nl\/wp-json\/wp\/v2\/product_tag?post=3150"}],"curies":[{"name":"wp","href":"https:\/\/api.w.org\/{rel}","templated":true}]}}