{"id":3141,"date":"2023-09-21T10:07:50","date_gmt":"2023-09-21T10:07:50","guid":{"rendered":"http:\/\/oodima.be\/produit\/navulling-kruidnagel-kaneel-en-sinaasappelschil-1l\/"},"modified":"2026-01-30T15:54:11","modified_gmt":"2026-01-30T13:54:11","slug":"navulling-kruidnagel-kaneel-en-sinaasappelschil-1l","status":"publish","type":"product","link":"https:\/\/oodima.be\/nl\/produit\/navulling-kruidnagel-kaneel-en-sinaasappelschil-1l\/","title":{"rendered":"Navulling &#8211; Kruidnagel, kaneel en sinaasappelschil (1L)"},"content":{"rendered":"<p>Onze Kruidnagel, Kaneel, Sinaasappel zeep helpt je om  <span style=\"font-weight: 400;\">Genoten? Koop dan nu bij ons een navulling voor vochtinbrengende zeep van 1 liter om je Oodima-container opnieuw te gebruiken of de container van je keuze te vullen. <\/span><\/p>\n<p>Ze geven je zin om bij het vuur te kruipen en nemen je mee terug naar de smaken van de kerstmarkten. Een zoete en kruidige mix, zoals gl\u00fchwein, voor een troostend resultaat. De essenti\u00eble olie van sinaasappel laat je huid stralen en je geest ontspannen.  <\/p>\n<p>Een must-have deze winter!<\/p>\n","protected":false},"excerpt":{"rendered":"<div class=\"page\" title=\"Pagina 1\">\n<div class=\"section\">\n<div class=\"layoutArea\">\n<div class=\"column\">\n<p>Aqua, kaliumzonnebloemzaad (hybride)**, kaliumcocosaat**, kalium castorate**, kaliumhennepzaad**, mineraalzout, glycerine**, kokosglucoside, citroenzuur, ge\u00ebxpresseerde schilolie van citrus sinensis*, eugenia caryophyllus kruidnagelolie*, cinnamomum zeylanicum bladolie*. Bevat limoneen*** en eugenol***. <\/p>\n<p>&nbsp;<\/p>\n<p>* Ingredi\u00ebnten van biologische landbouw.<br \/>\n** Bewerkt met biologische ingredi\u00ebnten.<br \/>\n*** Van nature aanwezig in essenti\u00eble oli\u00ebn.<\/p>\n<\/div>\n<\/div>\n<\/div>\n<\/div>\n","protected":false},"featured_media":4645,"comment_status":"open","ping_status":"closed","template":"","meta":[],"product_brand":[],"product_cat":[60,59],"product_tag":[],"class_list":{"0":"post-3141","1":"product","2":"type-product","3":"status-publish","4":"has-post-thumbnail","6":"product_cat-vullingen","7":"product_cat-zeep","9":"first","10":"instock","11":"taxable","12":"shipping-taxable","13":"purchasable","14":"product-type-simple"},"yoast_head":"<!-- This site is optimized with the Yoast SEO Premium plugin v27.2 (Yoast SEO v27.5) - https:\/\/yoast.com\/product\/yoast-seo-premium-wordpress\/ -->\n<title>Vloeibare vochtinbrengende zeep navulling, 100% natuurlijk ORGANISCH<\/title>\n<meta name=\"description\" content=\"Navulling voor Kruidnagel, Kaneel, Sinaasappel vloeibare vochtinbrengende zeep. Koop nu een navulling van 1 liter om je Oodima container opnieuw te gebruiken.\" \/>\n<meta name=\"robots\" content=\"index, follow, max-snippet:-1, max-image-preview:large, max-video-preview:-1\" \/>\n<link rel=\"canonical\" href=\"https:\/\/oodima.be\/nl\/produit\/navulling-kruidnagel-kaneel-en-sinaasappelschil-1l\/\" \/>\n<meta property=\"og:locale\" content=\"nl_NL\" \/>\n<meta property=\"og:type\" content=\"article\" \/>\n<meta property=\"og:title\" content=\"Navulling - Kruidnagel, kaneel en sinaasappelschil (1L)\" \/>\n<meta property=\"og:description\" content=\"Navulling voor Kruidnagel, Kaneel, Sinaasappel vloeibare vochtinbrengende zeep. Koop nu een navulling van 1 liter om je Oodima container opnieuw te gebruiken.\" \/>\n<meta property=\"og:url\" content=\"https:\/\/oodima.be\/nl\/produit\/navulling-kruidnagel-kaneel-en-sinaasappelschil-1l\/\" \/>\n<meta property=\"og:site_name\" content=\"Oodima\" \/>\n<meta property=\"article:publisher\" content=\"https:\/\/www.facebook.com\/oodima.be\" \/>\n<meta property=\"article:modified_time\" content=\"2026-01-30T13:54:11+00:00\" \/>\n<meta property=\"og:image\" content=\"https:\/\/oodima.be\/wp-content\/uploads\/2023\/09\/Oodima-14-scaled.jpg\" \/>\n\t<meta property=\"og:image:width\" content=\"2560\" \/>\n\t<meta property=\"og:image:height\" content=\"2560\" \/>\n\t<meta property=\"og:image:type\" content=\"image\/jpeg\" \/>\n<meta name=\"twitter:card\" content=\"summary_large_image\" \/>\n<script type=\"application\/ld+json\" class=\"yoast-schema-graph\">{\"@context\":\"https:\\\/\\\/schema.org\",\"@graph\":[{\"@type\":\"WebPage\",\"@id\":\"https:\\\/\\\/oodima.be\\\/nl\\\/produit\\\/navulling-kruidnagel-kaneel-en-sinaasappelschil-1l\\\/\",\"url\":\"https:\\\/\\\/oodima.be\\\/nl\\\/produit\\\/navulling-kruidnagel-kaneel-en-sinaasappelschil-1l\\\/\",\"name\":\"Vloeibare vochtinbrengende zeep navulling, 100% natuurlijk ORGANISCH\",\"isPartOf\":{\"@id\":\"https:\\\/\\\/oodima.be\\\/nl\\\/#website\"},\"primaryImageOfPage\":{\"@id\":\"https:\\\/\\\/oodima.be\\\/nl\\\/produit\\\/navulling-kruidnagel-kaneel-en-sinaasappelschil-1l\\\/#primaryimage\"},\"image\":{\"@id\":\"https:\\\/\\\/oodima.be\\\/nl\\\/produit\\\/navulling-kruidnagel-kaneel-en-sinaasappelschil-1l\\\/#primaryimage\"},\"thumbnailUrl\":\"https:\\\/\\\/oodima.be\\\/wp-content\\\/uploads\\\/2023\\\/09\\\/Oodima-studio-572-scaled.webp\",\"datePublished\":\"2023-09-21T10:07:50+00:00\",\"dateModified\":\"2026-01-30T13:54:11+00:00\",\"description\":\"Navulling voor Kruidnagel, Kaneel, Sinaasappel vloeibare vochtinbrengende zeep. Koop nu een navulling van 1 liter om je Oodima container opnieuw te gebruiken.\",\"breadcrumb\":{\"@id\":\"https:\\\/\\\/oodima.be\\\/nl\\\/produit\\\/navulling-kruidnagel-kaneel-en-sinaasappelschil-1l\\\/#breadcrumb\"},\"inLanguage\":\"nl-NL\",\"potentialAction\":[{\"@type\":\"ReadAction\",\"target\":[\"https:\\\/\\\/oodima.be\\\/nl\\\/produit\\\/navulling-kruidnagel-kaneel-en-sinaasappelschil-1l\\\/\"]}]},{\"@type\":\"ImageObject\",\"inLanguage\":\"nl-NL\",\"@id\":\"https:\\\/\\\/oodima.be\\\/nl\\\/produit\\\/navulling-kruidnagel-kaneel-en-sinaasappelschil-1l\\\/#primaryimage\",\"url\":\"https:\\\/\\\/oodima.be\\\/wp-content\\\/uploads\\\/2023\\\/09\\\/Oodima-studio-572-scaled.webp\",\"contentUrl\":\"https:\\\/\\\/oodima.be\\\/wp-content\\\/uploads\\\/2023\\\/09\\\/Oodima-studio-572-scaled.webp\",\"width\":1411,\"height\":1920},{\"@type\":\"BreadcrumbList\",\"@id\":\"https:\\\/\\\/oodima.be\\\/nl\\\/produit\\\/navulling-kruidnagel-kaneel-en-sinaasappelschil-1l\\\/#breadcrumb\",\"itemListElement\":[{\"@type\":\"ListItem\",\"position\":1,\"name\":\"Accueil\",\"item\":\"https:\\\/\\\/oodima.be\\\/nl\\\/\"},{\"@type\":\"ListItem\",\"position\":2,\"name\":\"Winkel\",\"item\":\"https:\\\/\\\/oodima.be\\\/boutique\\\/\"},{\"@type\":\"ListItem\",\"position\":3,\"name\":\"Navulling &#8211; Kruidnagel, kaneel en sinaasappelschil (1L)\"}]},{\"@type\":\"WebSite\",\"@id\":\"https:\\\/\\\/oodima.be\\\/nl\\\/#website\",\"url\":\"https:\\\/\\\/oodima.be\\\/nl\\\/\",\"name\":\"Oodima\",\"description\":\"La douce caresse d&#039;un v\u00e9ritable savon liquide\",\"publisher\":{\"@id\":\"https:\\\/\\\/oodima.be\\\/nl\\\/#organization\"},\"potentialAction\":[{\"@type\":\"SearchAction\",\"target\":{\"@type\":\"EntryPoint\",\"urlTemplate\":\"https:\\\/\\\/oodima.be\\\/nl\\\/?s={search_term_string}\"},\"query-input\":{\"@type\":\"PropertyValueSpecification\",\"valueRequired\":true,\"valueName\":\"search_term_string\"}}],\"inLanguage\":\"nl-NL\"},{\"@type\":\"Organization\",\"@id\":\"https:\\\/\\\/oodima.be\\\/nl\\\/#organization\",\"name\":\"Oodima\",\"url\":\"https:\\\/\\\/oodima.be\\\/nl\\\/\",\"logo\":{\"@type\":\"ImageObject\",\"inLanguage\":\"nl-NL\",\"@id\":\"https:\\\/\\\/oodima.be\\\/nl\\\/#\\\/schema\\\/logo\\\/image\\\/\",\"url\":\"https:\\\/\\\/oodima.be\\\/wp-content\\\/uploads\\\/2026\\\/01\\\/logo-oodima-seul-carre.webp\",\"contentUrl\":\"https:\\\/\\\/oodima.be\\\/wp-content\\\/uploads\\\/2026\\\/01\\\/logo-oodima-seul-carre.webp\",\"width\":567,\"height\":567,\"caption\":\"Oodima\"},\"image\":{\"@id\":\"https:\\\/\\\/oodima.be\\\/nl\\\/#\\\/schema\\\/logo\\\/image\\\/\"},\"sameAs\":[\"https:\\\/\\\/www.facebook.com\\\/oodima.be\",\"https:\\\/\\\/www.instagram.com\\\/oodima_\\\/\"],\"description\":\"Artisans savonniers, producteur de savons liquides hydratants saponifi\u00e9s \u00e0 froid, 100% d'origine naturelle et certifi\u00e9s BIO\",\"email\":\"info@oodima.be\",\"telephone\":\"019600100\",\"legalName\":\"The Good Soap\",\"foundingDate\":\"2021-12-20\",\"vatID\":\"BE0778866646\",\"numberOfEmployees\":{\"@type\":\"QuantitativeValue\",\"minValue\":\"1\",\"maxValue\":\"10\"},\"publishingPrinciples\":\"https:\\\/\\\/oodima.be\\\/engagements\\\/\",\"ownershipFundingInfo\":\"https:\\\/\\\/oodima.be\\\/engagements\\\/\",\"correctionsPolicy\":\"https:\\\/\\\/oodima.be\\\/remboursements_retours-2\\\/\",\"ethicsPolicy\":\"https:\\\/\\\/oodima.be\\\/engagements\\\/\"}]}<\/script>\n<!-- \/ Yoast SEO Premium plugin. -->","yoast_head_json":{"title":"Vloeibare vochtinbrengende zeep navulling, 100% natuurlijk ORGANISCH","description":"Navulling voor Kruidnagel, Kaneel, Sinaasappel vloeibare vochtinbrengende zeep. Koop nu een navulling van 1 liter om je Oodima container opnieuw te gebruiken.","robots":{"index":"index","follow":"follow","max-snippet":"max-snippet:-1","max-image-preview":"max-image-preview:large","max-video-preview":"max-video-preview:-1"},"canonical":"https:\/\/oodima.be\/nl\/produit\/navulling-kruidnagel-kaneel-en-sinaasappelschil-1l\/","og_locale":"nl_NL","og_type":"article","og_title":"Navulling - Kruidnagel, kaneel en sinaasappelschil (1L)","og_description":"Navulling voor Kruidnagel, Kaneel, Sinaasappel vloeibare vochtinbrengende zeep. Koop nu een navulling van 1 liter om je Oodima container opnieuw te gebruiken.","og_url":"https:\/\/oodima.be\/nl\/produit\/navulling-kruidnagel-kaneel-en-sinaasappelschil-1l\/","og_site_name":"Oodima","article_publisher":"https:\/\/www.facebook.com\/oodima.be","article_modified_time":"2026-01-30T13:54:11+00:00","og_image":[{"width":2560,"height":2560,"url":"https:\/\/oodima.be\/wp-content\/uploads\/2023\/09\/Oodima-14-scaled.jpg","type":"image\/jpeg"}],"twitter_card":"summary_large_image","schema":{"@context":"https:\/\/schema.org","@graph":[{"@type":"WebPage","@id":"https:\/\/oodima.be\/nl\/produit\/navulling-kruidnagel-kaneel-en-sinaasappelschil-1l\/","url":"https:\/\/oodima.be\/nl\/produit\/navulling-kruidnagel-kaneel-en-sinaasappelschil-1l\/","name":"Vloeibare vochtinbrengende zeep navulling, 100% natuurlijk ORGANISCH","isPartOf":{"@id":"https:\/\/oodima.be\/nl\/#website"},"primaryImageOfPage":{"@id":"https:\/\/oodima.be\/nl\/produit\/navulling-kruidnagel-kaneel-en-sinaasappelschil-1l\/#primaryimage"},"image":{"@id":"https:\/\/oodima.be\/nl\/produit\/navulling-kruidnagel-kaneel-en-sinaasappelschil-1l\/#primaryimage"},"thumbnailUrl":"https:\/\/oodima.be\/wp-content\/uploads\/2023\/09\/Oodima-studio-572-scaled.webp","datePublished":"2023-09-21T10:07:50+00:00","dateModified":"2026-01-30T13:54:11+00:00","description":"Navulling voor Kruidnagel, Kaneel, Sinaasappel vloeibare vochtinbrengende zeep. Koop nu een navulling van 1 liter om je Oodima container opnieuw te gebruiken.","breadcrumb":{"@id":"https:\/\/oodima.be\/nl\/produit\/navulling-kruidnagel-kaneel-en-sinaasappelschil-1l\/#breadcrumb"},"inLanguage":"nl-NL","potentialAction":[{"@type":"ReadAction","target":["https:\/\/oodima.be\/nl\/produit\/navulling-kruidnagel-kaneel-en-sinaasappelschil-1l\/"]}]},{"@type":"ImageObject","inLanguage":"nl-NL","@id":"https:\/\/oodima.be\/nl\/produit\/navulling-kruidnagel-kaneel-en-sinaasappelschil-1l\/#primaryimage","url":"https:\/\/oodima.be\/wp-content\/uploads\/2023\/09\/Oodima-studio-572-scaled.webp","contentUrl":"https:\/\/oodima.be\/wp-content\/uploads\/2023\/09\/Oodima-studio-572-scaled.webp","width":1411,"height":1920},{"@type":"BreadcrumbList","@id":"https:\/\/oodima.be\/nl\/produit\/navulling-kruidnagel-kaneel-en-sinaasappelschil-1l\/#breadcrumb","itemListElement":[{"@type":"ListItem","position":1,"name":"Accueil","item":"https:\/\/oodima.be\/nl\/"},{"@type":"ListItem","position":2,"name":"Winkel","item":"https:\/\/oodima.be\/boutique\/"},{"@type":"ListItem","position":3,"name":"Navulling &#8211; Kruidnagel, kaneel en sinaasappelschil (1L)"}]},{"@type":"WebSite","@id":"https:\/\/oodima.be\/nl\/#website","url":"https:\/\/oodima.be\/nl\/","name":"Oodima","description":"La douce caresse d&#039;un v\u00e9ritable savon liquide","publisher":{"@id":"https:\/\/oodima.be\/nl\/#organization"},"potentialAction":[{"@type":"SearchAction","target":{"@type":"EntryPoint","urlTemplate":"https:\/\/oodima.be\/nl\/?s={search_term_string}"},"query-input":{"@type":"PropertyValueSpecification","valueRequired":true,"valueName":"search_term_string"}}],"inLanguage":"nl-NL"},{"@type":"Organization","@id":"https:\/\/oodima.be\/nl\/#organization","name":"Oodima","url":"https:\/\/oodima.be\/nl\/","logo":{"@type":"ImageObject","inLanguage":"nl-NL","@id":"https:\/\/oodima.be\/nl\/#\/schema\/logo\/image\/","url":"https:\/\/oodima.be\/wp-content\/uploads\/2026\/01\/logo-oodima-seul-carre.webp","contentUrl":"https:\/\/oodima.be\/wp-content\/uploads\/2026\/01\/logo-oodima-seul-carre.webp","width":567,"height":567,"caption":"Oodima"},"image":{"@id":"https:\/\/oodima.be\/nl\/#\/schema\/logo\/image\/"},"sameAs":["https:\/\/www.facebook.com\/oodima.be","https:\/\/www.instagram.com\/oodima_\/"],"description":"Artisans savonniers, producteur de savons liquides hydratants saponifi\u00e9s \u00e0 froid, 100% d'origine naturelle et certifi\u00e9s BIO","email":"info@oodima.be","telephone":"019600100","legalName":"The Good Soap","foundingDate":"2021-12-20","vatID":"BE0778866646","numberOfEmployees":{"@type":"QuantitativeValue","minValue":"1","maxValue":"10"},"publishingPrinciples":"https:\/\/oodima.be\/engagements\/","ownershipFundingInfo":"https:\/\/oodima.be\/engagements\/","correctionsPolicy":"https:\/\/oodima.be\/remboursements_retours-2\/","ethicsPolicy":"https:\/\/oodima.be\/engagements\/"}]}},"jetpack_sharing_enabled":true,"_links":{"self":[{"href":"https:\/\/oodima.be\/nl\/wp-json\/wp\/v2\/product\/3141","targetHints":{"allow":["GET"]}}],"collection":[{"href":"https:\/\/oodima.be\/nl\/wp-json\/wp\/v2\/product"}],"about":[{"href":"https:\/\/oodima.be\/nl\/wp-json\/wp\/v2\/types\/product"}],"replies":[{"embeddable":true,"href":"https:\/\/oodima.be\/nl\/wp-json\/wp\/v2\/comments?post=3141"}],"wp:featuredmedia":[{"embeddable":true,"href":"https:\/\/oodima.be\/nl\/wp-json\/wp\/v2\/media\/4645"}],"wp:attachment":[{"href":"https:\/\/oodima.be\/nl\/wp-json\/wp\/v2\/media?parent=3141"}],"wp:term":[{"taxonomy":"product_brand","embeddable":true,"href":"https:\/\/oodima.be\/nl\/wp-json\/wp\/v2\/product_brand?post=3141"},{"taxonomy":"product_cat","embeddable":true,"href":"https:\/\/oodima.be\/nl\/wp-json\/wp\/v2\/product_cat?post=3141"},{"taxonomy":"product_tag","embeddable":true,"href":"https:\/\/oodima.be\/nl\/wp-json\/wp\/v2\/product_tag?post=3141"}],"curies":[{"name":"wp","href":"https:\/\/api.w.org\/{rel}","templated":true}]}}