{"id":3056,"date":"2024-11-12T13:38:42","date_gmt":"2024-11-12T11:38:42","guid":{"rendered":"http:\/\/oodima.be\/panier-3\/"},"modified":"2024-11-12T17:11:50","modified_gmt":"2024-11-12T15:11:50","slug":"panier-3","status":"publish","type":"page","link":"https:\/\/oodima.be\/nl\/panier-3\/","title":{"rendered":"Mand"},"content":{"rendered":"\n<div data-block-name=\"woocommerce\/cart\" class=\"wp-block-woocommerce-cart alignwide is-loading\">\n<div data-block-name=\"woocommerce\/filled-cart-block\" class=\"wp-block-woocommerce-filled-cart-block\">\n<div data-block-name=\"woocommerce\/cart-items-block\" class=\"wp-block-woocommerce-cart-items-block\">\n<div data-block-name=\"woocommerce\/cart-line-items-block\" class=\"wp-block-woocommerce-cart-line-items-block\"><\/div>\n\n\n\n<div data-block-name=\"woocommerce\/cart-cross-sells-block\" class=\"wp-block-woocommerce-cart-cross-sells-block\">\n<h2 class=\"wp-block-heading has-large-font-size\">Je bent misschien ge\u00efnteresseerd in&#8230;<\/h2>\n\n\n\n<div data-block-name=\"woocommerce\/cart-cross-sells-products-block\" class=\"wp-block-woocommerce-cart-cross-sells-products-block\"><\/div>\n<\/div>\n<\/div>\n\n\n\n<div data-block-name=\"woocommerce\/cart-totals-block\" class=\"wp-block-woocommerce-cart-totals-block\">\n<div data-block-name=\"woocommerce\/cart-order-summary-block\" class=\"wp-block-woocommerce-cart-order-summary-block\">\n<div data-block-name=\"woocommerce\/cart-order-summary-heading-block\" class=\"wp-block-woocommerce-cart-order-summary-heading-block\"><\/div><div data-block-name=\"woocommerce\/cart-order-summary-coupon-form-block\" class=\"wp-block-woocommerce-cart-order-summary-coupon-form-block\"><\/div><div data-block-name=\"woocommerce\/cart-order-summary-totals-block\" class=\"wp-block-woocommerce-cart-order-summary-totals-block\">\n<div data-block-name=\"woocommerce\/cart-order-summary-subtotal-block\" class=\"wp-block-woocommerce-cart-order-summary-subtotal-block\"><\/div>\n<div data-block-name=\"woocommerce\/cart-order-summary-discount-block\" class=\"wp-block-woocommerce-cart-order-summary-discount-block\"><\/div>\n<div data-block-name=\"woocommerce\/cart-order-summary-fee-block\" class=\"wp-block-woocommerce-cart-order-summary-fee-block\"><\/div>\n<div data-block-name=\"woocommerce\/cart-order-summary-shipping-block\" class=\"wp-block-woocommerce-cart-order-summary-shipping-block\"><\/div>\n<div data-block-name=\"woocommerce\/cart-order-summary-taxes-block\" class=\"wp-block-woocommerce-cart-order-summary-taxes-block\"><\/div><\/div>\n<\/div>\n\n\n\n<div data-block-name=\"woocommerce\/cart-express-payment-block\" class=\"wp-block-woocommerce-cart-express-payment-block\"><\/div>\n\n\n\n<div data-block-name=\"woocommerce\/proceed-to-checkout-block\" class=\"wp-block-woocommerce-proceed-to-checkout-block\"><\/div>\n\n\n\n<div data-block-name=\"woocommerce\/cart-accepted-payment-methods-block\" class=\"wp-block-woocommerce-cart-accepted-payment-methods-block\"><\/div>\n<\/div>\n<\/div>\n\n\n\n<div data-block-name=\"woocommerce\/empty-cart-block\" class=\"wp-block-woocommerce-empty-cart-block\">\n<h2 class=\"wp-block-heading has-text-align-center with-empty-cart-icon wc-block-cart__empty-cart__title\">Je mandje is momenteel leeg!<\/h2>\n\n\n\n<hr class=\"wp-block-separator has-alpha-channel-opacity is-style-dots\"\/>\n\n\n\n<h2 class=\"wp-block-heading has-text-align-center\">Nieuw in de winkel<\/h2>\n\n\n<div data-block-name=\"woocommerce\/product-new\" data-columns=\"4\" data-rows=\"1\" class=\"wc-block-grid wp-block-product-new wp-block-woocommerce-product-new wc-block-product-new has-4-columns\"><ul class=\"wc-block-grid__products\"><li class=\"wc-block-grid__product\">\n\t\t\t\t<a href=\"https:\/\/oodima.be\/nl\/produit\/geschenkset-lichaam-500-ml-handen-250-ml-copie\/\" class=\"wc-block-grid__product-link\">\n\t\t\t\t\t\n\t\t\t\t\t<div class=\"wc-block-grid__product-image\"><img fetchpriority=\"high\" decoding=\"async\" width=\"300\" height=\"300\" src=\"https:\/\/oodima.be\/wp-content\/uploads\/2025\/12\/Cof4-300x300.jpg\" class=\"attachment-woocommerce_thumbnail size-woocommerce_thumbnail\" alt=\"Geschenkset - Lichaam 500 ml + Handen 250 ml (Copie)\" srcset=\"https:\/\/oodima.be\/wp-content\/uploads\/2025\/12\/Cof4-300x300.jpg 300w, https:\/\/oodima.be\/wp-content\/uploads\/2025\/12\/Cof4-1024x1024.jpg 1024w, https:\/\/oodima.be\/wp-content\/uploads\/2025\/12\/Cof4-150x150.jpg 150w, https:\/\/oodima.be\/wp-content\/uploads\/2025\/12\/Cof4-768x768.jpg 768w, https:\/\/oodima.be\/wp-content\/uploads\/2025\/12\/Cof4-1536x1536.jpg 1536w, https:\/\/oodima.be\/wp-content\/uploads\/2025\/12\/Cof4-2048x2048.jpg 2048w, https:\/\/oodima.be\/wp-content\/uploads\/2025\/12\/Cof4-600x600.jpg 600w, https:\/\/oodima.be\/wp-content\/uploads\/2025\/12\/Cof4-100x100.jpg 100w\" sizes=\"(max-width: 300px) 100vw, 300px\" \/><\/div>\n\t\t\t\t\t<div class=\"wc-block-grid__product-title\">Geschenkset &#8211; Lichaam 500 ml + Handen 250 ml (Copie)<\/div>\n\t\t\t\t<\/a>\n\t\t\t\t<div class=\"wc-block-grid__product-price price\"><span class=\"woocommerce-Price-amount amount\">24,08&nbsp;<span class=\"woocommerce-Price-currencySymbol\">&euro;<\/span><\/span><\/div>\n\t\t\t\t\n\t\t\t\t<div class=\"wp-block-button wc-block-grid__product-add-to-cart\"><a href=\"\/nl\/wp-json\/wp\/v2\/pages\/3056?add-to-cart=3916\" aria-label=\"Toevoegen aan winkelwagen: &ldquo;Geschenkset - Lichaam 500 ml + Handen 250 ml (Copie)&ldquo;\" data-quantity=\"1\" data-product_id=\"3916\" data-product_sku=\"\" data-price=\"24.08\" rel=\"nofollow\" class=\"wp-block-button__link  add_to_cart_button ajax_add_to_cart\">Toevoegen aan winkelwagen<\/a><\/div>\n\t\t\t<\/li><li class=\"wc-block-grid__product\">\n\t\t\t\t<a href=\"https:\/\/oodima.be\/nl\/produit\/kerstdoos-%f0%9f%8e%84\/\" class=\"wc-block-grid__product-link\">\n\t\t\t\t\t\n\t\t\t\t\t<div class=\"wc-block-grid__product-image\"><img decoding=\"async\" width=\"300\" height=\"300\" src=\"https:\/\/oodima.be\/wp-content\/uploads\/2024\/09\/Oodima-47-Mid-2-300x300.jpg\" class=\"attachment-woocommerce_thumbnail size-woocommerce_thumbnail\" alt=\"Geschenkset - Lichaam 500 ml + Handen 250 ml\" srcset=\"https:\/\/oodima.be\/wp-content\/uploads\/2024\/09\/Oodima-47-Mid-2-300x300.jpg 300w, https:\/\/oodima.be\/wp-content\/uploads\/2024\/09\/Oodima-47-Mid-2-150x150.jpg 150w, https:\/\/oodima.be\/wp-content\/uploads\/2024\/09\/Oodima-47-Mid-2-100x100.jpg 100w\" sizes=\"(max-width: 300px) 100vw, 300px\" \/><\/div>\n\t\t\t\t\t<div class=\"wc-block-grid__product-title\">Geschenkset &#8211; Lichaam 500 ml + Handen 250 ml<\/div>\n\t\t\t\t<\/a>\n\t\t\t\t<div class=\"wc-block-grid__product-price price\"><span class=\"woocommerce-Price-amount amount\">16,90&nbsp;<span class=\"woocommerce-Price-currencySymbol\">&euro;<\/span><\/span><\/div>\n\t\t\t\t\n\t\t\t\t<div class=\"wp-block-button wc-block-grid__product-add-to-cart\"><a href=\"https:\/\/oodima.be\/nl\/produit\/kerstdoos-%f0%9f%8e%84\/\" aria-label=\"Selecteer opties voor &ldquo;Geschenkset - Lichaam 500 ml + Handen 250 ml&rdquo;\" data-quantity=\"1\" data-product_id=\"3064\" data-product_sku=\"\" data-price=\"20.57\" rel=\"nofollow\" class=\"wp-block-button__link  add_to_cart_button\">Opties selecteren<\/a><\/div>\n\t\t\t<\/li><li class=\"wc-block-grid__product\">\n\t\t\t\t<a href=\"https:\/\/oodima.be\/nl\/produit\/handzeep-pepermunt-en-citroen\/\" class=\"wc-block-grid__product-link\">\n\t\t\t\t\t\n\t\t\t\t\t<div class=\"wc-block-grid__product-image\"><img decoding=\"async\" width=\"300\" height=\"300\" src=\"https:\/\/oodima.be\/wp-content\/uploads\/2023\/09\/Oodima-3-300x300.jpg\" class=\"attachment-woocommerce_thumbnail size-woocommerce_thumbnail\" alt=\"Op zoek naar vakantie? Zin in een Mojito op het strand? Met onze Lemon - Peppermint Toning Liquid Hand Soap ben je altijd in beweging als je je handen wast. De frisheid van munt in combinatie met het zuur van citroen geeft je huid een tonus en een lichte geur.    Essenti\u00eble olie van pepermunt, met zijn schimmelwerende eigenschappen, is perfect voor de atopische huid die snel rood en ge\u00efrriteerd wordt.  \" srcset=\"https:\/\/oodima.be\/wp-content\/uploads\/2023\/09\/Oodima-3-300x300.jpg 300w, https:\/\/oodima.be\/wp-content\/uploads\/2023\/09\/Oodima-3-1024x1024.jpg 1024w, https:\/\/oodima.be\/wp-content\/uploads\/2023\/09\/Oodima-3-150x150.jpg 150w, https:\/\/oodima.be\/wp-content\/uploads\/2023\/09\/Oodima-3-768x768.jpg 768w, https:\/\/oodima.be\/wp-content\/uploads\/2023\/09\/Oodima-3-1536x1536.jpg 1536w, https:\/\/oodima.be\/wp-content\/uploads\/2023\/09\/Oodima-3-2048x2048.jpg 2048w, https:\/\/oodima.be\/wp-content\/uploads\/2023\/09\/Oodima-3-600x600.jpg 600w, https:\/\/oodima.be\/wp-content\/uploads\/2023\/09\/Oodima-3-100x100.jpg 100w\" sizes=\"(max-width: 300px) 100vw, 300px\" \/><\/div>\n\t\t\t\t\t<div class=\"wc-block-grid__product-title\">Handzeep &#8211; Citroen Pepermunt &#8211; 250 ml<\/div>\n\t\t\t\t<\/a>\n\t\t\t\t<div class=\"wc-block-grid__product-price price\"><span class=\"woocommerce-Price-amount amount\">6,90&nbsp;<span class=\"woocommerce-Price-currencySymbol\">&euro;<\/span><\/span><\/div>\n\t\t\t\t\n\t\t\t\t<div class=\"wp-block-button wc-block-grid__product-add-to-cart\"><a href=\"\/nl\/wp-json\/wp\/v2\/pages\/3056?add-to-cart=3186\" aria-label=\"Toevoegen aan winkelwagen: &ldquo;Handzeep - Citroen Pepermunt - 250 ml&ldquo;\" data-quantity=\"1\" data-product_id=\"3186\" data-product_sku=\"\" data-price=\"6.9\" rel=\"nofollow\" class=\"wp-block-button__link  add_to_cart_button ajax_add_to_cart\">Toevoegen aan winkelwagen<\/a><\/div>\n\t\t\t<\/li><li class=\"wc-block-grid__product\">\n\t\t\t\t<a href=\"https:\/\/oodima.be\/nl\/produit\/handzeep-ylang-ylang-en-geranium\/\" class=\"wc-block-grid__product-link\">\n\t\t\t\t\t\n\t\t\t\t\t<div class=\"wc-block-grid__product-image\"><img loading=\"lazy\" decoding=\"async\" width=\"300\" height=\"300\" src=\"https:\/\/oodima.be\/wp-content\/uploads\/2023\/09\/Oodima-4-300x300.jpg\" class=\"attachment-woocommerce_thumbnail size-woocommerce_thumbnail\" alt=\"Onze Geranium Ylang Ylang vloeibare handzeep brengt je een voorproefje van de lente. Een moment van bloemige frisheid die &#039;s ochtends goed aanvoelt en op je huid blijft zitten elke keer dat je je handen wast! De essenti\u00eble olie van Ylang-Ylang laat een doffe, vermoeide huid weer stralen. Essenti\u00eble olie van Rose Geranium wordt vooral aanbevolen om huidveroudering tegen te gaan.   \" srcset=\"https:\/\/oodima.be\/wp-content\/uploads\/2023\/09\/Oodima-4-300x300.jpg 300w, https:\/\/oodima.be\/wp-content\/uploads\/2023\/09\/Oodima-4-1024x1024.jpg 1024w, https:\/\/oodima.be\/wp-content\/uploads\/2023\/09\/Oodima-4-150x150.jpg 150w, https:\/\/oodima.be\/wp-content\/uploads\/2023\/09\/Oodima-4-768x768.jpg 768w, https:\/\/oodima.be\/wp-content\/uploads\/2023\/09\/Oodima-4-1536x1536.jpg 1536w, https:\/\/oodima.be\/wp-content\/uploads\/2023\/09\/Oodima-4-2048x2048.jpg 2048w, https:\/\/oodima.be\/wp-content\/uploads\/2023\/09\/Oodima-4-600x600.jpg 600w, https:\/\/oodima.be\/wp-content\/uploads\/2023\/09\/Oodima-4-100x100.jpg 100w\" sizes=\"(max-width: 300px) 100vw, 300px\" \/><\/div>\n\t\t\t\t\t<div class=\"wc-block-grid__product-title\">Handzeep &#8211; Ylang Ylang en geranium &#8211; 250 ml<\/div>\n\t\t\t\t<\/a>\n\t\t\t\t<div class=\"wc-block-grid__product-price price\"><span class=\"woocommerce-Price-amount amount\">6,90&nbsp;<span class=\"woocommerce-Price-currencySymbol\">&euro;<\/span><\/span><\/div>\n\t\t\t\t\n\t\t\t\t<div class=\"wp-block-button wc-block-grid__product-add-to-cart\"><a href=\"\/nl\/wp-json\/wp\/v2\/pages\/3056?add-to-cart=3179\" aria-label=\"Toevoegen aan winkelwagen: &ldquo;Handzeep - Ylang Ylang en geranium - 250 ml&ldquo;\" data-quantity=\"1\" data-product_id=\"3179\" data-product_sku=\"\" data-price=\"6.9\" rel=\"nofollow\" class=\"wp-block-button__link  add_to_cart_button ajax_add_to_cart\">Toevoegen aan winkelwagen<\/a><\/div>\n\t\t\t<\/li><\/ul><\/div><\/div>\n<\/div>\n","protected":false},"excerpt":{"rendered":"","protected":false},"author":1,"featured_media":0,"parent":0,"menu_order":0,"comment_status":"closed","ping_status":"closed","template":"","meta":{"footnotes":""},"class_list":["post-3056","page","type-page","status-publish","hentry"],"yoast_head":"<!-- This site is optimized with the Yoast SEO Premium plugin v27.2 (Yoast SEO v27.3) - https:\/\/yoast.com\/product\/yoast-seo-premium-wordpress\/ -->\n<title>Mand - Oodima<\/title>\n<meta name=\"robots\" content=\"index, follow, max-snippet:-1, max-image-preview:large, max-video-preview:-1\" \/>\n<link rel=\"canonical\" href=\"https:\/\/oodima.be\/nl\/panier-3\/\" \/>\n<meta property=\"og:locale\" content=\"nl_NL\" \/>\n<meta property=\"og:type\" content=\"article\" \/>\n<meta property=\"og:title\" content=\"Mand\" \/>\n<meta property=\"og:url\" content=\"https:\/\/oodima.be\/nl\/panier-3\/\" \/>\n<meta property=\"og:site_name\" content=\"Oodima\" \/>\n<meta property=\"article:publisher\" content=\"https:\/\/www.facebook.com\/oodima.be\" \/>\n<meta property=\"article:modified_time\" content=\"2024-11-12T15:11:50+00:00\" \/>\n<meta property=\"og:image\" content=\"https:\/\/oodima.be\/wp-content\/uploads\/2026\/01\/Oodima-douce-carresse-scaled.webp\" \/>\n\t<meta property=\"og:image:width\" content=\"1920\" \/>\n\t<meta property=\"og:image:height\" content=\"1244\" \/>\n\t<meta property=\"og:image:type\" content=\"image\/webp\" \/>\n<meta name=\"twitter:card\" content=\"summary_large_image\" \/>\n<script type=\"application\/ld+json\" class=\"yoast-schema-graph\">{\"@context\":\"https:\\\/\\\/schema.org\",\"@graph\":[{\"@type\":\"WebPage\",\"@id\":\"https:\\\/\\\/oodima.be\\\/nl\\\/panier-3\\\/\",\"url\":\"https:\\\/\\\/oodima.be\\\/nl\\\/panier-3\\\/\",\"name\":\"Mand - Oodima\",\"isPartOf\":{\"@id\":\"https:\\\/\\\/oodima.be\\\/nl\\\/#website\"},\"datePublished\":\"2024-11-12T11:38:42+00:00\",\"dateModified\":\"2024-11-12T15:11:50+00:00\",\"breadcrumb\":{\"@id\":\"https:\\\/\\\/oodima.be\\\/nl\\\/panier-3\\\/#breadcrumb\"},\"inLanguage\":\"nl-NL\",\"potentialAction\":[{\"@type\":\"ReadAction\",\"target\":[\"https:\\\/\\\/oodima.be\\\/nl\\\/panier-3\\\/\"]}]},{\"@type\":\"BreadcrumbList\",\"@id\":\"https:\\\/\\\/oodima.be\\\/nl\\\/panier-3\\\/#breadcrumb\",\"itemListElement\":[{\"@type\":\"ListItem\",\"position\":1,\"name\":\"Accueil\",\"item\":\"https:\\\/\\\/oodima.be\\\/nl\\\/home\\\/\"},{\"@type\":\"ListItem\",\"position\":2,\"name\":\"Mand\"}]},{\"@type\":\"WebSite\",\"@id\":\"https:\\\/\\\/oodima.be\\\/nl\\\/#website\",\"url\":\"https:\\\/\\\/oodima.be\\\/nl\\\/\",\"name\":\"Oodima\",\"description\":\"La douce caresse d&#039;un v\u00e9ritable savon liquide\",\"publisher\":{\"@id\":\"https:\\\/\\\/oodima.be\\\/nl\\\/#organization\"},\"potentialAction\":[{\"@type\":\"SearchAction\",\"target\":{\"@type\":\"EntryPoint\",\"urlTemplate\":\"https:\\\/\\\/oodima.be\\\/nl\\\/?s={search_term_string}\"},\"query-input\":{\"@type\":\"PropertyValueSpecification\",\"valueRequired\":true,\"valueName\":\"search_term_string\"}}],\"inLanguage\":\"nl-NL\"},{\"@type\":\"Organization\",\"@id\":\"https:\\\/\\\/oodima.be\\\/nl\\\/#organization\",\"name\":\"Oodima\",\"url\":\"https:\\\/\\\/oodima.be\\\/nl\\\/\",\"logo\":{\"@type\":\"ImageObject\",\"inLanguage\":\"nl-NL\",\"@id\":\"https:\\\/\\\/oodima.be\\\/nl\\\/#\\\/schema\\\/logo\\\/image\\\/\",\"url\":\"https:\\\/\\\/oodima.be\\\/wp-content\\\/uploads\\\/2026\\\/01\\\/logo-oodima-seul-carre.webp\",\"contentUrl\":\"https:\\\/\\\/oodima.be\\\/wp-content\\\/uploads\\\/2026\\\/01\\\/logo-oodima-seul-carre.webp\",\"width\":567,\"height\":567,\"caption\":\"Oodima\"},\"image\":{\"@id\":\"https:\\\/\\\/oodima.be\\\/nl\\\/#\\\/schema\\\/logo\\\/image\\\/\"},\"sameAs\":[\"https:\\\/\\\/www.facebook.com\\\/oodima.be\",\"https:\\\/\\\/www.instagram.com\\\/oodima_\\\/\"],\"description\":\"Artisans savonniers, producteur de savons liquides hydratants saponifi\u00e9s \u00e0 froid, 100% d'origine naturelle et certifi\u00e9s BIO\",\"email\":\"info@oodima.be\",\"telephone\":\"019600100\",\"legalName\":\"The Good Soap\",\"foundingDate\":\"2021-12-20\",\"vatID\":\"BE0778866646\",\"numberOfEmployees\":{\"@type\":\"QuantitativeValue\",\"minValue\":\"1\",\"maxValue\":\"10\"},\"publishingPrinciples\":\"https:\\\/\\\/oodima.be\\\/engagements\\\/\",\"ownershipFundingInfo\":\"https:\\\/\\\/oodima.be\\\/engagements\\\/\",\"correctionsPolicy\":\"https:\\\/\\\/oodima.be\\\/remboursements_retours-2\\\/\",\"ethicsPolicy\":\"https:\\\/\\\/oodima.be\\\/engagements\\\/\"}]}<\/script>\n<!-- \/ Yoast SEO Premium plugin. -->","yoast_head_json":{"title":"Mand - Oodima","robots":{"index":"index","follow":"follow","max-snippet":"max-snippet:-1","max-image-preview":"max-image-preview:large","max-video-preview":"max-video-preview:-1"},"canonical":"https:\/\/oodima.be\/nl\/panier-3\/","og_locale":"nl_NL","og_type":"article","og_title":"Mand","og_url":"https:\/\/oodima.be\/nl\/panier-3\/","og_site_name":"Oodima","article_publisher":"https:\/\/www.facebook.com\/oodima.be","article_modified_time":"2024-11-12T15:11:50+00:00","og_image":[{"width":1920,"height":1244,"url":"https:\/\/oodima.be\/wp-content\/uploads\/2026\/01\/Oodima-douce-carresse-scaled.webp","type":"image\/webp"}],"twitter_card":"summary_large_image","schema":{"@context":"https:\/\/schema.org","@graph":[{"@type":"WebPage","@id":"https:\/\/oodima.be\/nl\/panier-3\/","url":"https:\/\/oodima.be\/nl\/panier-3\/","name":"Mand - Oodima","isPartOf":{"@id":"https:\/\/oodima.be\/nl\/#website"},"datePublished":"2024-11-12T11:38:42+00:00","dateModified":"2024-11-12T15:11:50+00:00","breadcrumb":{"@id":"https:\/\/oodima.be\/nl\/panier-3\/#breadcrumb"},"inLanguage":"nl-NL","potentialAction":[{"@type":"ReadAction","target":["https:\/\/oodima.be\/nl\/panier-3\/"]}]},{"@type":"BreadcrumbList","@id":"https:\/\/oodima.be\/nl\/panier-3\/#breadcrumb","itemListElement":[{"@type":"ListItem","position":1,"name":"Accueil","item":"https:\/\/oodima.be\/nl\/home\/"},{"@type":"ListItem","position":2,"name":"Mand"}]},{"@type":"WebSite","@id":"https:\/\/oodima.be\/nl\/#website","url":"https:\/\/oodima.be\/nl\/","name":"Oodima","description":"La douce caresse d&#039;un v\u00e9ritable savon liquide","publisher":{"@id":"https:\/\/oodima.be\/nl\/#organization"},"potentialAction":[{"@type":"SearchAction","target":{"@type":"EntryPoint","urlTemplate":"https:\/\/oodima.be\/nl\/?s={search_term_string}"},"query-input":{"@type":"PropertyValueSpecification","valueRequired":true,"valueName":"search_term_string"}}],"inLanguage":"nl-NL"},{"@type":"Organization","@id":"https:\/\/oodima.be\/nl\/#organization","name":"Oodima","url":"https:\/\/oodima.be\/nl\/","logo":{"@type":"ImageObject","inLanguage":"nl-NL","@id":"https:\/\/oodima.be\/nl\/#\/schema\/logo\/image\/","url":"https:\/\/oodima.be\/wp-content\/uploads\/2026\/01\/logo-oodima-seul-carre.webp","contentUrl":"https:\/\/oodima.be\/wp-content\/uploads\/2026\/01\/logo-oodima-seul-carre.webp","width":567,"height":567,"caption":"Oodima"},"image":{"@id":"https:\/\/oodima.be\/nl\/#\/schema\/logo\/image\/"},"sameAs":["https:\/\/www.facebook.com\/oodima.be","https:\/\/www.instagram.com\/oodima_\/"],"description":"Artisans savonniers, producteur de savons liquides hydratants saponifi\u00e9s \u00e0 froid, 100% d'origine naturelle et certifi\u00e9s BIO","email":"info@oodima.be","telephone":"019600100","legalName":"The Good Soap","foundingDate":"2021-12-20","vatID":"BE0778866646","numberOfEmployees":{"@type":"QuantitativeValue","minValue":"1","maxValue":"10"},"publishingPrinciples":"https:\/\/oodima.be\/engagements\/","ownershipFundingInfo":"https:\/\/oodima.be\/engagements\/","correctionsPolicy":"https:\/\/oodima.be\/remboursements_retours-2\/","ethicsPolicy":"https:\/\/oodima.be\/engagements\/"}]}},"_hostinger_reach_plugin_has_subscription_block":false,"_hostinger_reach_plugin_is_elementor":false,"jetpack_sharing_enabled":true,"_links":{"self":[{"href":"https:\/\/oodima.be\/nl\/wp-json\/wp\/v2\/pages\/3056","targetHints":{"allow":["GET"]}}],"collection":[{"href":"https:\/\/oodima.be\/nl\/wp-json\/wp\/v2\/pages"}],"about":[{"href":"https:\/\/oodima.be\/nl\/wp-json\/wp\/v2\/types\/page"}],"author":[{"embeddable":true,"href":"https:\/\/oodima.be\/nl\/wp-json\/wp\/v2\/users\/1"}],"replies":[{"embeddable":true,"href":"https:\/\/oodima.be\/nl\/wp-json\/wp\/v2\/comments?post=3056"}],"version-history":[{"count":2,"href":"https:\/\/oodima.be\/nl\/wp-json\/wp\/v2\/pages\/3056\/revisions"}],"predecessor-version":[{"id":3293,"href":"https:\/\/oodima.be\/nl\/wp-json\/wp\/v2\/pages\/3056\/revisions\/3293"}],"wp:attachment":[{"href":"https:\/\/oodima.be\/nl\/wp-json\/wp\/v2\/media?parent=3056"}],"curies":[{"name":"wp","href":"https:\/\/api.w.org\/{rel}","templated":true}]}}