{"id":3014,"date":"2023-04-03T08:20:28","date_gmt":"2023-04-03T06:20:28","guid":{"rendered":"http:\/\/oodima.be\/blog\/"},"modified":"2024-11-12T13:25:15","modified_gmt":"2024-11-12T11:25:15","slug":"blog","status":"publish","type":"page","link":"https:\/\/oodima.be\/nl\/blog\/","title":{"rendered":"Blog"},"content":{"rendered":"\t\t<div data-elementor-type=\"wp-page\" data-elementor-id=\"3014\" class=\"elementor elementor-3014 elementor-501\" data-elementor-post-type=\"page\">\n\t\t\t\t\t\t<section class=\"elementor-section elementor-top-section elementor-element elementor-element-cc39ed4 elementor-section-content-middle elementor-section-stretched elementor-section-boxed elementor-section-height-default elementor-section-height-default\" data-id=\"cc39ed4\" data-element_type=\"section\" data-e-type=\"section\" data-settings=\"{&quot;background_background&quot;:&quot;classic&quot;,&quot;stretch_section&quot;:&quot;section-stretched&quot;}\">\n\t\t\t\t\t\t<div class=\"elementor-container elementor-column-gap-default\">\n\t\t\t\t\t<div class=\"elementor-column elementor-col-100 elementor-top-column elementor-element elementor-element-b83bed8\" data-id=\"b83bed8\" data-element_type=\"column\" data-e-type=\"column\">\n\t\t\t<div class=\"elementor-widget-wrap elementor-element-populated\">\n\t\t\t\t\t\t\t<\/div>\n\t\t<\/div>\n\t\t\t\t\t<\/div>\n\t\t<\/section>\n\t\t\t\t<section class=\"elementor-section elementor-top-section elementor-element elementor-element-14ba6c9 elementor-section-stretched elementor-reverse-mobile elementor-section-boxed elementor-section-height-default elementor-section-height-default\" data-id=\"14ba6c9\" data-element_type=\"section\" data-e-type=\"section\" data-settings=\"{&quot;stretch_section&quot;:&quot;section-stretched&quot;,&quot;background_background&quot;:&quot;classic&quot;}\">\n\t\t\t\t\t\t<div class=\"elementor-container elementor-column-gap-default\">\n\t\t\t\t\t<div class=\"elementor-column elementor-col-100 elementor-top-column elementor-element elementor-element-a845605\" data-id=\"a845605\" data-element_type=\"column\" data-e-type=\"column\">\n\t\t\t<div class=\"elementor-widget-wrap elementor-element-populated\">\n\t\t\t\t\t\t<div class=\"elementor-element elementor-element-61c5504 elementor-widget elementor-widget-heading\" data-id=\"61c5504\" data-element_type=\"widget\" data-e-type=\"widget\" data-widget_type=\"heading.default\">\n\t\t\t\t<div class=\"elementor-widget-container\">\n\t\t\t\t\t<h2 class=\"elementor-heading-title elementor-size-default\">Al onze artikelen<\/h2>\t\t\t\t<\/div>\n\t\t\t\t<\/div>\n\t\t\t\t<div class=\"elementor-element elementor-element-e1c845e elementor-widget elementor-widget-text-editor\" data-id=\"e1c845e\" data-element_type=\"widget\" data-e-type=\"widget\" data-widget_type=\"text-editor.default\">\n\t\t\t\t<div class=\"elementor-widget-container\">\n\t\t\t\t\t\t\t\t\t<p>Ontdek alles over Oodima via onze blogposts.<\/p>\n\t\t\t\t\t\t\t\t<\/div>\n\t\t\t\t<\/div>\n\t\t\t\t<div class=\"elementor-element elementor-element-5383b4d elementor-posts--align-left elementor-grid-3 elementor-grid-tablet-2 elementor-grid-mobile-1 elementor-posts--thumbnail-top load-more-align-center elementor-widget elementor-widget-posts\" data-id=\"5383b4d\" data-element_type=\"widget\" data-e-type=\"widget\" data-settings=\"{&quot;classic_row_gap&quot;:{&quot;unit&quot;:&quot;px&quot;,&quot;size&quot;:&quot;30&quot;,&quot;sizes&quot;:[]},&quot;classic_row_gap_tablet&quot;:{&quot;unit&quot;:&quot;px&quot;,&quot;size&quot;:&quot;30&quot;,&quot;sizes&quot;:[]},&quot;classic_row_gap_mobile&quot;:{&quot;unit&quot;:&quot;px&quot;,&quot;size&quot;:&quot;30&quot;,&quot;sizes&quot;:[]},&quot;pagination_type&quot;:&quot;load_more_on_click&quot;,&quot;classic_columns&quot;:&quot;3&quot;,&quot;classic_columns_tablet&quot;:&quot;2&quot;,&quot;classic_columns_mobile&quot;:&quot;1&quot;,&quot;load_more_spinner&quot;:{&quot;value&quot;:&quot;fas fa-spinner&quot;,&quot;library&quot;:&quot;fa-solid&quot;}}\" data-widget_type=\"posts.classic\">\n\t\t\t\t<div class=\"elementor-widget-container\">\n\t\t\t\t\t\t\t<div class=\"elementor-posts-container elementor-posts elementor-posts--skin-classic elementor-grid\" role=\"list\">\n\t\t\t\t<article class=\"elementor-post elementor-grid-item post-4222 post type-post status-publish format-standard has-post-thumbnail hentry category-geen-onderdeel-van-een-categorie\" role=\"listitem\">\n\t\t\t\t<a class=\"elementor-post__thumbnail__link\" href=\"https:\/\/oodima.be\/nl\/ons-nieuwe-lab\/\" tabindex=\"-1\" target=&quot;_blank&quot;>\n\t\t\t<div class=\"elementor-post__thumbnail\"><img fetchpriority=\"high\" decoding=\"async\" width=\"300\" height=\"202\" src=\"https:\/\/oodima.be\/wp-content\/uploads\/2026\/01\/Oodima-atelier-BD-7-300x202.jpg\" class=\"elementor-animation-shrink attachment-medium size-medium wp-image-4275\" alt=\"\" srcset=\"https:\/\/oodima.be\/wp-content\/uploads\/2026\/01\/Oodima-atelier-BD-7-300x202.jpg 300w, https:\/\/oodima.be\/wp-content\/uploads\/2026\/01\/Oodima-atelier-BD-7-1024x690.jpg 1024w, https:\/\/oodima.be\/wp-content\/uploads\/2026\/01\/Oodima-atelier-BD-7-768x518.jpg 768w, https:\/\/oodima.be\/wp-content\/uploads\/2026\/01\/Oodima-atelier-BD-7-1536x1035.jpg 1536w, https:\/\/oodima.be\/wp-content\/uploads\/2026\/01\/Oodima-atelier-BD-7-2048x1380.jpg 2048w, https:\/\/oodima.be\/wp-content\/uploads\/2026\/01\/Oodima-atelier-BD-7-600x404.jpg 600w, https:\/\/oodima.be\/wp-content\/uploads\/2026\/01\/Oodima-atelier-BD-7-scaled.webp 1920w\" sizes=\"(max-width: 300px) 100vw, 300px\" \/><\/div>\n\t\t<\/a>\n\t\t\t\t<div class=\"elementor-post__text\">\n\t\t\t\t<h3 class=\"elementor-post__title\">\n\t\t\t<a href=\"https:\/\/oodima.be\/nl\/ons-nieuwe-lab\/\" target=&quot;_blank&quot;>\n\t\t\t\tOns nieuwe lab\t\t\t<\/a>\n\t\t<\/h3>\n\t\t\t\t<div class=\"elementor-post__excerpt\">\n\t\t\t<p>Oodima is verheugd te kunnen aankondigen dat we ons nieuwe laboratorium in gebruik hebben genomen. Het is gevestigd in Seraing en stelt ons in staat<\/p>\n\t\t<\/div>\n\t\t\t\t\t<div class=\"elementor-post__read-more-wrapper\">\n\t\t\n\t\t<a class=\"elementor-post__read-more\" href=\"https:\/\/oodima.be\/nl\/ons-nieuwe-lab\/\" aria-label=\"Lees meer over Ons nieuwe lab\" tabindex=\"-1\" target=\"_blank\">\n\t\t\tMeer lezen\t\t<\/a>\n\n\t\t\t\t\t<\/div>\n\t\t\t\t<\/div>\n\t\t\t\t<\/article>\n\t\t\t\t<article class=\"elementor-post elementor-grid-item post-2924 post type-post status-publish format-standard has-post-thumbnail hentry category-geen-onderdeel-van-een-categorie\" role=\"listitem\">\n\t\t\t\t<a class=\"elementor-post__thumbnail__link\" href=\"https:\/\/oodima.be\/nl\/oodima-in-valerian\/\" tabindex=\"-1\" target=&quot;_blank&quot;>\n\t\t\t<div class=\"elementor-post__thumbnail\"><img decoding=\"async\" width=\"300\" height=\"256\" src=\"https:\/\/oodima.be\/wp-content\/uploads\/2024\/09\/Arabelle-300x256.jpg\" class=\"elementor-animation-shrink attachment-medium size-medium wp-image-2784\" alt=\"\" srcset=\"https:\/\/oodima.be\/wp-content\/uploads\/2024\/09\/Arabelle-300x256.jpg 300w, https:\/\/oodima.be\/wp-content\/uploads\/2024\/09\/Arabelle-768x656.jpg 768w, https:\/\/oodima.be\/wp-content\/uploads\/2024\/09\/Arabelle-600x513.jpg 600w, https:\/\/oodima.be\/wp-content\/uploads\/2024\/09\/Arabelle.jpg 960w\" sizes=\"(max-width: 300px) 100vw, 300px\" \/><\/div>\n\t\t<\/a>\n\t\t\t\t<div class=\"elementor-post__text\">\n\t\t\t\t<h3 class=\"elementor-post__title\">\n\t\t\t<a href=\"https:\/\/oodima.be\/nl\/oodima-in-valerian\/\" target=&quot;_blank&quot;>\n\t\t\t\tOodima in Valerian\t\t\t<\/a>\n\t\t<\/h3>\n\t\t\t\t<div class=\"elementor-post__excerpt\">\n\t\t\t<p>Op 6, 7 en 8 september 2024 stond Oodima met Equilibre oli\u00ebn op de BIO-beurs Val\u00e9riane in Namen. We hebben veel Oodima-fans ontmoet. Dank aan<\/p>\n\t\t<\/div>\n\t\t\t\t\t<div class=\"elementor-post__read-more-wrapper\">\n\t\t\n\t\t<a class=\"elementor-post__read-more\" href=\"https:\/\/oodima.be\/nl\/oodima-in-valerian\/\" aria-label=\"Lees meer over Oodima in Valerian\" tabindex=\"-1\" target=\"_blank\">\n\t\t\tMeer lezen\t\t<\/a>\n\n\t\t\t\t\t<\/div>\n\t\t\t\t<\/div>\n\t\t\t\t<\/article>\n\t\t\t\t<article class=\"elementor-post elementor-grid-item post-2944 post type-post status-publish format-standard has-post-thumbnail hentry category-geen-onderdeel-van-een-categorie\" role=\"listitem\">\n\t\t\t\t<a class=\"elementor-post__thumbnail__link\" href=\"https:\/\/oodima.be\/nl\/de-voordelen-van-zonnebloemen-%f0%9f%8c%bb\/\" tabindex=\"-1\" target=&quot;_blank&quot;>\n\t\t\t<div class=\"elementor-post__thumbnail\"><img decoding=\"async\" width=\"300\" height=\"169\" src=\"https:\/\/oodima.be\/wp-content\/uploads\/2023\/12\/f930bf02-1809-4f71-b3bd-348746a9c657-edited-300x169.jpg\" class=\"elementor-animation-shrink attachment-medium size-medium wp-image-2571\" alt=\"\" srcset=\"https:\/\/oodima.be\/wp-content\/uploads\/2023\/12\/f930bf02-1809-4f71-b3bd-348746a9c657-edited-300x169.jpg 300w, https:\/\/oodima.be\/wp-content\/uploads\/2023\/12\/f930bf02-1809-4f71-b3bd-348746a9c657-edited-1024x576.jpg 1024w, https:\/\/oodima.be\/wp-content\/uploads\/2023\/12\/f930bf02-1809-4f71-b3bd-348746a9c657-edited-768x432.jpg 768w, https:\/\/oodima.be\/wp-content\/uploads\/2023\/12\/f930bf02-1809-4f71-b3bd-348746a9c657-edited-1536x864.jpg 1536w, https:\/\/oodima.be\/wp-content\/uploads\/2023\/12\/f930bf02-1809-4f71-b3bd-348746a9c657-edited-600x338.jpg 600w, https:\/\/oodima.be\/wp-content\/uploads\/2023\/12\/f930bf02-1809-4f71-b3bd-348746a9c657-edited.jpg 2048w\" sizes=\"(max-width: 300px) 100vw, 300px\" \/><\/div>\n\t\t<\/a>\n\t\t\t\t<div class=\"elementor-post__text\">\n\t\t\t\t<h3 class=\"elementor-post__title\">\n\t\t\t<a href=\"https:\/\/oodima.be\/nl\/de-voordelen-van-zonnebloemen-%f0%9f%8c%bb\/\" target=&quot;_blank&quot;>\n\t\t\t\tDe voordelen van zonnebloemen \ud83c\udf3b\t\t\t<\/a>\n\t\t<\/h3>\n\t\t\t\t<div class=\"elementor-post__excerpt\">\n\t\t\t<p>De zonnebloem, de bloem van de zon, staat bekend om haar mooie gele kleur en haar schoonheid. Maar er zit veel meer achter. De olie, gewonnen uit de zaden, heeft een hoge concentratie vitamine E en Omega 6, natuurlijke antioxidanten. Verzachtend, voedend en tonifi\u00ebrend, is het uitstekend voor de huid en het haar.     <\/p>\n\t\t<\/div>\n\t\t\t\t\t<div class=\"elementor-post__read-more-wrapper\">\n\t\t\n\t\t<a class=\"elementor-post__read-more\" href=\"https:\/\/oodima.be\/nl\/de-voordelen-van-zonnebloemen-%f0%9f%8c%bb\/\" aria-label=\"Lees meer over De voordelen van zonnebloemen \ud83c\udf3b\" tabindex=\"-1\" target=\"_blank\">\n\t\t\tMeer lezen\t\t<\/a>\n\n\t\t\t\t\t<\/div>\n\t\t\t\t<\/div>\n\t\t\t\t<\/article>\n\t\t\t\t<article class=\"elementor-post elementor-grid-item post-2935 post type-post status-publish format-standard has-post-thumbnail hentry category-geen-onderdeel-van-een-categorie\" role=\"listitem\">\n\t\t\t\t<a class=\"elementor-post__thumbnail__link\" href=\"https:\/\/oodima.be\/nl\/oodima-zeep-navullingen-%f0%9f%ab%a7%f0%9f%8c%bb\/\" tabindex=\"-1\" target=&quot;_blank&quot;>\n\t\t\t<div class=\"elementor-post__thumbnail\"><img loading=\"lazy\" decoding=\"async\" width=\"300\" height=\"172\" src=\"https:\/\/oodima.be\/wp-content\/uploads\/2023\/07\/Oodima-01-scaled-e1690729102368-300x172.jpg\" class=\"elementor-animation-shrink attachment-medium size-medium wp-image-2310\" alt=\"\" srcset=\"https:\/\/oodima.be\/wp-content\/uploads\/2023\/07\/Oodima-01-scaled-e1690729102368-300x172.jpg 300w, https:\/\/oodima.be\/wp-content\/uploads\/2023\/07\/Oodima-01-scaled-e1690729102368-1024x586.jpg 1024w, https:\/\/oodima.be\/wp-content\/uploads\/2023\/07\/Oodima-01-scaled-e1690729102368-768x440.jpg 768w, https:\/\/oodima.be\/wp-content\/uploads\/2023\/07\/Oodima-01-scaled-e1690729102368-1536x879.jpg 1536w, https:\/\/oodima.be\/wp-content\/uploads\/2023\/07\/Oodima-01-scaled-e1690729102368-600x343.jpg 600w, https:\/\/oodima.be\/wp-content\/uploads\/2023\/07\/Oodima-01-scaled-e1690729102368.jpg 2037w\" sizes=\"(max-width: 300px) 100vw, 300px\" \/><\/div>\n\t\t<\/a>\n\t\t\t\t<div class=\"elementor-post__text\">\n\t\t\t\t<h3 class=\"elementor-post__title\">\n\t\t\t<a href=\"https:\/\/oodima.be\/nl\/oodima-zeep-navullingen-%f0%9f%ab%a7%f0%9f%8c%bb\/\" target=&quot;_blank&quot;>\n\t\t\t\tOodima zeep navullingen \ud83e\udee7\ud83c\udf3b\t\t\t<\/a>\n\t\t<\/h3>\n\t\t\t\t<div class=\"elementor-post__excerpt\">\n\t\t\t<p>Onze Oodima handzepen worden verkocht in glazen schuimcontainers. Hergebruik je zeep keer op keer met onze navullingen van 1 liter, nu verkrijgbaar op onze website. <\/p>\n\t\t<\/div>\n\t\t\t\t\t<div class=\"elementor-post__read-more-wrapper\">\n\t\t\n\t\t<a class=\"elementor-post__read-more\" href=\"https:\/\/oodima.be\/nl\/oodima-zeep-navullingen-%f0%9f%ab%a7%f0%9f%8c%bb\/\" aria-label=\"Lees meer over Oodima zeep navullingen \ud83e\udee7\ud83c\udf3b\" tabindex=\"-1\" target=\"_blank\">\n\t\t\tMeer lezen\t\t<\/a>\n\n\t\t\t\t\t<\/div>\n\t\t\t\t<\/div>\n\t\t\t\t<\/article>\n\t\t\t\t<article class=\"elementor-post elementor-grid-item post-2962 post type-post status-publish format-standard has-post-thumbnail hentry category-geen-onderdeel-van-een-categorie\" role=\"listitem\">\n\t\t\t\t<a class=\"elementor-post__thumbnail__link\" href=\"https:\/\/oodima.be\/nl\/de-schoonheid-van-belgische-zonnebloemen-in-natuurlijke-cosmetica\/\" tabindex=\"-1\" target=&quot;_blank&quot;>\n\t\t\t<div class=\"elementor-post__thumbnail\"><img loading=\"lazy\" decoding=\"async\" width=\"225\" height=\"300\" src=\"https:\/\/oodima.be\/wp-content\/uploads\/2023\/08\/fb82ac1d-ce8b-46b4-9dd2-67fd2d5e39db-225x300.jpg\" class=\"elementor-animation-shrink attachment-medium size-medium wp-image-2484\" alt=\"\" srcset=\"https:\/\/oodima.be\/wp-content\/uploads\/2023\/08\/fb82ac1d-ce8b-46b4-9dd2-67fd2d5e39db-225x300.jpg 225w, https:\/\/oodima.be\/wp-content\/uploads\/2023\/08\/fb82ac1d-ce8b-46b4-9dd2-67fd2d5e39db-768x1024.jpg 768w, https:\/\/oodima.be\/wp-content\/uploads\/2023\/08\/fb82ac1d-ce8b-46b4-9dd2-67fd2d5e39db-1152x1536.jpg 1152w, https:\/\/oodima.be\/wp-content\/uploads\/2023\/08\/fb82ac1d-ce8b-46b4-9dd2-67fd2d5e39db-600x800.jpg 600w, https:\/\/oodima.be\/wp-content\/uploads\/2023\/08\/fb82ac1d-ce8b-46b4-9dd2-67fd2d5e39db.jpg 1536w\" sizes=\"(max-width: 225px) 100vw, 225px\" \/><\/div>\n\t\t<\/a>\n\t\t\t\t<div class=\"elementor-post__text\">\n\t\t\t\t<h3 class=\"elementor-post__title\">\n\t\t\t<a href=\"https:\/\/oodima.be\/nl\/de-schoonheid-van-belgische-zonnebloemen-in-natuurlijke-cosmetica\/\" target=&quot;_blank&quot;>\n\t\t\t\tDe schoonheid van Belgische zonnebloemen in natuurlijke cosmetica\t\t\t<\/a>\n\t\t<\/h3>\n\t\t\t\t<div class=\"elementor-post__excerpt\">\n\t\t\t<p>Ontdek het verhaal van Oodima, een natuurlijk cosmeticamerk opgericht door Nicolas Ancion en Boris Louis. Een merk waar elk product een harmonie is tussen mens en natuur, dat schoonheid en verantwoordelijkheid verenigt in een hydraterend huidverzorgingsritueel. <\/p>\n\t\t<\/div>\n\t\t\t\t\t<div class=\"elementor-post__read-more-wrapper\">\n\t\t\n\t\t<a class=\"elementor-post__read-more\" href=\"https:\/\/oodima.be\/nl\/de-schoonheid-van-belgische-zonnebloemen-in-natuurlijke-cosmetica\/\" aria-label=\"Lees meer over De schoonheid van Belgische zonnebloemen in natuurlijke cosmetica\" tabindex=\"-1\" target=\"_blank\">\n\t\t\tMeer lezen\t\t<\/a>\n\n\t\t\t\t\t<\/div>\n\t\t\t\t<\/div>\n\t\t\t\t<\/article>\n\t\t\t\t<\/div>\n\t\t\t\t\t<span class=\"e-load-more-spinner\">\n\t\t\t\t<i aria-hidden=\"true\" class=\"fas fa-spinner\"><\/i>\t\t\t<\/span>\n\t\t\n\t\t\t\t\t\t<\/div>\n\t\t\t\t<\/div>\n\t\t\t\t\t<\/div>\n\t\t<\/div>\n\t\t\t\t\t<\/div>\n\t\t<\/section>\n\t\t\t\t<\/div>\n\t\t","protected":false},"excerpt":{"rendered":"<p>Al onze artikelen Ontdek alles over Oodima via onze blogposts.<\/p>\n","protected":false},"author":1,"featured_media":0,"parent":0,"menu_order":0,"comment_status":"closed","ping_status":"closed","template":"elementor_header_footer","meta":{"footnotes":""},"class_list":["post-3014","page","type-page","status-publish","hentry"],"yoast_head":"<!-- This site is optimized with the Yoast SEO Premium plugin v27.2 (Yoast SEO v27.3) - https:\/\/yoast.com\/product\/yoast-seo-premium-wordpress\/ -->\n<title>Oodima - Al onze blogberichten<\/title>\n<meta name=\"description\" content=\"Ontdek alles over Oodima via onze blogposts: van onze nieuwste producten tot onze ingredi\u00ebnten en filosofie.\" \/>\n<meta name=\"robots\" content=\"index, follow, max-snippet:-1, max-image-preview:large, max-video-preview:-1\" \/>\n<link rel=\"canonical\" href=\"https:\/\/oodima.be\/nl\/blog\/\" \/>\n<meta property=\"og:locale\" content=\"nl_NL\" \/>\n<meta property=\"og:type\" content=\"article\" \/>\n<meta property=\"og:title\" content=\"Blog\" \/>\n<meta property=\"og:description\" content=\"Ontdek alles over Oodima via onze blogposts: van onze nieuwste producten tot onze ingredi\u00ebnten en filosofie.\" \/>\n<meta property=\"og:url\" content=\"https:\/\/oodima.be\/nl\/blog\/\" \/>\n<meta property=\"og:site_name\" content=\"Oodima\" \/>\n<meta property=\"article:publisher\" content=\"https:\/\/www.facebook.com\/oodima.be\" \/>\n<meta property=\"article:modified_time\" content=\"2024-11-12T11:25:15+00:00\" \/>\n<meta property=\"og:image\" content=\"https:\/\/oodima.be\/wp-content\/uploads\/2026\/01\/Oodima-douce-carresse-scaled.webp\" \/>\n\t<meta property=\"og:image:width\" content=\"1920\" \/>\n\t<meta property=\"og:image:height\" content=\"1244\" \/>\n\t<meta property=\"og:image:type\" content=\"image\/webp\" \/>\n<meta name=\"twitter:card\" content=\"summary_large_image\" \/>\n<script type=\"application\/ld+json\" class=\"yoast-schema-graph\">{\"@context\":\"https:\\\/\\\/schema.org\",\"@graph\":[{\"@type\":\"WebPage\",\"@id\":\"https:\\\/\\\/oodima.be\\\/nl\\\/blog\\\/\",\"url\":\"https:\\\/\\\/oodima.be\\\/nl\\\/blog\\\/\",\"name\":\"Oodima - Al onze blogberichten\",\"isPartOf\":{\"@id\":\"https:\\\/\\\/oodima.be\\\/nl\\\/#website\"},\"datePublished\":\"2023-04-03T06:20:28+00:00\",\"dateModified\":\"2024-11-12T11:25:15+00:00\",\"description\":\"Ontdek alles over Oodima via onze blogposts: van onze nieuwste producten tot onze ingredi\u00ebnten en filosofie.\",\"breadcrumb\":{\"@id\":\"https:\\\/\\\/oodima.be\\\/nl\\\/blog\\\/#breadcrumb\"},\"inLanguage\":\"nl-NL\",\"potentialAction\":[{\"@type\":\"ReadAction\",\"target\":[\"https:\\\/\\\/oodima.be\\\/nl\\\/blog\\\/\"]}]},{\"@type\":\"BreadcrumbList\",\"@id\":\"https:\\\/\\\/oodima.be\\\/nl\\\/blog\\\/#breadcrumb\",\"itemListElement\":[{\"@type\":\"ListItem\",\"position\":1,\"name\":\"Accueil\",\"item\":\"https:\\\/\\\/oodima.be\\\/nl\\\/home\\\/\"},{\"@type\":\"ListItem\",\"position\":2,\"name\":\"Blog\"}]},{\"@type\":\"WebSite\",\"@id\":\"https:\\\/\\\/oodima.be\\\/nl\\\/#website\",\"url\":\"https:\\\/\\\/oodima.be\\\/nl\\\/\",\"name\":\"Oodima\",\"description\":\"La douce caresse d&#039;un v\u00e9ritable savon liquide\",\"publisher\":{\"@id\":\"https:\\\/\\\/oodima.be\\\/nl\\\/#organization\"},\"potentialAction\":[{\"@type\":\"SearchAction\",\"target\":{\"@type\":\"EntryPoint\",\"urlTemplate\":\"https:\\\/\\\/oodima.be\\\/nl\\\/?s={search_term_string}\"},\"query-input\":{\"@type\":\"PropertyValueSpecification\",\"valueRequired\":true,\"valueName\":\"search_term_string\"}}],\"inLanguage\":\"nl-NL\"},{\"@type\":\"Organization\",\"@id\":\"https:\\\/\\\/oodima.be\\\/nl\\\/#organization\",\"name\":\"Oodima\",\"url\":\"https:\\\/\\\/oodima.be\\\/nl\\\/\",\"logo\":{\"@type\":\"ImageObject\",\"inLanguage\":\"nl-NL\",\"@id\":\"https:\\\/\\\/oodima.be\\\/nl\\\/#\\\/schema\\\/logo\\\/image\\\/\",\"url\":\"https:\\\/\\\/oodima.be\\\/wp-content\\\/uploads\\\/2026\\\/01\\\/logo-oodima-seul-carre.webp\",\"contentUrl\":\"https:\\\/\\\/oodima.be\\\/wp-content\\\/uploads\\\/2026\\\/01\\\/logo-oodima-seul-carre.webp\",\"width\":567,\"height\":567,\"caption\":\"Oodima\"},\"image\":{\"@id\":\"https:\\\/\\\/oodima.be\\\/nl\\\/#\\\/schema\\\/logo\\\/image\\\/\"},\"sameAs\":[\"https:\\\/\\\/www.facebook.com\\\/oodima.be\",\"https:\\\/\\\/www.instagram.com\\\/oodima_\\\/\"],\"description\":\"Artisans savonniers, producteur de savons liquides hydratants saponifi\u00e9s \u00e0 froid, 100% d'origine naturelle et certifi\u00e9s BIO\",\"email\":\"info@oodima.be\",\"telephone\":\"019600100\",\"legalName\":\"The Good Soap\",\"foundingDate\":\"2021-12-20\",\"vatID\":\"BE0778866646\",\"numberOfEmployees\":{\"@type\":\"QuantitativeValue\",\"minValue\":\"1\",\"maxValue\":\"10\"},\"publishingPrinciples\":\"https:\\\/\\\/oodima.be\\\/engagements\\\/\",\"ownershipFundingInfo\":\"https:\\\/\\\/oodima.be\\\/engagements\\\/\",\"correctionsPolicy\":\"https:\\\/\\\/oodima.be\\\/remboursements_retours-2\\\/\",\"ethicsPolicy\":\"https:\\\/\\\/oodima.be\\\/engagements\\\/\"}]}<\/script>\n<!-- \/ Yoast SEO Premium plugin. -->","yoast_head_json":{"title":"Oodima - Al onze blogberichten","description":"Ontdek alles over Oodima via onze blogposts: van onze nieuwste producten tot onze ingredi\u00ebnten en filosofie.","robots":{"index":"index","follow":"follow","max-snippet":"max-snippet:-1","max-image-preview":"max-image-preview:large","max-video-preview":"max-video-preview:-1"},"canonical":"https:\/\/oodima.be\/nl\/blog\/","og_locale":"nl_NL","og_type":"article","og_title":"Blog","og_description":"Ontdek alles over Oodima via onze blogposts: van onze nieuwste producten tot onze ingredi\u00ebnten en filosofie.","og_url":"https:\/\/oodima.be\/nl\/blog\/","og_site_name":"Oodima","article_publisher":"https:\/\/www.facebook.com\/oodima.be","article_modified_time":"2024-11-12T11:25:15+00:00","og_image":[{"width":1920,"height":1244,"url":"https:\/\/oodima.be\/wp-content\/uploads\/2026\/01\/Oodima-douce-carresse-scaled.webp","type":"image\/webp"}],"twitter_card":"summary_large_image","schema":{"@context":"https:\/\/schema.org","@graph":[{"@type":"WebPage","@id":"https:\/\/oodima.be\/nl\/blog\/","url":"https:\/\/oodima.be\/nl\/blog\/","name":"Oodima - Al onze blogberichten","isPartOf":{"@id":"https:\/\/oodima.be\/nl\/#website"},"datePublished":"2023-04-03T06:20:28+00:00","dateModified":"2024-11-12T11:25:15+00:00","description":"Ontdek alles over Oodima via onze blogposts: van onze nieuwste producten tot onze ingredi\u00ebnten en filosofie.","breadcrumb":{"@id":"https:\/\/oodima.be\/nl\/blog\/#breadcrumb"},"inLanguage":"nl-NL","potentialAction":[{"@type":"ReadAction","target":["https:\/\/oodima.be\/nl\/blog\/"]}]},{"@type":"BreadcrumbList","@id":"https:\/\/oodima.be\/nl\/blog\/#breadcrumb","itemListElement":[{"@type":"ListItem","position":1,"name":"Accueil","item":"https:\/\/oodima.be\/nl\/home\/"},{"@type":"ListItem","position":2,"name":"Blog"}]},{"@type":"WebSite","@id":"https:\/\/oodima.be\/nl\/#website","url":"https:\/\/oodima.be\/nl\/","name":"Oodima","description":"La douce caresse d&#039;un v\u00e9ritable savon liquide","publisher":{"@id":"https:\/\/oodima.be\/nl\/#organization"},"potentialAction":[{"@type":"SearchAction","target":{"@type":"EntryPoint","urlTemplate":"https:\/\/oodima.be\/nl\/?s={search_term_string}"},"query-input":{"@type":"PropertyValueSpecification","valueRequired":true,"valueName":"search_term_string"}}],"inLanguage":"nl-NL"},{"@type":"Organization","@id":"https:\/\/oodima.be\/nl\/#organization","name":"Oodima","url":"https:\/\/oodima.be\/nl\/","logo":{"@type":"ImageObject","inLanguage":"nl-NL","@id":"https:\/\/oodima.be\/nl\/#\/schema\/logo\/image\/","url":"https:\/\/oodima.be\/wp-content\/uploads\/2026\/01\/logo-oodima-seul-carre.webp","contentUrl":"https:\/\/oodima.be\/wp-content\/uploads\/2026\/01\/logo-oodima-seul-carre.webp","width":567,"height":567,"caption":"Oodima"},"image":{"@id":"https:\/\/oodima.be\/nl\/#\/schema\/logo\/image\/"},"sameAs":["https:\/\/www.facebook.com\/oodima.be","https:\/\/www.instagram.com\/oodima_\/"],"description":"Artisans savonniers, producteur de savons liquides hydratants saponifi\u00e9s \u00e0 froid, 100% d'origine naturelle et certifi\u00e9s BIO","email":"info@oodima.be","telephone":"019600100","legalName":"The Good Soap","foundingDate":"2021-12-20","vatID":"BE0778866646","numberOfEmployees":{"@type":"QuantitativeValue","minValue":"1","maxValue":"10"},"publishingPrinciples":"https:\/\/oodima.be\/engagements\/","ownershipFundingInfo":"https:\/\/oodima.be\/engagements\/","correctionsPolicy":"https:\/\/oodima.be\/remboursements_retours-2\/","ethicsPolicy":"https:\/\/oodima.be\/engagements\/"}]}},"_hostinger_reach_plugin_has_subscription_block":false,"_hostinger_reach_plugin_is_elementor":false,"jetpack_sharing_enabled":true,"_links":{"self":[{"href":"https:\/\/oodima.be\/nl\/wp-json\/wp\/v2\/pages\/3014","targetHints":{"allow":["GET"]}}],"collection":[{"href":"https:\/\/oodima.be\/nl\/wp-json\/wp\/v2\/pages"}],"about":[{"href":"https:\/\/oodima.be\/nl\/wp-json\/wp\/v2\/types\/page"}],"author":[{"embeddable":true,"href":"https:\/\/oodima.be\/nl\/wp-json\/wp\/v2\/users\/1"}],"replies":[{"embeddable":true,"href":"https:\/\/oodima.be\/nl\/wp-json\/wp\/v2\/comments?post=3014"}],"version-history":[{"count":1,"href":"https:\/\/oodima.be\/nl\/wp-json\/wp\/v2\/pages\/3014\/revisions"}],"predecessor-version":[{"id":3016,"href":"https:\/\/oodima.be\/nl\/wp-json\/wp\/v2\/pages\/3014\/revisions\/3016"}],"wp:attachment":[{"href":"https:\/\/oodima.be\/nl\/wp-json\/wp\/v2\/media?parent=3014"}],"curies":[{"name":"wp","href":"https:\/\/api.w.org\/{rel}","templated":true}]}}