{"id":2993,"date":"2024-10-05T12:33:14","date_gmt":"2024-10-05T10:33:14","guid":{"rendered":"http:\/\/oodima.be\/waarom-kiezen-voor-oodima\/"},"modified":"2026-04-22T15:51:37","modified_gmt":"2026-04-22T13:51:37","slug":"waarom-kiezen-voor-oodima","status":"publish","type":"page","link":"https:\/\/oodima.be\/nl\/waarom-kiezen-voor-oodima\/","title":{"rendered":"Waarom kiezen voor Oodima"},"content":{"rendered":"\t\t<div data-elementor-type=\"wp-page\" data-elementor-id=\"2993\" class=\"elementor elementor-2993 elementor-1870\" data-elementor-post-type=\"page\">\n\t\t\t\t\t\t<section class=\"elementor-section elementor-top-section elementor-element elementor-element-037c97b elementor-section-stretched elementor-section-boxed elementor-section-height-default elementor-section-height-default\" data-id=\"037c97b\" data-element_type=\"section\" data-e-type=\"section\" data-settings=\"{&quot;background_background&quot;:&quot;slideshow&quot;,&quot;background_slideshow_gallery&quot;:[{&quot;id&quot;:4234,&quot;url&quot;:&quot;https:\\\/\\\/oodima.be\\\/wp-content\\\/uploads\\\/2026\\\/01\\\/Huile-et-bulles-xxs.jpg&quot;}],&quot;stretch_section&quot;:&quot;section-stretched&quot;,&quot;background_slideshow_loop&quot;:&quot;yes&quot;,&quot;background_slideshow_slide_duration&quot;:5000,&quot;background_slideshow_slide_transition&quot;:&quot;fade&quot;,&quot;background_slideshow_transition_duration&quot;:500}\">\n\t\t\t\t\t\t<div class=\"elementor-container elementor-column-gap-default\">\n\t\t\t\t\t<div class=\"elementor-column elementor-col-100 elementor-top-column elementor-element elementor-element-13ecec5\" data-id=\"13ecec5\" data-element_type=\"column\" data-e-type=\"column\">\n\t\t\t<div class=\"elementor-widget-wrap elementor-element-populated\">\n\t\t\t\t\t\t<div class=\"elementor-element elementor-element-bfa73f8 elementor-widget__width-initial elementor-widget elementor-widget-text-editor\" data-id=\"bfa73f8\" data-element_type=\"widget\" data-e-type=\"widget\" data-widget_type=\"text-editor.default\">\n\t\t\t\t<div class=\"elementor-widget-container\">\n\t\t\t\t\t\t\t\t\t<h3>Waarom kiezen voor Oodima<\/h3><p> <\/p><p>Bij Oodima hebben we ontdekt dat de meeste cosmeticaproducten op de markt schadelijke gevolgen hebben voor consumenten en het milieu, terwijl lokale gemeenschappen worden buitengesloten.<\/p><p>We werken aan een natuurlijk, lokaal alternatief dat respectvoller is voor de huid, producenten eerlijk betaalt en onze planeet spaart.<\/p><p>We maken 100% natuurlijke cosmetica met een beperkt aantal biologisch geteelde ingredi\u00ebnten, via de kortst mogelijke route tussen productie en consumptie.<\/p><p>We gebruiken een traditionele koude verzepingsmethode om een assortiment 100% natuurlijke, hydraterende en biologisch afbreekbare producten voor dagelijkse hygi\u00ebne te ontwikkelen.<\/p><p>Onze zepen worden voornamelijk gemaakt van zonnebloem- en hennepolie die in Belgi\u00eb wordt geteeld en voldoen aan de strengste certificeringen op de markt.<\/p><p><u>Oodima is een echte koudverzeepte zeep&#8230; geen douchegel gemaakt met oppervlakteactieve stoffen en dus detergenten&#8230;<\/u><\/p><p class=\"MsoNormal\"> <\/p>\t\t\t\t\t\t\t\t<\/div>\n\t\t\t\t<\/div>\n\t\t\t\t<section class=\"elementor-section elementor-inner-section elementor-element elementor-element-14639c7 elementor-section-boxed elementor-section-height-default elementor-section-height-default\" data-id=\"14639c7\" data-element_type=\"section\" data-e-type=\"section\">\n\t\t\t\t\t\t<div class=\"elementor-container elementor-column-gap-default\">\n\t\t\t\t\t<div class=\"elementor-column elementor-col-50 elementor-inner-column elementor-element elementor-element-2993f45\" data-id=\"2993f45\" data-element_type=\"column\" data-e-type=\"column\">\n\t\t\t<div class=\"elementor-widget-wrap elementor-element-populated\">\n\t\t\t\t\t\t<div class=\"elementor-element elementor-element-c62d3a6 elementor-widget__width-initial elementor-widget elementor-widget-text-editor\" data-id=\"c62d3a6\" data-element_type=\"widget\" data-e-type=\"widget\" data-widget_type=\"text-editor.default\">\n\t\t\t\t<div class=\"elementor-widget-container\">\n\t\t\t\t\t\t\t\t\t<p><span style=\"text-decoration: underline;\"><strong>N<\/strong><strong>ur zepen zijn uniek omdat :<\/strong><\/span><\/p><p><strong><u>Bedrijfsruimten<\/u><\/strong><\/p><p> &#8211; Belgische Belgo<\/p><p>  &#8211; Koudgewapend in de provincie Luik<\/p><p>  &#8211; Gemaakt met producten van lokale biologische landbouw.<\/p><p>  &#8211; Biologische zonnebloemolie van <a href=\"https:\/\/www.equilibre-huilepaysanne.be\/\">Equilibre huile paysanne <\/a>.  <\/p><p>  &#8211; Biologische hennepolie uit <a href=\"https:\/\/www.cannavie.be\">Cannavie<\/a><\/p><p><strong><u>Ecologisch<\/u><\/strong><\/p><p> &#8211; Het productieproces is koud gewapend en verbruikt zeer weinig energie.<\/p><p>  &#8211; Lokaal, gemaakt in Luik met producten van de lokale landbouw.<\/p><p> &#8211; Regelmatig verspreid. Geen tussenpersonen tussen jou en ons. <\/p><p>  &#8211; Containers gemaakt van 100% gerecyclede producten. (Tapijt 100%) <\/p><p> &#8211; Navulbare of bulkcontainers<\/p><p> &#8211; 100% recyclebare containers.<\/p><p> &#8211; Cosmos Organic gecertificeerd door Ecocert<\/p>\t\t\t\t\t\t\t\t<\/div>\n\t\t\t\t<\/div>\n\t\t\t\t\t<\/div>\n\t\t<\/div>\n\t\t\t\t<div class=\"elementor-column elementor-col-50 elementor-inner-column elementor-element elementor-element-6626c86\" data-id=\"6626c86\" data-element_type=\"column\" data-e-type=\"column\">\n\t\t\t<div class=\"elementor-widget-wrap elementor-element-populated\">\n\t\t\t\t\t\t<div class=\"elementor-element elementor-element-c5c9ee6 elementor-widget elementor-widget-image\" data-id=\"c5c9ee6\" data-element_type=\"widget\" data-e-type=\"widget\" data-widget_type=\"image.default\">\n\t\t\t\t<div class=\"elementor-widget-container\">\n\t\t\t\t\t\t\t\t\t\t\t\t\t\t\t<img fetchpriority=\"high\" decoding=\"async\" width=\"800\" height=\"600\" src=\"https:\/\/oodima.be\/wp-content\/uploads\/2025\/10\/Oodima-studio-HD-4-1024x768.jpg\" class=\"attachment-large size-large wp-image-3688\" alt=\"\" srcset=\"https:\/\/oodima.be\/wp-content\/uploads\/2025\/10\/Oodima-studio-HD-4-1024x768.jpg 1024w, https:\/\/oodima.be\/wp-content\/uploads\/2025\/10\/Oodima-studio-HD-4-300x225.jpg 300w, https:\/\/oodima.be\/wp-content\/uploads\/2025\/10\/Oodima-studio-HD-4-768x576.jpg 768w, https:\/\/oodima.be\/wp-content\/uploads\/2025\/10\/Oodima-studio-HD-4-1536x1152.jpg 1536w, https:\/\/oodima.be\/wp-content\/uploads\/2025\/10\/Oodima-studio-HD-4-2048x1536.jpg 2048w, https:\/\/oodima.be\/wp-content\/uploads\/2025\/10\/Oodima-studio-HD-4-600x450.jpg 600w\" sizes=\"(max-width: 800px) 100vw, 800px\" \/>\t\t\t\t\t\t\t\t\t\t\t\t\t\t\t<\/div>\n\t\t\t\t<\/div>\n\t\t\t\t\t<\/div>\n\t\t<\/div>\n\t\t\t\t\t<\/div>\n\t\t<\/section>\n\t\t\t\t<section class=\"elementor-section elementor-inner-section elementor-element elementor-element-31be778 elementor-section-boxed elementor-section-height-default elementor-section-height-default\" data-id=\"31be778\" data-element_type=\"section\" data-e-type=\"section\">\n\t\t\t\t\t\t<div class=\"elementor-container elementor-column-gap-default\">\n\t\t\t\t\t<div class=\"elementor-column elementor-col-50 elementor-inner-column elementor-element elementor-element-bade30e\" data-id=\"bade30e\" data-element_type=\"column\" data-e-type=\"column\">\n\t\t\t<div class=\"elementor-widget-wrap elementor-element-populated\">\n\t\t\t\t\t\t<div class=\"elementor-element elementor-element-8045391 elementor-widget elementor-widget-text-editor\" data-id=\"8045391\" data-element_type=\"widget\" data-e-type=\"widget\" data-widget_type=\"text-editor.default\">\n\t\t\t\t<div class=\"elementor-widget-container\">\n\t\t\t\t\t\t\t\t\t<p><strong><u>Sains<\/u><\/strong><\/p><p><strong><u><br><\/u><\/strong><\/p>\n<p><\/p>\n<p>&nbsp;&nbsp;&nbsp;&nbsp;&nbsp;&nbsp;&nbsp;&nbsp;&nbsp;&nbsp;&nbsp;&nbsp;&nbsp;&nbsp;&nbsp;  &#8211; Omdat ze gemaakt zijn van biologische oli\u00ebn, zijn ze zacht voor de huid:<\/p>\n<p>&nbsp;&nbsp;&nbsp;&nbsp;&nbsp;&nbsp;&nbsp;&nbsp;&nbsp;&nbsp;&nbsp;&nbsp;&nbsp;&nbsp;&nbsp;&nbsp;&nbsp;&nbsp;&nbsp;&nbsp;&nbsp;&nbsp;&nbsp;&nbsp;&nbsp;&nbsp;&nbsp;&nbsp;&nbsp;&nbsp; &#8211; Natuurlijk hydraterend<\/p>\n<p>&nbsp;&nbsp;&nbsp;&nbsp;&nbsp;&nbsp;&nbsp;&nbsp;&nbsp;&nbsp;&nbsp;&nbsp;&nbsp;&nbsp;&nbsp;&nbsp;&nbsp;&nbsp;&nbsp;&nbsp;&nbsp;&nbsp;&nbsp;&nbsp;&nbsp;&nbsp;&nbsp;&nbsp;&nbsp;&nbsp; &#8211; Natuurlijk verzachtend<\/p>\n<p>&nbsp;&nbsp;&nbsp;&nbsp;&nbsp;&nbsp;&nbsp;&nbsp;&nbsp;&nbsp;&nbsp;&nbsp;&nbsp;&nbsp;&nbsp;&nbsp;&nbsp;&nbsp;&nbsp;&nbsp;&nbsp;&nbsp;&nbsp;&nbsp;&nbsp;&nbsp;&nbsp;&nbsp;&nbsp;&nbsp; &#8211; Natuurlijk herstellend<\/p>\n<p>&nbsp;&nbsp;&nbsp;&nbsp;&nbsp;&nbsp;&nbsp;&nbsp;&nbsp;&nbsp;&nbsp;&nbsp;&nbsp;&nbsp;&nbsp;&nbsp;&nbsp;&nbsp;&nbsp;&nbsp;&nbsp;&nbsp;&nbsp;&nbsp;&nbsp;&nbsp;&nbsp;&nbsp;&nbsp;&nbsp; &#8211; Natuurlijk bacteriedodend<\/p>\n<p><\/p>\n<p><strong><u>Ethiek<\/u><\/strong><\/p><p><strong><u><br><\/u><\/strong><\/p>\n<p><\/p>\n<p>&nbsp;&nbsp;&nbsp;&nbsp;&nbsp;&nbsp;&nbsp;&nbsp;&nbsp;&nbsp;&nbsp;&nbsp;&nbsp;&nbsp;&nbsp;  &#8211; Voor een eerlijke prijs gekocht van producenten&nbsp;<\/p>\n<p>&nbsp;&nbsp;&nbsp;&nbsp;&nbsp;&nbsp;&nbsp;&nbsp;&nbsp;&nbsp;&nbsp;&nbsp;&nbsp;&nbsp;&nbsp;  &#8211; Van een circulaire economie&nbsp;<\/p>\n<p>&nbsp;&nbsp;&nbsp;&nbsp;&nbsp;&nbsp;&nbsp;&nbsp;&nbsp;&nbsp;&nbsp;&nbsp;&nbsp;&nbsp;&nbsp;  &#8211; Geproduceerd door echte Belgische ambachtslieden.<\/p>\n<p>&nbsp;&nbsp;&nbsp;&nbsp;&nbsp;&nbsp;&nbsp;&nbsp;&nbsp;&nbsp;&nbsp;&nbsp;&nbsp;&nbsp;&nbsp;  &#8211; Betaalbare verkoopprijs.<\/p><p><br><\/p>\n<p><\/p>\n<p><strong><u>Natuurlijk<\/u><\/strong><\/p><p><strong><u><br><\/u><\/strong><\/p>\n<p><\/p>\n<p>&nbsp;&nbsp;&nbsp;&nbsp;&nbsp;&nbsp;&nbsp;&nbsp;&nbsp;&nbsp;&nbsp;&nbsp;&nbsp;&nbsp;&nbsp;  &#8211; 100% van onze ingredi\u00ebnten zijn van natuurlijke oorsprong&#8230; en 77% van de totale ingredi\u00ebnten, minus het water en zout, zijn biologisch geproduceerd.<\/p>\n<p>&nbsp;&nbsp;&nbsp;&nbsp;&nbsp;&nbsp;&nbsp;&nbsp;&nbsp;&nbsp;&nbsp;&nbsp;&nbsp;&nbsp;&nbsp; &#8211; Geen chemische ingredi\u00ebnten.<\/p><p><br><\/p>\n<p><\/p>\n<p><strong><u>Innovatief<\/u><\/strong><\/p><p><strong><u><br><\/u><\/strong><\/p>\n<p><\/p>\n<p>&nbsp;&nbsp;&nbsp;&nbsp;&nbsp;&nbsp;&nbsp;&nbsp;&nbsp;&nbsp;&nbsp;&nbsp;&nbsp;&nbsp;&nbsp;  &#8211; We hebben de Agro Innovatieprijs gewonnen.<\/p>\n<p>&nbsp;&nbsp;&nbsp;&nbsp;&nbsp;&nbsp;&nbsp;&nbsp;&nbsp;&nbsp;&nbsp;&nbsp;&nbsp;&nbsp;&nbsp;  &#8211; We maken echte vloeibare zeep, geen douchegels&#8230;<\/p><p><br><\/p>\n<p><\/p>\n<p>Onze zepen zijn zeldzaam en er is geen equivalent dat zoveel kwaliteiten en respect voor mens en natuur combineert.<\/p><p><br><\/p>\n<p><\/p>\n<p>Ze brengen echt een andere ervaring.<\/p>\t\t\t\t\t\t\t\t<\/div>\n\t\t\t\t<\/div>\n\t\t\t\t\t<\/div>\n\t\t<\/div>\n\t\t\t\t<div class=\"elementor-column elementor-col-50 elementor-inner-column elementor-element elementor-element-ab040a1\" data-id=\"ab040a1\" data-element_type=\"column\" data-e-type=\"column\">\n\t\t\t<div class=\"elementor-widget-wrap elementor-element-populated\">\n\t\t\t\t\t\t<div class=\"elementor-element elementor-element-d30e314 elementor-widget elementor-widget-image\" data-id=\"d30e314\" data-element_type=\"widget\" data-e-type=\"widget\" data-widget_type=\"image.default\">\n\t\t\t\t<div class=\"elementor-widget-container\">\n\t\t\t\t\t\t\t\t\t\t\t\t\t\t\t<img decoding=\"async\" width=\"678\" height=\"1024\" src=\"https:\/\/oodima.be\/wp-content\/uploads\/2024\/09\/Oodima-47-Mid-678x1024.jpg\" class=\"attachment-large size-large wp-image-2724\" alt=\"\" srcset=\"https:\/\/oodima.be\/wp-content\/uploads\/2024\/09\/Oodima-47-Mid-678x1024.jpg 678w, https:\/\/oodima.be\/wp-content\/uploads\/2024\/09\/Oodima-47-Mid-199x300.jpg 199w, https:\/\/oodima.be\/wp-content\/uploads\/2024\/09\/Oodima-47-Mid-768x1160.jpg 768w, https:\/\/oodima.be\/wp-content\/uploads\/2024\/09\/Oodima-47-Mid-1017x1536.jpg 1017w, https:\/\/oodima.be\/wp-content\/uploads\/2024\/09\/Oodima-47-Mid-1355x2048.jpg 1355w, https:\/\/oodima.be\/wp-content\/uploads\/2024\/09\/Oodima-47-Mid-600x907.jpg 600w, https:\/\/oodima.be\/wp-content\/uploads\/2024\/09\/Oodima-47-Mid-scaled.jpg 1694w\" sizes=\"(max-width: 678px) 100vw, 678px\" \/>\t\t\t\t\t\t\t\t\t\t\t\t\t\t\t<\/div>\n\t\t\t\t<\/div>\n\t\t\t\t\t<\/div>\n\t\t<\/div>\n\t\t\t\t\t<\/div>\n\t\t<\/section>\n\t\t\t\t\t<\/div>\n\t\t<\/div>\n\t\t\t\t\t<\/div>\n\t\t<\/section>\n\t\t\t\t<\/div>\n\t\t","protected":false},"excerpt":{"rendered":"<p>Waarom kiezen voor Oodima Bij Oodima hebben we ontdekt dat de meeste cosmeticaproducten op de markt schadelijke gevolgen hebben voor consumenten en het milieu, terwijl lokale gemeenschappen worden buitengesloten. We werken aan een natuurlijk, lokaal alternatief dat respectvoller is voor de huid, producenten eerlijk betaalt en onze planeet spaart. We maken 100% natuurlijke cosmetica met [&hellip;]<\/p>\n","protected":false},"author":2,"featured_media":0,"parent":0,"menu_order":0,"comment_status":"closed","ping_status":"closed","template":"","meta":{"footnotes":""},"class_list":["post-2993","page","type-page","status-publish","hentry"],"yoast_head":"<!-- This site is optimized with the Yoast SEO Premium plugin v27.2 (Yoast SEO v27.3) - https:\/\/yoast.com\/product\/yoast-seo-premium-wordpress\/ -->\n<title>Waarom kiezen voor Oodima - Oodima<\/title>\n<meta name=\"robots\" content=\"index, follow, max-snippet:-1, max-image-preview:large, max-video-preview:-1\" \/>\n<link rel=\"canonical\" href=\"https:\/\/oodima.be\/nl\/waarom-kiezen-voor-oodima\/\" \/>\n<meta property=\"og:locale\" content=\"nl_NL\" \/>\n<meta property=\"og:type\" content=\"article\" \/>\n<meta property=\"og:title\" content=\"Waarom kiezen voor Oodima\" \/>\n<meta property=\"og:description\" content=\"Waarom kiezen voor Oodima Bij Oodima hebben we ontdekt dat de meeste cosmeticaproducten op de markt schadelijke gevolgen hebben voor consumenten en het milieu, terwijl lokale gemeenschappen worden buitengesloten. We werken aan een natuurlijk, lokaal alternatief dat respectvoller is voor de huid, producenten eerlijk betaalt en onze planeet spaart. We maken 100% natuurlijke cosmetica met [&hellip;]\" \/>\n<meta property=\"og:url\" content=\"https:\/\/oodima.be\/nl\/waarom-kiezen-voor-oodima\/\" \/>\n<meta property=\"og:site_name\" content=\"Oodima\" \/>\n<meta property=\"article:publisher\" content=\"https:\/\/www.facebook.com\/oodima.be\" \/>\n<meta property=\"article:modified_time\" content=\"2026-04-22T13:51:37+00:00\" \/>\n<meta property=\"og:image\" content=\"https:\/\/oodima.be\/wp-content\/uploads\/2025\/10\/Oodima-studio-HD-4-scaled.jpg\" \/>\n\t<meta property=\"og:image:width\" content=\"2560\" \/>\n\t<meta property=\"og:image:height\" content=\"1920\" \/>\n\t<meta property=\"og:image:type\" content=\"image\/jpeg\" \/>\n<meta name=\"twitter:card\" content=\"summary_large_image\" \/>\n<meta name=\"twitter:label1\" content=\"Geschatte leestijd\" \/>\n\t<meta name=\"twitter:data1\" content=\"3 minuten\" \/>\n<script type=\"application\/ld+json\" class=\"yoast-schema-graph\">{\"@context\":\"https:\\\/\\\/schema.org\",\"@graph\":[{\"@type\":\"WebPage\",\"@id\":\"https:\\\/\\\/oodima.be\\\/nl\\\/waarom-kiezen-voor-oodima\\\/\",\"url\":\"https:\\\/\\\/oodima.be\\\/nl\\\/waarom-kiezen-voor-oodima\\\/\",\"name\":\"Waarom kiezen voor Oodima - Oodima\",\"isPartOf\":{\"@id\":\"https:\\\/\\\/oodima.be\\\/nl\\\/#website\"},\"primaryImageOfPage\":{\"@id\":\"https:\\\/\\\/oodima.be\\\/nl\\\/waarom-kiezen-voor-oodima\\\/#primaryimage\"},\"image\":{\"@id\":\"https:\\\/\\\/oodima.be\\\/nl\\\/waarom-kiezen-voor-oodima\\\/#primaryimage\"},\"thumbnailUrl\":\"https:\\\/\\\/oodima.be\\\/wp-content\\\/uploads\\\/2025\\\/10\\\/Oodima-studio-HD-4-1024x768.jpg\",\"datePublished\":\"2024-10-05T10:33:14+00:00\",\"dateModified\":\"2026-04-22T13:51:37+00:00\",\"breadcrumb\":{\"@id\":\"https:\\\/\\\/oodima.be\\\/nl\\\/waarom-kiezen-voor-oodima\\\/#breadcrumb\"},\"inLanguage\":\"nl-NL\",\"potentialAction\":[{\"@type\":\"ReadAction\",\"target\":[\"https:\\\/\\\/oodima.be\\\/nl\\\/waarom-kiezen-voor-oodima\\\/\"]}]},{\"@type\":\"ImageObject\",\"inLanguage\":\"nl-NL\",\"@id\":\"https:\\\/\\\/oodima.be\\\/nl\\\/waarom-kiezen-voor-oodima\\\/#primaryimage\",\"url\":\"https:\\\/\\\/oodima.be\\\/wp-content\\\/uploads\\\/2025\\\/10\\\/Oodima-studio-HD-4-1024x768.jpg\",\"contentUrl\":\"https:\\\/\\\/oodima.be\\\/wp-content\\\/uploads\\\/2025\\\/10\\\/Oodima-studio-HD-4-1024x768.jpg\"},{\"@type\":\"BreadcrumbList\",\"@id\":\"https:\\\/\\\/oodima.be\\\/nl\\\/waarom-kiezen-voor-oodima\\\/#breadcrumb\",\"itemListElement\":[{\"@type\":\"ListItem\",\"position\":1,\"name\":\"Accueil\",\"item\":\"https:\\\/\\\/oodima.be\\\/nl\\\/\"},{\"@type\":\"ListItem\",\"position\":2,\"name\":\"Waarom kiezen voor Oodima\"}]},{\"@type\":\"WebSite\",\"@id\":\"https:\\\/\\\/oodima.be\\\/nl\\\/#website\",\"url\":\"https:\\\/\\\/oodima.be\\\/nl\\\/\",\"name\":\"Oodima\",\"description\":\"La douce caresse d&#039;un v\u00e9ritable savon liquide\",\"publisher\":{\"@id\":\"https:\\\/\\\/oodima.be\\\/nl\\\/#organization\"},\"potentialAction\":[{\"@type\":\"SearchAction\",\"target\":{\"@type\":\"EntryPoint\",\"urlTemplate\":\"https:\\\/\\\/oodima.be\\\/nl\\\/?s={search_term_string}\"},\"query-input\":{\"@type\":\"PropertyValueSpecification\",\"valueRequired\":true,\"valueName\":\"search_term_string\"}}],\"inLanguage\":\"nl-NL\"},{\"@type\":\"Organization\",\"@id\":\"https:\\\/\\\/oodima.be\\\/nl\\\/#organization\",\"name\":\"Oodima\",\"url\":\"https:\\\/\\\/oodima.be\\\/nl\\\/\",\"logo\":{\"@type\":\"ImageObject\",\"inLanguage\":\"nl-NL\",\"@id\":\"https:\\\/\\\/oodima.be\\\/nl\\\/#\\\/schema\\\/logo\\\/image\\\/\",\"url\":\"https:\\\/\\\/oodima.be\\\/wp-content\\\/uploads\\\/2026\\\/01\\\/logo-oodima-seul-carre.webp\",\"contentUrl\":\"https:\\\/\\\/oodima.be\\\/wp-content\\\/uploads\\\/2026\\\/01\\\/logo-oodima-seul-carre.webp\",\"width\":567,\"height\":567,\"caption\":\"Oodima\"},\"image\":{\"@id\":\"https:\\\/\\\/oodima.be\\\/nl\\\/#\\\/schema\\\/logo\\\/image\\\/\"},\"sameAs\":[\"https:\\\/\\\/www.facebook.com\\\/oodima.be\",\"https:\\\/\\\/www.instagram.com\\\/oodima_\\\/\"],\"description\":\"Artisans savonniers, producteur de savons liquides hydratants saponifi\u00e9s \u00e0 froid, 100% d'origine naturelle et certifi\u00e9s BIO\",\"email\":\"info@oodima.be\",\"telephone\":\"019600100\",\"legalName\":\"The Good Soap\",\"foundingDate\":\"2021-12-20\",\"vatID\":\"BE0778866646\",\"numberOfEmployees\":{\"@type\":\"QuantitativeValue\",\"minValue\":\"1\",\"maxValue\":\"10\"},\"publishingPrinciples\":\"https:\\\/\\\/oodima.be\\\/engagements\\\/\",\"ownershipFundingInfo\":\"https:\\\/\\\/oodima.be\\\/engagements\\\/\",\"correctionsPolicy\":\"https:\\\/\\\/oodima.be\\\/remboursements_retours-2\\\/\",\"ethicsPolicy\":\"https:\\\/\\\/oodima.be\\\/engagements\\\/\"}]}<\/script>\n<!-- \/ Yoast SEO Premium plugin. -->","yoast_head_json":{"title":"Waarom kiezen voor Oodima - Oodima","robots":{"index":"index","follow":"follow","max-snippet":"max-snippet:-1","max-image-preview":"max-image-preview:large","max-video-preview":"max-video-preview:-1"},"canonical":"https:\/\/oodima.be\/nl\/waarom-kiezen-voor-oodima\/","og_locale":"nl_NL","og_type":"article","og_title":"Waarom kiezen voor Oodima","og_description":"Waarom kiezen voor Oodima Bij Oodima hebben we ontdekt dat de meeste cosmeticaproducten op de markt schadelijke gevolgen hebben voor consumenten en het milieu, terwijl lokale gemeenschappen worden buitengesloten. We werken aan een natuurlijk, lokaal alternatief dat respectvoller is voor de huid, producenten eerlijk betaalt en onze planeet spaart. We maken 100% natuurlijke cosmetica met [&hellip;]","og_url":"https:\/\/oodima.be\/nl\/waarom-kiezen-voor-oodima\/","og_site_name":"Oodima","article_publisher":"https:\/\/www.facebook.com\/oodima.be","article_modified_time":"2026-04-22T13:51:37+00:00","og_image":[{"width":2560,"height":1920,"url":"https:\/\/oodima.be\/wp-content\/uploads\/2025\/10\/Oodima-studio-HD-4-scaled.jpg","type":"image\/jpeg"}],"twitter_card":"summary_large_image","twitter_misc":{"Geschatte leestijd":"3 minuten"},"schema":{"@context":"https:\/\/schema.org","@graph":[{"@type":"WebPage","@id":"https:\/\/oodima.be\/nl\/waarom-kiezen-voor-oodima\/","url":"https:\/\/oodima.be\/nl\/waarom-kiezen-voor-oodima\/","name":"Waarom kiezen voor Oodima - Oodima","isPartOf":{"@id":"https:\/\/oodima.be\/nl\/#website"},"primaryImageOfPage":{"@id":"https:\/\/oodima.be\/nl\/waarom-kiezen-voor-oodima\/#primaryimage"},"image":{"@id":"https:\/\/oodima.be\/nl\/waarom-kiezen-voor-oodima\/#primaryimage"},"thumbnailUrl":"https:\/\/oodima.be\/wp-content\/uploads\/2025\/10\/Oodima-studio-HD-4-1024x768.jpg","datePublished":"2024-10-05T10:33:14+00:00","dateModified":"2026-04-22T13:51:37+00:00","breadcrumb":{"@id":"https:\/\/oodima.be\/nl\/waarom-kiezen-voor-oodima\/#breadcrumb"},"inLanguage":"nl-NL","potentialAction":[{"@type":"ReadAction","target":["https:\/\/oodima.be\/nl\/waarom-kiezen-voor-oodima\/"]}]},{"@type":"ImageObject","inLanguage":"nl-NL","@id":"https:\/\/oodima.be\/nl\/waarom-kiezen-voor-oodima\/#primaryimage","url":"https:\/\/oodima.be\/wp-content\/uploads\/2025\/10\/Oodima-studio-HD-4-1024x768.jpg","contentUrl":"https:\/\/oodima.be\/wp-content\/uploads\/2025\/10\/Oodima-studio-HD-4-1024x768.jpg"},{"@type":"BreadcrumbList","@id":"https:\/\/oodima.be\/nl\/waarom-kiezen-voor-oodima\/#breadcrumb","itemListElement":[{"@type":"ListItem","position":1,"name":"Accueil","item":"https:\/\/oodima.be\/nl\/"},{"@type":"ListItem","position":2,"name":"Waarom kiezen voor Oodima"}]},{"@type":"WebSite","@id":"https:\/\/oodima.be\/nl\/#website","url":"https:\/\/oodima.be\/nl\/","name":"Oodima","description":"La douce caresse d&#039;un v\u00e9ritable savon liquide","publisher":{"@id":"https:\/\/oodima.be\/nl\/#organization"},"potentialAction":[{"@type":"SearchAction","target":{"@type":"EntryPoint","urlTemplate":"https:\/\/oodima.be\/nl\/?s={search_term_string}"},"query-input":{"@type":"PropertyValueSpecification","valueRequired":true,"valueName":"search_term_string"}}],"inLanguage":"nl-NL"},{"@type":"Organization","@id":"https:\/\/oodima.be\/nl\/#organization","name":"Oodima","url":"https:\/\/oodima.be\/nl\/","logo":{"@type":"ImageObject","inLanguage":"nl-NL","@id":"https:\/\/oodima.be\/nl\/#\/schema\/logo\/image\/","url":"https:\/\/oodima.be\/wp-content\/uploads\/2026\/01\/logo-oodima-seul-carre.webp","contentUrl":"https:\/\/oodima.be\/wp-content\/uploads\/2026\/01\/logo-oodima-seul-carre.webp","width":567,"height":567,"caption":"Oodima"},"image":{"@id":"https:\/\/oodima.be\/nl\/#\/schema\/logo\/image\/"},"sameAs":["https:\/\/www.facebook.com\/oodima.be","https:\/\/www.instagram.com\/oodima_\/"],"description":"Artisans savonniers, producteur de savons liquides hydratants saponifi\u00e9s \u00e0 froid, 100% d'origine naturelle et certifi\u00e9s BIO","email":"info@oodima.be","telephone":"019600100","legalName":"The Good Soap","foundingDate":"2021-12-20","vatID":"BE0778866646","numberOfEmployees":{"@type":"QuantitativeValue","minValue":"1","maxValue":"10"},"publishingPrinciples":"https:\/\/oodima.be\/engagements\/","ownershipFundingInfo":"https:\/\/oodima.be\/engagements\/","correctionsPolicy":"https:\/\/oodima.be\/remboursements_retours-2\/","ethicsPolicy":"https:\/\/oodima.be\/engagements\/"}]}},"_hostinger_reach_plugin_has_subscription_block":false,"_hostinger_reach_plugin_is_elementor":false,"jetpack_sharing_enabled":true,"_links":{"self":[{"href":"https:\/\/oodima.be\/nl\/wp-json\/wp\/v2\/pages\/2993","targetHints":{"allow":["GET"]}}],"collection":[{"href":"https:\/\/oodima.be\/nl\/wp-json\/wp\/v2\/pages"}],"about":[{"href":"https:\/\/oodima.be\/nl\/wp-json\/wp\/v2\/types\/page"}],"author":[{"embeddable":true,"href":"https:\/\/oodima.be\/nl\/wp-json\/wp\/v2\/users\/2"}],"replies":[{"embeddable":true,"href":"https:\/\/oodima.be\/nl\/wp-json\/wp\/v2\/comments?post=2993"}],"version-history":[{"count":4,"href":"https:\/\/oodima.be\/nl\/wp-json\/wp\/v2\/pages\/2993\/revisions"}],"predecessor-version":[{"id":4505,"href":"https:\/\/oodima.be\/nl\/wp-json\/wp\/v2\/pages\/2993\/revisions\/4505"}],"wp:attachment":[{"href":"https:\/\/oodima.be\/nl\/wp-json\/wp\/v2\/media?parent=2993"}],"curies":[{"name":"wp","href":"https:\/\/api.w.org\/{rel}","templated":true}]}}