{"id":3178,"date":"2023-09-21T10:07:52","date_gmt":"2023-09-21T08:07:52","guid":{"rendered":"http:\/\/oodima.be\/produit\/hand-soap-peppermint-and-lemon\/"},"modified":"2026-01-29T20:07:40","modified_gmt":"2026-01-29T18:07:40","slug":"hand-soap-peppermint-and-lemon","status":"publish","type":"product","link":"https:\/\/oodima.be\/en\/produit\/hand-soap-peppermint-and-lemon\/","title":{"rendered":"Hand Soap &#8211; Lemon Peppermint &#8211; 250 ml"},"content":{"rendered":"<p><span style=\"font-weight: 400;\">Looking for a vacation? Fancy a Mojito on the beach? With our Lemon &#8211; Peppermint Toning Liquid Hand Soap, you&#8217;ll travel with every hand wash. The freshness of mint combined with the acidity of lemon will leave your skin toned and lightly scented.   <\/span><\/p>\n<p><span style=\"font-weight: 400;\">Peppermint essential oil, with its antifungal properties, is perfect for atopic skin prone to redness and irritation.  <\/span><\/p>\n<p>&nbsp;<\/p>\n<p>&nbsp;<\/p>\n<p>&nbsp;<\/p>\n","protected":false},"excerpt":{"rendered":"<div class=\"page\" title=\"Page 1\">\n<div class=\"section\">\n<div class=\"layoutArea\">\n<div class=\"column\">\n<p>Aqua, potassium sunflowerseedate (hybrid)**, potassium cocoate**, potassium castorate**, potassium hempseedate**, mineral salt, glycerin**, coco-glucoside, citric acid, citrus limon peel oil*, pinus sylvestris leaf oil*, mentha piperita oil*, cymbopogonmartinii herb oil*. Contains limonene ***. <\/p>\n<\/div>\n<\/div>\n<\/div>\n<\/div>\n<p>&nbsp;<\/p>\n<p>&nbsp;<\/p>\n<p>* Ingredients from organic farming.<br \/>\n** Processed from organic ingredients.<br \/>\n*** Naturally present in essential oils.<\/p>\n","protected":false},"featured_media":2602,"comment_status":"open","ping_status":"closed","template":"","meta":[],"product_brand":[],"product_cat":[72,61],"product_tag":[],"class_list":{"0":"post-3178","1":"product","2":"type-product","3":"status-publish","4":"has-post-thumbnail","6":"product_cat-hand-soaps","7":"product_cat-soaps","9":"first","10":"instock","11":"taxable","12":"shipping-taxable","13":"purchasable","14":"product-type-simple"},"yoast_head":"<!-- This site is optimized with the Yoast SEO Premium plugin v27.2 (Yoast SEO v27.3) - https:\/\/yoast.com\/product\/yoast-seo-premium-wordpress\/ -->\n<title>Moisturizing liquid hand soap, 100% natural, ORGANIC by craftsmen<\/title>\n<meta name=\"description\" content=\"Our Lemon - Peppermint liquid hand soap will take you on a journey every time you wash your hands, immersing you in the freshness of mint and lemon.\" \/>\n<meta name=\"robots\" content=\"index, follow, max-snippet:-1, max-image-preview:large, max-video-preview:-1\" \/>\n<link rel=\"canonical\" href=\"https:\/\/oodima.be\/en\/produit\/hand-soap-peppermint-and-lemon\/\" \/>\n<meta property=\"og:locale\" content=\"en_US\" \/>\n<meta property=\"og:type\" content=\"article\" \/>\n<meta property=\"og:title\" content=\"Hand Soap - Lemon Peppermint - 250 ml\" \/>\n<meta property=\"og:description\" content=\"Our Lemon - Peppermint liquid hand soap will take you on a journey every time you wash your hands, immersing you in the freshness of mint and lemon.\" \/>\n<meta property=\"og:url\" content=\"https:\/\/oodima.be\/en\/produit\/hand-soap-peppermint-and-lemon\/\" \/>\n<meta property=\"og:site_name\" content=\"Oodima\" \/>\n<meta property=\"article:publisher\" content=\"https:\/\/www.facebook.com\/oodima.be\" \/>\n<meta property=\"article:modified_time\" content=\"2026-01-29T18:07:40+00:00\" \/>\n<meta property=\"og:image\" content=\"https:\/\/oodima.be\/wp-content\/uploads\/2023\/09\/Oodima-3-scaled.jpg\" \/>\n\t<meta property=\"og:image:width\" content=\"2560\" \/>\n\t<meta property=\"og:image:height\" content=\"2560\" \/>\n\t<meta property=\"og:image:type\" content=\"image\/jpeg\" \/>\n<meta name=\"twitter:card\" content=\"summary_large_image\" \/>\n<script type=\"application\/ld+json\" class=\"yoast-schema-graph\">{\"@context\":\"https:\\\/\\\/schema.org\",\"@graph\":[{\"@type\":\"WebPage\",\"@id\":\"https:\\\/\\\/oodima.be\\\/en\\\/produit\\\/hand-soap-peppermint-and-lemon\\\/\",\"url\":\"https:\\\/\\\/oodima.be\\\/en\\\/produit\\\/hand-soap-peppermint-and-lemon\\\/\",\"name\":\"Moisturizing liquid hand soap, 100% natural, ORGANIC by craftsmen\",\"isPartOf\":{\"@id\":\"https:\\\/\\\/oodima.be\\\/en\\\/#website\"},\"primaryImageOfPage\":{\"@id\":\"https:\\\/\\\/oodima.be\\\/en\\\/produit\\\/hand-soap-peppermint-and-lemon\\\/#primaryimage\"},\"image\":{\"@id\":\"https:\\\/\\\/oodima.be\\\/en\\\/produit\\\/hand-soap-peppermint-and-lemon\\\/#primaryimage\"},\"thumbnailUrl\":\"https:\\\/\\\/oodima.be\\\/wp-content\\\/uploads\\\/2023\\\/09\\\/Oodima-3-scaled.jpg\",\"datePublished\":\"2023-09-21T08:07:52+00:00\",\"dateModified\":\"2026-01-29T18:07:40+00:00\",\"description\":\"Our Lemon - Peppermint liquid hand soap will take you on a journey every time you wash your hands, immersing you in the freshness of mint and lemon.\",\"breadcrumb\":{\"@id\":\"https:\\\/\\\/oodima.be\\\/en\\\/produit\\\/hand-soap-peppermint-and-lemon\\\/#breadcrumb\"},\"inLanguage\":\"en-US\",\"potentialAction\":[{\"@type\":\"ReadAction\",\"target\":[\"https:\\\/\\\/oodima.be\\\/en\\\/produit\\\/hand-soap-peppermint-and-lemon\\\/\"]}]},{\"@type\":\"ImageObject\",\"inLanguage\":\"en-US\",\"@id\":\"https:\\\/\\\/oodima.be\\\/en\\\/produit\\\/hand-soap-peppermint-and-lemon\\\/#primaryimage\",\"url\":\"https:\\\/\\\/oodima.be\\\/wp-content\\\/uploads\\\/2023\\\/09\\\/Oodima-3-scaled.jpg\",\"contentUrl\":\"https:\\\/\\\/oodima.be\\\/wp-content\\\/uploads\\\/2023\\\/09\\\/Oodima-3-scaled.jpg\",\"width\":2560,\"height\":2560,\"caption\":\"Looking for a vacation? Fancy a Mojito on the beach? With our Lemon - Peppermint Toning Liquid Hand Soap, you'll travel with every hand wash. The freshness of mint combined with the acidity of lemon will leave your skin toned and lightly scented. Peppermint essential oil, with its antifungal properties, is perfect for atopic skin prone to redness and irritation.\"},{\"@type\":\"BreadcrumbList\",\"@id\":\"https:\\\/\\\/oodima.be\\\/en\\\/produit\\\/hand-soap-peppermint-and-lemon\\\/#breadcrumb\",\"itemListElement\":[{\"@type\":\"ListItem\",\"position\":1,\"name\":\"Accueil\",\"item\":\"https:\\\/\\\/oodima.be\\\/en\\\/home\\\/\"},{\"@type\":\"ListItem\",\"position\":2,\"name\":\"Shop\",\"item\":\"https:\\\/\\\/oodima.be\\\/en\\\/shop\\\/\"},{\"@type\":\"ListItem\",\"position\":3,\"name\":\"Hand Soap &#8211; Lemon Peppermint &#8211; 250 ml\"}]},{\"@type\":\"WebSite\",\"@id\":\"https:\\\/\\\/oodima.be\\\/en\\\/#website\",\"url\":\"https:\\\/\\\/oodima.be\\\/en\\\/\",\"name\":\"Oodima\",\"description\":\"La douce caresse d&#039;un v\u00e9ritable savon liquide\",\"publisher\":{\"@id\":\"https:\\\/\\\/oodima.be\\\/en\\\/#organization\"},\"potentialAction\":[{\"@type\":\"SearchAction\",\"target\":{\"@type\":\"EntryPoint\",\"urlTemplate\":\"https:\\\/\\\/oodima.be\\\/en\\\/?s={search_term_string}\"},\"query-input\":{\"@type\":\"PropertyValueSpecification\",\"valueRequired\":true,\"valueName\":\"search_term_string\"}}],\"inLanguage\":\"en-US\"},{\"@type\":\"Organization\",\"@id\":\"https:\\\/\\\/oodima.be\\\/en\\\/#organization\",\"name\":\"Oodima\",\"url\":\"https:\\\/\\\/oodima.be\\\/en\\\/\",\"logo\":{\"@type\":\"ImageObject\",\"inLanguage\":\"en-US\",\"@id\":\"https:\\\/\\\/oodima.be\\\/en\\\/#\\\/schema\\\/logo\\\/image\\\/\",\"url\":\"https:\\\/\\\/oodima.be\\\/wp-content\\\/uploads\\\/2026\\\/01\\\/logo-oodima-seul-carre.webp\",\"contentUrl\":\"https:\\\/\\\/oodima.be\\\/wp-content\\\/uploads\\\/2026\\\/01\\\/logo-oodima-seul-carre.webp\",\"width\":567,\"height\":567,\"caption\":\"Oodima\"},\"image\":{\"@id\":\"https:\\\/\\\/oodima.be\\\/en\\\/#\\\/schema\\\/logo\\\/image\\\/\"},\"sameAs\":[\"https:\\\/\\\/www.facebook.com\\\/oodima.be\",\"https:\\\/\\\/www.instagram.com\\\/oodima_\\\/\"],\"description\":\"Artisans savonniers, producteur de savons liquides hydratants saponifi\u00e9s \u00e0 froid, 100% d'origine naturelle et certifi\u00e9s BIO\",\"email\":\"info@oodima.be\",\"telephone\":\"019600100\",\"legalName\":\"The Good Soap\",\"foundingDate\":\"2021-12-20\",\"vatID\":\"BE0778866646\",\"numberOfEmployees\":{\"@type\":\"QuantitativeValue\",\"minValue\":\"1\",\"maxValue\":\"10\"},\"publishingPrinciples\":\"https:\\\/\\\/oodima.be\\\/engagements\\\/\",\"ownershipFundingInfo\":\"https:\\\/\\\/oodima.be\\\/engagements\\\/\",\"correctionsPolicy\":\"https:\\\/\\\/oodima.be\\\/remboursements_retours-2\\\/\",\"ethicsPolicy\":\"https:\\\/\\\/oodima.be\\\/engagements\\\/\"}]}<\/script>\n<!-- \/ Yoast SEO Premium plugin. -->","yoast_head_json":{"title":"Moisturizing liquid hand soap, 100% natural, ORGANIC by craftsmen","description":"Our Lemon - Peppermint liquid hand soap will take you on a journey every time you wash your hands, immersing you in the freshness of mint and lemon.","robots":{"index":"index","follow":"follow","max-snippet":"max-snippet:-1","max-image-preview":"max-image-preview:large","max-video-preview":"max-video-preview:-1"},"canonical":"https:\/\/oodima.be\/en\/produit\/hand-soap-peppermint-and-lemon\/","og_locale":"en_US","og_type":"article","og_title":"Hand Soap - Lemon Peppermint - 250 ml","og_description":"Our Lemon - Peppermint liquid hand soap will take you on a journey every time you wash your hands, immersing you in the freshness of mint and lemon.","og_url":"https:\/\/oodima.be\/en\/produit\/hand-soap-peppermint-and-lemon\/","og_site_name":"Oodima","article_publisher":"https:\/\/www.facebook.com\/oodima.be","article_modified_time":"2026-01-29T18:07:40+00:00","og_image":[{"width":2560,"height":2560,"url":"https:\/\/oodima.be\/wp-content\/uploads\/2023\/09\/Oodima-3-scaled.jpg","type":"image\/jpeg"}],"twitter_card":"summary_large_image","schema":{"@context":"https:\/\/schema.org","@graph":[{"@type":"WebPage","@id":"https:\/\/oodima.be\/en\/produit\/hand-soap-peppermint-and-lemon\/","url":"https:\/\/oodima.be\/en\/produit\/hand-soap-peppermint-and-lemon\/","name":"Moisturizing liquid hand soap, 100% natural, ORGANIC by craftsmen","isPartOf":{"@id":"https:\/\/oodima.be\/en\/#website"},"primaryImageOfPage":{"@id":"https:\/\/oodima.be\/en\/produit\/hand-soap-peppermint-and-lemon\/#primaryimage"},"image":{"@id":"https:\/\/oodima.be\/en\/produit\/hand-soap-peppermint-and-lemon\/#primaryimage"},"thumbnailUrl":"https:\/\/oodima.be\/wp-content\/uploads\/2023\/09\/Oodima-3-scaled.jpg","datePublished":"2023-09-21T08:07:52+00:00","dateModified":"2026-01-29T18:07:40+00:00","description":"Our Lemon - Peppermint liquid hand soap will take you on a journey every time you wash your hands, immersing you in the freshness of mint and lemon.","breadcrumb":{"@id":"https:\/\/oodima.be\/en\/produit\/hand-soap-peppermint-and-lemon\/#breadcrumb"},"inLanguage":"en-US","potentialAction":[{"@type":"ReadAction","target":["https:\/\/oodima.be\/en\/produit\/hand-soap-peppermint-and-lemon\/"]}]},{"@type":"ImageObject","inLanguage":"en-US","@id":"https:\/\/oodima.be\/en\/produit\/hand-soap-peppermint-and-lemon\/#primaryimage","url":"https:\/\/oodima.be\/wp-content\/uploads\/2023\/09\/Oodima-3-scaled.jpg","contentUrl":"https:\/\/oodima.be\/wp-content\/uploads\/2023\/09\/Oodima-3-scaled.jpg","width":2560,"height":2560,"caption":"Looking for a vacation? Fancy a Mojito on the beach? With our Lemon - Peppermint Toning Liquid Hand Soap, you'll travel with every hand wash. The freshness of mint combined with the acidity of lemon will leave your skin toned and lightly scented. Peppermint essential oil, with its antifungal properties, is perfect for atopic skin prone to redness and irritation."},{"@type":"BreadcrumbList","@id":"https:\/\/oodima.be\/en\/produit\/hand-soap-peppermint-and-lemon\/#breadcrumb","itemListElement":[{"@type":"ListItem","position":1,"name":"Accueil","item":"https:\/\/oodima.be\/en\/home\/"},{"@type":"ListItem","position":2,"name":"Shop","item":"https:\/\/oodima.be\/en\/shop\/"},{"@type":"ListItem","position":3,"name":"Hand Soap &#8211; Lemon Peppermint &#8211; 250 ml"}]},{"@type":"WebSite","@id":"https:\/\/oodima.be\/en\/#website","url":"https:\/\/oodima.be\/en\/","name":"Oodima","description":"La douce caresse d&#039;un v\u00e9ritable savon liquide","publisher":{"@id":"https:\/\/oodima.be\/en\/#organization"},"potentialAction":[{"@type":"SearchAction","target":{"@type":"EntryPoint","urlTemplate":"https:\/\/oodima.be\/en\/?s={search_term_string}"},"query-input":{"@type":"PropertyValueSpecification","valueRequired":true,"valueName":"search_term_string"}}],"inLanguage":"en-US"},{"@type":"Organization","@id":"https:\/\/oodima.be\/en\/#organization","name":"Oodima","url":"https:\/\/oodima.be\/en\/","logo":{"@type":"ImageObject","inLanguage":"en-US","@id":"https:\/\/oodima.be\/en\/#\/schema\/logo\/image\/","url":"https:\/\/oodima.be\/wp-content\/uploads\/2026\/01\/logo-oodima-seul-carre.webp","contentUrl":"https:\/\/oodima.be\/wp-content\/uploads\/2026\/01\/logo-oodima-seul-carre.webp","width":567,"height":567,"caption":"Oodima"},"image":{"@id":"https:\/\/oodima.be\/en\/#\/schema\/logo\/image\/"},"sameAs":["https:\/\/www.facebook.com\/oodima.be","https:\/\/www.instagram.com\/oodima_\/"],"description":"Artisans savonniers, producteur de savons liquides hydratants saponifi\u00e9s \u00e0 froid, 100% d'origine naturelle et certifi\u00e9s BIO","email":"info@oodima.be","telephone":"019600100","legalName":"The Good Soap","foundingDate":"2021-12-20","vatID":"BE0778866646","numberOfEmployees":{"@type":"QuantitativeValue","minValue":"1","maxValue":"10"},"publishingPrinciples":"https:\/\/oodima.be\/engagements\/","ownershipFundingInfo":"https:\/\/oodima.be\/engagements\/","correctionsPolicy":"https:\/\/oodima.be\/remboursements_retours-2\/","ethicsPolicy":"https:\/\/oodima.be\/engagements\/"}]}},"jetpack_sharing_enabled":true,"_links":{"self":[{"href":"https:\/\/oodima.be\/en\/wp-json\/wp\/v2\/product\/3178","targetHints":{"allow":["GET"]}}],"collection":[{"href":"https:\/\/oodima.be\/en\/wp-json\/wp\/v2\/product"}],"about":[{"href":"https:\/\/oodima.be\/en\/wp-json\/wp\/v2\/types\/product"}],"replies":[{"embeddable":true,"href":"https:\/\/oodima.be\/en\/wp-json\/wp\/v2\/comments?post=3178"}],"wp:featuredmedia":[{"embeddable":true,"href":"https:\/\/oodima.be\/en\/wp-json\/wp\/v2\/media\/2602"}],"wp:attachment":[{"href":"https:\/\/oodima.be\/en\/wp-json\/wp\/v2\/media?parent=3178"}],"wp:term":[{"taxonomy":"product_brand","embeddable":true,"href":"https:\/\/oodima.be\/en\/wp-json\/wp\/v2\/product_brand?post=3178"},{"taxonomy":"product_cat","embeddable":true,"href":"https:\/\/oodima.be\/en\/wp-json\/wp\/v2\/product_cat?post=3178"},{"taxonomy":"product_tag","embeddable":true,"href":"https:\/\/oodima.be\/en\/wp-json\/wp\/v2\/product_tag?post=3178"}],"curies":[{"name":"wp","href":"https:\/\/api.w.org\/{rel}","templated":true}]}}