{"id":3143,"date":"2023-09-21T10:07:50","date_gmt":"2023-09-21T08:07:50","guid":{"rendered":"http:\/\/oodima.be\/produit\/refill-clove-cinnamon-and-orange-zest-1l\/"},"modified":"2026-01-30T15:54:11","modified_gmt":"2026-01-30T13:54:11","slug":"refill-clove-cinnamon-and-orange-zest-1l","status":"publish","type":"product","link":"https:\/\/oodima.be\/en\/produit\/refill-clove-cinnamon-and-orange-zest-1l\/","title":{"rendered":"Refill &#8211; Clove, cinnamon and orange zest (1L)"},"content":{"rendered":"<p>Our Clove, Cinnamon, Orange soap gives you  <span style=\"font-weight: 400;\">liked it? Buy a 1L liquid moisturizing soap refill from us now to reuse your Oodima container or refill the container of your choice. <\/span><\/p>\n<p>They&#8217;ll make you feel like cuddling up by the fire, while taking you back to the flavors of Christmas markets. A sweet and spicy blend, like mulled wine, for comforting results. Orange essential oil will leave your skin glowing and your mind relaxed.  <\/p>\n<p>A must-have this winter!<\/p>\n","protected":false},"excerpt":{"rendered":"<div class=\"page\" title=\"Page 1\">\n<div class=\"section\">\n<div class=\"layoutArea\">\n<div class=\"column\">\n<p>Aqua, potassium sunflowerseedate (hybrid)**, potassium cocoate**, potassium castorate**, potassium hempseedate**, mineral salt, glycerin**, coco-glucoside, citric acid, citrus sinensis peel oil expressed*, eugenia caryophyllus clove oil*, cinnamomum zeylanicum leaf oil*. Contains limonene*** and eugenol***. <\/p>\n<p>&nbsp;<\/p>\n<p>* Ingredients from organic farming.<br \/>\n** Processed from organic ingredients.<br \/>\n*** Naturally present in essential oils.<\/p>\n<\/div>\n<\/div>\n<\/div>\n<\/div>\n","protected":false},"featured_media":2635,"comment_status":"open","ping_status":"closed","template":"","meta":[],"product_brand":[],"product_cat":[62,61],"product_tag":[],"class_list":{"0":"post-3143","1":"product","2":"type-product","3":"status-publish","4":"has-post-thumbnail","6":"product_cat-refills","7":"product_cat-soaps","9":"first","10":"instock","11":"taxable","12":"shipping-taxable","13":"purchasable","14":"product-type-simple"},"yoast_head":"<!-- This site is optimized with the Yoast SEO Premium plugin v27.2 (Yoast SEO v27.3) - https:\/\/yoast.com\/product\/yoast-seo-premium-wordpress\/ -->\n<title>Moisturizing liquid soap refill, 100% natural ORGANIC fill<\/title>\n<meta name=\"description\" content=\"Clove, Cinnamon, Orange liquid moisturizing soap refill. Buy a 1L refill now to reuse your Oodima container.\" \/>\n<meta name=\"robots\" content=\"index, follow, max-snippet:-1, max-image-preview:large, max-video-preview:-1\" \/>\n<link rel=\"canonical\" href=\"https:\/\/oodima.be\/en\/produit\/refill-clove-cinnamon-and-orange-zest-1l\/\" \/>\n<meta property=\"og:locale\" content=\"en_US\" \/>\n<meta property=\"og:type\" content=\"article\" \/>\n<meta property=\"og:title\" content=\"Refill - Clove, cinnamon and orange zest (1L)\" \/>\n<meta property=\"og:description\" content=\"Clove, Cinnamon, Orange liquid moisturizing soap refill. Buy a 1L refill now to reuse your Oodima container.\" \/>\n<meta property=\"og:url\" content=\"https:\/\/oodima.be\/en\/produit\/refill-clove-cinnamon-and-orange-zest-1l\/\" \/>\n<meta property=\"og:site_name\" content=\"Oodima\" \/>\n<meta property=\"article:publisher\" content=\"https:\/\/www.facebook.com\/oodima.be\" \/>\n<meta property=\"article:modified_time\" content=\"2026-01-30T13:54:11+00:00\" \/>\n<meta property=\"og:image\" content=\"https:\/\/oodima.be\/wp-content\/uploads\/2023\/09\/Oodima-14-scaled.jpg\" \/>\n\t<meta property=\"og:image:width\" content=\"2560\" \/>\n\t<meta property=\"og:image:height\" content=\"2560\" \/>\n\t<meta property=\"og:image:type\" content=\"image\/jpeg\" \/>\n<meta name=\"twitter:card\" content=\"summary_large_image\" \/>\n<script type=\"application\/ld+json\" class=\"yoast-schema-graph\">{\"@context\":\"https:\\\/\\\/schema.org\",\"@graph\":[{\"@type\":\"WebPage\",\"@id\":\"https:\\\/\\\/oodima.be\\\/en\\\/produit\\\/refill-clove-cinnamon-and-orange-zest-1l\\\/\",\"url\":\"https:\\\/\\\/oodima.be\\\/en\\\/produit\\\/refill-clove-cinnamon-and-orange-zest-1l\\\/\",\"name\":\"Moisturizing liquid soap refill, 100% natural ORGANIC fill\",\"isPartOf\":{\"@id\":\"https:\\\/\\\/oodima.be\\\/en\\\/#website\"},\"primaryImageOfPage\":{\"@id\":\"https:\\\/\\\/oodima.be\\\/en\\\/produit\\\/refill-clove-cinnamon-and-orange-zest-1l\\\/#primaryimage\"},\"image\":{\"@id\":\"https:\\\/\\\/oodima.be\\\/en\\\/produit\\\/refill-clove-cinnamon-and-orange-zest-1l\\\/#primaryimage\"},\"thumbnailUrl\":\"https:\\\/\\\/oodima.be\\\/wp-content\\\/uploads\\\/2023\\\/09\\\/Oodima-14-scaled.jpg\",\"datePublished\":\"2023-09-21T08:07:50+00:00\",\"dateModified\":\"2026-01-30T13:54:11+00:00\",\"description\":\"Clove, Cinnamon, Orange liquid moisturizing soap refill. Buy a 1L refill now to reuse your Oodima container.\",\"breadcrumb\":{\"@id\":\"https:\\\/\\\/oodima.be\\\/en\\\/produit\\\/refill-clove-cinnamon-and-orange-zest-1l\\\/#breadcrumb\"},\"inLanguage\":\"en-US\",\"potentialAction\":[{\"@type\":\"ReadAction\",\"target\":[\"https:\\\/\\\/oodima.be\\\/en\\\/produit\\\/refill-clove-cinnamon-and-orange-zest-1l\\\/\"]}]},{\"@type\":\"ImageObject\",\"inLanguage\":\"en-US\",\"@id\":\"https:\\\/\\\/oodima.be\\\/en\\\/produit\\\/refill-clove-cinnamon-and-orange-zest-1l\\\/#primaryimage\",\"url\":\"https:\\\/\\\/oodima.be\\\/wp-content\\\/uploads\\\/2023\\\/09\\\/Oodima-14-scaled.jpg\",\"contentUrl\":\"https:\\\/\\\/oodima.be\\\/wp-content\\\/uploads\\\/2023\\\/09\\\/Oodima-14-scaled.jpg\",\"width\":2560,\"height\":2560,\"caption\":\"Did you like our Clove, Cinnamon, Orange soap? Buy a 1L refill of our moisturizing liquid soap to reuse your Oodima container or refill the container of your choice. They'll make you feel like you're cuddling up by the fire, while taking you back to the flavors of the Christmas markets. A sweet and spicy blend, like mulled wine, for comforting results. Orange essential oil will leave your skin glowing and your mind relaxed. A must-have this winter!\"},{\"@type\":\"BreadcrumbList\",\"@id\":\"https:\\\/\\\/oodima.be\\\/en\\\/produit\\\/refill-clove-cinnamon-and-orange-zest-1l\\\/#breadcrumb\",\"itemListElement\":[{\"@type\":\"ListItem\",\"position\":1,\"name\":\"Accueil\",\"item\":\"https:\\\/\\\/oodima.be\\\/en\\\/home\\\/\"},{\"@type\":\"ListItem\",\"position\":2,\"name\":\"Shop\",\"item\":\"https:\\\/\\\/oodima.be\\\/en\\\/shop\\\/\"},{\"@type\":\"ListItem\",\"position\":3,\"name\":\"Refill &#8211; Clove, cinnamon and orange zest (1L)\"}]},{\"@type\":\"WebSite\",\"@id\":\"https:\\\/\\\/oodima.be\\\/en\\\/#website\",\"url\":\"https:\\\/\\\/oodima.be\\\/en\\\/\",\"name\":\"Oodima\",\"description\":\"La douce caresse d&#039;un v\u00e9ritable savon liquide\",\"publisher\":{\"@id\":\"https:\\\/\\\/oodima.be\\\/en\\\/#organization\"},\"potentialAction\":[{\"@type\":\"SearchAction\",\"target\":{\"@type\":\"EntryPoint\",\"urlTemplate\":\"https:\\\/\\\/oodima.be\\\/en\\\/?s={search_term_string}\"},\"query-input\":{\"@type\":\"PropertyValueSpecification\",\"valueRequired\":true,\"valueName\":\"search_term_string\"}}],\"inLanguage\":\"en-US\"},{\"@type\":\"Organization\",\"@id\":\"https:\\\/\\\/oodima.be\\\/en\\\/#organization\",\"name\":\"Oodima\",\"url\":\"https:\\\/\\\/oodima.be\\\/en\\\/\",\"logo\":{\"@type\":\"ImageObject\",\"inLanguage\":\"en-US\",\"@id\":\"https:\\\/\\\/oodima.be\\\/en\\\/#\\\/schema\\\/logo\\\/image\\\/\",\"url\":\"https:\\\/\\\/oodima.be\\\/wp-content\\\/uploads\\\/2026\\\/01\\\/logo-oodima-seul-carre.webp\",\"contentUrl\":\"https:\\\/\\\/oodima.be\\\/wp-content\\\/uploads\\\/2026\\\/01\\\/logo-oodima-seul-carre.webp\",\"width\":567,\"height\":567,\"caption\":\"Oodima\"},\"image\":{\"@id\":\"https:\\\/\\\/oodima.be\\\/en\\\/#\\\/schema\\\/logo\\\/image\\\/\"},\"sameAs\":[\"https:\\\/\\\/www.facebook.com\\\/oodima.be\",\"https:\\\/\\\/www.instagram.com\\\/oodima_\\\/\"],\"description\":\"Artisans savonniers, producteur de savons liquides hydratants saponifi\u00e9s \u00e0 froid, 100% d'origine naturelle et certifi\u00e9s BIO\",\"email\":\"info@oodima.be\",\"telephone\":\"019600100\",\"legalName\":\"The Good Soap\",\"foundingDate\":\"2021-12-20\",\"vatID\":\"BE0778866646\",\"numberOfEmployees\":{\"@type\":\"QuantitativeValue\",\"minValue\":\"1\",\"maxValue\":\"10\"},\"publishingPrinciples\":\"https:\\\/\\\/oodima.be\\\/engagements\\\/\",\"ownershipFundingInfo\":\"https:\\\/\\\/oodima.be\\\/engagements\\\/\",\"correctionsPolicy\":\"https:\\\/\\\/oodima.be\\\/remboursements_retours-2\\\/\",\"ethicsPolicy\":\"https:\\\/\\\/oodima.be\\\/engagements\\\/\"}]}<\/script>\n<!-- \/ Yoast SEO Premium plugin. -->","yoast_head_json":{"title":"Moisturizing liquid soap refill, 100% natural ORGANIC fill","description":"Clove, Cinnamon, Orange liquid moisturizing soap refill. Buy a 1L refill now to reuse your Oodima container.","robots":{"index":"index","follow":"follow","max-snippet":"max-snippet:-1","max-image-preview":"max-image-preview:large","max-video-preview":"max-video-preview:-1"},"canonical":"https:\/\/oodima.be\/en\/produit\/refill-clove-cinnamon-and-orange-zest-1l\/","og_locale":"en_US","og_type":"article","og_title":"Refill - Clove, cinnamon and orange zest (1L)","og_description":"Clove, Cinnamon, Orange liquid moisturizing soap refill. Buy a 1L refill now to reuse your Oodima container.","og_url":"https:\/\/oodima.be\/en\/produit\/refill-clove-cinnamon-and-orange-zest-1l\/","og_site_name":"Oodima","article_publisher":"https:\/\/www.facebook.com\/oodima.be","article_modified_time":"2026-01-30T13:54:11+00:00","og_image":[{"width":2560,"height":2560,"url":"https:\/\/oodima.be\/wp-content\/uploads\/2023\/09\/Oodima-14-scaled.jpg","type":"image\/jpeg"}],"twitter_card":"summary_large_image","schema":{"@context":"https:\/\/schema.org","@graph":[{"@type":"WebPage","@id":"https:\/\/oodima.be\/en\/produit\/refill-clove-cinnamon-and-orange-zest-1l\/","url":"https:\/\/oodima.be\/en\/produit\/refill-clove-cinnamon-and-orange-zest-1l\/","name":"Moisturizing liquid soap refill, 100% natural ORGANIC fill","isPartOf":{"@id":"https:\/\/oodima.be\/en\/#website"},"primaryImageOfPage":{"@id":"https:\/\/oodima.be\/en\/produit\/refill-clove-cinnamon-and-orange-zest-1l\/#primaryimage"},"image":{"@id":"https:\/\/oodima.be\/en\/produit\/refill-clove-cinnamon-and-orange-zest-1l\/#primaryimage"},"thumbnailUrl":"https:\/\/oodima.be\/wp-content\/uploads\/2023\/09\/Oodima-14-scaled.jpg","datePublished":"2023-09-21T08:07:50+00:00","dateModified":"2026-01-30T13:54:11+00:00","description":"Clove, Cinnamon, Orange liquid moisturizing soap refill. Buy a 1L refill now to reuse your Oodima container.","breadcrumb":{"@id":"https:\/\/oodima.be\/en\/produit\/refill-clove-cinnamon-and-orange-zest-1l\/#breadcrumb"},"inLanguage":"en-US","potentialAction":[{"@type":"ReadAction","target":["https:\/\/oodima.be\/en\/produit\/refill-clove-cinnamon-and-orange-zest-1l\/"]}]},{"@type":"ImageObject","inLanguage":"en-US","@id":"https:\/\/oodima.be\/en\/produit\/refill-clove-cinnamon-and-orange-zest-1l\/#primaryimage","url":"https:\/\/oodima.be\/wp-content\/uploads\/2023\/09\/Oodima-14-scaled.jpg","contentUrl":"https:\/\/oodima.be\/wp-content\/uploads\/2023\/09\/Oodima-14-scaled.jpg","width":2560,"height":2560,"caption":"Did you like our Clove, Cinnamon, Orange soap? Buy a 1L refill of our moisturizing liquid soap to reuse your Oodima container or refill the container of your choice. They'll make you feel like you're cuddling up by the fire, while taking you back to the flavors of the Christmas markets. A sweet and spicy blend, like mulled wine, for comforting results. Orange essential oil will leave your skin glowing and your mind relaxed. A must-have this winter!"},{"@type":"BreadcrumbList","@id":"https:\/\/oodima.be\/en\/produit\/refill-clove-cinnamon-and-orange-zest-1l\/#breadcrumb","itemListElement":[{"@type":"ListItem","position":1,"name":"Accueil","item":"https:\/\/oodima.be\/en\/home\/"},{"@type":"ListItem","position":2,"name":"Shop","item":"https:\/\/oodima.be\/en\/shop\/"},{"@type":"ListItem","position":3,"name":"Refill &#8211; Clove, cinnamon and orange zest (1L)"}]},{"@type":"WebSite","@id":"https:\/\/oodima.be\/en\/#website","url":"https:\/\/oodima.be\/en\/","name":"Oodima","description":"La douce caresse d&#039;un v\u00e9ritable savon liquide","publisher":{"@id":"https:\/\/oodima.be\/en\/#organization"},"potentialAction":[{"@type":"SearchAction","target":{"@type":"EntryPoint","urlTemplate":"https:\/\/oodima.be\/en\/?s={search_term_string}"},"query-input":{"@type":"PropertyValueSpecification","valueRequired":true,"valueName":"search_term_string"}}],"inLanguage":"en-US"},{"@type":"Organization","@id":"https:\/\/oodima.be\/en\/#organization","name":"Oodima","url":"https:\/\/oodima.be\/en\/","logo":{"@type":"ImageObject","inLanguage":"en-US","@id":"https:\/\/oodima.be\/en\/#\/schema\/logo\/image\/","url":"https:\/\/oodima.be\/wp-content\/uploads\/2026\/01\/logo-oodima-seul-carre.webp","contentUrl":"https:\/\/oodima.be\/wp-content\/uploads\/2026\/01\/logo-oodima-seul-carre.webp","width":567,"height":567,"caption":"Oodima"},"image":{"@id":"https:\/\/oodima.be\/en\/#\/schema\/logo\/image\/"},"sameAs":["https:\/\/www.facebook.com\/oodima.be","https:\/\/www.instagram.com\/oodima_\/"],"description":"Artisans savonniers, producteur de savons liquides hydratants saponifi\u00e9s \u00e0 froid, 100% d'origine naturelle et certifi\u00e9s BIO","email":"info@oodima.be","telephone":"019600100","legalName":"The Good Soap","foundingDate":"2021-12-20","vatID":"BE0778866646","numberOfEmployees":{"@type":"QuantitativeValue","minValue":"1","maxValue":"10"},"publishingPrinciples":"https:\/\/oodima.be\/engagements\/","ownershipFundingInfo":"https:\/\/oodima.be\/engagements\/","correctionsPolicy":"https:\/\/oodima.be\/remboursements_retours-2\/","ethicsPolicy":"https:\/\/oodima.be\/engagements\/"}]}},"jetpack_sharing_enabled":true,"_links":{"self":[{"href":"https:\/\/oodima.be\/en\/wp-json\/wp\/v2\/product\/3143","targetHints":{"allow":["GET"]}}],"collection":[{"href":"https:\/\/oodima.be\/en\/wp-json\/wp\/v2\/product"}],"about":[{"href":"https:\/\/oodima.be\/en\/wp-json\/wp\/v2\/types\/product"}],"replies":[{"embeddable":true,"href":"https:\/\/oodima.be\/en\/wp-json\/wp\/v2\/comments?post=3143"}],"wp:featuredmedia":[{"embeddable":true,"href":"https:\/\/oodima.be\/en\/wp-json\/wp\/v2\/media\/2635"}],"wp:attachment":[{"href":"https:\/\/oodima.be\/en\/wp-json\/wp\/v2\/media?parent=3143"}],"wp:term":[{"taxonomy":"product_brand","embeddable":true,"href":"https:\/\/oodima.be\/en\/wp-json\/wp\/v2\/product_brand?post=3143"},{"taxonomy":"product_cat","embeddable":true,"href":"https:\/\/oodima.be\/en\/wp-json\/wp\/v2\/product_cat?post=3143"},{"taxonomy":"product_tag","embeddable":true,"href":"https:\/\/oodima.be\/en\/wp-json\/wp\/v2\/product_tag?post=3143"}],"curies":[{"name":"wp","href":"https:\/\/api.w.org\/{rel}","templated":true}]}}