{"id":4419,"date":"2026-02-09T14:52:06","date_gmt":"2026-02-09T12:52:06","guid":{"rendered":"https:\/\/oodima.be\/manage-profile\/"},"modified":"2026-02-09T14:52:06","modified_gmt":"2026-02-09T12:52:06","slug":"manage-profile","status":"publish","type":"page","link":"https:\/\/oodima.be\/en\/manage-profile\/","title":{"rendered":"Manage Profile"},"content":{"rendered":"<p>Hi <span id=\"bwfan_contact_name\">John<\/span> <\/p>\n<p> your email is <span id=\"bwfan_contact_email\">john@example.com<\/span>.  <\/p>\n<div class=\"bwfan-manage-profile-wrapper bwf-distraction-free-mode\">            <div class=\"bwfan_manage_profile_header\">\n                <a href=\"https:\/\/oodima.be\/en\/\">\n                    <img decoding=\"async\" src=\"https:\/\/oodima.be\/wp-content\/uploads\/2026\/02\/logo-oodima-seul-carre.png\" alt=\"logo\" width=\"150\" height=\"36\">\n                <\/a>\n            <\/div>\n                    <div class=\"bwfan-manage-profile-contact-details\">\n            <div class=\"bwfan-details\">\n                <div class=\"bwf-page-title\">Manage Profile<\/div>                <div class=\"bwf-contact-info\"><span class=\"bwfan-manage-profile-contact-email\"><\/span><\/div>            <\/div>\n        <\/div>\n        <form id=\"bwfan_manage_profile_fields\">        <div class=\"bwfan-profile-fields\" id=\"bwfan-profile-fields\">\n            <div class=\"bwf-h2\">Manage Fields<\/div>\n                            <div class=\"bwfan-profile-field\">\n                    <label for=\"bwfan-field-f_name\">First Name<\/label><input type=\"text\" id=\"bwfan-field-f_name\" data-slug=\"f_name\" value=\"\" \/>                <\/div>\n                                <div class=\"bwfan-profile-field\">\n                    <label for=\"bwfan-field-l_name\">Last Name<\/label><input type=\"text\" id=\"bwfan-field-l_name\" data-slug=\"l_name\" value=\"\" \/>                <\/div>\n                                <div class=\"bwfan-profile-field\">\n                    <label for=\"bwfan-field-contact_no\">Phone<\/label><input type=\"text\" id=\"bwfan-field-contact_no\" data-slug=\"contact_no\" value=\"\" \/>                <\/div>\n                        <\/div>\n        <a id=\"bwfan_manage_profile_update\" class=\"button-primary button\" href=\"#\">Update Details<\/a><input type=\"hidden\" id=\"bwfan_manage_profile_nonce\" value=\"4fa654f136\" name=\"bwfan_manage_profile_nonce\"><\/form><\/div>\n","protected":false},"excerpt":{"rendered":"<p>Hi your email is .<\/p>\n","protected":false},"author":2,"featured_media":0,"parent":0,"menu_order":0,"comment_status":"closed","ping_status":"closed","template":"","meta":{"footnotes":""},"class_list":["post-4419","page","type-page","status-publish","hentry"],"yoast_head":"<!-- This site is optimized with the Yoast SEO Premium plugin v27.2 (Yoast SEO v27.3) - https:\/\/yoast.com\/product\/yoast-seo-premium-wordpress\/ -->\n<title>Manage Profile - Oodima<\/title>\n<meta name=\"robots\" content=\"index, follow, max-snippet:-1, max-image-preview:large, max-video-preview:-1\" \/>\n<link rel=\"canonical\" href=\"https:\/\/oodima.be\/en\/manage-profile\/\" \/>\n<meta property=\"og:locale\" content=\"en_US\" \/>\n<meta property=\"og:type\" content=\"article\" \/>\n<meta property=\"og:title\" content=\"Manage Profile\" \/>\n<meta property=\"og:description\" content=\"Hi your email is .\" \/>\n<meta property=\"og:url\" content=\"https:\/\/oodima.be\/en\/manage-profile\/\" \/>\n<meta property=\"og:site_name\" content=\"Oodima\" \/>\n<meta property=\"article:publisher\" content=\"https:\/\/www.facebook.com\/oodima.be\" \/>\n<meta property=\"og:image\" content=\"https:\/\/oodima.be\/wp-content\/uploads\/2026\/01\/Oodima-douce-carresse-scaled.webp\" \/>\n\t<meta property=\"og:image:width\" content=\"1920\" \/>\n\t<meta property=\"og:image:height\" content=\"1244\" \/>\n\t<meta property=\"og:image:type\" content=\"image\/webp\" \/>\n<meta name=\"twitter:card\" content=\"summary_large_image\" \/>\n<script type=\"application\/ld+json\" class=\"yoast-schema-graph\">{\"@context\":\"https:\\\/\\\/schema.org\",\"@graph\":[{\"@type\":\"WebPage\",\"@id\":\"https:\\\/\\\/oodima.be\\\/en\\\/manage-profile\\\/\",\"url\":\"https:\\\/\\\/oodima.be\\\/en\\\/manage-profile\\\/\",\"name\":\"Manage Profile - Oodima\",\"isPartOf\":{\"@id\":\"https:\\\/\\\/oodima.be\\\/en\\\/#website\"},\"datePublished\":\"2026-02-09T12:52:06+00:00\",\"breadcrumb\":{\"@id\":\"https:\\\/\\\/oodima.be\\\/en\\\/manage-profile\\\/#breadcrumb\"},\"inLanguage\":\"en-US\",\"potentialAction\":[{\"@type\":\"ReadAction\",\"target\":[\"https:\\\/\\\/oodima.be\\\/en\\\/manage-profile\\\/\"]}]},{\"@type\":\"BreadcrumbList\",\"@id\":\"https:\\\/\\\/oodima.be\\\/en\\\/manage-profile\\\/#breadcrumb\",\"itemListElement\":[{\"@type\":\"ListItem\",\"position\":1,\"name\":\"Accueil\",\"item\":\"https:\\\/\\\/oodima.be\\\/en\\\/home\\\/\"},{\"@type\":\"ListItem\",\"position\":2,\"name\":\"Manage Profile\"}]},{\"@type\":\"WebSite\",\"@id\":\"https:\\\/\\\/oodima.be\\\/en\\\/#website\",\"url\":\"https:\\\/\\\/oodima.be\\\/en\\\/\",\"name\":\"Oodima\",\"description\":\"La douce caresse d&#039;un v\u00e9ritable savon liquide\",\"publisher\":{\"@id\":\"https:\\\/\\\/oodima.be\\\/en\\\/#organization\"},\"potentialAction\":[{\"@type\":\"SearchAction\",\"target\":{\"@type\":\"EntryPoint\",\"urlTemplate\":\"https:\\\/\\\/oodima.be\\\/en\\\/?s={search_term_string}\"},\"query-input\":{\"@type\":\"PropertyValueSpecification\",\"valueRequired\":true,\"valueName\":\"search_term_string\"}}],\"inLanguage\":\"en-US\"},{\"@type\":\"Organization\",\"@id\":\"https:\\\/\\\/oodima.be\\\/en\\\/#organization\",\"name\":\"Oodima\",\"url\":\"https:\\\/\\\/oodima.be\\\/en\\\/\",\"logo\":{\"@type\":\"ImageObject\",\"inLanguage\":\"en-US\",\"@id\":\"https:\\\/\\\/oodima.be\\\/en\\\/#\\\/schema\\\/logo\\\/image\\\/\",\"url\":\"https:\\\/\\\/oodima.be\\\/wp-content\\\/uploads\\\/2026\\\/01\\\/logo-oodima-seul-carre.webp\",\"contentUrl\":\"https:\\\/\\\/oodima.be\\\/wp-content\\\/uploads\\\/2026\\\/01\\\/logo-oodima-seul-carre.webp\",\"width\":567,\"height\":567,\"caption\":\"Oodima\"},\"image\":{\"@id\":\"https:\\\/\\\/oodima.be\\\/en\\\/#\\\/schema\\\/logo\\\/image\\\/\"},\"sameAs\":[\"https:\\\/\\\/www.facebook.com\\\/oodima.be\",\"https:\\\/\\\/www.instagram.com\\\/oodima_\\\/\"],\"description\":\"Artisans savonniers, producteur de savons liquides hydratants saponifi\u00e9s \u00e0 froid, 100% d'origine naturelle et certifi\u00e9s BIO\",\"email\":\"info@oodima.be\",\"telephone\":\"019600100\",\"legalName\":\"The Good Soap\",\"foundingDate\":\"2021-12-20\",\"vatID\":\"BE0778866646\",\"numberOfEmployees\":{\"@type\":\"QuantitativeValue\",\"minValue\":\"1\",\"maxValue\":\"10\"},\"publishingPrinciples\":\"https:\\\/\\\/oodima.be\\\/engagements\\\/\",\"ownershipFundingInfo\":\"https:\\\/\\\/oodima.be\\\/engagements\\\/\",\"correctionsPolicy\":\"https:\\\/\\\/oodima.be\\\/remboursements_retours-2\\\/\",\"ethicsPolicy\":\"https:\\\/\\\/oodima.be\\\/engagements\\\/\"}]}<\/script>\n<!-- \/ Yoast SEO Premium plugin. -->","yoast_head_json":{"title":"Manage Profile - Oodima","robots":{"index":"index","follow":"follow","max-snippet":"max-snippet:-1","max-image-preview":"max-image-preview:large","max-video-preview":"max-video-preview:-1"},"canonical":"https:\/\/oodima.be\/en\/manage-profile\/","og_locale":"en_US","og_type":"article","og_title":"Manage Profile","og_description":"Hi your email is .","og_url":"https:\/\/oodima.be\/en\/manage-profile\/","og_site_name":"Oodima","article_publisher":"https:\/\/www.facebook.com\/oodima.be","og_image":[{"width":1920,"height":1244,"url":"https:\/\/oodima.be\/wp-content\/uploads\/2026\/01\/Oodima-douce-carresse-scaled.webp","type":"image\/webp"}],"twitter_card":"summary_large_image","schema":{"@context":"https:\/\/schema.org","@graph":[{"@type":"WebPage","@id":"https:\/\/oodima.be\/en\/manage-profile\/","url":"https:\/\/oodima.be\/en\/manage-profile\/","name":"Manage Profile - Oodima","isPartOf":{"@id":"https:\/\/oodima.be\/en\/#website"},"datePublished":"2026-02-09T12:52:06+00:00","breadcrumb":{"@id":"https:\/\/oodima.be\/en\/manage-profile\/#breadcrumb"},"inLanguage":"en-US","potentialAction":[{"@type":"ReadAction","target":["https:\/\/oodima.be\/en\/manage-profile\/"]}]},{"@type":"BreadcrumbList","@id":"https:\/\/oodima.be\/en\/manage-profile\/#breadcrumb","itemListElement":[{"@type":"ListItem","position":1,"name":"Accueil","item":"https:\/\/oodima.be\/en\/home\/"},{"@type":"ListItem","position":2,"name":"Manage Profile"}]},{"@type":"WebSite","@id":"https:\/\/oodima.be\/en\/#website","url":"https:\/\/oodima.be\/en\/","name":"Oodima","description":"La douce caresse d&#039;un v\u00e9ritable savon liquide","publisher":{"@id":"https:\/\/oodima.be\/en\/#organization"},"potentialAction":[{"@type":"SearchAction","target":{"@type":"EntryPoint","urlTemplate":"https:\/\/oodima.be\/en\/?s={search_term_string}"},"query-input":{"@type":"PropertyValueSpecification","valueRequired":true,"valueName":"search_term_string"}}],"inLanguage":"en-US"},{"@type":"Organization","@id":"https:\/\/oodima.be\/en\/#organization","name":"Oodima","url":"https:\/\/oodima.be\/en\/","logo":{"@type":"ImageObject","inLanguage":"en-US","@id":"https:\/\/oodima.be\/en\/#\/schema\/logo\/image\/","url":"https:\/\/oodima.be\/wp-content\/uploads\/2026\/01\/logo-oodima-seul-carre.webp","contentUrl":"https:\/\/oodima.be\/wp-content\/uploads\/2026\/01\/logo-oodima-seul-carre.webp","width":567,"height":567,"caption":"Oodima"},"image":{"@id":"https:\/\/oodima.be\/en\/#\/schema\/logo\/image\/"},"sameAs":["https:\/\/www.facebook.com\/oodima.be","https:\/\/www.instagram.com\/oodima_\/"],"description":"Artisans savonniers, producteur de savons liquides hydratants saponifi\u00e9s \u00e0 froid, 100% d'origine naturelle et certifi\u00e9s BIO","email":"info@oodima.be","telephone":"019600100","legalName":"The Good Soap","foundingDate":"2021-12-20","vatID":"BE0778866646","numberOfEmployees":{"@type":"QuantitativeValue","minValue":"1","maxValue":"10"},"publishingPrinciples":"https:\/\/oodima.be\/engagements\/","ownershipFundingInfo":"https:\/\/oodima.be\/engagements\/","correctionsPolicy":"https:\/\/oodima.be\/remboursements_retours-2\/","ethicsPolicy":"https:\/\/oodima.be\/engagements\/"}]}},"_hostinger_reach_plugin_has_subscription_block":false,"_hostinger_reach_plugin_is_elementor":false,"jetpack_sharing_enabled":true,"_links":{"self":[{"href":"https:\/\/oodima.be\/en\/wp-json\/wp\/v2\/pages\/4419","targetHints":{"allow":["GET"]}}],"collection":[{"href":"https:\/\/oodima.be\/en\/wp-json\/wp\/v2\/pages"}],"about":[{"href":"https:\/\/oodima.be\/en\/wp-json\/wp\/v2\/types\/page"}],"author":[{"embeddable":true,"href":"https:\/\/oodima.be\/en\/wp-json\/wp\/v2\/users\/2"}],"replies":[{"embeddable":true,"href":"https:\/\/oodima.be\/en\/wp-json\/wp\/v2\/comments?post=4419"}],"version-history":[{"count":0,"href":"https:\/\/oodima.be\/en\/wp-json\/wp\/v2\/pages\/4419\/revisions"}],"wp:attachment":[{"href":"https:\/\/oodima.be\/en\/wp-json\/wp\/v2\/media?parent=4419"}],"curies":[{"name":"wp","href":"https:\/\/api.w.org\/{rel}","templated":true}]}}