{"id":2994,"date":"2023-08-09T11:25:02","date_gmt":"2023-08-09T09:25:02","guid":{"rendered":"http:\/\/oodima.be\/legal-notice-and-rgpd\/"},"modified":"2026-01-24T19:52:40","modified_gmt":"2026-01-24T17:52:40","slug":"legal-notice-and-rgpd","status":"publish","type":"page","link":"https:\/\/oodima.be\/en\/legal-notice-and-rgpd\/","title":{"rendered":"Legal notice and RGPD"},"content":{"rendered":"\t\t<div data-elementor-type=\"wp-page\" data-elementor-id=\"2994\" class=\"elementor elementor-2994 elementor-1205\" data-elementor-post-type=\"page\">\n\t\t\t\t\t\t<section class=\"elementor-section elementor-top-section elementor-element elementor-element-ca713c3 elementor-section-content-middle elementor-section-stretched elementor-section-boxed elementor-section-height-default elementor-section-height-default\" data-id=\"ca713c3\" data-element_type=\"section\" data-e-type=\"section\" data-settings=\"{&quot;background_background&quot;:&quot;classic&quot;,&quot;stretch_section&quot;:&quot;section-stretched&quot;}\">\n\t\t\t\t\t\t<div class=\"elementor-container elementor-column-gap-default\">\n\t\t\t\t\t<div class=\"elementor-column elementor-col-100 elementor-top-column elementor-element elementor-element-6accbe6\" data-id=\"6accbe6\" data-element_type=\"column\" data-e-type=\"column\">\n\t\t\t<div class=\"elementor-widget-wrap elementor-element-populated\">\n\t\t\t\t\t\t\t<\/div>\n\t\t<\/div>\n\t\t\t\t\t<\/div>\n\t\t<\/section>\n\t\t\t\t<section class=\"elementor-section elementor-top-section elementor-element elementor-element-02607b3 elementor-section-stretched elementor-reverse-mobile elementor-section-boxed elementor-section-height-default elementor-section-height-default\" data-id=\"02607b3\" data-element_type=\"section\" data-e-type=\"section\" data-settings=\"{&quot;stretch_section&quot;:&quot;section-stretched&quot;,&quot;background_background&quot;:&quot;classic&quot;}\">\n\t\t\t\t\t\t<div class=\"elementor-container elementor-column-gap-default\">\n\t\t\t\t\t<div class=\"elementor-column elementor-col-100 elementor-top-column elementor-element elementor-element-0652b66\" data-id=\"0652b66\" data-element_type=\"column\" data-e-type=\"column\">\n\t\t\t<div class=\"elementor-widget-wrap elementor-element-populated\">\n\t\t\t\t\t\t<div class=\"elementor-element elementor-element-5f9506a elementor-widget elementor-widget-heading\" data-id=\"5f9506a\" data-element_type=\"widget\" data-e-type=\"widget\" data-widget_type=\"heading.default\">\n\t\t\t\t<div class=\"elementor-widget-container\">\n\t\t\t\t\t<h2 class=\"elementor-heading-title elementor-size-default\">Terms of use<\/h2>\t\t\t\t<\/div>\n\t\t\t\t<\/div>\n\t\t\t\t<div class=\"elementor-element elementor-element-21947e3 elementor-widget elementor-widget-text-editor\" data-id=\"21947e3\" data-element_type=\"widget\" data-e-type=\"widget\" data-widget_type=\"text-editor.default\">\n\t\t\t\t<div class=\"elementor-widget-container\">\n\t\t\t\t\t\t\t\t\t<div class=\"elementor-element elementor-element-f367eaa elementor-widget elementor-widget-text-editor\" data-id=\"f367eaa\" data-element_type=\"widget\" data-widget_type=\"text-editor.default\">\n<div class=\"elementor-widget-container\">\n<div class=\"elementor-text-editor elementor-clearfix\">\n<p>Last update: January 24, 2026<\/p>\n<p>This website, accessible at www.oodima.be and http:\/\/oodima.be, is published by The Good Soap (hereinafter, TGS, &#8220;we&#8221; or &#8220;us&#8221;), whose contact details are as follows:<\/p>\n<p><strong>The Good Soap<\/strong><br>Rue Pyrie, 16 \u00e0 4400 Fl\u00e9malle<br>Mail : info@thegoodsoap.be<br>T\u00e9l : <span class=\"elementor-icon-list-text\">+32 19 600 100<\/span><br>BCE : 0778.866.646<\/p>\n<h2>1. CONDITIONS OF USE<\/h2>\n<p>Use of the www.oodima.be website implies full acceptance of the general conditions of use described below. These conditions of use may be modified or supplemented at any time, and users of the www.oodima.be site are therefore advised to consult them regularly. This site is normally accessible to users at all times. However, TGS may decide to interrupt the site for technical maintenance purposes, in which case it will endeavor to inform users of the dates and times of the intervention in advance. The www.oodima.be website is updated regularly. Similarly, the legal notices may be modified at any time: they are nevertheless binding on the user, who is invited to refer to them as often as possible in order to review them.     <\/p>\n<h3>1.1. Published information<\/h3>\n<p>The purpose of the www.oodima.be website is to provide information concerning all of the company&#8217;s activities. TGS strives to provide the most accurate information possible on the www.oodima.be website. However, TGS cannot be held responsible for any omissions, inaccuracies or failure to update information, whether caused by TGS or by third-party partners supplying such information. All information provided on the www.oodima.be website is given for guidance only, and is subject to change. Furthermore, the information provided on the www.oodima.be website is not exhaustive. It is subject to modifications having been made since it was put online. No information published on this site can constitute a guarantee or create an obligation on the part of TGS.      <\/p>\n<h3>1.2. Website design and production<\/h3>\n<p>Our website was designed and created by The Good Soap.<\/p>\n<h3>1.3. Intellectual rights<\/h3>\n<p>TGS is the owner of the intellectual property rights or holds the rights of use on all the elements accessible on the site, in particular the texts, images, graphics, logos, icons, sounds, software. Any reproduction, representation, modification, publication, adaptation of all or part of the elements of the site, whatever the means or process used, is forbidden, except with the prior written authorization of : TGS. In particular, the reproduction of all or part of our site on other sites is prohibited, subject to the indexing and updating services of search engines.  <\/p>\n<h3>1.4. Links to other sites<\/h3>\n<p>This site provides links to other sites for your convenience. TGS assumes no responsibility for the content or practices of these sites. In particular, we recommend that you review the privacy policies of these sites before providing any information about yourself.  <\/p>\n<h3>1.5. Contractual limitations on technical data<\/h3>\n<p>The site uses JavaScript technology. The website cannot be held responsible for any material damage linked to the use of the site. In addition, users of the site undertake to access the site using recent, virus-free equipment, and with an up-to-date browser.  <\/p>\n<h3>1.6. Limitation of liability<\/h3>\n<p>TGS cannot be held responsible for direct or indirect damage caused to the user&#8217;s equipment when accessing the www.oodima.be website, and resulting either from the use of equipment that does not meet the specifications indicated in point 5, or from the appearance of a bug or incompatibility. TGS cannot be held responsible for indirect damages (such as loss of business or loss of opportunity) resulting from use of the www.oodima.be website. Interactive areas (possibility to ask questions in the contact area) are available to users. TGS reserves the right to delete, without prior notice, any content posted in this area that contravenes the legislation applicable in Belgium, in particular provisions relating to data protection. Where applicable, TGS also reserves the right to hold the user civilly and\/or criminally liable, particularly in the event of messages of a racist, insulting, defamatory or pornographic nature, whatever the medium used (text, photographs, etc.).    <\/p>\n<h3>1.7. Site hosting<\/h3>\n<p>This site is hosted by Hostinger, a company based in Lithuania.<\/p>\n<h3>1.8. Applicable law and jurisdiction<\/h3>\n<p>Any dispute arising in connection with the use of the www.oodima.be website is subject to Belgian law. Exclusive jurisdiction is granted to the competent courts of the Province of Li\u00e8ge. <\/p>\n<h2>2. PERSONAL DATA PROTECTION<\/h2>\n<p>The manner in which TGS, as data controller, processes the personal data of visitors to its site (&#8220;you&#8221;, &#8220;your&#8221;) is detailed below.<\/p>\n<p>TGS is committed to protecting your personal data to use them only in accordance with the following clauses, in compliance with the legislation applicable to the protection of personal data, including in particular Regulation (EU) 2010\/679 on data protection (&#8220;RGPD&#8221;).<\/p>\n<p>Your personal data will only be used to process an order or contact request and will not be passed on to third parties.<\/p>\n<h3>2.1. Category of data processed<\/h3>\n<p>TGS may process certain data about you, such as your IP address, the operating system of the device you use to access our site and data relating to your browsing on our site. Such data is anonymized, in the sense that it is impossible for us to know the precise identity of the person concerned. <\/p>\n<h3>2.2. Personal data<\/h3>\n<p>TGS is committed to ensuring that the collection and processing of your data, carried out from the www.oodima.be website, complies with the General Data Protection Regulation (RGPD) and the French Data Protection Act (Loi Informatique et Libert\u00e9s). Each form or teleservice limits the collection of personal data to what is strictly necessary (data minimization) and indicates in particular: <\/p>\n<ul>\n<li>what are the purposes for collecting this data?<\/li>\n<li>whether this data is obligatory or optional for the management of your request;<\/li>\n<li>who will be able to read it (in principle only TGS, unless it is specified on the form that it will be passed on to a third party for the purpose of managing your request);<\/li>\n<li>your rights and how to exercise them with TGS.<\/li>\n<\/ul>\n<h3>2.3. How long we keep your data<\/h3>\n<p>Personal data collected as part of the services offered on www.oodima.be are processed using secure protocols and enable TGS to manage the requests received in its IT applications. Your personal data will be kept for 24 months. <\/p>\n<h3>2.4. Your rights of access, rectification, opposition and complaint<\/h3>\n<p>Except where a legal provision in force in Belgium, including the RGPD or professional secrecy precludes it, you have, under the RGPD and in the conditions provided for therein, the following rights: (a) the right of access including the right to know whether we are processing your data; (b) the right to have a copy of the processed data; (c) the right to rectify the processed data; (d) the right to object to the processed data; (e) the right to restrict the processing of the processed data ; (f) the right to erasure of processed data; (f) the right to portability of processed data, if your data is processed as part of our contractual obligations or consent; the right to lodge a complaint with the Data Protection Authority (www.autoriteprotectiondonnees.be).       <\/p>\n<p>You can exercise your rights by writing to us at info@thegoodsoap.be or at the following address: Rue de Campine 238, 4000 Li\u00e8ge, Belgium. A copy of your identity card must be enclosed with your request. <\/p>\n<p>You will receive a reply from us within 30 working days.<\/p>\n<h3>2.5. Cookies<\/h3>\n<h4>What is a cookie?<\/h4>\n<p>Cookies are small text files that are installed on your computer or device when you visit our websites.<\/p>\n<h4>Statistics and audience measurement<\/h4>\n<p>Our website may transmit anonymized consultation data to the Google Analytics service in order to produce statistics and measure the audience for the various pages of our website. For further information, please consult the &nbsp;<a href=\"https:\/\/policies.google.com\/privacy?hl=fr#infocollect\" target=\"_blank\" rel=\"noopener noreferrer\">Google privacy policy<\/a>.<\/p>\n<h4>Our use of cookies<\/h4>\n<p>We use cookies to :<\/p>\n<ul>\n<li>Identify you when you connect to our websites.<\/li>\n<li>For statistical purposes (audience research) via Google Analytics<\/li>\n<\/ul>\n<h4>Information collected through cookies<\/h4>\n<p>Cookies help us gather information about how you use our website, but we do not store any personally identifiable information about you in our cookie data. We only record a unique session identifier that will help us to retrieve a user profile and your preferences the next time you visit. <\/p>\n<h4>Types of cookies<\/h4>\n<ul>\n<li>Session cookies: cookies of this type are temporarily stored on your computer or device during a browsing session. They are deleted from your computer or device at the end of the browsing session. <\/li>\n<li>Permanent cookies: cookies of this type remain on your computer for longer. Permanent cookies help us recognize you when we need to know who you are for more than one browsing session. <\/li>\n<\/ul>\n<h4>Cookie management<\/h4>\n<p>The menu of most browsers includes options allowing you to manage your cookies by adjusting or configuring your cookie settings.<br>Generally, the browser offers you the possibility :<\/p>\n<ul>\n<li>display your cookies ;<\/li>\n<li>allow cookies ;<\/li>\n<li>disable all cookies, or only specific cookies;<\/li>\n<li>disable all cookies when you close your browser;<\/li>\n<li>block cookies ;<\/li>\n<li>to be informed when you receive a cookie.<\/li>\n<\/ul>\n<p>Please note that if you choose to block our cookies, most features of this site will be disabled (including registration, posting comments and other interaction) and your browsing experience may also be affected. If you set your browser options to delete all cookies, your browsing preferences will be erased when you close your browser. <\/p>\n<p>Please note that unless you have set your browser to reject cookies, our system will issue cookies whenever you visit one of our sites.<\/p>\n<p>Refusal to install a cookie may make it impossible to access certain services. Users may, however, configure their computers as follows to refuse the installation of cookies: <\/p>\n<p>In Internet Explorer: Tools tab (cog-shaped icon at top right) \/ Internet options. Click on Confidentiality and choose Block all cookies. Confirm with Ok.  <\/p>\n<p>Firefox: at the top of the browser window, click on the Firefox button, then go to the Options tab. Click on the Privacy tab.<br>Set the Retention Rules to: use personalized settings for history. Finally, uncheck it to disable cookies.  <\/p>\n<p>On Safari: Click on the menu icon (symbolized by a cog) in the top right-hand corner of the browser. Select Settings. Click on Show advanced settings. In the &#8220;Privacy&#8221; section, click on &#8220;Content settings&#8221;. In the &#8220;Cookies&#8221; section, you can block cookies.    <\/p>\n<p>Under Chrome: Click on the menu icon (symbolized by three horizontal lines) in the top right-hand corner of the browser. Select Settings. Click on Show advanced settings. In the &#8220;Privacy&#8221; section, click on Preferences. In the &#8220;Privacy&#8221; tab, you can block cookies.    <\/p>\n<h3>2.6. Data security<\/h3>\n<p>We make every effort to ensure the security of your data. Our site is protected by the HTTPS protocol, and information exchanged is encrypted. <\/p>\n<\/div>\n<\/div>\n<\/div>\t\t\t\t\t\t\t\t<\/div>\n\t\t\t\t<\/div>\n\t\t\t\t\t<\/div>\n\t\t<\/div>\n\t\t\t\t\t<\/div>\n\t\t<\/section>\n\t\t\t\t<\/div>\n\t\t","protected":false},"excerpt":{"rendered":"<p>Terms of use Last update: January 24, 2026 This website, accessible at www.oodima.be and http:\/\/oodima.be, is published by The Good Soap (hereinafter, TGS, &#8220;we&#8221; or &#8220;us&#8221;), whose contact details are as follows: The Good SoapRue Pyrie, 16 \u00e0 4400 Fl\u00e9malleMail : info@thegoodsoap.beT\u00e9l : +32 19 600 100BCE : 0778.866.646 1. CONDITIONS OF USE Use of [&hellip;]<\/p>\n","protected":false},"author":1,"featured_media":0,"parent":0,"menu_order":0,"comment_status":"closed","ping_status":"closed","template":"elementor_header_footer","meta":{"footnotes":""},"class_list":["post-2994","page","type-page","status-publish","hentry"],"yoast_head":"<!-- This site is optimized with the Yoast SEO Premium plugin v27.2 (Yoast SEO v27.3) - https:\/\/yoast.com\/product\/yoast-seo-premium-wordpress\/ -->\n<title>Legal notice and RGPD - Oodima<\/title>\n<meta name=\"robots\" content=\"index, follow, max-snippet:-1, max-image-preview:large, max-video-preview:-1\" \/>\n<link rel=\"canonical\" href=\"https:\/\/oodima.be\/en\/legal-notice-and-rgpd\/\" \/>\n<meta property=\"og:locale\" content=\"en_US\" \/>\n<meta property=\"og:type\" content=\"article\" \/>\n<meta property=\"og:title\" content=\"Legal notice and RGPD\" \/>\n<meta property=\"og:description\" content=\"Terms of use Last update: January 24, 2026 This website, accessible at www.oodima.be and http:\/\/oodima.be, is published by The Good Soap (hereinafter, TGS, &#8220;we&#8221; or &#8220;us&#8221;), whose contact details are as follows: The Good SoapRue Pyrie, 16 \u00e0 4400 Fl\u00e9malleMail : info@thegoodsoap.beT\u00e9l : +32 19 600 100BCE : 0778.866.646 1. CONDITIONS OF USE Use of [&hellip;]\" \/>\n<meta property=\"og:url\" content=\"https:\/\/oodima.be\/en\/legal-notice-and-rgpd\/\" \/>\n<meta property=\"og:site_name\" content=\"Oodima\" \/>\n<meta property=\"article:publisher\" content=\"https:\/\/www.facebook.com\/oodima.be\" \/>\n<meta property=\"article:modified_time\" content=\"2026-01-24T17:52:40+00:00\" \/>\n<meta property=\"og:image\" content=\"https:\/\/oodima.be\/wp-content\/uploads\/2026\/01\/Oodima-douce-carresse-scaled.webp\" \/>\n\t<meta property=\"og:image:width\" content=\"1920\" \/>\n\t<meta property=\"og:image:height\" content=\"1244\" \/>\n\t<meta property=\"og:image:type\" content=\"image\/webp\" \/>\n<meta name=\"twitter:card\" content=\"summary_large_image\" \/>\n<meta name=\"twitter:label1\" content=\"Est. reading time\" \/>\n\t<meta name=\"twitter:data1\" content=\"9 minutes\" \/>\n<script type=\"application\/ld+json\" class=\"yoast-schema-graph\">{\"@context\":\"https:\\\/\\\/schema.org\",\"@graph\":[{\"@type\":\"WebPage\",\"@id\":\"https:\\\/\\\/oodima.be\\\/en\\\/legal-notice-and-rgpd\\\/\",\"url\":\"https:\\\/\\\/oodima.be\\\/en\\\/legal-notice-and-rgpd\\\/\",\"name\":\"Legal notice and RGPD - Oodima\",\"isPartOf\":{\"@id\":\"https:\\\/\\\/oodima.be\\\/en\\\/#website\"},\"datePublished\":\"2023-08-09T09:25:02+00:00\",\"dateModified\":\"2026-01-24T17:52:40+00:00\",\"breadcrumb\":{\"@id\":\"https:\\\/\\\/oodima.be\\\/en\\\/legal-notice-and-rgpd\\\/#breadcrumb\"},\"inLanguage\":\"en-US\",\"potentialAction\":[{\"@type\":\"ReadAction\",\"target\":[\"https:\\\/\\\/oodima.be\\\/en\\\/legal-notice-and-rgpd\\\/\"]}]},{\"@type\":\"BreadcrumbList\",\"@id\":\"https:\\\/\\\/oodima.be\\\/en\\\/legal-notice-and-rgpd\\\/#breadcrumb\",\"itemListElement\":[{\"@type\":\"ListItem\",\"position\":1,\"name\":\"Accueil\",\"item\":\"https:\\\/\\\/oodima.be\\\/en\\\/home\\\/\"},{\"@type\":\"ListItem\",\"position\":2,\"name\":\"Legal notice and RGPD\"}]},{\"@type\":\"WebSite\",\"@id\":\"https:\\\/\\\/oodima.be\\\/en\\\/#website\",\"url\":\"https:\\\/\\\/oodima.be\\\/en\\\/\",\"name\":\"Oodima\",\"description\":\"La douce caresse d&#039;un v\u00e9ritable savon liquide\",\"publisher\":{\"@id\":\"https:\\\/\\\/oodima.be\\\/en\\\/#organization\"},\"potentialAction\":[{\"@type\":\"SearchAction\",\"target\":{\"@type\":\"EntryPoint\",\"urlTemplate\":\"https:\\\/\\\/oodima.be\\\/en\\\/?s={search_term_string}\"},\"query-input\":{\"@type\":\"PropertyValueSpecification\",\"valueRequired\":true,\"valueName\":\"search_term_string\"}}],\"inLanguage\":\"en-US\"},{\"@type\":\"Organization\",\"@id\":\"https:\\\/\\\/oodima.be\\\/en\\\/#organization\",\"name\":\"Oodima\",\"url\":\"https:\\\/\\\/oodima.be\\\/en\\\/\",\"logo\":{\"@type\":\"ImageObject\",\"inLanguage\":\"en-US\",\"@id\":\"https:\\\/\\\/oodima.be\\\/en\\\/#\\\/schema\\\/logo\\\/image\\\/\",\"url\":\"https:\\\/\\\/oodima.be\\\/wp-content\\\/uploads\\\/2026\\\/01\\\/logo-oodima-seul-carre.webp\",\"contentUrl\":\"https:\\\/\\\/oodima.be\\\/wp-content\\\/uploads\\\/2026\\\/01\\\/logo-oodima-seul-carre.webp\",\"width\":567,\"height\":567,\"caption\":\"Oodima\"},\"image\":{\"@id\":\"https:\\\/\\\/oodima.be\\\/en\\\/#\\\/schema\\\/logo\\\/image\\\/\"},\"sameAs\":[\"https:\\\/\\\/www.facebook.com\\\/oodima.be\",\"https:\\\/\\\/www.instagram.com\\\/oodima_\\\/\"],\"description\":\"Artisans savonniers, producteur de savons liquides hydratants saponifi\u00e9s \u00e0 froid, 100% d'origine naturelle et certifi\u00e9s BIO\",\"email\":\"info@oodima.be\",\"telephone\":\"019600100\",\"legalName\":\"The Good Soap\",\"foundingDate\":\"2021-12-20\",\"vatID\":\"BE0778866646\",\"numberOfEmployees\":{\"@type\":\"QuantitativeValue\",\"minValue\":\"1\",\"maxValue\":\"10\"},\"publishingPrinciples\":\"https:\\\/\\\/oodima.be\\\/engagements\\\/\",\"ownershipFundingInfo\":\"https:\\\/\\\/oodima.be\\\/engagements\\\/\",\"correctionsPolicy\":\"https:\\\/\\\/oodima.be\\\/remboursements_retours-2\\\/\",\"ethicsPolicy\":\"https:\\\/\\\/oodima.be\\\/engagements\\\/\"}]}<\/script>\n<!-- \/ Yoast SEO Premium plugin. -->","yoast_head_json":{"title":"Legal notice and RGPD - Oodima","robots":{"index":"index","follow":"follow","max-snippet":"max-snippet:-1","max-image-preview":"max-image-preview:large","max-video-preview":"max-video-preview:-1"},"canonical":"https:\/\/oodima.be\/en\/legal-notice-and-rgpd\/","og_locale":"en_US","og_type":"article","og_title":"Legal notice and RGPD","og_description":"Terms of use Last update: January 24, 2026 This website, accessible at www.oodima.be and http:\/\/oodima.be, is published by The Good Soap (hereinafter, TGS, &#8220;we&#8221; or &#8220;us&#8221;), whose contact details are as follows: The Good SoapRue Pyrie, 16 \u00e0 4400 Fl\u00e9malleMail : info@thegoodsoap.beT\u00e9l : +32 19 600 100BCE : 0778.866.646 1. CONDITIONS OF USE Use of [&hellip;]","og_url":"https:\/\/oodima.be\/en\/legal-notice-and-rgpd\/","og_site_name":"Oodima","article_publisher":"https:\/\/www.facebook.com\/oodima.be","article_modified_time":"2026-01-24T17:52:40+00:00","og_image":[{"width":1920,"height":1244,"url":"https:\/\/oodima.be\/wp-content\/uploads\/2026\/01\/Oodima-douce-carresse-scaled.webp","type":"image\/webp"}],"twitter_card":"summary_large_image","twitter_misc":{"Est. reading time":"9 minutes"},"schema":{"@context":"https:\/\/schema.org","@graph":[{"@type":"WebPage","@id":"https:\/\/oodima.be\/en\/legal-notice-and-rgpd\/","url":"https:\/\/oodima.be\/en\/legal-notice-and-rgpd\/","name":"Legal notice and RGPD - Oodima","isPartOf":{"@id":"https:\/\/oodima.be\/en\/#website"},"datePublished":"2023-08-09T09:25:02+00:00","dateModified":"2026-01-24T17:52:40+00:00","breadcrumb":{"@id":"https:\/\/oodima.be\/en\/legal-notice-and-rgpd\/#breadcrumb"},"inLanguage":"en-US","potentialAction":[{"@type":"ReadAction","target":["https:\/\/oodima.be\/en\/legal-notice-and-rgpd\/"]}]},{"@type":"BreadcrumbList","@id":"https:\/\/oodima.be\/en\/legal-notice-and-rgpd\/#breadcrumb","itemListElement":[{"@type":"ListItem","position":1,"name":"Accueil","item":"https:\/\/oodima.be\/en\/home\/"},{"@type":"ListItem","position":2,"name":"Legal notice and RGPD"}]},{"@type":"WebSite","@id":"https:\/\/oodima.be\/en\/#website","url":"https:\/\/oodima.be\/en\/","name":"Oodima","description":"La douce caresse d&#039;un v\u00e9ritable savon liquide","publisher":{"@id":"https:\/\/oodima.be\/en\/#organization"},"potentialAction":[{"@type":"SearchAction","target":{"@type":"EntryPoint","urlTemplate":"https:\/\/oodima.be\/en\/?s={search_term_string}"},"query-input":{"@type":"PropertyValueSpecification","valueRequired":true,"valueName":"search_term_string"}}],"inLanguage":"en-US"},{"@type":"Organization","@id":"https:\/\/oodima.be\/en\/#organization","name":"Oodima","url":"https:\/\/oodima.be\/en\/","logo":{"@type":"ImageObject","inLanguage":"en-US","@id":"https:\/\/oodima.be\/en\/#\/schema\/logo\/image\/","url":"https:\/\/oodima.be\/wp-content\/uploads\/2026\/01\/logo-oodima-seul-carre.webp","contentUrl":"https:\/\/oodima.be\/wp-content\/uploads\/2026\/01\/logo-oodima-seul-carre.webp","width":567,"height":567,"caption":"Oodima"},"image":{"@id":"https:\/\/oodima.be\/en\/#\/schema\/logo\/image\/"},"sameAs":["https:\/\/www.facebook.com\/oodima.be","https:\/\/www.instagram.com\/oodima_\/"],"description":"Artisans savonniers, producteur de savons liquides hydratants saponifi\u00e9s \u00e0 froid, 100% d'origine naturelle et certifi\u00e9s BIO","email":"info@oodima.be","telephone":"019600100","legalName":"The Good Soap","foundingDate":"2021-12-20","vatID":"BE0778866646","numberOfEmployees":{"@type":"QuantitativeValue","minValue":"1","maxValue":"10"},"publishingPrinciples":"https:\/\/oodima.be\/engagements\/","ownershipFundingInfo":"https:\/\/oodima.be\/engagements\/","correctionsPolicy":"https:\/\/oodima.be\/remboursements_retours-2\/","ethicsPolicy":"https:\/\/oodima.be\/engagements\/"}]}},"_hostinger_reach_plugin_has_subscription_block":false,"_hostinger_reach_plugin_is_elementor":false,"jetpack_sharing_enabled":true,"_links":{"self":[{"href":"https:\/\/oodima.be\/en\/wp-json\/wp\/v2\/pages\/2994","targetHints":{"allow":["GET"]}}],"collection":[{"href":"https:\/\/oodima.be\/en\/wp-json\/wp\/v2\/pages"}],"about":[{"href":"https:\/\/oodima.be\/en\/wp-json\/wp\/v2\/types\/page"}],"author":[{"embeddable":true,"href":"https:\/\/oodima.be\/en\/wp-json\/wp\/v2\/users\/1"}],"replies":[{"embeddable":true,"href":"https:\/\/oodima.be\/en\/wp-json\/wp\/v2\/comments?post=2994"}],"version-history":[{"count":2,"href":"https:\/\/oodima.be\/en\/wp-json\/wp\/v2\/pages\/2994\/revisions"}],"predecessor-version":[{"id":4251,"href":"https:\/\/oodima.be\/en\/wp-json\/wp\/v2\/pages\/2994\/revisions\/4251"}],"wp:attachment":[{"href":"https:\/\/oodima.be\/en\/wp-json\/wp\/v2\/media?parent=2994"}],"curies":[{"name":"wp","href":"https:\/\/api.w.org\/{rel}","templated":true}]}}