{"id":2980,"date":"2024-10-05T12:33:14","date_gmt":"2024-10-05T10:33:14","guid":{"rendered":"http:\/\/oodima.be\/why-choose-oodima\/"},"modified":"2026-03-23T13:38:13","modified_gmt":"2026-03-23T11:38:13","slug":"why-choose-oodima","status":"publish","type":"page","link":"https:\/\/oodima.be\/en\/why-choose-oodima\/","title":{"rendered":"Why choose Oodima"},"content":{"rendered":"\t\t<div data-elementor-type=\"wp-page\" data-elementor-id=\"2980\" class=\"elementor elementor-2980 elementor-1870\" data-elementor-post-type=\"page\">\n\t\t\t\t\t\t<section class=\"elementor-section elementor-top-section elementor-element elementor-element-037c97b elementor-section-stretched elementor-section-boxed elementor-section-height-default elementor-section-height-default\" data-id=\"037c97b\" data-element_type=\"section\" data-e-type=\"section\" data-settings=\"{&quot;background_background&quot;:&quot;slideshow&quot;,&quot;background_slideshow_gallery&quot;:[{&quot;id&quot;:4237,&quot;url&quot;:&quot;https:\\\/\\\/oodima.be\\\/wp-content\\\/uploads\\\/2026\\\/01\\\/Huile-et-bulles-xxs.jpg&quot;}],&quot;stretch_section&quot;:&quot;section-stretched&quot;,&quot;background_slideshow_loop&quot;:&quot;yes&quot;,&quot;background_slideshow_slide_duration&quot;:5000,&quot;background_slideshow_slide_transition&quot;:&quot;fade&quot;,&quot;background_slideshow_transition_duration&quot;:500}\">\n\t\t\t\t\t\t<div class=\"elementor-container elementor-column-gap-default\">\n\t\t\t\t\t<div class=\"elementor-column elementor-col-100 elementor-top-column elementor-element elementor-element-13ecec5\" data-id=\"13ecec5\" data-element_type=\"column\" data-e-type=\"column\">\n\t\t\t<div class=\"elementor-widget-wrap elementor-element-populated\">\n\t\t\t\t\t\t<div class=\"elementor-element elementor-element-bfa73f8 elementor-widget__width-initial elementor-widget elementor-widget-text-editor\" data-id=\"bfa73f8\" data-element_type=\"widget\" data-e-type=\"widget\" data-widget_type=\"text-editor.default\">\n\t\t\t\t<div class=\"elementor-widget-container\">\n\t\t\t\t\t\t\t\t\t<h3>Why choose Oodima<\/h3><p> <\/p><p>At Oodima, we&#8217;ve found that most cosmetics on the market have damaging effects on consumers and the environment, while excluding local communities.<\/p><p>We&#8217;re working for a natural, local alternative that&#8217;s more respectful of the skin, pays producers fairly and saves our planet.<\/p><p>We create 100% natural cosmetics with a limited number of organically grown ingredients, establishing the shortest possible circuit between the place of production and the place of consumption.<\/p><p>We use an artisanal cold saponification method to develop a range of 100% natural, skin-moisturizing and biodegradable daily care products.<\/p><p>Our soaps are mainly made from sunflower and hemp oils grown in Belgium, and comply with the most stringent certifications on the market.<\/p><p><u>Oodima is a real cold-saponified soap&#8230;not a shower gel made with surfactants and therefore detergents&#8230;<\/u><\/p><p class=\"MsoNormal\"> <\/p>\t\t\t\t\t\t\t\t<\/div>\n\t\t\t\t<\/div>\n\t\t\t\t<section class=\"elementor-section elementor-inner-section elementor-element elementor-element-14639c7 elementor-section-boxed elementor-section-height-default elementor-section-height-default\" data-id=\"14639c7\" data-element_type=\"section\" data-e-type=\"section\">\n\t\t\t\t\t\t<div class=\"elementor-container elementor-column-gap-default\">\n\t\t\t\t\t<div class=\"elementor-column elementor-col-50 elementor-inner-column elementor-element elementor-element-2993f45\" data-id=\"2993f45\" data-element_type=\"column\" data-e-type=\"column\">\n\t\t\t<div class=\"elementor-widget-wrap elementor-element-populated\">\n\t\t\t\t\t\t<div class=\"elementor-element elementor-element-c62d3a6 elementor-widget__width-initial elementor-widget elementor-widget-text-editor\" data-id=\"c62d3a6\" data-element_type=\"widget\" data-e-type=\"widget\" data-widget_type=\"text-editor.default\">\n\t\t\t\t<div class=\"elementor-widget-container\">\n\t\t\t\t\t\t\t\t\t<p><span style=\"text-decoration: underline;\"><strong>N<\/strong><strong>ur soaps are unique because :<\/strong><\/span><\/p><p><strong><u>Premises<\/u><\/strong><\/p><p>  &#8211; Belgian Belgo<\/p><p>  &#8211; Cold-saponified in the province of Li\u00e8ge<\/p><p>  &#8211; Made with local organic produce.<\/p><p>  &#8211; Organic sunflower oil from <a href=\"https:\/\/www.equilibre-huilepaysanne.be\/\">Equilibre huile paysanne <\/a>.  <\/p><p>  &#8211; Organic hemp oil from <a href=\"https:\/\/www.cannavie.be\">Cannavie<\/a><\/p><p><strong><u>Ecological<\/u><\/strong><\/p><p>  &#8211; Cold-saponified, production requires very little energy.<\/p><p>  &#8211; Local, made in Li\u00e8ge with products from local agriculture.<\/p><p>  &#8211; Distributed on a regular basis. No middleman between you and us. <\/p><p>  &#8211; Containers made from 100% recycled materials. (Rpet 100%) <\/p><p>  &#8211; Reusable containers with refills or in bulk<\/p><p>  &#8211; 100% recyclable containers.<\/p><p>  &#8211; Cosmos Organic certified by Ecocert<\/p>\t\t\t\t\t\t\t\t<\/div>\n\t\t\t\t<\/div>\n\t\t\t\t\t<\/div>\n\t\t<\/div>\n\t\t\t\t<div class=\"elementor-column elementor-col-50 elementor-inner-column elementor-element elementor-element-6626c86\" data-id=\"6626c86\" data-element_type=\"column\" data-e-type=\"column\">\n\t\t\t<div class=\"elementor-widget-wrap elementor-element-populated\">\n\t\t\t\t\t\t<div class=\"elementor-element elementor-element-c5c9ee6 elementor-widget elementor-widget-image\" data-id=\"c5c9ee6\" data-element_type=\"widget\" data-e-type=\"widget\" data-widget_type=\"image.default\">\n\t\t\t\t<div class=\"elementor-widget-container\">\n\t\t\t\t\t\t\t\t\t\t\t\t\t\t\t<img fetchpriority=\"high\" decoding=\"async\" width=\"800\" height=\"600\" src=\"https:\/\/oodima.be\/wp-content\/uploads\/2025\/10\/Oodima-studio-HD-4-1024x768.jpg\" class=\"attachment-large size-large wp-image-3689\" alt=\"\" srcset=\"https:\/\/oodima.be\/wp-content\/uploads\/2025\/10\/Oodima-studio-HD-4-1024x768.jpg 1024w, https:\/\/oodima.be\/wp-content\/uploads\/2025\/10\/Oodima-studio-HD-4-300x225.jpg 300w, https:\/\/oodima.be\/wp-content\/uploads\/2025\/10\/Oodima-studio-HD-4-768x576.jpg 768w, https:\/\/oodima.be\/wp-content\/uploads\/2025\/10\/Oodima-studio-HD-4-1536x1152.jpg 1536w, https:\/\/oodima.be\/wp-content\/uploads\/2025\/10\/Oodima-studio-HD-4-2048x1536.jpg 2048w, https:\/\/oodima.be\/wp-content\/uploads\/2025\/10\/Oodima-studio-HD-4-600x450.jpg 600w\" sizes=\"(max-width: 800px) 100vw, 800px\" \/>\t\t\t\t\t\t\t\t\t\t\t\t\t\t\t<\/div>\n\t\t\t\t<\/div>\n\t\t\t\t\t<\/div>\n\t\t<\/div>\n\t\t\t\t\t<\/div>\n\t\t<\/section>\n\t\t\t\t<section class=\"elementor-section elementor-inner-section elementor-element elementor-element-31be778 elementor-section-boxed elementor-section-height-default elementor-section-height-default\" data-id=\"31be778\" data-element_type=\"section\" data-e-type=\"section\">\n\t\t\t\t\t\t<div class=\"elementor-container elementor-column-gap-default\">\n\t\t\t\t\t<div class=\"elementor-column elementor-col-50 elementor-inner-column elementor-element elementor-element-bade30e\" data-id=\"bade30e\" data-element_type=\"column\" data-e-type=\"column\">\n\t\t\t<div class=\"elementor-widget-wrap elementor-element-populated\">\n\t\t\t\t\t\t<div class=\"elementor-element elementor-element-8045391 elementor-widget elementor-widget-text-editor\" data-id=\"8045391\" data-element_type=\"widget\" data-e-type=\"widget\" data-widget_type=\"text-editor.default\">\n\t\t\t\t<div class=\"elementor-widget-container\">\n\t\t\t\t\t\t\t\t\t<p><strong><u>Sains<\/u><\/strong><\/p><p><strong><u><br><\/u><\/strong><\/p>\n<p><\/p>\n<p>&nbsp;&nbsp;&nbsp;&nbsp;&nbsp;&nbsp;&nbsp;&nbsp;&nbsp;&nbsp;&nbsp;&nbsp;&nbsp;&nbsp;&nbsp;  &#8211; Made from organic oils, they are gentle on the skin:<\/p>\n<p>&nbsp;&nbsp;&nbsp;&nbsp;&nbsp;&nbsp;&nbsp;&nbsp;&nbsp;&nbsp;&nbsp;&nbsp;&nbsp;&nbsp;&nbsp;&nbsp;&nbsp;&nbsp;&nbsp;&nbsp;&nbsp;&nbsp;&nbsp;&nbsp;&nbsp;&nbsp;&nbsp;&nbsp;&nbsp;&nbsp;  &#8211; Naturally moisturizing<\/p>\n<p>&nbsp;&nbsp;&nbsp;&nbsp;&nbsp;&nbsp;&nbsp;&nbsp;&nbsp;&nbsp;&nbsp;&nbsp;&nbsp;&nbsp;&nbsp;&nbsp;&nbsp;&nbsp;&nbsp;&nbsp;&nbsp;&nbsp;&nbsp;&nbsp;&nbsp;&nbsp;&nbsp;&nbsp;&nbsp;&nbsp;  &#8211; Naturally soothing<\/p>\n<p>&nbsp;&nbsp;&nbsp;&nbsp;&nbsp;&nbsp;&nbsp;&nbsp;&nbsp;&nbsp;&nbsp;&nbsp;&nbsp;&nbsp;&nbsp;&nbsp;&nbsp;&nbsp;&nbsp;&nbsp;&nbsp;&nbsp;&nbsp;&nbsp;&nbsp;&nbsp;&nbsp;&nbsp;&nbsp;&nbsp;  &#8211; Naturally restorative<\/p>\n<p>&nbsp;&nbsp;&nbsp;&nbsp;&nbsp;&nbsp;&nbsp;&nbsp;&nbsp;&nbsp;&nbsp;&nbsp;&nbsp;&nbsp;&nbsp;&nbsp;&nbsp;&nbsp;&nbsp;&nbsp;&nbsp;&nbsp;&nbsp;&nbsp;&nbsp;&nbsp;&nbsp;&nbsp;&nbsp;&nbsp;  &#8211; Naturally bactericidal<\/p>\n<p><\/p>\n<p><strong><u>Ethics<\/u><\/strong><\/p><p><strong><u><br><\/u><\/strong><\/p>\n<p><\/p>\n<p>&nbsp;&nbsp;&nbsp;&nbsp;&nbsp;&nbsp;&nbsp;&nbsp;&nbsp;&nbsp;&nbsp;&nbsp;&nbsp;&nbsp;&nbsp;  &#8211; Bought at fair prices from producers&nbsp;<\/p>\n<p>&nbsp;&nbsp;&nbsp;&nbsp;&nbsp;&nbsp;&nbsp;&nbsp;&nbsp;&nbsp;&nbsp;&nbsp;&nbsp;&nbsp;&nbsp;  &#8211; From a circular economy&nbsp;<\/p>\n<p>&nbsp;&nbsp;&nbsp;&nbsp;&nbsp;&nbsp;&nbsp;&nbsp;&nbsp;&nbsp;&nbsp;&nbsp;&nbsp;&nbsp;&nbsp;  &#8211; Produced by genuine Belgian craftsmen.<\/p>\n<p>&nbsp;&nbsp;&nbsp;&nbsp;&nbsp;&nbsp;&nbsp;&nbsp;&nbsp;&nbsp;&nbsp;&nbsp;&nbsp;&nbsp;&nbsp;  &#8211; Affordable retail price.<\/p><p><br><\/p>\n<p><\/p>\n<p><strong><u>Natural<\/u><\/strong><\/p><p><strong><u><br><\/u><\/strong><\/p>\n<p><\/p>\n<p>&nbsp;&nbsp;&nbsp;&nbsp;&nbsp;&nbsp;&nbsp;&nbsp;&nbsp;&nbsp;&nbsp;&nbsp;&nbsp;&nbsp;&nbsp;  &#8211; 100% of our ingredients are of natural origin&#8230; and 77% of total ingredients, minus water and salt, are organically grown.<\/p>\n<p>&nbsp;&nbsp;&nbsp;&nbsp;&nbsp;&nbsp;&nbsp;&nbsp;&nbsp;&nbsp;&nbsp;&nbsp;&nbsp;&nbsp;&nbsp;  &#8211; No chemical ingredients.<\/p><p><br><\/p>\n<p><\/p>\n<p><strong><u>Innovative<\/u><\/strong><\/p><p><strong><u><br><\/u><\/strong><\/p>\n<p><\/p>\n<p>&nbsp;&nbsp;&nbsp;&nbsp;&nbsp;&nbsp;&nbsp;&nbsp;&nbsp;&nbsp;&nbsp;&nbsp;&nbsp;&nbsp;&nbsp;  &#8211; We won the Agro Innovation prize.<\/p>\n<p>&nbsp;&nbsp;&nbsp;&nbsp;&nbsp;&nbsp;&nbsp;&nbsp;&nbsp;&nbsp;&nbsp;&nbsp;&nbsp;&nbsp;&nbsp;  &#8211; We make real liquid soaps, not shower gels&#8230;<\/p><p><br><\/p>\n<p><\/p>\n<p>Our soaps are rare; there&#8217;s no equivalent that combines so many qualities and so much respect for people and nature.<\/p><p><br><\/p>\n<p><\/p>\n<p>They bring a truly different experience.<\/p>\t\t\t\t\t\t\t\t<\/div>\n\t\t\t\t<\/div>\n\t\t\t\t\t<\/div>\n\t\t<\/div>\n\t\t\t\t<div class=\"elementor-column elementor-col-50 elementor-inner-column elementor-element elementor-element-ab040a1\" data-id=\"ab040a1\" data-element_type=\"column\" data-e-type=\"column\">\n\t\t\t<div class=\"elementor-widget-wrap elementor-element-populated\">\n\t\t\t\t\t\t<div class=\"elementor-element elementor-element-d30e314 elementor-widget elementor-widget-image\" data-id=\"d30e314\" data-element_type=\"widget\" data-e-type=\"widget\" data-widget_type=\"image.default\">\n\t\t\t\t<div class=\"elementor-widget-container\">\n\t\t\t\t\t\t\t\t\t\t\t\t\t\t\t<img decoding=\"async\" width=\"678\" height=\"1024\" src=\"https:\/\/oodima.be\/wp-content\/uploads\/2024\/09\/Oodima-47-Mid-678x1024.jpg\" class=\"attachment-large size-large wp-image-2725\" alt=\"\" srcset=\"https:\/\/oodima.be\/wp-content\/uploads\/2024\/09\/Oodima-47-Mid-678x1024.jpg 678w, https:\/\/oodima.be\/wp-content\/uploads\/2024\/09\/Oodima-47-Mid-199x300.jpg 199w, https:\/\/oodima.be\/wp-content\/uploads\/2024\/09\/Oodima-47-Mid-768x1160.jpg 768w, https:\/\/oodima.be\/wp-content\/uploads\/2024\/09\/Oodima-47-Mid-1017x1536.jpg 1017w, https:\/\/oodima.be\/wp-content\/uploads\/2024\/09\/Oodima-47-Mid-1355x2048.jpg 1355w, https:\/\/oodima.be\/wp-content\/uploads\/2024\/09\/Oodima-47-Mid-600x907.jpg 600w, https:\/\/oodima.be\/wp-content\/uploads\/2024\/09\/Oodima-47-Mid-scaled.jpg 1694w\" sizes=\"(max-width: 678px) 100vw, 678px\" \/>\t\t\t\t\t\t\t\t\t\t\t\t\t\t\t<\/div>\n\t\t\t\t<\/div>\n\t\t\t\t\t<\/div>\n\t\t<\/div>\n\t\t\t\t\t<\/div>\n\t\t<\/section>\n\t\t\t\t\t<\/div>\n\t\t<\/div>\n\t\t\t\t\t<\/div>\n\t\t<\/section>\n\t\t\t\t<\/div>\n\t\t","protected":false},"excerpt":{"rendered":"<p>Why choose Oodima At Oodima, we&#8217;ve found that most cosmetics on the market have damaging effects on consumers and the environment, while excluding local communities. We&#8217;re working for a natural, local alternative that&#8217;s more respectful of the skin, pays producers fairly and saves our planet. We create 100% natural cosmetics with a limited number of [&hellip;]<\/p>\n","protected":false},"author":2,"featured_media":0,"parent":0,"menu_order":0,"comment_status":"closed","ping_status":"closed","template":"","meta":{"footnotes":""},"class_list":["post-2980","page","type-page","status-publish","hentry"],"yoast_head":"<!-- This site is optimized with the Yoast SEO Premium plugin v27.2 (Yoast SEO v27.3) - https:\/\/yoast.com\/product\/yoast-seo-premium-wordpress\/ -->\n<title>Why choose Oodima - Oodima<\/title>\n<meta name=\"robots\" content=\"index, follow, max-snippet:-1, max-image-preview:large, max-video-preview:-1\" \/>\n<link rel=\"canonical\" href=\"https:\/\/oodima.be\/en\/why-choose-oodima\/\" \/>\n<meta property=\"og:locale\" content=\"en_US\" \/>\n<meta property=\"og:type\" content=\"article\" \/>\n<meta property=\"og:title\" content=\"Why choose Oodima\" \/>\n<meta property=\"og:description\" content=\"Why choose Oodima At Oodima, we&#8217;ve found that most cosmetics on the market have damaging effects on consumers and the environment, while excluding local communities. We&#8217;re working for a natural, local alternative that&#8217;s more respectful of the skin, pays producers fairly and saves our planet. We create 100% natural cosmetics with a limited number of [&hellip;]\" \/>\n<meta property=\"og:url\" content=\"https:\/\/oodima.be\/en\/why-choose-oodima\/\" \/>\n<meta property=\"og:site_name\" content=\"Oodima\" \/>\n<meta property=\"article:publisher\" content=\"https:\/\/www.facebook.com\/oodima.be\" \/>\n<meta property=\"article:modified_time\" content=\"2026-03-23T11:38:13+00:00\" \/>\n<meta property=\"og:image\" content=\"https:\/\/oodima.be\/wp-content\/uploads\/2025\/10\/Oodima-studio-HD-4-scaled.jpg\" \/>\n\t<meta property=\"og:image:width\" content=\"2560\" \/>\n\t<meta property=\"og:image:height\" content=\"1920\" \/>\n\t<meta property=\"og:image:type\" content=\"image\/jpeg\" \/>\n<meta name=\"twitter:card\" content=\"summary_large_image\" \/>\n<meta name=\"twitter:label1\" content=\"Est. reading time\" \/>\n\t<meta name=\"twitter:data1\" content=\"3 minutes\" \/>\n<script type=\"application\/ld+json\" class=\"yoast-schema-graph\">{\"@context\":\"https:\\\/\\\/schema.org\",\"@graph\":[{\"@type\":\"WebPage\",\"@id\":\"https:\\\/\\\/oodima.be\\\/en\\\/why-choose-oodima\\\/\",\"url\":\"https:\\\/\\\/oodima.be\\\/en\\\/why-choose-oodima\\\/\",\"name\":\"Why choose Oodima - Oodima\",\"isPartOf\":{\"@id\":\"https:\\\/\\\/oodima.be\\\/en\\\/#website\"},\"primaryImageOfPage\":{\"@id\":\"https:\\\/\\\/oodima.be\\\/en\\\/why-choose-oodima\\\/#primaryimage\"},\"image\":{\"@id\":\"https:\\\/\\\/oodima.be\\\/en\\\/why-choose-oodima\\\/#primaryimage\"},\"thumbnailUrl\":\"https:\\\/\\\/oodima.be\\\/wp-content\\\/uploads\\\/2025\\\/10\\\/Oodima-studio-HD-4-1024x768.jpg\",\"datePublished\":\"2024-10-05T10:33:14+00:00\",\"dateModified\":\"2026-03-23T11:38:13+00:00\",\"breadcrumb\":{\"@id\":\"https:\\\/\\\/oodima.be\\\/en\\\/why-choose-oodima\\\/#breadcrumb\"},\"inLanguage\":\"en-US\",\"potentialAction\":[{\"@type\":\"ReadAction\",\"target\":[\"https:\\\/\\\/oodima.be\\\/en\\\/why-choose-oodima\\\/\"]}]},{\"@type\":\"ImageObject\",\"inLanguage\":\"en-US\",\"@id\":\"https:\\\/\\\/oodima.be\\\/en\\\/why-choose-oodima\\\/#primaryimage\",\"url\":\"https:\\\/\\\/oodima.be\\\/wp-content\\\/uploads\\\/2025\\\/10\\\/Oodima-studio-HD-4-1024x768.jpg\",\"contentUrl\":\"https:\\\/\\\/oodima.be\\\/wp-content\\\/uploads\\\/2025\\\/10\\\/Oodima-studio-HD-4-1024x768.jpg\"},{\"@type\":\"BreadcrumbList\",\"@id\":\"https:\\\/\\\/oodima.be\\\/en\\\/why-choose-oodima\\\/#breadcrumb\",\"itemListElement\":[{\"@type\":\"ListItem\",\"position\":1,\"name\":\"Accueil\",\"item\":\"https:\\\/\\\/oodima.be\\\/en\\\/home\\\/\"},{\"@type\":\"ListItem\",\"position\":2,\"name\":\"Why choose Oodima\"}]},{\"@type\":\"WebSite\",\"@id\":\"https:\\\/\\\/oodima.be\\\/en\\\/#website\",\"url\":\"https:\\\/\\\/oodima.be\\\/en\\\/\",\"name\":\"Oodima\",\"description\":\"La douce caresse d&#039;un v\u00e9ritable savon liquide\",\"publisher\":{\"@id\":\"https:\\\/\\\/oodima.be\\\/en\\\/#organization\"},\"potentialAction\":[{\"@type\":\"SearchAction\",\"target\":{\"@type\":\"EntryPoint\",\"urlTemplate\":\"https:\\\/\\\/oodima.be\\\/en\\\/?s={search_term_string}\"},\"query-input\":{\"@type\":\"PropertyValueSpecification\",\"valueRequired\":true,\"valueName\":\"search_term_string\"}}],\"inLanguage\":\"en-US\"},{\"@type\":\"Organization\",\"@id\":\"https:\\\/\\\/oodima.be\\\/en\\\/#organization\",\"name\":\"Oodima\",\"url\":\"https:\\\/\\\/oodima.be\\\/en\\\/\",\"logo\":{\"@type\":\"ImageObject\",\"inLanguage\":\"en-US\",\"@id\":\"https:\\\/\\\/oodima.be\\\/en\\\/#\\\/schema\\\/logo\\\/image\\\/\",\"url\":\"https:\\\/\\\/oodima.be\\\/wp-content\\\/uploads\\\/2026\\\/01\\\/logo-oodima-seul-carre.webp\",\"contentUrl\":\"https:\\\/\\\/oodima.be\\\/wp-content\\\/uploads\\\/2026\\\/01\\\/logo-oodima-seul-carre.webp\",\"width\":567,\"height\":567,\"caption\":\"Oodima\"},\"image\":{\"@id\":\"https:\\\/\\\/oodima.be\\\/en\\\/#\\\/schema\\\/logo\\\/image\\\/\"},\"sameAs\":[\"https:\\\/\\\/www.facebook.com\\\/oodima.be\",\"https:\\\/\\\/www.instagram.com\\\/oodima_\\\/\"],\"description\":\"Artisans savonniers, producteur de savons liquides hydratants saponifi\u00e9s \u00e0 froid, 100% d'origine naturelle et certifi\u00e9s BIO\",\"email\":\"info@oodima.be\",\"telephone\":\"019600100\",\"legalName\":\"The Good Soap\",\"foundingDate\":\"2021-12-20\",\"vatID\":\"BE0778866646\",\"numberOfEmployees\":{\"@type\":\"QuantitativeValue\",\"minValue\":\"1\",\"maxValue\":\"10\"},\"publishingPrinciples\":\"https:\\\/\\\/oodima.be\\\/engagements\\\/\",\"ownershipFundingInfo\":\"https:\\\/\\\/oodima.be\\\/engagements\\\/\",\"correctionsPolicy\":\"https:\\\/\\\/oodima.be\\\/remboursements_retours-2\\\/\",\"ethicsPolicy\":\"https:\\\/\\\/oodima.be\\\/engagements\\\/\"}]}<\/script>\n<!-- \/ Yoast SEO Premium plugin. -->","yoast_head_json":{"title":"Why choose Oodima - Oodima","robots":{"index":"index","follow":"follow","max-snippet":"max-snippet:-1","max-image-preview":"max-image-preview:large","max-video-preview":"max-video-preview:-1"},"canonical":"https:\/\/oodima.be\/en\/why-choose-oodima\/","og_locale":"en_US","og_type":"article","og_title":"Why choose Oodima","og_description":"Why choose Oodima At Oodima, we&#8217;ve found that most cosmetics on the market have damaging effects on consumers and the environment, while excluding local communities. We&#8217;re working for a natural, local alternative that&#8217;s more respectful of the skin, pays producers fairly and saves our planet. We create 100% natural cosmetics with a limited number of [&hellip;]","og_url":"https:\/\/oodima.be\/en\/why-choose-oodima\/","og_site_name":"Oodima","article_publisher":"https:\/\/www.facebook.com\/oodima.be","article_modified_time":"2026-03-23T11:38:13+00:00","og_image":[{"width":2560,"height":1920,"url":"https:\/\/oodima.be\/wp-content\/uploads\/2025\/10\/Oodima-studio-HD-4-scaled.jpg","type":"image\/jpeg"}],"twitter_card":"summary_large_image","twitter_misc":{"Est. reading time":"3 minutes"},"schema":{"@context":"https:\/\/schema.org","@graph":[{"@type":"WebPage","@id":"https:\/\/oodima.be\/en\/why-choose-oodima\/","url":"https:\/\/oodima.be\/en\/why-choose-oodima\/","name":"Why choose Oodima - Oodima","isPartOf":{"@id":"https:\/\/oodima.be\/en\/#website"},"primaryImageOfPage":{"@id":"https:\/\/oodima.be\/en\/why-choose-oodima\/#primaryimage"},"image":{"@id":"https:\/\/oodima.be\/en\/why-choose-oodima\/#primaryimage"},"thumbnailUrl":"https:\/\/oodima.be\/wp-content\/uploads\/2025\/10\/Oodima-studio-HD-4-1024x768.jpg","datePublished":"2024-10-05T10:33:14+00:00","dateModified":"2026-03-23T11:38:13+00:00","breadcrumb":{"@id":"https:\/\/oodima.be\/en\/why-choose-oodima\/#breadcrumb"},"inLanguage":"en-US","potentialAction":[{"@type":"ReadAction","target":["https:\/\/oodima.be\/en\/why-choose-oodima\/"]}]},{"@type":"ImageObject","inLanguage":"en-US","@id":"https:\/\/oodima.be\/en\/why-choose-oodima\/#primaryimage","url":"https:\/\/oodima.be\/wp-content\/uploads\/2025\/10\/Oodima-studio-HD-4-1024x768.jpg","contentUrl":"https:\/\/oodima.be\/wp-content\/uploads\/2025\/10\/Oodima-studio-HD-4-1024x768.jpg"},{"@type":"BreadcrumbList","@id":"https:\/\/oodima.be\/en\/why-choose-oodima\/#breadcrumb","itemListElement":[{"@type":"ListItem","position":1,"name":"Accueil","item":"https:\/\/oodima.be\/en\/home\/"},{"@type":"ListItem","position":2,"name":"Why choose Oodima"}]},{"@type":"WebSite","@id":"https:\/\/oodima.be\/en\/#website","url":"https:\/\/oodima.be\/en\/","name":"Oodima","description":"La douce caresse d&#039;un v\u00e9ritable savon liquide","publisher":{"@id":"https:\/\/oodima.be\/en\/#organization"},"potentialAction":[{"@type":"SearchAction","target":{"@type":"EntryPoint","urlTemplate":"https:\/\/oodima.be\/en\/?s={search_term_string}"},"query-input":{"@type":"PropertyValueSpecification","valueRequired":true,"valueName":"search_term_string"}}],"inLanguage":"en-US"},{"@type":"Organization","@id":"https:\/\/oodima.be\/en\/#organization","name":"Oodima","url":"https:\/\/oodima.be\/en\/","logo":{"@type":"ImageObject","inLanguage":"en-US","@id":"https:\/\/oodima.be\/en\/#\/schema\/logo\/image\/","url":"https:\/\/oodima.be\/wp-content\/uploads\/2026\/01\/logo-oodima-seul-carre.webp","contentUrl":"https:\/\/oodima.be\/wp-content\/uploads\/2026\/01\/logo-oodima-seul-carre.webp","width":567,"height":567,"caption":"Oodima"},"image":{"@id":"https:\/\/oodima.be\/en\/#\/schema\/logo\/image\/"},"sameAs":["https:\/\/www.facebook.com\/oodima.be","https:\/\/www.instagram.com\/oodima_\/"],"description":"Artisans savonniers, producteur de savons liquides hydratants saponifi\u00e9s \u00e0 froid, 100% d'origine naturelle et certifi\u00e9s BIO","email":"info@oodima.be","telephone":"019600100","legalName":"The Good Soap","foundingDate":"2021-12-20","vatID":"BE0778866646","numberOfEmployees":{"@type":"QuantitativeValue","minValue":"1","maxValue":"10"},"publishingPrinciples":"https:\/\/oodima.be\/engagements\/","ownershipFundingInfo":"https:\/\/oodima.be\/engagements\/","correctionsPolicy":"https:\/\/oodima.be\/remboursements_retours-2\/","ethicsPolicy":"https:\/\/oodima.be\/engagements\/"}]}},"_hostinger_reach_plugin_has_subscription_block":false,"_hostinger_reach_plugin_is_elementor":false,"jetpack_sharing_enabled":true,"_links":{"self":[{"href":"https:\/\/oodima.be\/en\/wp-json\/wp\/v2\/pages\/2980","targetHints":{"allow":["GET"]}}],"collection":[{"href":"https:\/\/oodima.be\/en\/wp-json\/wp\/v2\/pages"}],"about":[{"href":"https:\/\/oodima.be\/en\/wp-json\/wp\/v2\/types\/page"}],"author":[{"embeddable":true,"href":"https:\/\/oodima.be\/en\/wp-json\/wp\/v2\/users\/2"}],"replies":[{"embeddable":true,"href":"https:\/\/oodima.be\/en\/wp-json\/wp\/v2\/comments?post=2980"}],"version-history":[{"count":3,"href":"https:\/\/oodima.be\/en\/wp-json\/wp\/v2\/pages\/2980\/revisions"}],"predecessor-version":[{"id":4504,"href":"https:\/\/oodima.be\/en\/wp-json\/wp\/v2\/pages\/2980\/revisions\/4504"}],"wp:attachment":[{"href":"https:\/\/oodima.be\/en\/wp-json\/wp\/v2\/media?parent=2980"}],"curies":[{"name":"wp","href":"https:\/\/api.w.org\/{rel}","templated":true}]}}