{"id":3158,"date":"2023-08-04T17:01:31","date_gmt":"2023-08-04T17:01:31","guid":{"rendered":"http:\/\/oodima.be\/produit\/provenzalisches-duo%f0%9f%aa%bb\/"},"modified":"2026-02-17T14:28:43","modified_gmt":"2026-02-17T12:28:43","slug":"provenzalisches-duo%f0%9f%aa%bb","status":"publish","type":"product","link":"https:\/\/oodima.be\/de\/produit\/provenzalisches-duo%f0%9f%aa%bb\/","title":{"rendered":"Provenzalisches Duo\ud83e\udebb."},"content":{"rendered":"<p><span style=\"font-weight: 400;\">Brauchen Sie einen Urlaub? Oodima bringt den Sommer in Ihr Badezimmer! <\/span><\/p>\n<p><span style=\"font-weight: 400;\">Unser Lavendel-Paket entf\u00fchrt Sie nach S\u00fcdfrankreich, an den Rand eines bl\u00fchenden Lavendelfeldes! Die Formel ist mit \u00e4therischen \u00d6len aus Lavendel angereichert, der f\u00fcr seine antioxidativen und regenerierenden Eigenschaften bekannt ist, und hinterl\u00e4sst eine mit Feuchtigkeit versorgte und belebte Haut.   <\/span><span style=\"font-weight: 400;\"><br \/>\n<\/span><\/p>\n","protected":false},"excerpt":{"rendered":"<p>Inhaltsstoffe Handseife: Aqua, Kalium sunflowerseedate (hybrid)**, Kalium cocoate**, Kalium castorate**, Kalium hempseedate**, mineral salt, glycerin**, coco-glucoside, citric acid, lavandula latifolia herb oil*, lavandula hybrida grosso herb oil*. Enth\u00e4lt Linalool*** und Limonen***.<\/p>\n<p>Inhaltsstoffe K\u00f6rperseife: Aqua, Kalium sunflowerseedate (hybrid)**, Kalium cocoate**, Kalium castorate**, Kalium hempseedate**, mineral salt, glycerin**, coco-glucoside, citric acid, lavandula latifolia herb oil*, lavandula hybrida grosso herb oil*. Enth\u00e4lt Linalool*** und Limonen***.<\/p>\n<div class=\"page\" title=\"Seite 1\">\n<div class=\"section\">\n<div class=\"layoutArea\">\n<div class=\"column\">\n<p>&nbsp;<\/p>\n<\/div>\n<\/div>\n<\/div>\n<\/div>\n<p>&nbsp;<\/p>\n<p>&nbsp;<\/p>\n<p>* Zutaten aus biologischem Anbau.<br \/>\n** Verarbeitet aus biologischen Zutaten.<br \/>\n*** Nat\u00fcrlicherweise in \u00e4therischen \u00d6len enthalten.<\/p>\n","protected":false},"featured_media":2633,"comment_status":"open","ping_status":"closed","template":"","meta":[],"product_brand":[],"product_cat":[67],"product_tag":[],"class_list":{"0":"post-3158","1":"product","2":"type-product","3":"status-publish","4":"has-post-thumbnail","6":"product_cat-duo-pakete","8":"first","9":"instock","10":"taxable","11":"shipping-taxable","12":"purchasable","13":"product-type-simple"},"yoast_head":"<!-- This site is optimized with the Yoast SEO Premium plugin v27.2 (Yoast SEO v27.3) - https:\/\/yoast.com\/product\/yoast-seo-premium-wordpress\/ -->\n<title>Oodima - Provenzalisches Duo\ud83e\udebb.<\/title>\n<meta name=\"description\" content=\"Unser Seifenpaket mit Lavendelduft bringt den Sommer in Ihr Badezimmer. Lassen Sie sich verf\u00fchren und genie\u00dfen Sie einen Moment der wohlverdienten Entspannung.\" \/>\n<meta name=\"robots\" content=\"index, follow, max-snippet:-1, max-image-preview:large, max-video-preview:-1\" \/>\n<link rel=\"canonical\" href=\"https:\/\/oodima.be\/de\/produit\/provenzalisches-duo%f0%9f%aa%bb\/\" \/>\n<meta property=\"og:locale\" content=\"de_DE\" \/>\n<meta property=\"og:type\" content=\"article\" \/>\n<meta property=\"og:title\" content=\"Provenzalisches Duo\ud83e\udebb.\" \/>\n<meta property=\"og:description\" content=\"Unser Seifenpaket mit Lavendelduft bringt den Sommer in Ihr Badezimmer. Lassen Sie sich verf\u00fchren und genie\u00dfen Sie einen Moment der wohlverdienten Entspannung.\" \/>\n<meta property=\"og:url\" content=\"https:\/\/oodima.be\/de\/produit\/provenzalisches-duo%f0%9f%aa%bb\/\" \/>\n<meta property=\"og:site_name\" content=\"Oodima\" \/>\n<meta property=\"article:publisher\" content=\"https:\/\/www.facebook.com\/oodima.be\" \/>\n<meta property=\"article:modified_time\" content=\"2026-02-17T12:28:43+00:00\" \/>\n<meta property=\"og:image\" content=\"https:\/\/oodima.be\/wp-content\/uploads\/2023\/09\/Oodima-13-scaled.jpg\" \/>\n\t<meta property=\"og:image:width\" content=\"2560\" \/>\n\t<meta property=\"og:image:height\" content=\"2560\" \/>\n\t<meta property=\"og:image:type\" content=\"image\/jpeg\" \/>\n<meta name=\"twitter:card\" content=\"summary_large_image\" \/>\n<script type=\"application\/ld+json\" class=\"yoast-schema-graph\">{\"@context\":\"https:\\\/\\\/schema.org\",\"@graph\":[{\"@type\":\"WebPage\",\"@id\":\"https:\\\/\\\/oodima.be\\\/de\\\/produit\\\/provenzalisches-duo%f0%9f%aa%bb\\\/\",\"url\":\"https:\\\/\\\/oodima.be\\\/de\\\/produit\\\/provenzalisches-duo%f0%9f%aa%bb\\\/\",\"name\":\"Oodima - Provenzalisches Duo\ud83e\udebb.\",\"isPartOf\":{\"@id\":\"https:\\\/\\\/oodima.be\\\/de\\\/#website\"},\"primaryImageOfPage\":{\"@id\":\"https:\\\/\\\/oodima.be\\\/de\\\/produit\\\/provenzalisches-duo%f0%9f%aa%bb\\\/#primaryimage\"},\"image\":{\"@id\":\"https:\\\/\\\/oodima.be\\\/de\\\/produit\\\/provenzalisches-duo%f0%9f%aa%bb\\\/#primaryimage\"},\"thumbnailUrl\":\"https:\\\/\\\/oodima.be\\\/wp-content\\\/uploads\\\/2023\\\/09\\\/Oodima-13-scaled.jpg\",\"datePublished\":\"2023-08-04T17:01:31+00:00\",\"dateModified\":\"2026-02-17T12:28:43+00:00\",\"description\":\"Unser Seifenpaket mit Lavendelduft bringt den Sommer in Ihr Badezimmer. Lassen Sie sich verf\u00fchren und genie\u00dfen Sie einen Moment der wohlverdienten Entspannung.\",\"breadcrumb\":{\"@id\":\"https:\\\/\\\/oodima.be\\\/de\\\/produit\\\/provenzalisches-duo%f0%9f%aa%bb\\\/#breadcrumb\"},\"inLanguage\":\"de\",\"potentialAction\":[{\"@type\":\"ReadAction\",\"target\":[\"https:\\\/\\\/oodima.be\\\/de\\\/produit\\\/provenzalisches-duo%f0%9f%aa%bb\\\/\"]}]},{\"@type\":\"ImageObject\",\"inLanguage\":\"de\",\"@id\":\"https:\\\/\\\/oodima.be\\\/de\\\/produit\\\/provenzalisches-duo%f0%9f%aa%bb\\\/#primaryimage\",\"url\":\"https:\\\/\\\/oodima.be\\\/wp-content\\\/uploads\\\/2023\\\/09\\\/Oodima-13-scaled.jpg\",\"contentUrl\":\"https:\\\/\\\/oodima.be\\\/wp-content\\\/uploads\\\/2023\\\/09\\\/Oodima-13-scaled.jpg\",\"width\":2560,\"height\":2560},{\"@type\":\"BreadcrumbList\",\"@id\":\"https:\\\/\\\/oodima.be\\\/de\\\/produit\\\/provenzalisches-duo%f0%9f%aa%bb\\\/#breadcrumb\",\"itemListElement\":[{\"@type\":\"ListItem\",\"position\":1,\"name\":\"Accueil\",\"item\":\"https:\\\/\\\/oodima.be\\\/de\\\/startseite\\\/\"},{\"@type\":\"ListItem\",\"position\":2,\"name\":\"Shop\",\"item\":\"https:\\\/\\\/oodima.be\\\/boutique\\\/\"},{\"@type\":\"ListItem\",\"position\":3,\"name\":\"Provenzalisches Duo\ud83e\udebb.\"}]},{\"@type\":\"WebSite\",\"@id\":\"https:\\\/\\\/oodima.be\\\/de\\\/#website\",\"url\":\"https:\\\/\\\/oodima.be\\\/de\\\/\",\"name\":\"Oodima\",\"description\":\"La douce caresse d&#039;un v\u00e9ritable savon liquide\",\"publisher\":{\"@id\":\"https:\\\/\\\/oodima.be\\\/de\\\/#organization\"},\"potentialAction\":[{\"@type\":\"SearchAction\",\"target\":{\"@type\":\"EntryPoint\",\"urlTemplate\":\"https:\\\/\\\/oodima.be\\\/de\\\/?s={search_term_string}\"},\"query-input\":{\"@type\":\"PropertyValueSpecification\",\"valueRequired\":true,\"valueName\":\"search_term_string\"}}],\"inLanguage\":\"de\"},{\"@type\":\"Organization\",\"@id\":\"https:\\\/\\\/oodima.be\\\/de\\\/#organization\",\"name\":\"Oodima\",\"url\":\"https:\\\/\\\/oodima.be\\\/de\\\/\",\"logo\":{\"@type\":\"ImageObject\",\"inLanguage\":\"de\",\"@id\":\"https:\\\/\\\/oodima.be\\\/de\\\/#\\\/schema\\\/logo\\\/image\\\/\",\"url\":\"https:\\\/\\\/oodima.be\\\/wp-content\\\/uploads\\\/2026\\\/01\\\/logo-oodima-seul-carre.webp\",\"contentUrl\":\"https:\\\/\\\/oodima.be\\\/wp-content\\\/uploads\\\/2026\\\/01\\\/logo-oodima-seul-carre.webp\",\"width\":567,\"height\":567,\"caption\":\"Oodima\"},\"image\":{\"@id\":\"https:\\\/\\\/oodima.be\\\/de\\\/#\\\/schema\\\/logo\\\/image\\\/\"},\"sameAs\":[\"https:\\\/\\\/www.facebook.com\\\/oodima.be\",\"https:\\\/\\\/www.instagram.com\\\/oodima_\\\/\"],\"description\":\"Artisans savonniers, producteur de savons liquides hydratants saponifi\u00e9s \u00e0 froid, 100% d'origine naturelle et certifi\u00e9s BIO\",\"email\":\"info@oodima.be\",\"telephone\":\"019600100\",\"legalName\":\"The Good Soap\",\"foundingDate\":\"2021-12-20\",\"vatID\":\"BE0778866646\",\"numberOfEmployees\":{\"@type\":\"QuantitativeValue\",\"minValue\":\"1\",\"maxValue\":\"10\"},\"publishingPrinciples\":\"https:\\\/\\\/oodima.be\\\/engagements\\\/\",\"ownershipFundingInfo\":\"https:\\\/\\\/oodima.be\\\/engagements\\\/\",\"correctionsPolicy\":\"https:\\\/\\\/oodima.be\\\/remboursements_retours-2\\\/\",\"ethicsPolicy\":\"https:\\\/\\\/oodima.be\\\/engagements\\\/\"}]}<\/script>\n<!-- \/ Yoast SEO Premium plugin. -->","yoast_head_json":{"title":"Oodima - Provenzalisches Duo\ud83e\udebb.","description":"Unser Seifenpaket mit Lavendelduft bringt den Sommer in Ihr Badezimmer. Lassen Sie sich verf\u00fchren und genie\u00dfen Sie einen Moment der wohlverdienten Entspannung.","robots":{"index":"index","follow":"follow","max-snippet":"max-snippet:-1","max-image-preview":"max-image-preview:large","max-video-preview":"max-video-preview:-1"},"canonical":"https:\/\/oodima.be\/de\/produit\/provenzalisches-duo%f0%9f%aa%bb\/","og_locale":"de_DE","og_type":"article","og_title":"Provenzalisches Duo\ud83e\udebb.","og_description":"Unser Seifenpaket mit Lavendelduft bringt den Sommer in Ihr Badezimmer. Lassen Sie sich verf\u00fchren und genie\u00dfen Sie einen Moment der wohlverdienten Entspannung.","og_url":"https:\/\/oodima.be\/de\/produit\/provenzalisches-duo%f0%9f%aa%bb\/","og_site_name":"Oodima","article_publisher":"https:\/\/www.facebook.com\/oodima.be","article_modified_time":"2026-02-17T12:28:43+00:00","og_image":[{"width":2560,"height":2560,"url":"https:\/\/oodima.be\/wp-content\/uploads\/2023\/09\/Oodima-13-scaled.jpg","type":"image\/jpeg"}],"twitter_card":"summary_large_image","schema":{"@context":"https:\/\/schema.org","@graph":[{"@type":"WebPage","@id":"https:\/\/oodima.be\/de\/produit\/provenzalisches-duo%f0%9f%aa%bb\/","url":"https:\/\/oodima.be\/de\/produit\/provenzalisches-duo%f0%9f%aa%bb\/","name":"Oodima - Provenzalisches Duo\ud83e\udebb.","isPartOf":{"@id":"https:\/\/oodima.be\/de\/#website"},"primaryImageOfPage":{"@id":"https:\/\/oodima.be\/de\/produit\/provenzalisches-duo%f0%9f%aa%bb\/#primaryimage"},"image":{"@id":"https:\/\/oodima.be\/de\/produit\/provenzalisches-duo%f0%9f%aa%bb\/#primaryimage"},"thumbnailUrl":"https:\/\/oodima.be\/wp-content\/uploads\/2023\/09\/Oodima-13-scaled.jpg","datePublished":"2023-08-04T17:01:31+00:00","dateModified":"2026-02-17T12:28:43+00:00","description":"Unser Seifenpaket mit Lavendelduft bringt den Sommer in Ihr Badezimmer. Lassen Sie sich verf\u00fchren und genie\u00dfen Sie einen Moment der wohlverdienten Entspannung.","breadcrumb":{"@id":"https:\/\/oodima.be\/de\/produit\/provenzalisches-duo%f0%9f%aa%bb\/#breadcrumb"},"inLanguage":"de","potentialAction":[{"@type":"ReadAction","target":["https:\/\/oodima.be\/de\/produit\/provenzalisches-duo%f0%9f%aa%bb\/"]}]},{"@type":"ImageObject","inLanguage":"de","@id":"https:\/\/oodima.be\/de\/produit\/provenzalisches-duo%f0%9f%aa%bb\/#primaryimage","url":"https:\/\/oodima.be\/wp-content\/uploads\/2023\/09\/Oodima-13-scaled.jpg","contentUrl":"https:\/\/oodima.be\/wp-content\/uploads\/2023\/09\/Oodima-13-scaled.jpg","width":2560,"height":2560},{"@type":"BreadcrumbList","@id":"https:\/\/oodima.be\/de\/produit\/provenzalisches-duo%f0%9f%aa%bb\/#breadcrumb","itemListElement":[{"@type":"ListItem","position":1,"name":"Accueil","item":"https:\/\/oodima.be\/de\/startseite\/"},{"@type":"ListItem","position":2,"name":"Shop","item":"https:\/\/oodima.be\/boutique\/"},{"@type":"ListItem","position":3,"name":"Provenzalisches Duo\ud83e\udebb."}]},{"@type":"WebSite","@id":"https:\/\/oodima.be\/de\/#website","url":"https:\/\/oodima.be\/de\/","name":"Oodima","description":"La douce caresse d&#039;un v\u00e9ritable savon liquide","publisher":{"@id":"https:\/\/oodima.be\/de\/#organization"},"potentialAction":[{"@type":"SearchAction","target":{"@type":"EntryPoint","urlTemplate":"https:\/\/oodima.be\/de\/?s={search_term_string}"},"query-input":{"@type":"PropertyValueSpecification","valueRequired":true,"valueName":"search_term_string"}}],"inLanguage":"de"},{"@type":"Organization","@id":"https:\/\/oodima.be\/de\/#organization","name":"Oodima","url":"https:\/\/oodima.be\/de\/","logo":{"@type":"ImageObject","inLanguage":"de","@id":"https:\/\/oodima.be\/de\/#\/schema\/logo\/image\/","url":"https:\/\/oodima.be\/wp-content\/uploads\/2026\/01\/logo-oodima-seul-carre.webp","contentUrl":"https:\/\/oodima.be\/wp-content\/uploads\/2026\/01\/logo-oodima-seul-carre.webp","width":567,"height":567,"caption":"Oodima"},"image":{"@id":"https:\/\/oodima.be\/de\/#\/schema\/logo\/image\/"},"sameAs":["https:\/\/www.facebook.com\/oodima.be","https:\/\/www.instagram.com\/oodima_\/"],"description":"Artisans savonniers, producteur de savons liquides hydratants saponifi\u00e9s \u00e0 froid, 100% d'origine naturelle et certifi\u00e9s BIO","email":"info@oodima.be","telephone":"019600100","legalName":"The Good Soap","foundingDate":"2021-12-20","vatID":"BE0778866646","numberOfEmployees":{"@type":"QuantitativeValue","minValue":"1","maxValue":"10"},"publishingPrinciples":"https:\/\/oodima.be\/engagements\/","ownershipFundingInfo":"https:\/\/oodima.be\/engagements\/","correctionsPolicy":"https:\/\/oodima.be\/remboursements_retours-2\/","ethicsPolicy":"https:\/\/oodima.be\/engagements\/"}]}},"jetpack_sharing_enabled":true,"_links":{"self":[{"href":"https:\/\/oodima.be\/de\/wp-json\/wp\/v2\/product\/3158","targetHints":{"allow":["GET"]}}],"collection":[{"href":"https:\/\/oodima.be\/de\/wp-json\/wp\/v2\/product"}],"about":[{"href":"https:\/\/oodima.be\/de\/wp-json\/wp\/v2\/types\/product"}],"replies":[{"embeddable":true,"href":"https:\/\/oodima.be\/de\/wp-json\/wp\/v2\/comments?post=3158"}],"wp:featuredmedia":[{"embeddable":true,"href":"https:\/\/oodima.be\/de\/wp-json\/wp\/v2\/media\/2633"}],"wp:attachment":[{"href":"https:\/\/oodima.be\/de\/wp-json\/wp\/v2\/media?parent=3158"}],"wp:term":[{"taxonomy":"product_brand","embeddable":true,"href":"https:\/\/oodima.be\/de\/wp-json\/wp\/v2\/product_brand?post=3158"},{"taxonomy":"product_cat","embeddable":true,"href":"https:\/\/oodima.be\/de\/wp-json\/wp\/v2\/product_cat?post=3158"},{"taxonomy":"product_tag","embeddable":true,"href":"https:\/\/oodima.be\/de\/wp-json\/wp\/v2\/product_tag?post=3158"}],"curies":[{"name":"wp","href":"https:\/\/api.w.org\/{rel}","templated":true}]}}