{"id":3113,"date":"2023-12-04T17:31:29","date_gmt":"2023-12-04T15:31:29","guid":{"rendered":"http:\/\/oodima.be\/produit\/weihnachtskiste-%f0%9f%8e%84\/"},"modified":"2026-01-25T16:45:40","modified_gmt":"2026-01-25T14:45:40","slug":"weihnachtskiste-%f0%9f%8e%84","status":"publish","type":"product","link":"https:\/\/oodima.be\/de\/produit\/weihnachtskiste-%f0%9f%8e%84\/","title":{"rendered":"Geschenkset &#8211; K\u00f6rper 500 ml + H\u00e4nde 250 ml"},"content":{"rendered":"<p><strong>Ein Entdeckungspaket zum Verschenken<\/strong><\/p>\n<p>Stellen Sie Ihr Geschenkpaket zusammen, indem Sie aus unseren authentischen D\u00fcften w\u00e4hlen:<strong> Zitrone &#8211; Pfefferminze, Gew\u00fcrznelke &#8211; Zimt &#8211; Orange, Geranie &#8211; Ylang-Ylang, Lavendel<\/strong> oder auch <strong>Parf\u00fcmfrei<\/strong>. Ein einzigartiges Geschenk, um einen Moment der Sanftheit und der nat\u00fcrlichen Pflege zu verschenken (oder sich selbst zu schenken)! <\/p>\n<p>&nbsp;<\/p>\n","protected":false},"excerpt":{"rendered":"<p>Inhaltsstoffe Handseife: Aqua, Kalium sunflowerseedate (hybrid)**, Kalium cocoate**, Kalium castorate**, Kalium hempseedate**, mineral salt, glycerin**, coco-glucoside, citric acid, citrus sinensis peel oil expressed*, pelargonium graveolens oil*, cananga odorata flower oil*. Enth\u00e4lt Citronellol***, Geraniol***, Linalool***, Limonen***. <\/p>\n<p>Inhaltsstoffe K\u00f6rperseife: Aqua, Kalium sunflowerseedate (hybrid)**, Kalium cocoate**, Kalium castorate**, Kalium hempseedate**, mineral salt, glycerin**, coco-glucoside, citric acid, citrus sinensis peel oil expressed*, eugenia caryophyllus clove oil*, cinnamomum zeylanicum leaf oil*. Enth\u00e4lt Limonen*** und Eugenol***. <\/p>\n<p>* Zutaten aus biologischem Anbau.<br \/>\n** Verarbeitet aus biologischen Zutaten.<br \/>\n*** Nat\u00fcrlicherweise in \u00e4therischen \u00d6len enthalten.<\/p>\n","protected":false},"featured_media":2777,"comment_status":"open","ping_status":"closed","template":"","meta":[],"product_brand":[],"product_cat":[67,64],"product_tag":[],"class_list":{"0":"post-3113","1":"product","2":"type-product","3":"status-publish","4":"has-post-thumbnail","6":"product_cat-duo-pakete","7":"product_cat-weihnachtsgeschenk","9":"first","10":"instock","11":"taxable","12":"shipping-taxable","13":"purchasable","14":"product-type-variable"},"yoast_head":"<!-- This site is optimized with the Yoast SEO Premium plugin v27.2 (Yoast SEO v27.3) - https:\/\/yoast.com\/product\/yoast-seo-premium-wordpress\/ -->\n<title>Oodima - Geschenkset - K\u00f6rper 500 ml + H\u00e4nde 250 ml<\/title>\n<meta name=\"description\" content=\"Unser Geschenkpaket, ein Muss. W\u00e4hlen Sie eine K\u00f6rperseife und eine Handseife, um (sich) eine Freude zu machen und gleichzeitig auf unseren Planeten zu achten \ud83c\udf0d\ud83c\udf81.\" \/>\n<meta name=\"robots\" content=\"index, follow, max-snippet:-1, max-image-preview:large, max-video-preview:-1\" \/>\n<link rel=\"canonical\" href=\"https:\/\/oodima.be\/de\/produit\/weihnachtskiste-%f0%9f%8e%84\/\" \/>\n<meta property=\"og:locale\" content=\"de_DE\" \/>\n<meta property=\"og:type\" content=\"article\" \/>\n<meta property=\"og:title\" content=\"Geschenkset - K\u00f6rper 500 ml + H\u00e4nde 250 ml\" \/>\n<meta property=\"og:description\" content=\"Unser Geschenkpaket, ein Muss. W\u00e4hlen Sie eine K\u00f6rperseife und eine Handseife, um (sich) eine Freude zu machen und gleichzeitig auf unseren Planeten zu achten \ud83c\udf0d\ud83c\udf81.\" \/>\n<meta property=\"og:url\" content=\"https:\/\/oodima.be\/de\/produit\/weihnachtskiste-%f0%9f%8e%84\/\" \/>\n<meta property=\"og:site_name\" content=\"Oodima\" \/>\n<meta property=\"article:publisher\" content=\"https:\/\/www.facebook.com\/oodima.be\" \/>\n<meta property=\"article:modified_time\" content=\"2026-01-25T14:45:40+00:00\" \/>\n<meta property=\"og:image\" content=\"https:\/\/oodima.be\/wp-content\/uploads\/2024\/09\/Oodima-47-Mid-2-scaled.webp\" \/>\n\t<meta property=\"og:image:width\" content=\"1694\" \/>\n\t<meta property=\"og:image:height\" content=\"2560\" \/>\n\t<meta property=\"og:image:type\" content=\"image\/jpeg\" \/>\n<meta name=\"twitter:card\" content=\"summary_large_image\" \/>\n<script type=\"application\/ld+json\" class=\"yoast-schema-graph\">{\"@context\":\"https:\\\/\\\/schema.org\",\"@graph\":[{\"@type\":\"WebPage\",\"@id\":\"https:\\\/\\\/oodima.be\\\/de\\\/produit\\\/weihnachtskiste-%f0%9f%8e%84\\\/\",\"url\":\"https:\\\/\\\/oodima.be\\\/de\\\/produit\\\/weihnachtskiste-%f0%9f%8e%84\\\/\",\"name\":\"Oodima - Geschenkset - K\u00f6rper 500 ml + H\u00e4nde 250 ml\",\"isPartOf\":{\"@id\":\"https:\\\/\\\/oodima.be\\\/de\\\/#website\"},\"primaryImageOfPage\":{\"@id\":\"https:\\\/\\\/oodima.be\\\/de\\\/produit\\\/weihnachtskiste-%f0%9f%8e%84\\\/#primaryimage\"},\"image\":{\"@id\":\"https:\\\/\\\/oodima.be\\\/de\\\/produit\\\/weihnachtskiste-%f0%9f%8e%84\\\/#primaryimage\"},\"thumbnailUrl\":\"https:\\\/\\\/oodima.be\\\/wp-content\\\/uploads\\\/2024\\\/09\\\/Oodima-47-Mid-2-scaled.webp\",\"datePublished\":\"2023-12-04T15:31:29+00:00\",\"dateModified\":\"2026-01-25T14:45:40+00:00\",\"description\":\"Unser Geschenkpaket, ein Muss. W\u00e4hlen Sie eine K\u00f6rperseife und eine Handseife, um (sich) eine Freude zu machen und gleichzeitig auf unseren Planeten zu achten \ud83c\udf0d\ud83c\udf81.\",\"breadcrumb\":{\"@id\":\"https:\\\/\\\/oodima.be\\\/de\\\/produit\\\/weihnachtskiste-%f0%9f%8e%84\\\/#breadcrumb\"},\"inLanguage\":\"de\",\"potentialAction\":[{\"@type\":\"ReadAction\",\"target\":[\"https:\\\/\\\/oodima.be\\\/de\\\/produit\\\/weihnachtskiste-%f0%9f%8e%84\\\/\"]}]},{\"@type\":\"ImageObject\",\"inLanguage\":\"de\",\"@id\":\"https:\\\/\\\/oodima.be\\\/de\\\/produit\\\/weihnachtskiste-%f0%9f%8e%84\\\/#primaryimage\",\"url\":\"https:\\\/\\\/oodima.be\\\/wp-content\\\/uploads\\\/2024\\\/09\\\/Oodima-47-Mid-2-scaled.webp\",\"contentUrl\":\"https:\\\/\\\/oodima.be\\\/wp-content\\\/uploads\\\/2024\\\/09\\\/Oodima-47-Mid-2-scaled.webp\",\"width\":1694,\"height\":2560},{\"@type\":\"BreadcrumbList\",\"@id\":\"https:\\\/\\\/oodima.be\\\/de\\\/produit\\\/weihnachtskiste-%f0%9f%8e%84\\\/#breadcrumb\",\"itemListElement\":[{\"@type\":\"ListItem\",\"position\":1,\"name\":\"Accueil\",\"item\":\"https:\\\/\\\/oodima.be\\\/de\\\/startseite\\\/\"},{\"@type\":\"ListItem\",\"position\":2,\"name\":\"Shop\",\"item\":\"https:\\\/\\\/oodima.be\\\/boutique\\\/\"},{\"@type\":\"ListItem\",\"position\":3,\"name\":\"Geschenkset &#8211; K\u00f6rper 500 ml + H\u00e4nde 250 ml\"}]},{\"@type\":\"WebSite\",\"@id\":\"https:\\\/\\\/oodima.be\\\/de\\\/#website\",\"url\":\"https:\\\/\\\/oodima.be\\\/de\\\/\",\"name\":\"Oodima\",\"description\":\"La douce caresse d&#039;un v\u00e9ritable savon liquide\",\"publisher\":{\"@id\":\"https:\\\/\\\/oodima.be\\\/de\\\/#organization\"},\"potentialAction\":[{\"@type\":\"SearchAction\",\"target\":{\"@type\":\"EntryPoint\",\"urlTemplate\":\"https:\\\/\\\/oodima.be\\\/de\\\/?s={search_term_string}\"},\"query-input\":{\"@type\":\"PropertyValueSpecification\",\"valueRequired\":true,\"valueName\":\"search_term_string\"}}],\"inLanguage\":\"de\"},{\"@type\":\"Organization\",\"@id\":\"https:\\\/\\\/oodima.be\\\/de\\\/#organization\",\"name\":\"Oodima\",\"url\":\"https:\\\/\\\/oodima.be\\\/de\\\/\",\"logo\":{\"@type\":\"ImageObject\",\"inLanguage\":\"de\",\"@id\":\"https:\\\/\\\/oodima.be\\\/de\\\/#\\\/schema\\\/logo\\\/image\\\/\",\"url\":\"https:\\\/\\\/oodima.be\\\/wp-content\\\/uploads\\\/2026\\\/01\\\/logo-oodima-seul-carre.webp\",\"contentUrl\":\"https:\\\/\\\/oodima.be\\\/wp-content\\\/uploads\\\/2026\\\/01\\\/logo-oodima-seul-carre.webp\",\"width\":567,\"height\":567,\"caption\":\"Oodima\"},\"image\":{\"@id\":\"https:\\\/\\\/oodima.be\\\/de\\\/#\\\/schema\\\/logo\\\/image\\\/\"},\"sameAs\":[\"https:\\\/\\\/www.facebook.com\\\/oodima.be\",\"https:\\\/\\\/www.instagram.com\\\/oodima_\\\/\"],\"description\":\"Artisans savonniers, producteur de savons liquides hydratants saponifi\u00e9s \u00e0 froid, 100% d'origine naturelle et certifi\u00e9s BIO\",\"email\":\"info@oodima.be\",\"telephone\":\"019600100\",\"legalName\":\"The Good Soap\",\"foundingDate\":\"2021-12-20\",\"vatID\":\"BE0778866646\",\"numberOfEmployees\":{\"@type\":\"QuantitativeValue\",\"minValue\":\"1\",\"maxValue\":\"10\"},\"publishingPrinciples\":\"https:\\\/\\\/oodima.be\\\/engagements\\\/\",\"ownershipFundingInfo\":\"https:\\\/\\\/oodima.be\\\/engagements\\\/\",\"correctionsPolicy\":\"https:\\\/\\\/oodima.be\\\/remboursements_retours-2\\\/\",\"ethicsPolicy\":\"https:\\\/\\\/oodima.be\\\/engagements\\\/\"}]}<\/script>\n<!-- \/ Yoast SEO Premium plugin. -->","yoast_head_json":{"title":"Oodima - Geschenkset - K\u00f6rper 500 ml + H\u00e4nde 250 ml","description":"Unser Geschenkpaket, ein Muss. W\u00e4hlen Sie eine K\u00f6rperseife und eine Handseife, um (sich) eine Freude zu machen und gleichzeitig auf unseren Planeten zu achten \ud83c\udf0d\ud83c\udf81.","robots":{"index":"index","follow":"follow","max-snippet":"max-snippet:-1","max-image-preview":"max-image-preview:large","max-video-preview":"max-video-preview:-1"},"canonical":"https:\/\/oodima.be\/de\/produit\/weihnachtskiste-%f0%9f%8e%84\/","og_locale":"de_DE","og_type":"article","og_title":"Geschenkset - K\u00f6rper 500 ml + H\u00e4nde 250 ml","og_description":"Unser Geschenkpaket, ein Muss. W\u00e4hlen Sie eine K\u00f6rperseife und eine Handseife, um (sich) eine Freude zu machen und gleichzeitig auf unseren Planeten zu achten \ud83c\udf0d\ud83c\udf81.","og_url":"https:\/\/oodima.be\/de\/produit\/weihnachtskiste-%f0%9f%8e%84\/","og_site_name":"Oodima","article_publisher":"https:\/\/www.facebook.com\/oodima.be","article_modified_time":"2026-01-25T14:45:40+00:00","og_image":[{"width":1694,"height":2560,"url":"https:\/\/oodima.be\/wp-content\/uploads\/2024\/09\/Oodima-47-Mid-2-scaled.webp","type":"image\/jpeg"}],"twitter_card":"summary_large_image","schema":{"@context":"https:\/\/schema.org","@graph":[{"@type":"WebPage","@id":"https:\/\/oodima.be\/de\/produit\/weihnachtskiste-%f0%9f%8e%84\/","url":"https:\/\/oodima.be\/de\/produit\/weihnachtskiste-%f0%9f%8e%84\/","name":"Oodima - Geschenkset - K\u00f6rper 500 ml + H\u00e4nde 250 ml","isPartOf":{"@id":"https:\/\/oodima.be\/de\/#website"},"primaryImageOfPage":{"@id":"https:\/\/oodima.be\/de\/produit\/weihnachtskiste-%f0%9f%8e%84\/#primaryimage"},"image":{"@id":"https:\/\/oodima.be\/de\/produit\/weihnachtskiste-%f0%9f%8e%84\/#primaryimage"},"thumbnailUrl":"https:\/\/oodima.be\/wp-content\/uploads\/2024\/09\/Oodima-47-Mid-2-scaled.webp","datePublished":"2023-12-04T15:31:29+00:00","dateModified":"2026-01-25T14:45:40+00:00","description":"Unser Geschenkpaket, ein Muss. W\u00e4hlen Sie eine K\u00f6rperseife und eine Handseife, um (sich) eine Freude zu machen und gleichzeitig auf unseren Planeten zu achten \ud83c\udf0d\ud83c\udf81.","breadcrumb":{"@id":"https:\/\/oodima.be\/de\/produit\/weihnachtskiste-%f0%9f%8e%84\/#breadcrumb"},"inLanguage":"de","potentialAction":[{"@type":"ReadAction","target":["https:\/\/oodima.be\/de\/produit\/weihnachtskiste-%f0%9f%8e%84\/"]}]},{"@type":"ImageObject","inLanguage":"de","@id":"https:\/\/oodima.be\/de\/produit\/weihnachtskiste-%f0%9f%8e%84\/#primaryimage","url":"https:\/\/oodima.be\/wp-content\/uploads\/2024\/09\/Oodima-47-Mid-2-scaled.webp","contentUrl":"https:\/\/oodima.be\/wp-content\/uploads\/2024\/09\/Oodima-47-Mid-2-scaled.webp","width":1694,"height":2560},{"@type":"BreadcrumbList","@id":"https:\/\/oodima.be\/de\/produit\/weihnachtskiste-%f0%9f%8e%84\/#breadcrumb","itemListElement":[{"@type":"ListItem","position":1,"name":"Accueil","item":"https:\/\/oodima.be\/de\/startseite\/"},{"@type":"ListItem","position":2,"name":"Shop","item":"https:\/\/oodima.be\/boutique\/"},{"@type":"ListItem","position":3,"name":"Geschenkset &#8211; K\u00f6rper 500 ml + H\u00e4nde 250 ml"}]},{"@type":"WebSite","@id":"https:\/\/oodima.be\/de\/#website","url":"https:\/\/oodima.be\/de\/","name":"Oodima","description":"La douce caresse d&#039;un v\u00e9ritable savon liquide","publisher":{"@id":"https:\/\/oodima.be\/de\/#organization"},"potentialAction":[{"@type":"SearchAction","target":{"@type":"EntryPoint","urlTemplate":"https:\/\/oodima.be\/de\/?s={search_term_string}"},"query-input":{"@type":"PropertyValueSpecification","valueRequired":true,"valueName":"search_term_string"}}],"inLanguage":"de"},{"@type":"Organization","@id":"https:\/\/oodima.be\/de\/#organization","name":"Oodima","url":"https:\/\/oodima.be\/de\/","logo":{"@type":"ImageObject","inLanguage":"de","@id":"https:\/\/oodima.be\/de\/#\/schema\/logo\/image\/","url":"https:\/\/oodima.be\/wp-content\/uploads\/2026\/01\/logo-oodima-seul-carre.webp","contentUrl":"https:\/\/oodima.be\/wp-content\/uploads\/2026\/01\/logo-oodima-seul-carre.webp","width":567,"height":567,"caption":"Oodima"},"image":{"@id":"https:\/\/oodima.be\/de\/#\/schema\/logo\/image\/"},"sameAs":["https:\/\/www.facebook.com\/oodima.be","https:\/\/www.instagram.com\/oodima_\/"],"description":"Artisans savonniers, producteur de savons liquides hydratants saponifi\u00e9s \u00e0 froid, 100% d'origine naturelle et certifi\u00e9s BIO","email":"info@oodima.be","telephone":"019600100","legalName":"The Good Soap","foundingDate":"2021-12-20","vatID":"BE0778866646","numberOfEmployees":{"@type":"QuantitativeValue","minValue":"1","maxValue":"10"},"publishingPrinciples":"https:\/\/oodima.be\/engagements\/","ownershipFundingInfo":"https:\/\/oodima.be\/engagements\/","correctionsPolicy":"https:\/\/oodima.be\/remboursements_retours-2\/","ethicsPolicy":"https:\/\/oodima.be\/engagements\/"}]}},"jetpack_sharing_enabled":true,"_links":{"self":[{"href":"https:\/\/oodima.be\/de\/wp-json\/wp\/v2\/product\/3113","targetHints":{"allow":["GET"]}}],"collection":[{"href":"https:\/\/oodima.be\/de\/wp-json\/wp\/v2\/product"}],"about":[{"href":"https:\/\/oodima.be\/de\/wp-json\/wp\/v2\/types\/product"}],"replies":[{"embeddable":true,"href":"https:\/\/oodima.be\/de\/wp-json\/wp\/v2\/comments?post=3113"}],"wp:featuredmedia":[{"embeddable":true,"href":"https:\/\/oodima.be\/de\/wp-json\/wp\/v2\/media\/2777"}],"wp:attachment":[{"href":"https:\/\/oodima.be\/de\/wp-json\/wp\/v2\/media?parent=3113"}],"wp:term":[{"taxonomy":"product_brand","embeddable":true,"href":"https:\/\/oodima.be\/de\/wp-json\/wp\/v2\/product_brand?post=3113"},{"taxonomy":"product_cat","embeddable":true,"href":"https:\/\/oodima.be\/de\/wp-json\/wp\/v2\/product_cat?post=3113"},{"taxonomy":"product_tag","embeddable":true,"href":"https:\/\/oodima.be\/de\/wp-json\/wp\/v2\/product_tag?post=3113"}],"curies":[{"name":"wp","href":"https:\/\/api.w.org\/{rel}","templated":true}]}}