{"id":3065,"date":"2023-09-21T10:07:50","date_gmt":"2023-09-21T08:07:50","guid":{"rendered":"http:\/\/oodima.be\/produit\/nachfuellpack-pfefferminz-und-zitrone-1l\/"},"modified":"2026-01-30T16:33:48","modified_gmt":"2026-01-30T14:33:48","slug":"nachfuellpack-pfefferminz-und-zitrone-1l","status":"publish","type":"product","link":"https:\/\/oodima.be\/de\/produit\/nachfuellpack-pfefferminz-und-zitrone-1l\/","title":{"rendered":"Nachf\u00fcllpack &#8211; Pfefferminz und Zitrone (1L)"},"content":{"rendered":"<p><span style=\"font-weight: 400;\">Vermissen Sie den Urlaub? Haben Sie Lust auf einen Mojito am Strand? Mit unserer Nachf\u00fcllpackung der feuchtigkeitsspendenden Fl\u00fcssigseife Zitrone &#8211; Pfefferminze k\u00f6nnen Sie sich beim Duschen in einen Traum versetzen. Die Frische der Minze kombiniert mit der S\u00e4ure der Zitrone hinterl\u00e4sst eine belebte und leicht parf\u00fcmierte Haut.   <\/span><\/p>\n<p><span style=\"font-weight: 400;\">\u00c4therisches Pfefferminz\u00f6l hat antimykotische Eigenschaften und ist ideal f\u00fcr atopische Haut, die zu R\u00f6tungen und Irritationen neigt.<\/span><\/p>\n","protected":false},"excerpt":{"rendered":"<div class=\"page\" title=\"Seite 1\">\n<div class=\"section\">\n<div class=\"layoutArea\">\n<div class=\"column\">\n<p>Aqua, Kalium sunflowerseedate (hybrid)**, Kalium cocoate**, Kalium castorate**, Kalium hempseedate**, mineral salt, glycerin**, coco-glucoside, citric acid, citrus limon peel oil*, pinus sylvestris leaf oil*, mentha piperita oil*, cymbopogonmartinii herb oil*. Enth\u00e4lt Limonen ***. <\/p>\n<\/div>\n<\/div>\n<\/div>\n<\/div>\n<p>&nbsp;<\/p>\n<p>&nbsp;<\/p>\n<p>* Zutaten aus biologischem Anbau.<br \/>\n** Verarbeitet aus biologischen Zutaten.<br \/>\n*** Nat\u00fcrlicherweise in \u00e4therischen \u00d6len enthalten.<\/p>\n","protected":false},"featured_media":2645,"comment_status":"open","ping_status":"closed","template":"","meta":[],"product_brand":[],"product_cat":[58,56],"product_tag":[],"class_list":{"0":"post-3065","1":"product","2":"type-product","3":"status-publish","4":"has-post-thumbnail","6":"product_cat-nachfullpackungen","7":"product_cat-seifen","9":"first","10":"instock","11":"taxable","12":"shipping-taxable","13":"purchasable","14":"product-type-simple"},"yoast_head":"<!-- This site is optimized with the Yoast SEO Premium plugin v27.2 (Yoast SEO v27.3) - https:\/\/yoast.com\/product\/yoast-seo-premium-wordpress\/ -->\n<title>Nachf\u00fcllpackung Fl\u00fcssigseife Zitrone Pfefferminz, feuchtigkeitsspendend und BIO .<\/title>\n<meta name=\"description\" content=\"Nachf\u00fcllflasche f\u00fcr die feuchtigkeitsspendende Fl\u00fcssigseife Zitrone - Pfefferminze. Die Frische der Minze kombiniert mit der S\u00e4ure der Zitrone f\u00fcr ein unvergleichliches Tonikum.\" \/>\n<meta name=\"robots\" content=\"index, follow, max-snippet:-1, max-image-preview:large, max-video-preview:-1\" \/>\n<link rel=\"canonical\" href=\"https:\/\/oodima.be\/de\/produit\/nachfuellpack-pfefferminz-und-zitrone-1l\/\" \/>\n<meta property=\"og:locale\" content=\"de_DE\" \/>\n<meta property=\"og:type\" content=\"article\" \/>\n<meta property=\"og:title\" content=\"Nachf\u00fcllpack - Pfefferminz und Zitrone (1L)\" \/>\n<meta property=\"og:description\" content=\"Nachf\u00fcllflasche f\u00fcr die feuchtigkeitsspendende Fl\u00fcssigseife Zitrone - Pfefferminze. Die Frische der Minze kombiniert mit der S\u00e4ure der Zitrone f\u00fcr ein unvergleichliches Tonikum.\" \/>\n<meta property=\"og:url\" content=\"https:\/\/oodima.be\/de\/produit\/nachfuellpack-pfefferminz-und-zitrone-1l\/\" \/>\n<meta property=\"og:site_name\" content=\"Oodima\" \/>\n<meta property=\"article:publisher\" content=\"https:\/\/www.facebook.com\/oodima.be\" \/>\n<meta property=\"article:modified_time\" content=\"2026-01-30T14:33:48+00:00\" \/>\n<meta property=\"og:image\" content=\"https:\/\/oodima.be\/wp-content\/uploads\/2023\/09\/Oodima-17-scaled.jpg\" \/>\n\t<meta property=\"og:image:width\" content=\"2560\" \/>\n\t<meta property=\"og:image:height\" content=\"2560\" \/>\n\t<meta property=\"og:image:type\" content=\"image\/jpeg\" \/>\n<meta name=\"twitter:card\" content=\"summary_large_image\" \/>\n<script type=\"application\/ld+json\" class=\"yoast-schema-graph\">{\"@context\":\"https:\\\/\\\/schema.org\",\"@graph\":[{\"@type\":\"WebPage\",\"@id\":\"https:\\\/\\\/oodima.be\\\/de\\\/produit\\\/nachfuellpack-pfefferminz-und-zitrone-1l\\\/\",\"url\":\"https:\\\/\\\/oodima.be\\\/de\\\/produit\\\/nachfuellpack-pfefferminz-und-zitrone-1l\\\/\",\"name\":\"Nachf\u00fcllpackung Fl\u00fcssigseife Zitrone Pfefferminz, feuchtigkeitsspendend und BIO .\",\"isPartOf\":{\"@id\":\"https:\\\/\\\/oodima.be\\\/de\\\/#website\"},\"primaryImageOfPage\":{\"@id\":\"https:\\\/\\\/oodima.be\\\/de\\\/produit\\\/nachfuellpack-pfefferminz-und-zitrone-1l\\\/#primaryimage\"},\"image\":{\"@id\":\"https:\\\/\\\/oodima.be\\\/de\\\/produit\\\/nachfuellpack-pfefferminz-und-zitrone-1l\\\/#primaryimage\"},\"thumbnailUrl\":\"https:\\\/\\\/oodima.be\\\/wp-content\\\/uploads\\\/2023\\\/09\\\/Oodima-17-scaled.jpg\",\"datePublished\":\"2023-09-21T08:07:50+00:00\",\"dateModified\":\"2026-01-30T14:33:48+00:00\",\"description\":\"Nachf\u00fcllflasche f\u00fcr die feuchtigkeitsspendende Fl\u00fcssigseife Zitrone - Pfefferminze. Die Frische der Minze kombiniert mit der S\u00e4ure der Zitrone f\u00fcr ein unvergleichliches Tonikum.\",\"breadcrumb\":{\"@id\":\"https:\\\/\\\/oodima.be\\\/de\\\/produit\\\/nachfuellpack-pfefferminz-und-zitrone-1l\\\/#breadcrumb\"},\"inLanguage\":\"de\",\"potentialAction\":[{\"@type\":\"ReadAction\",\"target\":[\"https:\\\/\\\/oodima.be\\\/de\\\/produit\\\/nachfuellpack-pfefferminz-und-zitrone-1l\\\/\"]}]},{\"@type\":\"ImageObject\",\"inLanguage\":\"de\",\"@id\":\"https:\\\/\\\/oodima.be\\\/de\\\/produit\\\/nachfuellpack-pfefferminz-und-zitrone-1l\\\/#primaryimage\",\"url\":\"https:\\\/\\\/oodima.be\\\/wp-content\\\/uploads\\\/2023\\\/09\\\/Oodima-17-scaled.jpg\",\"contentUrl\":\"https:\\\/\\\/oodima.be\\\/wp-content\\\/uploads\\\/2023\\\/09\\\/Oodima-17-scaled.jpg\",\"width\":2560,\"height\":2560,\"caption\":\"Vermissen Sie den Urlaub? Haben Sie Lust auf einen Mojito am Strand? Mit unserer Nachf\u00fcllpackung der feuchtigkeitsspendenden Fl\u00fcssigseife Zitrone - Pfefferminze k\u00f6nnen Sie sich beim Duschen in einen Traum versetzen. Die Frische der Minze kombiniert mit der S\u00e4ure der Zitrone hinterl\u00e4sst eine belebte und leicht parf\u00fcmierte Haut. \u00c4therisches Pfefferminz\u00f6l hat antimykotische Eigenschaften und ist ideal f\u00fcr atopische Haut, die zu R\u00f6tungen und Irritationen neigt.\"},{\"@type\":\"BreadcrumbList\",\"@id\":\"https:\\\/\\\/oodima.be\\\/de\\\/produit\\\/nachfuellpack-pfefferminz-und-zitrone-1l\\\/#breadcrumb\",\"itemListElement\":[{\"@type\":\"ListItem\",\"position\":1,\"name\":\"Accueil\",\"item\":\"https:\\\/\\\/oodima.be\\\/de\\\/startseite\\\/\"},{\"@type\":\"ListItem\",\"position\":2,\"name\":\"Shop\",\"item\":\"https:\\\/\\\/oodima.be\\\/boutique\\\/\"},{\"@type\":\"ListItem\",\"position\":3,\"name\":\"Nachf\u00fcllpack &#8211; Pfefferminz und Zitrone (1L)\"}]},{\"@type\":\"WebSite\",\"@id\":\"https:\\\/\\\/oodima.be\\\/de\\\/#website\",\"url\":\"https:\\\/\\\/oodima.be\\\/de\\\/\",\"name\":\"Oodima\",\"description\":\"La douce caresse d&#039;un v\u00e9ritable savon liquide\",\"publisher\":{\"@id\":\"https:\\\/\\\/oodima.be\\\/de\\\/#organization\"},\"potentialAction\":[{\"@type\":\"SearchAction\",\"target\":{\"@type\":\"EntryPoint\",\"urlTemplate\":\"https:\\\/\\\/oodima.be\\\/de\\\/?s={search_term_string}\"},\"query-input\":{\"@type\":\"PropertyValueSpecification\",\"valueRequired\":true,\"valueName\":\"search_term_string\"}}],\"inLanguage\":\"de\"},{\"@type\":\"Organization\",\"@id\":\"https:\\\/\\\/oodima.be\\\/de\\\/#organization\",\"name\":\"Oodima\",\"url\":\"https:\\\/\\\/oodima.be\\\/de\\\/\",\"logo\":{\"@type\":\"ImageObject\",\"inLanguage\":\"de\",\"@id\":\"https:\\\/\\\/oodima.be\\\/de\\\/#\\\/schema\\\/logo\\\/image\\\/\",\"url\":\"https:\\\/\\\/oodima.be\\\/wp-content\\\/uploads\\\/2026\\\/01\\\/logo-oodima-seul-carre.webp\",\"contentUrl\":\"https:\\\/\\\/oodima.be\\\/wp-content\\\/uploads\\\/2026\\\/01\\\/logo-oodima-seul-carre.webp\",\"width\":567,\"height\":567,\"caption\":\"Oodima\"},\"image\":{\"@id\":\"https:\\\/\\\/oodima.be\\\/de\\\/#\\\/schema\\\/logo\\\/image\\\/\"},\"sameAs\":[\"https:\\\/\\\/www.facebook.com\\\/oodima.be\",\"https:\\\/\\\/www.instagram.com\\\/oodima_\\\/\"],\"description\":\"Artisans savonniers, producteur de savons liquides hydratants saponifi\u00e9s \u00e0 froid, 100% d'origine naturelle et certifi\u00e9s BIO\",\"email\":\"info@oodima.be\",\"telephone\":\"019600100\",\"legalName\":\"The Good Soap\",\"foundingDate\":\"2021-12-20\",\"vatID\":\"BE0778866646\",\"numberOfEmployees\":{\"@type\":\"QuantitativeValue\",\"minValue\":\"1\",\"maxValue\":\"10\"},\"publishingPrinciples\":\"https:\\\/\\\/oodima.be\\\/engagements\\\/\",\"ownershipFundingInfo\":\"https:\\\/\\\/oodima.be\\\/engagements\\\/\",\"correctionsPolicy\":\"https:\\\/\\\/oodima.be\\\/remboursements_retours-2\\\/\",\"ethicsPolicy\":\"https:\\\/\\\/oodima.be\\\/engagements\\\/\"}]}<\/script>\n<!-- \/ Yoast SEO Premium plugin. -->","yoast_head_json":{"title":"Nachf\u00fcllpackung Fl\u00fcssigseife Zitrone Pfefferminz, feuchtigkeitsspendend und BIO .","description":"Nachf\u00fcllflasche f\u00fcr die feuchtigkeitsspendende Fl\u00fcssigseife Zitrone - Pfefferminze. Die Frische der Minze kombiniert mit der S\u00e4ure der Zitrone f\u00fcr ein unvergleichliches Tonikum.","robots":{"index":"index","follow":"follow","max-snippet":"max-snippet:-1","max-image-preview":"max-image-preview:large","max-video-preview":"max-video-preview:-1"},"canonical":"https:\/\/oodima.be\/de\/produit\/nachfuellpack-pfefferminz-und-zitrone-1l\/","og_locale":"de_DE","og_type":"article","og_title":"Nachf\u00fcllpack - Pfefferminz und Zitrone (1L)","og_description":"Nachf\u00fcllflasche f\u00fcr die feuchtigkeitsspendende Fl\u00fcssigseife Zitrone - Pfefferminze. Die Frische der Minze kombiniert mit der S\u00e4ure der Zitrone f\u00fcr ein unvergleichliches Tonikum.","og_url":"https:\/\/oodima.be\/de\/produit\/nachfuellpack-pfefferminz-und-zitrone-1l\/","og_site_name":"Oodima","article_publisher":"https:\/\/www.facebook.com\/oodima.be","article_modified_time":"2026-01-30T14:33:48+00:00","og_image":[{"width":2560,"height":2560,"url":"https:\/\/oodima.be\/wp-content\/uploads\/2023\/09\/Oodima-17-scaled.jpg","type":"image\/jpeg"}],"twitter_card":"summary_large_image","schema":{"@context":"https:\/\/schema.org","@graph":[{"@type":"WebPage","@id":"https:\/\/oodima.be\/de\/produit\/nachfuellpack-pfefferminz-und-zitrone-1l\/","url":"https:\/\/oodima.be\/de\/produit\/nachfuellpack-pfefferminz-und-zitrone-1l\/","name":"Nachf\u00fcllpackung Fl\u00fcssigseife Zitrone Pfefferminz, feuchtigkeitsspendend und BIO .","isPartOf":{"@id":"https:\/\/oodima.be\/de\/#website"},"primaryImageOfPage":{"@id":"https:\/\/oodima.be\/de\/produit\/nachfuellpack-pfefferminz-und-zitrone-1l\/#primaryimage"},"image":{"@id":"https:\/\/oodima.be\/de\/produit\/nachfuellpack-pfefferminz-und-zitrone-1l\/#primaryimage"},"thumbnailUrl":"https:\/\/oodima.be\/wp-content\/uploads\/2023\/09\/Oodima-17-scaled.jpg","datePublished":"2023-09-21T08:07:50+00:00","dateModified":"2026-01-30T14:33:48+00:00","description":"Nachf\u00fcllflasche f\u00fcr die feuchtigkeitsspendende Fl\u00fcssigseife Zitrone - Pfefferminze. Die Frische der Minze kombiniert mit der S\u00e4ure der Zitrone f\u00fcr ein unvergleichliches Tonikum.","breadcrumb":{"@id":"https:\/\/oodima.be\/de\/produit\/nachfuellpack-pfefferminz-und-zitrone-1l\/#breadcrumb"},"inLanguage":"de","potentialAction":[{"@type":"ReadAction","target":["https:\/\/oodima.be\/de\/produit\/nachfuellpack-pfefferminz-und-zitrone-1l\/"]}]},{"@type":"ImageObject","inLanguage":"de","@id":"https:\/\/oodima.be\/de\/produit\/nachfuellpack-pfefferminz-und-zitrone-1l\/#primaryimage","url":"https:\/\/oodima.be\/wp-content\/uploads\/2023\/09\/Oodima-17-scaled.jpg","contentUrl":"https:\/\/oodima.be\/wp-content\/uploads\/2023\/09\/Oodima-17-scaled.jpg","width":2560,"height":2560,"caption":"Vermissen Sie den Urlaub? Haben Sie Lust auf einen Mojito am Strand? Mit unserer Nachf\u00fcllpackung der feuchtigkeitsspendenden Fl\u00fcssigseife Zitrone - Pfefferminze k\u00f6nnen Sie sich beim Duschen in einen Traum versetzen. Die Frische der Minze kombiniert mit der S\u00e4ure der Zitrone hinterl\u00e4sst eine belebte und leicht parf\u00fcmierte Haut. \u00c4therisches Pfefferminz\u00f6l hat antimykotische Eigenschaften und ist ideal f\u00fcr atopische Haut, die zu R\u00f6tungen und Irritationen neigt."},{"@type":"BreadcrumbList","@id":"https:\/\/oodima.be\/de\/produit\/nachfuellpack-pfefferminz-und-zitrone-1l\/#breadcrumb","itemListElement":[{"@type":"ListItem","position":1,"name":"Accueil","item":"https:\/\/oodima.be\/de\/startseite\/"},{"@type":"ListItem","position":2,"name":"Shop","item":"https:\/\/oodima.be\/boutique\/"},{"@type":"ListItem","position":3,"name":"Nachf\u00fcllpack &#8211; Pfefferminz und Zitrone (1L)"}]},{"@type":"WebSite","@id":"https:\/\/oodima.be\/de\/#website","url":"https:\/\/oodima.be\/de\/","name":"Oodima","description":"La douce caresse d&#039;un v\u00e9ritable savon liquide","publisher":{"@id":"https:\/\/oodima.be\/de\/#organization"},"potentialAction":[{"@type":"SearchAction","target":{"@type":"EntryPoint","urlTemplate":"https:\/\/oodima.be\/de\/?s={search_term_string}"},"query-input":{"@type":"PropertyValueSpecification","valueRequired":true,"valueName":"search_term_string"}}],"inLanguage":"de"},{"@type":"Organization","@id":"https:\/\/oodima.be\/de\/#organization","name":"Oodima","url":"https:\/\/oodima.be\/de\/","logo":{"@type":"ImageObject","inLanguage":"de","@id":"https:\/\/oodima.be\/de\/#\/schema\/logo\/image\/","url":"https:\/\/oodima.be\/wp-content\/uploads\/2026\/01\/logo-oodima-seul-carre.webp","contentUrl":"https:\/\/oodima.be\/wp-content\/uploads\/2026\/01\/logo-oodima-seul-carre.webp","width":567,"height":567,"caption":"Oodima"},"image":{"@id":"https:\/\/oodima.be\/de\/#\/schema\/logo\/image\/"},"sameAs":["https:\/\/www.facebook.com\/oodima.be","https:\/\/www.instagram.com\/oodima_\/"],"description":"Artisans savonniers, producteur de savons liquides hydratants saponifi\u00e9s \u00e0 froid, 100% d'origine naturelle et certifi\u00e9s BIO","email":"info@oodima.be","telephone":"019600100","legalName":"The Good Soap","foundingDate":"2021-12-20","vatID":"BE0778866646","numberOfEmployees":{"@type":"QuantitativeValue","minValue":"1","maxValue":"10"},"publishingPrinciples":"https:\/\/oodima.be\/engagements\/","ownershipFundingInfo":"https:\/\/oodima.be\/engagements\/","correctionsPolicy":"https:\/\/oodima.be\/remboursements_retours-2\/","ethicsPolicy":"https:\/\/oodima.be\/engagements\/"}]}},"jetpack_sharing_enabled":true,"_links":{"self":[{"href":"https:\/\/oodima.be\/de\/wp-json\/wp\/v2\/product\/3065","targetHints":{"allow":["GET"]}}],"collection":[{"href":"https:\/\/oodima.be\/de\/wp-json\/wp\/v2\/product"}],"about":[{"href":"https:\/\/oodima.be\/de\/wp-json\/wp\/v2\/types\/product"}],"replies":[{"embeddable":true,"href":"https:\/\/oodima.be\/de\/wp-json\/wp\/v2\/comments?post=3065"}],"wp:featuredmedia":[{"embeddable":true,"href":"https:\/\/oodima.be\/de\/wp-json\/wp\/v2\/media\/2645"}],"wp:attachment":[{"href":"https:\/\/oodima.be\/de\/wp-json\/wp\/v2\/media?parent=3065"}],"wp:term":[{"taxonomy":"product_brand","embeddable":true,"href":"https:\/\/oodima.be\/de\/wp-json\/wp\/v2\/product_brand?post=3065"},{"taxonomy":"product_cat","embeddable":true,"href":"https:\/\/oodima.be\/de\/wp-json\/wp\/v2\/product_cat?post=3065"},{"taxonomy":"product_tag","embeddable":true,"href":"https:\/\/oodima.be\/de\/wp-json\/wp\/v2\/product_tag?post=3065"}],"curies":[{"name":"wp","href":"https:\/\/api.w.org\/{rel}","templated":true}]}}