{"id":3000,"date":"2023-04-03T08:20:28","date_gmt":"2023-04-03T06:20:28","guid":{"rendered":"http:\/\/oodima.be\/blog\/"},"modified":"2024-11-12T13:25:16","modified_gmt":"2024-11-12T11:25:16","slug":"blog","status":"publish","type":"page","link":"https:\/\/oodima.be\/de\/blog\/","title":{"rendered":"Blog"},"content":{"rendered":"\t\t<div data-elementor-type=\"wp-page\" data-elementor-id=\"3000\" class=\"elementor elementor-3000 elementor-501\" data-elementor-post-type=\"page\">\n\t\t\t\t\t\t<section class=\"elementor-section elementor-top-section elementor-element elementor-element-cc39ed4 elementor-section-content-middle elementor-section-stretched elementor-section-boxed elementor-section-height-default elementor-section-height-default\" data-id=\"cc39ed4\" data-element_type=\"section\" data-e-type=\"section\" data-settings=\"{&quot;background_background&quot;:&quot;classic&quot;,&quot;stretch_section&quot;:&quot;section-stretched&quot;}\">\n\t\t\t\t\t\t<div class=\"elementor-container elementor-column-gap-default\">\n\t\t\t\t\t<div class=\"elementor-column elementor-col-100 elementor-top-column elementor-element elementor-element-b83bed8\" data-id=\"b83bed8\" data-element_type=\"column\" data-e-type=\"column\">\n\t\t\t<div class=\"elementor-widget-wrap elementor-element-populated\">\n\t\t\t\t\t\t\t<\/div>\n\t\t<\/div>\n\t\t\t\t\t<\/div>\n\t\t<\/section>\n\t\t\t\t<section class=\"elementor-section elementor-top-section elementor-element elementor-element-14ba6c9 elementor-section-stretched elementor-reverse-mobile elementor-section-boxed elementor-section-height-default elementor-section-height-default\" data-id=\"14ba6c9\" data-element_type=\"section\" data-e-type=\"section\" data-settings=\"{&quot;stretch_section&quot;:&quot;section-stretched&quot;,&quot;background_background&quot;:&quot;classic&quot;}\">\n\t\t\t\t\t\t<div class=\"elementor-container elementor-column-gap-default\">\n\t\t\t\t\t<div class=\"elementor-column elementor-col-100 elementor-top-column elementor-element elementor-element-a845605\" data-id=\"a845605\" data-element_type=\"column\" data-e-type=\"column\">\n\t\t\t<div class=\"elementor-widget-wrap elementor-element-populated\">\n\t\t\t\t\t\t<div class=\"elementor-element elementor-element-61c5504 elementor-widget elementor-widget-heading\" data-id=\"61c5504\" data-element_type=\"widget\" data-e-type=\"widget\" data-widget_type=\"heading.default\">\n\t\t\t\t<div class=\"elementor-widget-container\">\n\t\t\t\t\t<h2 class=\"elementor-heading-title elementor-size-default\">Alle unsere Artikel<\/h2>\t\t\t\t<\/div>\n\t\t\t\t<\/div>\n\t\t\t\t<div class=\"elementor-element elementor-element-e1c845e elementor-widget elementor-widget-text-editor\" data-id=\"e1c845e\" data-element_type=\"widget\" data-e-type=\"widget\" data-widget_type=\"text-editor.default\">\n\t\t\t\t<div class=\"elementor-widget-container\">\n\t\t\t\t\t\t\t\t\t<p>Entdecken Sie alle Neuigkeiten \u00fcber Oodima in unseren Blogartikeln.<\/p>\n\t\t\t\t\t\t\t\t<\/div>\n\t\t\t\t<\/div>\n\t\t\t\t<div class=\"elementor-element elementor-element-5383b4d elementor-posts--align-left elementor-grid-3 elementor-grid-tablet-2 elementor-grid-mobile-1 elementor-posts--thumbnail-top load-more-align-center elementor-widget elementor-widget-posts\" data-id=\"5383b4d\" data-element_type=\"widget\" data-e-type=\"widget\" data-settings=\"{&quot;classic_row_gap&quot;:{&quot;unit&quot;:&quot;px&quot;,&quot;size&quot;:&quot;30&quot;,&quot;sizes&quot;:[]},&quot;classic_row_gap_tablet&quot;:{&quot;unit&quot;:&quot;px&quot;,&quot;size&quot;:&quot;30&quot;,&quot;sizes&quot;:[]},&quot;classic_row_gap_mobile&quot;:{&quot;unit&quot;:&quot;px&quot;,&quot;size&quot;:&quot;30&quot;,&quot;sizes&quot;:[]},&quot;pagination_type&quot;:&quot;load_more_on_click&quot;,&quot;classic_columns&quot;:&quot;3&quot;,&quot;classic_columns_tablet&quot;:&quot;2&quot;,&quot;classic_columns_mobile&quot;:&quot;1&quot;,&quot;load_more_spinner&quot;:{&quot;value&quot;:&quot;fas fa-spinner&quot;,&quot;library&quot;:&quot;fa-solid&quot;}}\" data-widget_type=\"posts.classic\">\n\t\t\t\t<div class=\"elementor-widget-container\">\n\t\t\t\t\t\t\t<div class=\"elementor-posts-container elementor-posts elementor-posts--skin-classic elementor-grid\" role=\"list\">\n\t\t\t\t<article class=\"elementor-post elementor-grid-item post-4246 post type-post status-publish format-standard has-post-thumbnail hentry category-unkategorisiert\" role=\"listitem\">\n\t\t\t\t<a class=\"elementor-post__thumbnail__link\" href=\"https:\/\/oodima.be\/de\/unser-neues-labor\/\" tabindex=\"-1\" target=&quot;_blank&quot;>\n\t\t\t<div class=\"elementor-post__thumbnail\"><img fetchpriority=\"high\" decoding=\"async\" width=\"300\" height=\"202\" src=\"https:\/\/oodima.be\/wp-content\/uploads\/2026\/01\/Oodima-atelier-BD-7-300x202.jpg\" class=\"elementor-animation-shrink attachment-medium size-medium wp-image-4287\" alt=\"\" srcset=\"https:\/\/oodima.be\/wp-content\/uploads\/2026\/01\/Oodima-atelier-BD-7-300x202.jpg 300w, https:\/\/oodima.be\/wp-content\/uploads\/2026\/01\/Oodima-atelier-BD-7-1024x690.jpg 1024w, https:\/\/oodima.be\/wp-content\/uploads\/2026\/01\/Oodima-atelier-BD-7-768x518.jpg 768w, https:\/\/oodima.be\/wp-content\/uploads\/2026\/01\/Oodima-atelier-BD-7-1536x1035.jpg 1536w, https:\/\/oodima.be\/wp-content\/uploads\/2026\/01\/Oodima-atelier-BD-7-2048x1380.jpg 2048w, https:\/\/oodima.be\/wp-content\/uploads\/2026\/01\/Oodima-atelier-BD-7-600x404.jpg 600w, https:\/\/oodima.be\/wp-content\/uploads\/2026\/01\/Oodima-atelier-BD-7-scaled.webp 1920w\" sizes=\"(max-width: 300px) 100vw, 300px\" \/><\/div>\n\t\t<\/a>\n\t\t\t\t<div class=\"elementor-post__text\">\n\t\t\t\t<h3 class=\"elementor-post__title\">\n\t\t\t<a href=\"https:\/\/oodima.be\/de\/unser-neues-labor\/\" target=&quot;_blank&quot;>\n\t\t\t\tUnser neues Labor\t\t\t<\/a>\n\t\t<\/h3>\n\t\t\t\t<div class=\"elementor-post__excerpt\">\n\t\t\t<p>Oodima freut sich, Ihnen mitteilen zu k\u00f6nnen, dass wir unser neues Labor er\u00f6ffnet haben. Es befindet sich in Seraing und erm\u00f6glicht es uns, Ihnen eine<\/p>\n\t\t<\/div>\n\t\t\t\t\t<div class=\"elementor-post__read-more-wrapper\">\n\t\t\n\t\t<a class=\"elementor-post__read-more\" href=\"https:\/\/oodima.be\/de\/unser-neues-labor\/\" aria-label=\"Mehr \u00fcber Unser neues Labor\" tabindex=\"-1\" target=\"_blank\">\n\t\t\tLesen Sie mehr\t\t<\/a>\n\n\t\t\t\t\t<\/div>\n\t\t\t\t<\/div>\n\t\t\t\t<\/article>\n\t\t\t\t<article class=\"elementor-post elementor-grid-item post-2940 post type-post status-publish format-standard has-post-thumbnail hentry category-unkategorisiert\" role=\"listitem\">\n\t\t\t\t<a class=\"elementor-post__thumbnail__link\" href=\"https:\/\/oodima.be\/de\/oodima-in-baldrian\/\" tabindex=\"-1\" target=&quot;_blank&quot;>\n\t\t\t<div class=\"elementor-post__thumbnail\"><img decoding=\"async\" width=\"300\" height=\"256\" src=\"https:\/\/oodima.be\/wp-content\/uploads\/2024\/09\/Arabelle-300x256.jpg\" class=\"elementor-animation-shrink attachment-medium size-medium wp-image-2786\" alt=\"\" srcset=\"https:\/\/oodima.be\/wp-content\/uploads\/2024\/09\/Arabelle-300x256.jpg 300w, https:\/\/oodima.be\/wp-content\/uploads\/2024\/09\/Arabelle-768x656.jpg 768w, https:\/\/oodima.be\/wp-content\/uploads\/2024\/09\/Arabelle-600x513.jpg 600w, https:\/\/oodima.be\/wp-content\/uploads\/2024\/09\/Arabelle.jpg 960w\" sizes=\"(max-width: 300px) 100vw, 300px\" \/><\/div>\n\t\t<\/a>\n\t\t\t\t<div class=\"elementor-post__text\">\n\t\t\t\t<h3 class=\"elementor-post__title\">\n\t\t\t<a href=\"https:\/\/oodima.be\/de\/oodima-in-baldrian\/\" target=&quot;_blank&quot;>\n\t\t\t\tOodima in Baldrian\t\t\t<\/a>\n\t\t<\/h3>\n\t\t\t\t<div class=\"elementor-post__excerpt\">\n\t\t\t<p>Am 6., 7. und 8. September 2024 war Oodima auf der BIO-Messe Val\u00e9riane in Namur mit den \u00d6len Equilibre vertreten. Wir konnten eine gro\u00dfe Anzahl<\/p>\n\t\t<\/div>\n\t\t\t\t\t<div class=\"elementor-post__read-more-wrapper\">\n\t\t\n\t\t<a class=\"elementor-post__read-more\" href=\"https:\/\/oodima.be\/de\/oodima-in-baldrian\/\" aria-label=\"Mehr \u00fcber Oodima in Baldrian\" tabindex=\"-1\" target=\"_blank\">\n\t\t\tLesen Sie mehr\t\t<\/a>\n\n\t\t\t\t\t<\/div>\n\t\t\t\t<\/div>\n\t\t\t\t<\/article>\n\t\t\t\t<article class=\"elementor-post elementor-grid-item post-2961 post type-post status-publish format-standard has-post-thumbnail hentry category-unkategorisiert\" role=\"listitem\">\n\t\t\t\t<a class=\"elementor-post__thumbnail__link\" href=\"https:\/\/oodima.be\/de\/die-vorteile-von-sonnenblumen-%f0%9f%8c%bb\/\" tabindex=\"-1\" target=&quot;_blank&quot;>\n\t\t\t<div class=\"elementor-post__thumbnail\"><img decoding=\"async\" width=\"300\" height=\"169\" src=\"https:\/\/oodima.be\/wp-content\/uploads\/2023\/12\/f930bf02-1809-4f71-b3bd-348746a9c657-edited-300x169.jpg\" class=\"elementor-animation-shrink attachment-medium size-medium wp-image-2573\" alt=\"\" srcset=\"https:\/\/oodima.be\/wp-content\/uploads\/2023\/12\/f930bf02-1809-4f71-b3bd-348746a9c657-edited-300x169.jpg 300w, https:\/\/oodima.be\/wp-content\/uploads\/2023\/12\/f930bf02-1809-4f71-b3bd-348746a9c657-edited-1024x576.jpg 1024w, https:\/\/oodima.be\/wp-content\/uploads\/2023\/12\/f930bf02-1809-4f71-b3bd-348746a9c657-edited-768x432.jpg 768w, https:\/\/oodima.be\/wp-content\/uploads\/2023\/12\/f930bf02-1809-4f71-b3bd-348746a9c657-edited-1536x864.jpg 1536w, https:\/\/oodima.be\/wp-content\/uploads\/2023\/12\/f930bf02-1809-4f71-b3bd-348746a9c657-edited-600x338.jpg 600w, https:\/\/oodima.be\/wp-content\/uploads\/2023\/12\/f930bf02-1809-4f71-b3bd-348746a9c657-edited.jpg 2048w\" sizes=\"(max-width: 300px) 100vw, 300px\" \/><\/div>\n\t\t<\/a>\n\t\t\t\t<div class=\"elementor-post__text\">\n\t\t\t\t<h3 class=\"elementor-post__title\">\n\t\t\t<a href=\"https:\/\/oodima.be\/de\/die-vorteile-von-sonnenblumen-%f0%9f%8c%bb\/\" target=&quot;_blank&quot;>\n\t\t\t\tDie Vorteile von Sonnenblumen \ud83c\udf3b.\t\t\t<\/a>\n\t\t<\/h3>\n\t\t\t\t<div class=\"elementor-post__excerpt\">\n\t\t\t<p>Die Sonnenblume, die Blume der Sonne, ist f\u00fcr ihre sch\u00f6ne gelbe Farbe und ihre Sch\u00f6nheit bekannt. Aber sie ist noch viel mehr. Ihr \u00d6l, das aus den Kernen gewonnen wird, hat eine hohe Konzentration an Vitamin E und Omega 6, nat\u00fcrlichen Antioxidantien. Es ist weichmachend, n\u00e4hrend, belebend, &#8230; Es ist hervorragend f\u00fcr Haut und Haar geeignet.     <\/p>\n\t\t<\/div>\n\t\t\t\t\t<div class=\"elementor-post__read-more-wrapper\">\n\t\t\n\t\t<a class=\"elementor-post__read-more\" href=\"https:\/\/oodima.be\/de\/die-vorteile-von-sonnenblumen-%f0%9f%8c%bb\/\" aria-label=\"Mehr \u00fcber Die Vorteile von Sonnenblumen \ud83c\udf3b.\" tabindex=\"-1\" target=\"_blank\">\n\t\t\tLesen Sie mehr\t\t<\/a>\n\n\t\t\t\t\t<\/div>\n\t\t\t\t<\/div>\n\t\t\t\t<\/article>\n\t\t\t\t<article class=\"elementor-post elementor-grid-item post-2951 post type-post status-publish format-standard has-post-thumbnail hentry category-unkategorisiert\" role=\"listitem\">\n\t\t\t\t<a class=\"elementor-post__thumbnail__link\" href=\"https:\/\/oodima.be\/de\/oodima-seifen-nachfuellpackungen-%f0%9f%ab%a7%f0%9f%8c%bb\/\" tabindex=\"-1\" target=&quot;_blank&quot;>\n\t\t\t<div class=\"elementor-post__thumbnail\"><img loading=\"lazy\" decoding=\"async\" width=\"300\" height=\"172\" src=\"https:\/\/oodima.be\/wp-content\/uploads\/2023\/07\/Oodima-01-scaled-e1690729102368-300x172.jpg\" class=\"elementor-animation-shrink attachment-medium size-medium wp-image-2312\" alt=\"\" srcset=\"https:\/\/oodima.be\/wp-content\/uploads\/2023\/07\/Oodima-01-scaled-e1690729102368-300x172.jpg 300w, https:\/\/oodima.be\/wp-content\/uploads\/2023\/07\/Oodima-01-scaled-e1690729102368-1024x586.jpg 1024w, https:\/\/oodima.be\/wp-content\/uploads\/2023\/07\/Oodima-01-scaled-e1690729102368-768x440.jpg 768w, https:\/\/oodima.be\/wp-content\/uploads\/2023\/07\/Oodima-01-scaled-e1690729102368-1536x879.jpg 1536w, https:\/\/oodima.be\/wp-content\/uploads\/2023\/07\/Oodima-01-scaled-e1690729102368-600x343.jpg 600w, https:\/\/oodima.be\/wp-content\/uploads\/2023\/07\/Oodima-01-scaled-e1690729102368.jpg 2037w\" sizes=\"(max-width: 300px) 100vw, 300px\" \/><\/div>\n\t\t<\/a>\n\t\t\t\t<div class=\"elementor-post__text\">\n\t\t\t\t<h3 class=\"elementor-post__title\">\n\t\t\t<a href=\"https:\/\/oodima.be\/de\/oodima-seifen-nachfuellpackungen-%f0%9f%ab%a7%f0%9f%8c%bb\/\" target=&quot;_blank&quot;>\n\t\t\t\tOodima Seifen-Nachf\u00fcllpackungen \ud83e\udee7\ud83c\udf3b.\t\t\t<\/a>\n\t\t<\/h3>\n\t\t\t\t<div class=\"elementor-post__excerpt\">\n\t\t\t<p>Unsere Oodima Handseifen werden in Glasschaumbeh\u00e4ltern verkauft. Verwenden Sie den Beh\u00e4lter immer wieder mit den 1L Nachf\u00fcllpackungen, die jetzt auf unserer Website erh\u00e4ltlich sind. <\/p>\n\t\t<\/div>\n\t\t\t\t\t<div class=\"elementor-post__read-more-wrapper\">\n\t\t\n\t\t<a class=\"elementor-post__read-more\" href=\"https:\/\/oodima.be\/de\/oodima-seifen-nachfuellpackungen-%f0%9f%ab%a7%f0%9f%8c%bb\/\" aria-label=\"Mehr \u00fcber Oodima Seifen-Nachf\u00fcllpackungen \ud83e\udee7\ud83c\udf3b.\" tabindex=\"-1\" target=\"_blank\">\n\t\t\tLesen Sie mehr\t\t<\/a>\n\n\t\t\t\t\t<\/div>\n\t\t\t\t<\/div>\n\t\t\t\t<\/article>\n\t\t\t\t<article class=\"elementor-post elementor-grid-item post-2979 post type-post status-publish format-standard has-post-thumbnail hentry category-unkategorisiert\" role=\"listitem\">\n\t\t\t\t<a class=\"elementor-post__thumbnail__link\" href=\"https:\/\/oodima.be\/de\/die-schoenheit-der-belgischen-sonnenblumen-in-naturkosmetik\/\" tabindex=\"-1\" target=&quot;_blank&quot;>\n\t\t\t<div class=\"elementor-post__thumbnail\"><img loading=\"lazy\" decoding=\"async\" width=\"225\" height=\"300\" src=\"https:\/\/oodima.be\/wp-content\/uploads\/2023\/08\/fb82ac1d-ce8b-46b4-9dd2-67fd2d5e39db-225x300.jpg\" class=\"elementor-animation-shrink attachment-medium size-medium wp-image-2486\" alt=\"\" srcset=\"https:\/\/oodima.be\/wp-content\/uploads\/2023\/08\/fb82ac1d-ce8b-46b4-9dd2-67fd2d5e39db-225x300.jpg 225w, https:\/\/oodima.be\/wp-content\/uploads\/2023\/08\/fb82ac1d-ce8b-46b4-9dd2-67fd2d5e39db-768x1024.jpg 768w, https:\/\/oodima.be\/wp-content\/uploads\/2023\/08\/fb82ac1d-ce8b-46b4-9dd2-67fd2d5e39db-1152x1536.jpg 1152w, https:\/\/oodima.be\/wp-content\/uploads\/2023\/08\/fb82ac1d-ce8b-46b4-9dd2-67fd2d5e39db-600x800.jpg 600w, https:\/\/oodima.be\/wp-content\/uploads\/2023\/08\/fb82ac1d-ce8b-46b4-9dd2-67fd2d5e39db.jpg 1536w\" sizes=\"(max-width: 225px) 100vw, 225px\" \/><\/div>\n\t\t<\/a>\n\t\t\t\t<div class=\"elementor-post__text\">\n\t\t\t\t<h3 class=\"elementor-post__title\">\n\t\t\t<a href=\"https:\/\/oodima.be\/de\/die-schoenheit-der-belgischen-sonnenblumen-in-naturkosmetik\/\" target=&quot;_blank&quot;>\n\t\t\t\tDie Sch\u00f6nheit der belgischen Sonnenblumen in Naturkosmetik\t\t\t<\/a>\n\t\t<\/h3>\n\t\t\t\t<div class=\"elementor-post__excerpt\">\n\t\t\t<p>Entdecken Sie die Geschichte von Oodima, einer Marke f\u00fcr Naturkosmetik, die von Nicolas Ancion und Boris Louis gegr\u00fcndet wurde. Eine Marke, bei der jedes Produkt eine Harmonie zwischen Mensch und Natur ist, die Sch\u00f6nheit und Verantwortung in einem feuchtigkeitsspendenden Pflegeritual vereint. <\/p>\n\t\t<\/div>\n\t\t\t\t\t<div class=\"elementor-post__read-more-wrapper\">\n\t\t\n\t\t<a class=\"elementor-post__read-more\" href=\"https:\/\/oodima.be\/de\/die-schoenheit-der-belgischen-sonnenblumen-in-naturkosmetik\/\" aria-label=\"Mehr \u00fcber Die Sch\u00f6nheit der belgischen Sonnenblumen in Naturkosmetik\" tabindex=\"-1\" target=\"_blank\">\n\t\t\tLesen Sie mehr\t\t<\/a>\n\n\t\t\t\t\t<\/div>\n\t\t\t\t<\/div>\n\t\t\t\t<\/article>\n\t\t\t\t<\/div>\n\t\t\t\t\t<span class=\"e-load-more-spinner\">\n\t\t\t\t<i aria-hidden=\"true\" class=\"fas fa-spinner\"><\/i>\t\t\t<\/span>\n\t\t\n\t\t\t\t\t\t<\/div>\n\t\t\t\t<\/div>\n\t\t\t\t\t<\/div>\n\t\t<\/div>\n\t\t\t\t\t<\/div>\n\t\t<\/section>\n\t\t\t\t<\/div>\n\t\t","protected":false},"excerpt":{"rendered":"<p>Alle unsere Artikel Entdecken Sie alle Neuigkeiten \u00fcber Oodima in unseren Blogartikeln.<\/p>\n","protected":false},"author":1,"featured_media":0,"parent":0,"menu_order":0,"comment_status":"closed","ping_status":"closed","template":"elementor_header_footer","meta":{"footnotes":""},"class_list":["post-3000","page","type-page","status-publish","hentry"],"yoast_head":"<!-- This site is optimized with the Yoast SEO Premium plugin v27.2 (Yoast SEO v27.3) - https:\/\/yoast.com\/product\/yoast-seo-premium-wordpress\/ -->\n<title>Oodima - Alle unsere Blogartikel<\/title>\n<meta name=\"description\" content=\"Entdecken Sie alle Neuigkeiten \u00fcber Oodima in unseren Blogartikeln: von unseren Neuheiten bis hin zu unseren Inhaltsstoffen und unserer Philosophie.\" \/>\n<meta name=\"robots\" content=\"index, follow, max-snippet:-1, max-image-preview:large, max-video-preview:-1\" \/>\n<link rel=\"canonical\" href=\"https:\/\/oodima.be\/de\/blog\/\" \/>\n<meta property=\"og:locale\" content=\"de_DE\" \/>\n<meta property=\"og:type\" content=\"article\" \/>\n<meta property=\"og:title\" content=\"Blog\" \/>\n<meta property=\"og:description\" content=\"Entdecken Sie alle Neuigkeiten \u00fcber Oodima in unseren Blogartikeln: von unseren Neuheiten bis hin zu unseren Inhaltsstoffen und unserer Philosophie.\" \/>\n<meta property=\"og:url\" content=\"https:\/\/oodima.be\/de\/blog\/\" \/>\n<meta property=\"og:site_name\" content=\"Oodima\" \/>\n<meta property=\"article:publisher\" content=\"https:\/\/www.facebook.com\/oodima.be\" \/>\n<meta property=\"article:modified_time\" content=\"2024-11-12T11:25:16+00:00\" \/>\n<meta property=\"og:image\" content=\"https:\/\/oodima.be\/wp-content\/uploads\/2026\/01\/Oodima-douce-carresse-scaled.webp\" \/>\n\t<meta property=\"og:image:width\" content=\"1920\" \/>\n\t<meta property=\"og:image:height\" content=\"1244\" \/>\n\t<meta property=\"og:image:type\" content=\"image\/webp\" \/>\n<meta name=\"twitter:card\" content=\"summary_large_image\" \/>\n<script type=\"application\/ld+json\" class=\"yoast-schema-graph\">{\"@context\":\"https:\\\/\\\/schema.org\",\"@graph\":[{\"@type\":\"WebPage\",\"@id\":\"https:\\\/\\\/oodima.be\\\/de\\\/blog\\\/\",\"url\":\"https:\\\/\\\/oodima.be\\\/de\\\/blog\\\/\",\"name\":\"Oodima - Alle unsere Blogartikel\",\"isPartOf\":{\"@id\":\"https:\\\/\\\/oodima.be\\\/de\\\/#website\"},\"datePublished\":\"2023-04-03T06:20:28+00:00\",\"dateModified\":\"2024-11-12T11:25:16+00:00\",\"description\":\"Entdecken Sie alle Neuigkeiten \u00fcber Oodima in unseren Blogartikeln: von unseren Neuheiten bis hin zu unseren Inhaltsstoffen und unserer Philosophie.\",\"breadcrumb\":{\"@id\":\"https:\\\/\\\/oodima.be\\\/de\\\/blog\\\/#breadcrumb\"},\"inLanguage\":\"de\",\"potentialAction\":[{\"@type\":\"ReadAction\",\"target\":[\"https:\\\/\\\/oodima.be\\\/de\\\/blog\\\/\"]}]},{\"@type\":\"BreadcrumbList\",\"@id\":\"https:\\\/\\\/oodima.be\\\/de\\\/blog\\\/#breadcrumb\",\"itemListElement\":[{\"@type\":\"ListItem\",\"position\":1,\"name\":\"Accueil\",\"item\":\"https:\\\/\\\/oodima.be\\\/de\\\/startseite\\\/\"},{\"@type\":\"ListItem\",\"position\":2,\"name\":\"Blog\"}]},{\"@type\":\"WebSite\",\"@id\":\"https:\\\/\\\/oodima.be\\\/de\\\/#website\",\"url\":\"https:\\\/\\\/oodima.be\\\/de\\\/\",\"name\":\"Oodima\",\"description\":\"La douce caresse d&#039;un v\u00e9ritable savon liquide\",\"publisher\":{\"@id\":\"https:\\\/\\\/oodima.be\\\/de\\\/#organization\"},\"potentialAction\":[{\"@type\":\"SearchAction\",\"target\":{\"@type\":\"EntryPoint\",\"urlTemplate\":\"https:\\\/\\\/oodima.be\\\/de\\\/?s={search_term_string}\"},\"query-input\":{\"@type\":\"PropertyValueSpecification\",\"valueRequired\":true,\"valueName\":\"search_term_string\"}}],\"inLanguage\":\"de\"},{\"@type\":\"Organization\",\"@id\":\"https:\\\/\\\/oodima.be\\\/de\\\/#organization\",\"name\":\"Oodima\",\"url\":\"https:\\\/\\\/oodima.be\\\/de\\\/\",\"logo\":{\"@type\":\"ImageObject\",\"inLanguage\":\"de\",\"@id\":\"https:\\\/\\\/oodima.be\\\/de\\\/#\\\/schema\\\/logo\\\/image\\\/\",\"url\":\"https:\\\/\\\/oodima.be\\\/wp-content\\\/uploads\\\/2026\\\/01\\\/logo-oodima-seul-carre.webp\",\"contentUrl\":\"https:\\\/\\\/oodima.be\\\/wp-content\\\/uploads\\\/2026\\\/01\\\/logo-oodima-seul-carre.webp\",\"width\":567,\"height\":567,\"caption\":\"Oodima\"},\"image\":{\"@id\":\"https:\\\/\\\/oodima.be\\\/de\\\/#\\\/schema\\\/logo\\\/image\\\/\"},\"sameAs\":[\"https:\\\/\\\/www.facebook.com\\\/oodima.be\",\"https:\\\/\\\/www.instagram.com\\\/oodima_\\\/\"],\"description\":\"Artisans savonniers, producteur de savons liquides hydratants saponifi\u00e9s \u00e0 froid, 100% d'origine naturelle et certifi\u00e9s BIO\",\"email\":\"info@oodima.be\",\"telephone\":\"019600100\",\"legalName\":\"The Good Soap\",\"foundingDate\":\"2021-12-20\",\"vatID\":\"BE0778866646\",\"numberOfEmployees\":{\"@type\":\"QuantitativeValue\",\"minValue\":\"1\",\"maxValue\":\"10\"},\"publishingPrinciples\":\"https:\\\/\\\/oodima.be\\\/engagements\\\/\",\"ownershipFundingInfo\":\"https:\\\/\\\/oodima.be\\\/engagements\\\/\",\"correctionsPolicy\":\"https:\\\/\\\/oodima.be\\\/remboursements_retours-2\\\/\",\"ethicsPolicy\":\"https:\\\/\\\/oodima.be\\\/engagements\\\/\"}]}<\/script>\n<!-- \/ Yoast SEO Premium plugin. -->","yoast_head_json":{"title":"Oodima - Alle unsere Blogartikel","description":"Entdecken Sie alle Neuigkeiten \u00fcber Oodima in unseren Blogartikeln: von unseren Neuheiten bis hin zu unseren Inhaltsstoffen und unserer Philosophie.","robots":{"index":"index","follow":"follow","max-snippet":"max-snippet:-1","max-image-preview":"max-image-preview:large","max-video-preview":"max-video-preview:-1"},"canonical":"https:\/\/oodima.be\/de\/blog\/","og_locale":"de_DE","og_type":"article","og_title":"Blog","og_description":"Entdecken Sie alle Neuigkeiten \u00fcber Oodima in unseren Blogartikeln: von unseren Neuheiten bis hin zu unseren Inhaltsstoffen und unserer Philosophie.","og_url":"https:\/\/oodima.be\/de\/blog\/","og_site_name":"Oodima","article_publisher":"https:\/\/www.facebook.com\/oodima.be","article_modified_time":"2024-11-12T11:25:16+00:00","og_image":[{"width":1920,"height":1244,"url":"https:\/\/oodima.be\/wp-content\/uploads\/2026\/01\/Oodima-douce-carresse-scaled.webp","type":"image\/webp"}],"twitter_card":"summary_large_image","schema":{"@context":"https:\/\/schema.org","@graph":[{"@type":"WebPage","@id":"https:\/\/oodima.be\/de\/blog\/","url":"https:\/\/oodima.be\/de\/blog\/","name":"Oodima - Alle unsere Blogartikel","isPartOf":{"@id":"https:\/\/oodima.be\/de\/#website"},"datePublished":"2023-04-03T06:20:28+00:00","dateModified":"2024-11-12T11:25:16+00:00","description":"Entdecken Sie alle Neuigkeiten \u00fcber Oodima in unseren Blogartikeln: von unseren Neuheiten bis hin zu unseren Inhaltsstoffen und unserer Philosophie.","breadcrumb":{"@id":"https:\/\/oodima.be\/de\/blog\/#breadcrumb"},"inLanguage":"de","potentialAction":[{"@type":"ReadAction","target":["https:\/\/oodima.be\/de\/blog\/"]}]},{"@type":"BreadcrumbList","@id":"https:\/\/oodima.be\/de\/blog\/#breadcrumb","itemListElement":[{"@type":"ListItem","position":1,"name":"Accueil","item":"https:\/\/oodima.be\/de\/startseite\/"},{"@type":"ListItem","position":2,"name":"Blog"}]},{"@type":"WebSite","@id":"https:\/\/oodima.be\/de\/#website","url":"https:\/\/oodima.be\/de\/","name":"Oodima","description":"La douce caresse d&#039;un v\u00e9ritable savon liquide","publisher":{"@id":"https:\/\/oodima.be\/de\/#organization"},"potentialAction":[{"@type":"SearchAction","target":{"@type":"EntryPoint","urlTemplate":"https:\/\/oodima.be\/de\/?s={search_term_string}"},"query-input":{"@type":"PropertyValueSpecification","valueRequired":true,"valueName":"search_term_string"}}],"inLanguage":"de"},{"@type":"Organization","@id":"https:\/\/oodima.be\/de\/#organization","name":"Oodima","url":"https:\/\/oodima.be\/de\/","logo":{"@type":"ImageObject","inLanguage":"de","@id":"https:\/\/oodima.be\/de\/#\/schema\/logo\/image\/","url":"https:\/\/oodima.be\/wp-content\/uploads\/2026\/01\/logo-oodima-seul-carre.webp","contentUrl":"https:\/\/oodima.be\/wp-content\/uploads\/2026\/01\/logo-oodima-seul-carre.webp","width":567,"height":567,"caption":"Oodima"},"image":{"@id":"https:\/\/oodima.be\/de\/#\/schema\/logo\/image\/"},"sameAs":["https:\/\/www.facebook.com\/oodima.be","https:\/\/www.instagram.com\/oodima_\/"],"description":"Artisans savonniers, producteur de savons liquides hydratants saponifi\u00e9s \u00e0 froid, 100% d'origine naturelle et certifi\u00e9s BIO","email":"info@oodima.be","telephone":"019600100","legalName":"The Good Soap","foundingDate":"2021-12-20","vatID":"BE0778866646","numberOfEmployees":{"@type":"QuantitativeValue","minValue":"1","maxValue":"10"},"publishingPrinciples":"https:\/\/oodima.be\/engagements\/","ownershipFundingInfo":"https:\/\/oodima.be\/engagements\/","correctionsPolicy":"https:\/\/oodima.be\/remboursements_retours-2\/","ethicsPolicy":"https:\/\/oodima.be\/engagements\/"}]}},"_hostinger_reach_plugin_has_subscription_block":false,"_hostinger_reach_plugin_is_elementor":false,"jetpack_sharing_enabled":true,"_links":{"self":[{"href":"https:\/\/oodima.be\/de\/wp-json\/wp\/v2\/pages\/3000","targetHints":{"allow":["GET"]}}],"collection":[{"href":"https:\/\/oodima.be\/de\/wp-json\/wp\/v2\/pages"}],"about":[{"href":"https:\/\/oodima.be\/de\/wp-json\/wp\/v2\/types\/page"}],"author":[{"embeddable":true,"href":"https:\/\/oodima.be\/de\/wp-json\/wp\/v2\/users\/1"}],"replies":[{"embeddable":true,"href":"https:\/\/oodima.be\/de\/wp-json\/wp\/v2\/comments?post=3000"}],"version-history":[{"count":2,"href":"https:\/\/oodima.be\/de\/wp-json\/wp\/v2\/pages\/3000\/revisions"}],"predecessor-version":[{"id":3007,"href":"https:\/\/oodima.be\/de\/wp-json\/wp\/v2\/pages\/3000\/revisions\/3007"}],"wp:attachment":[{"href":"https:\/\/oodima.be\/de\/wp-json\/wp\/v2\/media?parent=3000"}],"curies":[{"name":"wp","href":"https:\/\/api.w.org\/{rel}","templated":true}]}}