{"id":2985,"date":"2024-10-05T12:33:14","date_gmt":"2024-10-05T10:33:14","guid":{"rendered":"http:\/\/oodima.be\/warum-oodima\/"},"modified":"2026-03-23T13:38:13","modified_gmt":"2026-03-23T11:38:13","slug":"warum-oodima","status":"publish","type":"page","link":"https:\/\/oodima.be\/de\/warum-oodima\/","title":{"rendered":"Warum Sie sich f\u00fcr Oodima entscheiden sollten"},"content":{"rendered":"\t\t<div data-elementor-type=\"wp-page\" data-elementor-id=\"2985\" class=\"elementor elementor-2985 elementor-1870\" data-elementor-post-type=\"page\">\n\t\t\t\t\t\t<section class=\"elementor-section elementor-top-section elementor-element elementor-element-037c97b elementor-section-stretched elementor-section-boxed elementor-section-height-default elementor-section-height-default\" data-id=\"037c97b\" data-element_type=\"section\" data-e-type=\"section\" data-settings=\"{&quot;background_background&quot;:&quot;slideshow&quot;,&quot;background_slideshow_gallery&quot;:[{&quot;id&quot;:4244,&quot;url&quot;:&quot;https:\\\/\\\/oodima.be\\\/wp-content\\\/uploads\\\/2026\\\/01\\\/Huile-et-bulles-xxs.jpg&quot;}],&quot;stretch_section&quot;:&quot;section-stretched&quot;,&quot;background_slideshow_loop&quot;:&quot;yes&quot;,&quot;background_slideshow_slide_duration&quot;:5000,&quot;background_slideshow_slide_transition&quot;:&quot;fade&quot;,&quot;background_slideshow_transition_duration&quot;:500}\">\n\t\t\t\t\t\t<div class=\"elementor-container elementor-column-gap-default\">\n\t\t\t\t\t<div class=\"elementor-column elementor-col-100 elementor-top-column elementor-element elementor-element-13ecec5\" data-id=\"13ecec5\" data-element_type=\"column\" data-e-type=\"column\">\n\t\t\t<div class=\"elementor-widget-wrap elementor-element-populated\">\n\t\t\t\t\t\t<div class=\"elementor-element elementor-element-bfa73f8 elementor-widget__width-initial elementor-widget elementor-widget-text-editor\" data-id=\"bfa73f8\" data-element_type=\"widget\" data-e-type=\"widget\" data-widget_type=\"text-editor.default\">\n\t\t\t\t<div class=\"elementor-widget-container\">\n\t\t\t\t\t\t\t\t\t<h3>Warum Oodima?<\/h3><p> <\/p><p>Bei Oodima haben wir festgestellt, dass die meisten Kosmetikprodukte auf dem Markt sch\u00e4dliche Auswirkungen auf die Verbraucher und die Umwelt haben, w\u00e4hrend sie gleichzeitig die lokalen Gemeinschaften ausschlie\u00dfen.<\/p><p>Wir setzen uns f\u00fcr eine nat\u00fcrliche und lokale Alternative ein, die hautfreundlicher ist, die Produzenten fair bezahlt und unseren Planeten schont.<\/p><p>Wir stellen 100% nat\u00fcrliche Kosmetika mit einer begrenzten Anzahl von Inhaltsstoffen her, die aus biologischem Anbau stammen, indem wir den k\u00fcrzest m\u00f6glichen Weg zwischen dem Ort der Herstellung und dem Ort des Verbrauchs w\u00e4hlen.<\/p><p>Wir verwenden eine handwerkliche Methode der Kaltverseifung, um eine Reihe von 100% nat\u00fcrlichen, feuchtigkeitsspendenden und biologisch abbaubaren Produkten f\u00fcr die t\u00e4gliche Hygiene zu entwickeln.<\/p><p>Unsere Seifen bestehen haupts\u00e4chlich aus Sonnenblumen- und Hanf\u00f6l, das in Belgien angebaut wird und die anspruchsvollsten Zertifizierungen auf dem Markt erf\u00fcllt.<\/p><p><u>Oodima ist eine echte kaltverseifte Seife&#8230;kein Duschgel, das aus Tensiden und damit aus Reinigungsmitteln besteht&#8230;<\/u><\/p><p class=\"MsoNormal\"> <\/p>\t\t\t\t\t\t\t\t<\/div>\n\t\t\t\t<\/div>\n\t\t\t\t<section class=\"elementor-section elementor-inner-section elementor-element elementor-element-14639c7 elementor-section-boxed elementor-section-height-default elementor-section-height-default\" data-id=\"14639c7\" data-element_type=\"section\" data-e-type=\"section\">\n\t\t\t\t\t\t<div class=\"elementor-container elementor-column-gap-default\">\n\t\t\t\t\t<div class=\"elementor-column elementor-col-50 elementor-inner-column elementor-element elementor-element-2993f45\" data-id=\"2993f45\" data-element_type=\"column\" data-e-type=\"column\">\n\t\t\t<div class=\"elementor-widget-wrap elementor-element-populated\">\n\t\t\t\t\t\t<div class=\"elementor-element elementor-element-c62d3a6 elementor-widget__width-initial elementor-widget elementor-widget-text-editor\" data-id=\"c62d3a6\" data-element_type=\"widget\" data-e-type=\"widget\" data-widget_type=\"text-editor.default\">\n\t\t\t\t<div class=\"elementor-widget-container\">\n\t\t\t\t\t\t\t\t\t<p><span style=\"text-decoration: underline;\"><strong>N<\/strong><strong>nsere Seifen sind einzigartig, weil :<\/strong><\/span><\/p><p><strong><u>R\u00e4umlichkeiten<\/u><\/strong><\/p><p> &#8211; Belgisch-belgisch<\/p><p>  &#8211; Kaltverseifte Produkte aus der Provinz L\u00fcttich<\/p><p>  &#8211; Hergestellt mit Produkten aus lokaler Bio-Landwirtschaft.<\/p><p>  &#8211; Bio-Sonnenblumen\u00f6l von <a href=\"https:\/\/www.equilibre-huilepaysanne.be\/\">Equilibre Bauern\u00f6l <\/a>.  <\/p><p>  &#8211; Bio-Hanf\u00f6l von <a href=\"https:\/\/www.cannavie.be\">Cannavie<\/a><\/p><p><strong><u>\u00d6kologisch<\/u><\/strong><\/p><p> &#8211; Die Herstellung ist sehr energiesparend, da es sich um Kaltverseifung handelt.<\/p><p>  &#8211; Lokal, in L\u00fcttich mit Produkten aus der lokalen Landwirtschaft hergestellt.<\/p><p> &#8211; Vertrieben in einem laufenden Kreislauf. Keine Zwischenh\u00e4ndler zwischen uns und Ihnen. <\/p><p>  &#8211; Beh\u00e4lter aus 100 % recycelten Produkten. (Rpet 100%) <\/p><p> &#8211; Wiederverwendbare Beh\u00e4lter durch Nachf\u00fcllungen oder Bulkware<\/p><p> &#8211; Die Beh\u00e4lter sind zu 100% recycelbar.<\/p><p> &#8211; Mit dem Ecocert-Label Cosmos Organic ausgezeichnet<\/p>\t\t\t\t\t\t\t\t<\/div>\n\t\t\t\t<\/div>\n\t\t\t\t\t<\/div>\n\t\t<\/div>\n\t\t\t\t<div class=\"elementor-column elementor-col-50 elementor-inner-column elementor-element elementor-element-6626c86\" data-id=\"6626c86\" data-element_type=\"column\" data-e-type=\"column\">\n\t\t\t<div class=\"elementor-widget-wrap elementor-element-populated\">\n\t\t\t\t\t\t<div class=\"elementor-element elementor-element-c5c9ee6 elementor-widget elementor-widget-image\" data-id=\"c5c9ee6\" data-element_type=\"widget\" data-e-type=\"widget\" data-widget_type=\"image.default\">\n\t\t\t\t<div class=\"elementor-widget-container\">\n\t\t\t\t\t\t\t\t\t\t\t\t\t\t\t<img fetchpriority=\"high\" decoding=\"async\" width=\"800\" height=\"600\" src=\"https:\/\/oodima.be\/wp-content\/uploads\/2025\/10\/Oodima-studio-HD-4-1024x768.jpg\" class=\"attachment-large size-large wp-image-3690\" alt=\"\" srcset=\"https:\/\/oodima.be\/wp-content\/uploads\/2025\/10\/Oodima-studio-HD-4-1024x768.jpg 1024w, https:\/\/oodima.be\/wp-content\/uploads\/2025\/10\/Oodima-studio-HD-4-300x225.jpg 300w, https:\/\/oodima.be\/wp-content\/uploads\/2025\/10\/Oodima-studio-HD-4-768x576.jpg 768w, https:\/\/oodima.be\/wp-content\/uploads\/2025\/10\/Oodima-studio-HD-4-1536x1152.jpg 1536w, https:\/\/oodima.be\/wp-content\/uploads\/2025\/10\/Oodima-studio-HD-4-2048x1536.jpg 2048w, https:\/\/oodima.be\/wp-content\/uploads\/2025\/10\/Oodima-studio-HD-4-600x450.jpg 600w\" sizes=\"(max-width: 800px) 100vw, 800px\" \/>\t\t\t\t\t\t\t\t\t\t\t\t\t\t\t<\/div>\n\t\t\t\t<\/div>\n\t\t\t\t\t<\/div>\n\t\t<\/div>\n\t\t\t\t\t<\/div>\n\t\t<\/section>\n\t\t\t\t<section class=\"elementor-section elementor-inner-section elementor-element elementor-element-31be778 elementor-section-boxed elementor-section-height-default elementor-section-height-default\" data-id=\"31be778\" data-element_type=\"section\" data-e-type=\"section\">\n\t\t\t\t\t\t<div class=\"elementor-container elementor-column-gap-default\">\n\t\t\t\t\t<div class=\"elementor-column elementor-col-50 elementor-inner-column elementor-element elementor-element-bade30e\" data-id=\"bade30e\" data-element_type=\"column\" data-e-type=\"column\">\n\t\t\t<div class=\"elementor-widget-wrap elementor-element-populated\">\n\t\t\t\t\t\t<div class=\"elementor-element elementor-element-8045391 elementor-widget elementor-widget-text-editor\" data-id=\"8045391\" data-element_type=\"widget\" data-e-type=\"widget\" data-widget_type=\"text-editor.default\">\n\t\t\t\t<div class=\"elementor-widget-container\">\n\t\t\t\t\t\t\t\t\t<p><strong><u>Sains<\/u><\/strong><\/p><p><strong><u><br><\/u><\/strong><\/p>\n<p><\/p>\n<p>&nbsp;&nbsp;&nbsp;&nbsp;&nbsp;&nbsp;&nbsp;&nbsp;&nbsp;&nbsp;&nbsp;&nbsp;&nbsp;&nbsp;&nbsp;  &#8211; Da sie auf der Basis von Bio-\u00d6l hergestellt werden, sind sie auf der Haut :<\/p>\n<p>&nbsp;&nbsp;&nbsp;&nbsp;&nbsp;&nbsp;&nbsp;&nbsp;&nbsp;&nbsp;&nbsp;&nbsp;&nbsp;&nbsp;&nbsp;&nbsp;&nbsp;&nbsp;&nbsp;&nbsp;&nbsp;&nbsp;&nbsp;&nbsp;&nbsp;&nbsp;&nbsp;&nbsp;&nbsp;&nbsp; &#8211; Nat\u00fcrlich feuchtigkeitsspendend<\/p>\n<p>&nbsp;&nbsp;&nbsp;&nbsp;&nbsp;&nbsp;&nbsp;&nbsp;&nbsp;&nbsp;&nbsp;&nbsp;&nbsp;&nbsp;&nbsp;&nbsp;&nbsp;&nbsp;&nbsp;&nbsp;&nbsp;&nbsp;&nbsp;&nbsp;&nbsp;&nbsp;&nbsp;&nbsp;&nbsp;&nbsp; &#8211; Nat\u00fcrlich beruhigend<\/p>\n<p>&nbsp;&nbsp;&nbsp;&nbsp;&nbsp;&nbsp;&nbsp;&nbsp;&nbsp;&nbsp;&nbsp;&nbsp;&nbsp;&nbsp;&nbsp;&nbsp;&nbsp;&nbsp;&nbsp;&nbsp;&nbsp;&nbsp;&nbsp;&nbsp;&nbsp;&nbsp;&nbsp;&nbsp;&nbsp;&nbsp; &#8211; Nat\u00fcrlich reparierend<\/p>\n<p>&nbsp;&nbsp;&nbsp;&nbsp;&nbsp;&nbsp;&nbsp;&nbsp;&nbsp;&nbsp;&nbsp;&nbsp;&nbsp;&nbsp;&nbsp;&nbsp;&nbsp;&nbsp;&nbsp;&nbsp;&nbsp;&nbsp;&nbsp;&nbsp;&nbsp;&nbsp;&nbsp;&nbsp;&nbsp;&nbsp; &#8211; Nat\u00fcrlich bakterizid<\/p>\n<p><\/p>\n<p><strong><u>Ethik<\/u><\/strong><\/p><p><strong><u><br><\/u><\/strong><\/p>\n<p><\/p>\n<p>&nbsp;&nbsp;&nbsp;&nbsp;&nbsp;&nbsp;&nbsp;&nbsp;&nbsp;&nbsp;&nbsp;&nbsp;&nbsp;&nbsp;&nbsp;  &#8211; Zu einem fairen Preis von den Produzenten gekauft&nbsp;<\/p>\n<p>&nbsp;&nbsp;&nbsp;&nbsp;&nbsp;&nbsp;&nbsp;&nbsp;&nbsp;&nbsp;&nbsp;&nbsp;&nbsp;&nbsp;&nbsp;  &#8211; Aus einer Kreislaufwirtschaft stammend&nbsp;<\/p>\n<p>&nbsp;&nbsp;&nbsp;&nbsp;&nbsp;&nbsp;&nbsp;&nbsp;&nbsp;&nbsp;&nbsp;&nbsp;&nbsp;&nbsp;&nbsp;  &#8211; Von echten belgischen Handwerkern hergestellt.<\/p>\n<p>&nbsp;&nbsp;&nbsp;&nbsp;&nbsp;&nbsp;&nbsp;&nbsp;&nbsp;&nbsp;&nbsp;&nbsp;&nbsp;&nbsp;&nbsp;  &#8211; Erschwinglicher Verkaufspreis f\u00fcr die \u00d6ffentlichkeit.<\/p><p><br><\/p>\n<p><\/p>\n<p><strong><u>Nat\u00fcrliche<\/u><\/strong><\/p><p><strong><u><br><\/u><\/strong><\/p>\n<p><\/p>\n<p>&nbsp;&nbsp;&nbsp;&nbsp;&nbsp;&nbsp;&nbsp;&nbsp;&nbsp;&nbsp;&nbsp;&nbsp;&nbsp;&nbsp;&nbsp;  &#8211; 100 % unserer Zutaten sind nat\u00fcrlichen Ursprungs&#8230; und 77 % der gesamten Zutaten, abz\u00fcglich Wasser und Salz, stammen aus biologischem Anbau.<\/p>\n<p>&nbsp;&nbsp;&nbsp;&nbsp;&nbsp;&nbsp;&nbsp;&nbsp;&nbsp;&nbsp;&nbsp;&nbsp;&nbsp;&nbsp;&nbsp; &#8211; Keine chemischen Inhaltsstoffe.<\/p><p><br><\/p>\n<p><\/p>\n<p><strong><u>Innovativ<\/u><\/strong><\/p><p><strong><u><br><\/u><\/strong><\/p>\n<p><\/p>\n<p>&nbsp;&nbsp;&nbsp;&nbsp;&nbsp;&nbsp;&nbsp;&nbsp;&nbsp;&nbsp;&nbsp;&nbsp;&nbsp;&nbsp;&nbsp;  &#8211; Wir gewannen den Agro-Innovationspreis.<\/p>\n<p>&nbsp;&nbsp;&nbsp;&nbsp;&nbsp;&nbsp;&nbsp;&nbsp;&nbsp;&nbsp;&nbsp;&nbsp;&nbsp;&nbsp;&nbsp;  &#8211; Wir stellen echte Fl\u00fcssigseifen und keine Duschgels her&#8230;<\/p><p><br><\/p>\n<p><\/p>\n<p>Unsere Seifen sind selten, es gibt kein \u00c4quivalent, das so viele Qualit\u00e4ten, Respekt f\u00fcr Mensch und Natur in sich vereint.<\/p><p><br><\/p>\n<p><\/p>\n<p>Sie bringen eine wirklich andere Erfahrung mit sich.<\/p>\t\t\t\t\t\t\t\t<\/div>\n\t\t\t\t<\/div>\n\t\t\t\t\t<\/div>\n\t\t<\/div>\n\t\t\t\t<div class=\"elementor-column elementor-col-50 elementor-inner-column elementor-element elementor-element-ab040a1\" data-id=\"ab040a1\" data-element_type=\"column\" data-e-type=\"column\">\n\t\t\t<div class=\"elementor-widget-wrap elementor-element-populated\">\n\t\t\t\t\t\t<div class=\"elementor-element elementor-element-d30e314 elementor-widget elementor-widget-image\" data-id=\"d30e314\" data-element_type=\"widget\" data-e-type=\"widget\" data-widget_type=\"image.default\">\n\t\t\t\t<div class=\"elementor-widget-container\">\n\t\t\t\t\t\t\t\t\t\t\t\t\t\t\t<img decoding=\"async\" width=\"678\" height=\"1024\" src=\"https:\/\/oodima.be\/wp-content\/uploads\/2024\/09\/Oodima-47-Mid-678x1024.jpg\" class=\"attachment-large size-large wp-image-2726\" alt=\"\" srcset=\"https:\/\/oodima.be\/wp-content\/uploads\/2024\/09\/Oodima-47-Mid-678x1024.jpg 678w, https:\/\/oodima.be\/wp-content\/uploads\/2024\/09\/Oodima-47-Mid-199x300.jpg 199w, https:\/\/oodima.be\/wp-content\/uploads\/2024\/09\/Oodima-47-Mid-768x1160.jpg 768w, https:\/\/oodima.be\/wp-content\/uploads\/2024\/09\/Oodima-47-Mid-1017x1536.jpg 1017w, https:\/\/oodima.be\/wp-content\/uploads\/2024\/09\/Oodima-47-Mid-1355x2048.jpg 1355w, https:\/\/oodima.be\/wp-content\/uploads\/2024\/09\/Oodima-47-Mid-600x907.jpg 600w, https:\/\/oodima.be\/wp-content\/uploads\/2024\/09\/Oodima-47-Mid-scaled.jpg 1694w\" sizes=\"(max-width: 678px) 100vw, 678px\" \/>\t\t\t\t\t\t\t\t\t\t\t\t\t\t\t<\/div>\n\t\t\t\t<\/div>\n\t\t\t\t\t<\/div>\n\t\t<\/div>\n\t\t\t\t\t<\/div>\n\t\t<\/section>\n\t\t\t\t\t<\/div>\n\t\t<\/div>\n\t\t\t\t\t<\/div>\n\t\t<\/section>\n\t\t\t\t<\/div>\n\t\t","protected":false},"excerpt":{"rendered":"<p>Warum Oodima? Bei Oodima haben wir festgestellt, dass die meisten Kosmetikprodukte auf dem Markt sch\u00e4dliche Auswirkungen auf die Verbraucher und die Umwelt haben, w\u00e4hrend sie gleichzeitig die lokalen Gemeinschaften ausschlie\u00dfen. Wir setzen uns f\u00fcr eine nat\u00fcrliche und lokale Alternative ein, die hautfreundlicher ist, die Produzenten fair bezahlt und unseren Planeten schont. Wir stellen 100% nat\u00fcrliche [&hellip;]<\/p>\n","protected":false},"author":2,"featured_media":0,"parent":0,"menu_order":0,"comment_status":"closed","ping_status":"closed","template":"","meta":{"footnotes":""},"class_list":["post-2985","page","type-page","status-publish","hentry"],"yoast_head":"<!-- This site is optimized with the Yoast SEO Premium plugin v27.2 (Yoast SEO v27.3) - https:\/\/yoast.com\/product\/yoast-seo-premium-wordpress\/ -->\n<title>Warum Sie sich f\u00fcr Oodima entscheiden sollten - Oodima<\/title>\n<meta name=\"robots\" content=\"index, follow, max-snippet:-1, max-image-preview:large, max-video-preview:-1\" \/>\n<link rel=\"canonical\" href=\"https:\/\/oodima.be\/de\/warum-oodima\/\" \/>\n<meta property=\"og:locale\" content=\"de_DE\" \/>\n<meta property=\"og:type\" content=\"article\" \/>\n<meta property=\"og:title\" content=\"Warum Sie sich f\u00fcr Oodima entscheiden sollten\" \/>\n<meta property=\"og:description\" content=\"Warum Oodima? Bei Oodima haben wir festgestellt, dass die meisten Kosmetikprodukte auf dem Markt sch\u00e4dliche Auswirkungen auf die Verbraucher und die Umwelt haben, w\u00e4hrend sie gleichzeitig die lokalen Gemeinschaften ausschlie\u00dfen. Wir setzen uns f\u00fcr eine nat\u00fcrliche und lokale Alternative ein, die hautfreundlicher ist, die Produzenten fair bezahlt und unseren Planeten schont. Wir stellen 100% nat\u00fcrliche [&hellip;]\" \/>\n<meta property=\"og:url\" content=\"https:\/\/oodima.be\/de\/warum-oodima\/\" \/>\n<meta property=\"og:site_name\" content=\"Oodima\" \/>\n<meta property=\"article:publisher\" content=\"https:\/\/www.facebook.com\/oodima.be\" \/>\n<meta property=\"article:modified_time\" content=\"2026-03-23T11:38:13+00:00\" \/>\n<meta property=\"og:image\" content=\"https:\/\/oodima.be\/wp-content\/uploads\/2025\/10\/Oodima-studio-HD-4-scaled.jpg\" \/>\n\t<meta property=\"og:image:width\" content=\"2560\" \/>\n\t<meta property=\"og:image:height\" content=\"1920\" \/>\n\t<meta property=\"og:image:type\" content=\"image\/jpeg\" \/>\n<meta name=\"twitter:card\" content=\"summary_large_image\" \/>\n<meta name=\"twitter:label1\" content=\"Gesch\u00e4tzte Lesezeit\" \/>\n\t<meta name=\"twitter:data1\" content=\"3\u00a0Minuten\" \/>\n<script type=\"application\/ld+json\" class=\"yoast-schema-graph\">{\"@context\":\"https:\\\/\\\/schema.org\",\"@graph\":[{\"@type\":\"WebPage\",\"@id\":\"https:\\\/\\\/oodima.be\\\/de\\\/warum-oodima\\\/\",\"url\":\"https:\\\/\\\/oodima.be\\\/de\\\/warum-oodima\\\/\",\"name\":\"Warum Sie sich f\u00fcr Oodima entscheiden sollten - Oodima\",\"isPartOf\":{\"@id\":\"https:\\\/\\\/oodima.be\\\/de\\\/#website\"},\"primaryImageOfPage\":{\"@id\":\"https:\\\/\\\/oodima.be\\\/de\\\/warum-oodima\\\/#primaryimage\"},\"image\":{\"@id\":\"https:\\\/\\\/oodima.be\\\/de\\\/warum-oodima\\\/#primaryimage\"},\"thumbnailUrl\":\"https:\\\/\\\/oodima.be\\\/wp-content\\\/uploads\\\/2025\\\/10\\\/Oodima-studio-HD-4-1024x768.jpg\",\"datePublished\":\"2024-10-05T10:33:14+00:00\",\"dateModified\":\"2026-03-23T11:38:13+00:00\",\"breadcrumb\":{\"@id\":\"https:\\\/\\\/oodima.be\\\/de\\\/warum-oodima\\\/#breadcrumb\"},\"inLanguage\":\"de\",\"potentialAction\":[{\"@type\":\"ReadAction\",\"target\":[\"https:\\\/\\\/oodima.be\\\/de\\\/warum-oodima\\\/\"]}]},{\"@type\":\"ImageObject\",\"inLanguage\":\"de\",\"@id\":\"https:\\\/\\\/oodima.be\\\/de\\\/warum-oodima\\\/#primaryimage\",\"url\":\"https:\\\/\\\/oodima.be\\\/wp-content\\\/uploads\\\/2025\\\/10\\\/Oodima-studio-HD-4-1024x768.jpg\",\"contentUrl\":\"https:\\\/\\\/oodima.be\\\/wp-content\\\/uploads\\\/2025\\\/10\\\/Oodima-studio-HD-4-1024x768.jpg\"},{\"@type\":\"BreadcrumbList\",\"@id\":\"https:\\\/\\\/oodima.be\\\/de\\\/warum-oodima\\\/#breadcrumb\",\"itemListElement\":[{\"@type\":\"ListItem\",\"position\":1,\"name\":\"Accueil\",\"item\":\"https:\\\/\\\/oodima.be\\\/de\\\/startseite\\\/\"},{\"@type\":\"ListItem\",\"position\":2,\"name\":\"Warum Sie sich f\u00fcr Oodima entscheiden sollten\"}]},{\"@type\":\"WebSite\",\"@id\":\"https:\\\/\\\/oodima.be\\\/de\\\/#website\",\"url\":\"https:\\\/\\\/oodima.be\\\/de\\\/\",\"name\":\"Oodima\",\"description\":\"La douce caresse d&#039;un v\u00e9ritable savon liquide\",\"publisher\":{\"@id\":\"https:\\\/\\\/oodima.be\\\/de\\\/#organization\"},\"potentialAction\":[{\"@type\":\"SearchAction\",\"target\":{\"@type\":\"EntryPoint\",\"urlTemplate\":\"https:\\\/\\\/oodima.be\\\/de\\\/?s={search_term_string}\"},\"query-input\":{\"@type\":\"PropertyValueSpecification\",\"valueRequired\":true,\"valueName\":\"search_term_string\"}}],\"inLanguage\":\"de\"},{\"@type\":\"Organization\",\"@id\":\"https:\\\/\\\/oodima.be\\\/de\\\/#organization\",\"name\":\"Oodima\",\"url\":\"https:\\\/\\\/oodima.be\\\/de\\\/\",\"logo\":{\"@type\":\"ImageObject\",\"inLanguage\":\"de\",\"@id\":\"https:\\\/\\\/oodima.be\\\/de\\\/#\\\/schema\\\/logo\\\/image\\\/\",\"url\":\"https:\\\/\\\/oodima.be\\\/wp-content\\\/uploads\\\/2026\\\/01\\\/logo-oodima-seul-carre.webp\",\"contentUrl\":\"https:\\\/\\\/oodima.be\\\/wp-content\\\/uploads\\\/2026\\\/01\\\/logo-oodima-seul-carre.webp\",\"width\":567,\"height\":567,\"caption\":\"Oodima\"},\"image\":{\"@id\":\"https:\\\/\\\/oodima.be\\\/de\\\/#\\\/schema\\\/logo\\\/image\\\/\"},\"sameAs\":[\"https:\\\/\\\/www.facebook.com\\\/oodima.be\",\"https:\\\/\\\/www.instagram.com\\\/oodima_\\\/\"],\"description\":\"Artisans savonniers, producteur de savons liquides hydratants saponifi\u00e9s \u00e0 froid, 100% d'origine naturelle et certifi\u00e9s BIO\",\"email\":\"info@oodima.be\",\"telephone\":\"019600100\",\"legalName\":\"The Good Soap\",\"foundingDate\":\"2021-12-20\",\"vatID\":\"BE0778866646\",\"numberOfEmployees\":{\"@type\":\"QuantitativeValue\",\"minValue\":\"1\",\"maxValue\":\"10\"},\"publishingPrinciples\":\"https:\\\/\\\/oodima.be\\\/engagements\\\/\",\"ownershipFundingInfo\":\"https:\\\/\\\/oodima.be\\\/engagements\\\/\",\"correctionsPolicy\":\"https:\\\/\\\/oodima.be\\\/remboursements_retours-2\\\/\",\"ethicsPolicy\":\"https:\\\/\\\/oodima.be\\\/engagements\\\/\"}]}<\/script>\n<!-- \/ Yoast SEO Premium plugin. -->","yoast_head_json":{"title":"Warum Sie sich f\u00fcr Oodima entscheiden sollten - Oodima","robots":{"index":"index","follow":"follow","max-snippet":"max-snippet:-1","max-image-preview":"max-image-preview:large","max-video-preview":"max-video-preview:-1"},"canonical":"https:\/\/oodima.be\/de\/warum-oodima\/","og_locale":"de_DE","og_type":"article","og_title":"Warum Sie sich f\u00fcr Oodima entscheiden sollten","og_description":"Warum Oodima? Bei Oodima haben wir festgestellt, dass die meisten Kosmetikprodukte auf dem Markt sch\u00e4dliche Auswirkungen auf die Verbraucher und die Umwelt haben, w\u00e4hrend sie gleichzeitig die lokalen Gemeinschaften ausschlie\u00dfen. Wir setzen uns f\u00fcr eine nat\u00fcrliche und lokale Alternative ein, die hautfreundlicher ist, die Produzenten fair bezahlt und unseren Planeten schont. Wir stellen 100% nat\u00fcrliche [&hellip;]","og_url":"https:\/\/oodima.be\/de\/warum-oodima\/","og_site_name":"Oodima","article_publisher":"https:\/\/www.facebook.com\/oodima.be","article_modified_time":"2026-03-23T11:38:13+00:00","og_image":[{"width":2560,"height":1920,"url":"https:\/\/oodima.be\/wp-content\/uploads\/2025\/10\/Oodima-studio-HD-4-scaled.jpg","type":"image\/jpeg"}],"twitter_card":"summary_large_image","twitter_misc":{"Gesch\u00e4tzte Lesezeit":"3\u00a0Minuten"},"schema":{"@context":"https:\/\/schema.org","@graph":[{"@type":"WebPage","@id":"https:\/\/oodima.be\/de\/warum-oodima\/","url":"https:\/\/oodima.be\/de\/warum-oodima\/","name":"Warum Sie sich f\u00fcr Oodima entscheiden sollten - Oodima","isPartOf":{"@id":"https:\/\/oodima.be\/de\/#website"},"primaryImageOfPage":{"@id":"https:\/\/oodima.be\/de\/warum-oodima\/#primaryimage"},"image":{"@id":"https:\/\/oodima.be\/de\/warum-oodima\/#primaryimage"},"thumbnailUrl":"https:\/\/oodima.be\/wp-content\/uploads\/2025\/10\/Oodima-studio-HD-4-1024x768.jpg","datePublished":"2024-10-05T10:33:14+00:00","dateModified":"2026-03-23T11:38:13+00:00","breadcrumb":{"@id":"https:\/\/oodima.be\/de\/warum-oodima\/#breadcrumb"},"inLanguage":"de","potentialAction":[{"@type":"ReadAction","target":["https:\/\/oodima.be\/de\/warum-oodima\/"]}]},{"@type":"ImageObject","inLanguage":"de","@id":"https:\/\/oodima.be\/de\/warum-oodima\/#primaryimage","url":"https:\/\/oodima.be\/wp-content\/uploads\/2025\/10\/Oodima-studio-HD-4-1024x768.jpg","contentUrl":"https:\/\/oodima.be\/wp-content\/uploads\/2025\/10\/Oodima-studio-HD-4-1024x768.jpg"},{"@type":"BreadcrumbList","@id":"https:\/\/oodima.be\/de\/warum-oodima\/#breadcrumb","itemListElement":[{"@type":"ListItem","position":1,"name":"Accueil","item":"https:\/\/oodima.be\/de\/startseite\/"},{"@type":"ListItem","position":2,"name":"Warum Sie sich f\u00fcr Oodima entscheiden sollten"}]},{"@type":"WebSite","@id":"https:\/\/oodima.be\/de\/#website","url":"https:\/\/oodima.be\/de\/","name":"Oodima","description":"La douce caresse d&#039;un v\u00e9ritable savon liquide","publisher":{"@id":"https:\/\/oodima.be\/de\/#organization"},"potentialAction":[{"@type":"SearchAction","target":{"@type":"EntryPoint","urlTemplate":"https:\/\/oodima.be\/de\/?s={search_term_string}"},"query-input":{"@type":"PropertyValueSpecification","valueRequired":true,"valueName":"search_term_string"}}],"inLanguage":"de"},{"@type":"Organization","@id":"https:\/\/oodima.be\/de\/#organization","name":"Oodima","url":"https:\/\/oodima.be\/de\/","logo":{"@type":"ImageObject","inLanguage":"de","@id":"https:\/\/oodima.be\/de\/#\/schema\/logo\/image\/","url":"https:\/\/oodima.be\/wp-content\/uploads\/2026\/01\/logo-oodima-seul-carre.webp","contentUrl":"https:\/\/oodima.be\/wp-content\/uploads\/2026\/01\/logo-oodima-seul-carre.webp","width":567,"height":567,"caption":"Oodima"},"image":{"@id":"https:\/\/oodima.be\/de\/#\/schema\/logo\/image\/"},"sameAs":["https:\/\/www.facebook.com\/oodima.be","https:\/\/www.instagram.com\/oodima_\/"],"description":"Artisans savonniers, producteur de savons liquides hydratants saponifi\u00e9s \u00e0 froid, 100% d'origine naturelle et certifi\u00e9s BIO","email":"info@oodima.be","telephone":"019600100","legalName":"The Good Soap","foundingDate":"2021-12-20","vatID":"BE0778866646","numberOfEmployees":{"@type":"QuantitativeValue","minValue":"1","maxValue":"10"},"publishingPrinciples":"https:\/\/oodima.be\/engagements\/","ownershipFundingInfo":"https:\/\/oodima.be\/engagements\/","correctionsPolicy":"https:\/\/oodima.be\/remboursements_retours-2\/","ethicsPolicy":"https:\/\/oodima.be\/engagements\/"}]}},"_hostinger_reach_plugin_has_subscription_block":false,"_hostinger_reach_plugin_is_elementor":false,"jetpack_sharing_enabled":true,"_links":{"self":[{"href":"https:\/\/oodima.be\/de\/wp-json\/wp\/v2\/pages\/2985","targetHints":{"allow":["GET"]}}],"collection":[{"href":"https:\/\/oodima.be\/de\/wp-json\/wp\/v2\/pages"}],"about":[{"href":"https:\/\/oodima.be\/de\/wp-json\/wp\/v2\/types\/page"}],"author":[{"embeddable":true,"href":"https:\/\/oodima.be\/de\/wp-json\/wp\/v2\/users\/2"}],"replies":[{"embeddable":true,"href":"https:\/\/oodima.be\/de\/wp-json\/wp\/v2\/comments?post=2985"}],"version-history":[{"count":5,"href":"https:\/\/oodima.be\/de\/wp-json\/wp\/v2\/pages\/2985\/revisions"}],"predecessor-version":[{"id":4503,"href":"https:\/\/oodima.be\/de\/wp-json\/wp\/v2\/pages\/2985\/revisions\/4503"}],"wp:attachment":[{"href":"https:\/\/oodima.be\/de\/wp-json\/wp\/v2\/media?parent=2985"}],"curies":[{"name":"wp","href":"https:\/\/api.w.org\/{rel}","templated":true}]}}